{"id":33594,"date":"2025-11-20T12:04:19","date_gmt":"2025-11-20T10:04:19","guid":{"rendered":"https:\/\/domainfirm.it\/it\/?post_type=product&#038;p=33594"},"modified":"2026-03-03T21:55:14","modified_gmt":"2026-03-03T19:55:14","slug":"smartcontractlaw-it","status":"publish","type":"product","link":"https:\/\/domainfirm.it\/en\/domini-premium\/smartcontractlaw-it\/","title":{"rendered":"SmartContractLaw.it"},"content":{"rendered":"<div class=\"wpb-content-wrapper\"><p>[vc_row][vc_column]<div id=\"domai-1198214901\" style=\"margin-left: auto;margin-right: auto;text-align: center;\"><div data-id=viator-banner data-partner-id=P00295010 data-url=\"https:\/\/www.viator.com\/\" data-banner-width=728 data-banner-height=90 data-banner-language=it data-banner-selection=banner1 data-campaign=\"XX-VIATOR\" ><\/div>\r\n<script async src=\"https:\/\/partners.vtrcdn.com\/static\/scripts\/banners\/banners.js\"><\/script><\/div>[vc_separator css=&#8221;.vc_custom_1761169303406{margin-bottom: 0px !important;padding-top: 30px !important;padding-bottom: 50px !important;}&#8221;][vc_column_text css=&#8221;&#8221;]<\/p>\n<h3><strong>Perch\u00e8 scegliere SmartContract.it<\/strong><\/h3>\n<p data-start=\"354\" data-end=\"674\">Il concetto di <strong data-start=\"369\" data-end=\"391\">Smart Contract Law<\/strong> rappresenta l\u2019evoluzione giuridica della contrattualistica nell\u2019era digitale. Gli smart contract \u2013 protocolli informatici auto-esecutivi basati su tecnologia blockchain \u2013 stanno progressivamente ridefinendo il modo in cui vengono creati, eseguiti e monitorati gli accordi tra parti.<\/p>\n<p data-start=\"676\" data-end=\"925\">Il dominio <strong data-start=\"687\" data-end=\"710\">smartcontractlaw.it<\/strong> intercetta questa trasformazione strutturale, collocandosi all\u2019intersezione tra diritto civile, diritto commerciale, diritto digitale, fintech, crypto-asset regulation e governance delle tecnologie decentralizzate.<\/p>\n<p data-start=\"927\" data-end=\"1233\">Gli smart contract non eliminano il diritto: lo trasformano. Questioni come validit\u00e0 giuridica, responsabilit\u00e0, esecuzione forzata, interoperabilit\u00e0 normativa, tutela del consumatore, compliance AML e regolazione europea (MiCA, DLT Pilot Regime, AI Act nei casi ibridi) richiedono un\u2019analisi specialistica.<\/p>\n<p data-start=\"1235\" data-end=\"1288\">Il mercato sta evolvendo in tre direzioni principali:<\/p>\n<ul data-start=\"1290\" data-end=\"1495\">\n<li data-start=\"1290\" data-end=\"1350\">\n<p data-start=\"1292\" data-end=\"1350\">Integrazione tra smart contract e contratti tradizionali<\/p>\n<\/li>\n<li data-start=\"1351\" data-end=\"1401\">\n<p data-start=\"1353\" data-end=\"1401\">Tokenizzazione di asset e strumenti finanziari<\/p>\n<\/li>\n<li data-start=\"1402\" data-end=\"1495\">\n<p data-start=\"1404\" data-end=\"1495\">Automazione regolata di processi contrattuali in ambito supply chain, insurance e fintech<\/p>\n<\/li>\n<\/ul>\n<p data-start=\"1497\" data-end=\"1554\">In questo contesto, <strong data-start=\"1517\" data-end=\"1540\">smartcontractlaw.it<\/strong> \u00e8 un dominio:<\/p>\n<ul data-start=\"1556\" data-end=\"1690\">\n<li data-start=\"1556\" data-end=\"1577\">\n<p data-start=\"1558\" data-end=\"1577\">Tecnico ma chiaro<\/p>\n<\/li>\n<li data-start=\"1578\" data-end=\"1615\">\n<p data-start=\"1580\" data-end=\"1615\">Internazionale nella terminologia<\/p>\n<\/li>\n<li data-start=\"1616\" data-end=\"1639\">\n<p data-start=\"1618\" data-end=\"1639\">Altamente verticale<\/p>\n<\/li>\n<li data-start=\"1640\" data-end=\"1690\">\n<p data-start=\"1642\" data-end=\"1690\">Credibile in ambito accademico e professionale<\/p>\n<\/li>\n<\/ul>\n<p data-start=\"1692\" data-end=\"1705\"><strong>\u00c8 ideale per:<\/strong><\/p>\n<ul data-start=\"1707\" data-end=\"1948\">\n<li data-start=\"1707\" data-end=\"1758\">\n<p data-start=\"1709\" data-end=\"1758\">Osservatorio su smart contract e blockchain law<\/p>\n<\/li>\n<li data-start=\"1759\" data-end=\"1808\">\n<p data-start=\"1761\" data-end=\"1808\">Studio legale specializzato in digital assets<\/p>\n<\/li>\n<li data-start=\"1809\" data-end=\"1851\">\n<p data-start=\"1811\" data-end=\"1851\">Centro di ricerca su DLT e regolazione<\/p>\n<\/li>\n<li data-start=\"1852\" data-end=\"1903\">\n<p data-start=\"1854\" data-end=\"1903\">Blog tecnico-giuridico ad alta specializzazione<\/p>\n<\/li>\n<li data-start=\"1904\" data-end=\"1948\">\n<p data-start=\"1906\" data-end=\"1948\">Piattaforma formativa per professionisti<\/p>\n<\/li>\n<\/ul>\n<p data-start=\"1950\" data-end=\"2161\">Non \u00e8 un dominio generalista: \u00e8 un asset verticale ad alta competenza. Proprio per questo, nel 2030 potrebbe diventare molto rilevante in uno scenario di tokenizzazione diffusa e contrattualistica automatizzata.<\/p>\n<p data-start=\"2163\" data-end=\"2281\">\u00c8 una <strong data-start=\"2169\" data-end=\"2210\">infrastruttura tematica specialistica<\/strong>, con potenziale di monetizzazione consulenziale gi\u00e0 nel breve periodo.<\/p>\n<section aria-labelledby=\"desc-title\"><\/section>\n<p>[\/vc_column_text][vc_column_text css=&#8221;&#8221;]<\/p>\n<p data-start=\"2860\" data-end=\"3276\">In un contesto dove Web3 e automazione contrattuale stanno ridefinendo processi, standard e interi modelli di business, SmartContract.it rappresenta un punto di ingresso privilegiato e un nome digitale capace di comunicare innovazione, competenza e visione.<\/p>\n<p>[\/vc_column_text][vc_column_text css=&#8221;&#8221;]<\/p>\n<p data-start=\"2860\" data-end=\"3276\"><strong>Un dominio raro, autorevole e con un valore strategico molto elevato per il presente e il futuro dell\u2019economia digitale.<\/strong><\/p>\n<p>[\/vc_column_text][vc_separator css=&#8221;.vc_custom_1760652469128{margin-bottom: 0px !important;padding-top: 0px !important;padding-bottom: 30px !important;}&#8221;]<div id=\"domai-2013181153\" style=\"margin-left: auto;margin-right: auto;text-align: center;\"><a href=\"https:\/\/domainfirm.it\/it\/adv-domain\/\" target=\"_blank\" aria-label=\"Banner ADV\"><img loading=\"lazy\" decoding=\"async\" src=\"https:\/\/domainfirm.it\/wp-content\/uploads\/2026\/03\/banner-adv.jpg\" alt=\"Banner ADV\"  srcset=\"https:\/\/domainfirm.it\/wp-content\/uploads\/2026\/03\/banner-adv.jpg 730w, https:\/\/domainfirm.it\/wp-content\/uploads\/2026\/03\/banner-adv-300x37.jpg 300w, https:\/\/domainfirm.it\/wp-content\/uploads\/2026\/03\/banner-adv-600x74.jpg 600w\" sizes=\"auto, (max-width: 730px) 100vw, 730px\" width=\"730\" height=\"90\"  style=\"display: inline-block;\" \/><\/a><\/div>[\/vc_column][\/vc_row]<\/p>\n<\/div>","protected":false},"excerpt":{"rendered":"<p data-start=\"911\" data-end=\"1523\">smartcontractlaw.it \u00e8 un dominio premium dedicato al diritto degli smart contract e alla regolazione della blockchain. Perfetto per studi legali specializzati, osservatori giuridici, piattaforme formative o consulenza in ambito fintech e digital assets. Verticale, tecnico e internazionale nella terminologia, rappresenta un asset strategico nell\u2019evoluzione della contrattualistica digitale e della tokenizzazione degli asset.<\/p>\n","protected":false},"featured_media":32279,"template":"","meta":{"_acf_changed":false},"product_brand":[],"product_cat":[23,45],"product_tag":[],"class_list":{"0":"post-33594","1":"product","2":"type-product","3":"status-publish","4":"has-post-thumbnail","6":"product_cat-legal-domini-premium","7":"product_cat-tech-domini-premium","9":"first","10":"instock","11":"virtual","12":"sold-individually","13":"taxable","14":"product-type-simple"},"acf":[],"yoast_head":"<!-- This site is optimized with the Yoast SEO plugin v26.8 - https:\/\/yoast.com\/product\/yoast-seo-wordpress\/ -->\n<title>SmartContractLaw.it \u2013 Smart Contract &amp; Blockchain Law | DomainFirm.XX<\/title>\n<meta name=\"description\" content=\"Smartcontractlaw.it \u00e8 un dominio premium dedicato al diritto degli smart contract, blockchain e digital assets. Asset specialistico 2030.\" \/>\n<meta name=\"robots\" content=\"index, follow, max-snippet:-1, max-image-preview:large, max-video-preview:-1\" \/>\n<link rel=\"canonical\" href=\"https:\/\/domainfirm.it\/en\/domini-premium\/smartcontractlaw-it\/\" \/>\n<meta property=\"og:locale\" content=\"en_US\" \/>\n<meta property=\"og:type\" content=\"article\" \/>\n<meta property=\"og:title\" content=\"SmartContractLaw.it \u2013 Smart Contract &amp; Blockchain Law | DomainFirm.XX\" \/>\n<meta property=\"og:description\" content=\"Smartcontractlaw.it \u00e8 un dominio premium dedicato al diritto degli smart contract, blockchain e digital assets. Asset specialistico 2030.\" \/>\n<meta property=\"og:url\" content=\"https:\/\/domainfirm.it\/en\/domini-premium\/smartcontractlaw-it\/\" \/>\n<meta property=\"og:site_name\" content=\"DomainFirm.XX\" \/>\n<meta property=\"article:modified_time\" content=\"2026-03-03T19:55:14+00:00\" \/>\n<meta property=\"og:image\" content=\"https:\/\/domainfirm.it\/wp-content\/uploads\/2025\/05\/xx-shop.png\" \/>\n\t<meta property=\"og:image:width\" content=\"436\" \/>\n\t<meta property=\"og:image:height\" content=\"436\" \/>\n\t<meta property=\"og:image:type\" content=\"image\/png\" \/>\n<meta name=\"twitter:card\" content=\"summary_large_image\" \/>\n<meta name=\"twitter:label1\" content=\"Est. reading time\" \/>\n\t<meta name=\"twitter:data1\" content=\"2 minutes\" \/>\n<script type=\"application\/ld+json\" class=\"yoast-schema-graph\">{\"@context\":\"https:\/\/schema.org\",\"@graph\":[{\"@type\":\"WebPage\",\"@id\":\"https:\/\/domainfirm.it\/en\/domini-premium\/smartcontractlaw-it\/\",\"url\":\"https:\/\/domainfirm.it\/en\/domini-premium\/smartcontractlaw-it\/\",\"name\":\"SmartContractLaw.it \u2013 Smart Contract & Blockchain Law | DomainFirm.XX\",\"isPartOf\":{\"@id\":\"https:\/\/domainfirm.it\/it\/#website\"},\"primaryImageOfPage\":{\"@id\":\"https:\/\/domainfirm.it\/en\/domini-premium\/smartcontractlaw-it\/#primaryimage\"},\"image\":{\"@id\":\"https:\/\/domainfirm.it\/en\/domini-premium\/smartcontractlaw-it\/#primaryimage\"},\"thumbnailUrl\":\"https:\/\/domainfirm.it\/wp-content\/uploads\/2025\/05\/xx-shop.png\",\"datePublished\":\"2025-11-20T10:04:19+00:00\",\"dateModified\":\"2026-03-03T19:55:14+00:00\",\"description\":\"Smartcontractlaw.it \u00e8 un dominio premium dedicato al diritto degli smart contract, blockchain e digital assets. Asset specialistico 2030.\",\"breadcrumb\":{\"@id\":\"https:\/\/domainfirm.it\/en\/domini-premium\/smartcontractlaw-it\/#breadcrumb\"},\"inLanguage\":\"en-US\",\"potentialAction\":[{\"@type\":\"ReadAction\",\"target\":[\"https:\/\/domainfirm.it\/en\/domini-premium\/smartcontractlaw-it\/\"]}]},{\"@type\":\"ImageObject\",\"inLanguage\":\"en-US\",\"@id\":\"https:\/\/domainfirm.it\/en\/domini-premium\/smartcontractlaw-it\/#primaryimage\",\"url\":\"https:\/\/domainfirm.it\/wp-content\/uploads\/2025\/05\/xx-shop.png\",\"contentUrl\":\"https:\/\/domainfirm.it\/wp-content\/uploads\/2025\/05\/xx-shop.png\",\"width\":436,\"height\":436,\"caption\":\"Domain Premium Hub | DomainFirm.XX\"},{\"@type\":\"BreadcrumbList\",\"@id\":\"https:\/\/domainfirm.it\/en\/domini-premium\/smartcontractlaw-it\/#breadcrumb\",\"itemListElement\":[{\"@type\":\"ListItem\",\"position\":1,\"name\":\"Home\",\"item\":\"https:\/\/domainfirm.it\/en\/\"},{\"@type\":\"ListItem\",\"position\":2,\"name\":\"Catalogo\",\"item\":\"https:\/\/domainfirm.it\/it\/catalogo\/\"},{\"@type\":\"ListItem\",\"position\":3,\"name\":\"SmartContractLaw.it\"}]},{\"@type\":\"WebSite\",\"@id\":\"https:\/\/domainfirm.it\/it\/#website\",\"url\":\"https:\/\/domainfirm.it\/it\/\",\"name\":\"DomainFirm.XX\",\"description\":\"Premium Domains. Prime Opportunities.\",\"publisher\":{\"@id\":\"https:\/\/domainfirm.it\/it\/#organization\"},\"alternateName\":\"DomainFirm.XX\",\"potentialAction\":[{\"@type\":\"SearchAction\",\"target\":{\"@type\":\"EntryPoint\",\"urlTemplate\":\"https:\/\/domainfirm.it\/it\/?s={search_term_string}\"},\"query-input\":{\"@type\":\"PropertyValueSpecification\",\"valueRequired\":true,\"valueName\":\"search_term_string\"}}],\"inLanguage\":\"en-US\"},{\"@type\":\"Organization\",\"@id\":\"https:\/\/domainfirm.it\/it\/#organization\",\"name\":\"DomainFirm.XX\",\"alternateName\":\"DomainFirm.XX\",\"url\":\"https:\/\/domainfirm.it\/it\/\",\"logo\":{\"@type\":\"ImageObject\",\"inLanguage\":\"en-US\",\"@id\":\"https:\/\/domainfirm.it\/it\/#\/schema\/logo\/image\/\",\"url\":\"https:\/\/domainfirm.it\/wp-content\/uploads\/2025\/05\/cropped-favicon.png\",\"contentUrl\":\"https:\/\/domainfirm.it\/wp-content\/uploads\/2025\/05\/cropped-favicon.png\",\"width\":512,\"height\":512,\"caption\":\"DomainFirm.XX\"},\"image\":{\"@id\":\"https:\/\/domainfirm.it\/it\/#\/schema\/logo\/image\/\"}}]}<\/script>\n<!-- \/ Yoast SEO plugin. -->","yoast_head_json":{"title":"SmartContractLaw.it \u2013 Smart Contract & Blockchain Law | DomainFirm.XX","description":"Smartcontractlaw.it \u00e8 un dominio premium dedicato al diritto degli smart contract, blockchain e digital assets. Asset specialistico 2030.","robots":{"index":"index","follow":"follow","max-snippet":"max-snippet:-1","max-image-preview":"max-image-preview:large","max-video-preview":"max-video-preview:-1"},"canonical":"https:\/\/domainfirm.it\/en\/domini-premium\/smartcontractlaw-it\/","og_locale":"en_US","og_type":"article","og_title":"SmartContractLaw.it \u2013 Smart Contract & Blockchain Law | DomainFirm.XX","og_description":"Smartcontractlaw.it \u00e8 un dominio premium dedicato al diritto degli smart contract, blockchain e digital assets. Asset specialistico 2030.","og_url":"https:\/\/domainfirm.it\/en\/domini-premium\/smartcontractlaw-it\/","og_site_name":"DomainFirm.XX","article_modified_time":"2026-03-03T19:55:14+00:00","og_image":[{"width":436,"height":436,"url":"https:\/\/domainfirm.it\/wp-content\/uploads\/2025\/05\/xx-shop.png","type":"image\/png"}],"twitter_card":"summary_large_image","twitter_misc":{"Est. reading time":"2 minutes"},"schema":{"@context":"https:\/\/schema.org","@graph":[{"@type":"WebPage","@id":"https:\/\/domainfirm.it\/en\/domini-premium\/smartcontractlaw-it\/","url":"https:\/\/domainfirm.it\/en\/domini-premium\/smartcontractlaw-it\/","name":"SmartContractLaw.it \u2013 Smart Contract & Blockchain Law | DomainFirm.XX","isPartOf":{"@id":"https:\/\/domainfirm.it\/it\/#website"},"primaryImageOfPage":{"@id":"https:\/\/domainfirm.it\/en\/domini-premium\/smartcontractlaw-it\/#primaryimage"},"image":{"@id":"https:\/\/domainfirm.it\/en\/domini-premium\/smartcontractlaw-it\/#primaryimage"},"thumbnailUrl":"https:\/\/domainfirm.it\/wp-content\/uploads\/2025\/05\/xx-shop.png","datePublished":"2025-11-20T10:04:19+00:00","dateModified":"2026-03-03T19:55:14+00:00","description":"Smartcontractlaw.it \u00e8 un dominio premium dedicato al diritto degli smart contract, blockchain e digital assets. Asset specialistico 2030.","breadcrumb":{"@id":"https:\/\/domainfirm.it\/en\/domini-premium\/smartcontractlaw-it\/#breadcrumb"},"inLanguage":"en-US","potentialAction":[{"@type":"ReadAction","target":["https:\/\/domainfirm.it\/en\/domini-premium\/smartcontractlaw-it\/"]}]},{"@type":"ImageObject","inLanguage":"en-US","@id":"https:\/\/domainfirm.it\/en\/domini-premium\/smartcontractlaw-it\/#primaryimage","url":"https:\/\/domainfirm.it\/wp-content\/uploads\/2025\/05\/xx-shop.png","contentUrl":"https:\/\/domainfirm.it\/wp-content\/uploads\/2025\/05\/xx-shop.png","width":436,"height":436,"caption":"Domain Premium Hub | DomainFirm.XX"},{"@type":"BreadcrumbList","@id":"https:\/\/domainfirm.it\/en\/domini-premium\/smartcontractlaw-it\/#breadcrumb","itemListElement":[{"@type":"ListItem","position":1,"name":"Home","item":"https:\/\/domainfirm.it\/en\/"},{"@type":"ListItem","position":2,"name":"Catalogo","item":"https:\/\/domainfirm.it\/it\/catalogo\/"},{"@type":"ListItem","position":3,"name":"SmartContractLaw.it"}]},{"@type":"WebSite","@id":"https:\/\/domainfirm.it\/it\/#website","url":"https:\/\/domainfirm.it\/it\/","name":"DomainFirm.XX","description":"Premium Domains. Prime Opportunities.","publisher":{"@id":"https:\/\/domainfirm.it\/it\/#organization"},"alternateName":"DomainFirm.XX","potentialAction":[{"@type":"SearchAction","target":{"@type":"EntryPoint","urlTemplate":"https:\/\/domainfirm.it\/it\/?s={search_term_string}"},"query-input":{"@type":"PropertyValueSpecification","valueRequired":true,"valueName":"search_term_string"}}],"inLanguage":"en-US"},{"@type":"Organization","@id":"https:\/\/domainfirm.it\/it\/#organization","name":"DomainFirm.XX","alternateName":"DomainFirm.XX","url":"https:\/\/domainfirm.it\/it\/","logo":{"@type":"ImageObject","inLanguage":"en-US","@id":"https:\/\/domainfirm.it\/it\/#\/schema\/logo\/image\/","url":"https:\/\/domainfirm.it\/wp-content\/uploads\/2025\/05\/cropped-favicon.png","contentUrl":"https:\/\/domainfirm.it\/wp-content\/uploads\/2025\/05\/cropped-favicon.png","width":512,"height":512,"caption":"DomainFirm.XX"},"image":{"@id":"https:\/\/domainfirm.it\/it\/#\/schema\/logo\/image\/"}}]}},"_links":{"self":[{"href":"https:\/\/domainfirm.it\/en\/wp-json\/wp\/v2\/product\/33594","targetHints":{"allow":["GET"]}}],"collection":[{"href":"https:\/\/domainfirm.it\/en\/wp-json\/wp\/v2\/product"}],"about":[{"href":"https:\/\/domainfirm.it\/en\/wp-json\/wp\/v2\/types\/product"}],"wp:featuredmedia":[{"embeddable":true,"href":"https:\/\/domainfirm.it\/en\/wp-json\/wp\/v2\/media\/32279"}],"wp:attachment":[{"href":"https:\/\/domainfirm.it\/en\/wp-json\/wp\/v2\/media?parent=33594"}],"wp:term":[{"taxonomy":"product_brand","embeddable":true,"href":"https:\/\/domainfirm.it\/en\/wp-json\/wp\/v2\/product_brand?post=33594"},{"taxonomy":"product_cat","embeddable":true,"href":"https:\/\/domainfirm.it\/en\/wp-json\/wp\/v2\/product_cat?post=33594"},{"taxonomy":"product_tag","embeddable":true,"href":"https:\/\/domainfirm.it\/en\/wp-json\/wp\/v2\/product_tag?post=33594"}],"curies":[{"name":"wp","href":"https:\/\/api.w.org\/{rel}","templated":true}]}}