{"id":34561,"date":"2026-04-02T22:22:44","date_gmt":"2026-04-02T20:22:44","guid":{"rendered":"https:\/\/domainfirm.it\/en\/?post_type=product&#038;p=34561"},"modified":"2026-04-02T22:29:28","modified_gmt":"2026-04-02T20:29:28","slug":"isolegadi-com","status":"publish","type":"product","link":"https:\/\/domainfirm.it\/en\/domini-premium\/isolegadi-com\/","title":{"rendered":"Isolegadi.com"},"content":{"rendered":"<div class=\"wpb-content-wrapper\"><p>[vc_row][vc_column]<div id=\"domai-1846198745\" style=\"margin-left: auto;margin-right: auto;text-align: center;\"><div data-id=viator-banner data-partner-id=P00295010 data-url=\"https:\/\/www.viator.com\/\" data-banner-width=728 data-banner-height=90 data-banner-language=it data-banner-selection=banner1 data-campaign=\"XX-VIATOR\" ><\/div>\r\n<script async src=\"https:\/\/partners.vtrcdn.com\/static\/scripts\/banners\/banners.js\"><\/script><\/div>[vc_separator css=&#8221;.vc_custom_1761169303406{margin-bottom: 0px !important;padding-top: 30px !important;padding-bottom: 50px !important;}&#8221;][vc_column_text css=&#8221;&#8221;]<\/p>\n<h2><strong>Perch\u00e8 Isolegadi.com<\/strong><\/h2>\n<p data-start=\"7846\" data-end=\"8303\">Le Isole Egadi rappresentano una delle destinazioni pi\u00f9 affascinanti del Mediterraneo, situate al largo della costa occidentale della Sicilia. L\u2019arcipelago, composto da Favignana, Levanzo e Marettimo, \u00e8 noto per le sue acque cristalline, le calette incontaminate e un patrimonio naturalistico e culturale unico. Negli ultimi anni, il turismo nelle Egadi ha registrato una crescita significativa, grazie alla ricerca di destinazioni autentiche e sostenibili.<\/p>\n<p data-start=\"8305\" data-end=\"8715\">Favignana, la pi\u00f9 grande delle isole, \u00e8 famosa per le sue spiagge e le cave di tufo, mentre Levanzo offre un ambiente pi\u00f9 intimo e selvaggio. Marettimo, invece, \u00e8 la meta ideale per gli amanti del trekking e delle immersioni, con paesaggi naturali di straordinaria bellezza. Questo mix di esperienze rende le Egadi una destinazione perfetta per un turismo diversificato, che spazia dal relax al turismo attivo.<\/p>\n<p data-start=\"8717\" data-end=\"9069\">Il mercato turistico legato alle Egadi offre numerose opportunit\u00e0 di sviluppo digitale, in particolare nel settore delle prenotazioni online, delle esperienze e delle attivit\u00e0 locali. Hotel, case vacanze, escursioni in barca, tour guidati e servizi di transfer rappresentano alcune delle principali fonti di monetizzazione per un progetto web dedicato.<\/p>\n<p data-start=\"9071\" data-end=\"9358\">Il dominio isolegadi.com si distingue per la sua immediatezza e rilevanza SEO, intercettando direttamente una keyword ad alta intenzione di ricerca. \u00c8 ideale per creare un portale turistico completo, una piattaforma di affiliazione o un hub informativo dedicato alle vacanze nelle Egadi.<\/p>\n<p data-start=\"9360\" data-end=\"9648\">Grazie alla forte domanda internazionale e alla crescente digitalizzazione del settore travel, questo dominio rappresenta un asset strategico per costruire un progetto scalabile e altamente monetizzabile, integrabile con servizi di booking, esperienze e offerte turistiche personalizzate.<\/p>\n<p>[\/vc_column_text][vc_separator css=&#8221;.vc_custom_1760652469128{margin-bottom: 0px !important;padding-top: 0px !important;padding-bottom: 30px !important;}&#8221;]<div id=\"domai-2587443133\" style=\"margin-left: auto;margin-right: auto;text-align: center;\"><a href=\"https:\/\/pontedimessina.it\" target=\"_blank\" aria-label=\"Ponte di Messina\"><img loading=\"lazy\" decoding=\"async\" src=\"https:\/\/domainfirm.it\/wp-content\/uploads\/2025\/10\/banner-pontedimessina.jpg\" alt=\"Ponte di Messina\"  srcset=\"https:\/\/domainfirm.it\/wp-content\/uploads\/2025\/10\/banner-pontedimessina.jpg 728w, https:\/\/domainfirm.it\/wp-content\/uploads\/2025\/10\/banner-pontedimessina-300x37.jpg 300w, https:\/\/domainfirm.it\/wp-content\/uploads\/2025\/10\/banner-pontedimessina-600x74.jpg 600w\" sizes=\"auto, (max-width: 728px) 100vw, 728px\" width=\"728\" height=\"90\"  style=\"display: inline-block;\" \/><\/a><\/div>[\/vc_column][\/vc_row]<\/p>\n<\/div>","protected":false},"excerpt":{"rendered":"<h4>Questo Dominio Premium non \u00e8 disponibile.<\/h4>\n<p>isolegadi.com \u00e8 un dominio premium perfetto per progetti turistici dedicati alle Isole Egadi. Ideale per portali di viaggio, booking, escursioni e affiliazioni travel, intercetta una keyword ad alta domanda e forte intento commerciale. Grazie alla popolarit\u00e0 crescente di Favignana, Levanzo e Marettimo, rappresenta un asset strategico per sviluppare un progetto digitale scalabile e monetizzabile nel settore turismo.<\/p>\n<p><strong>Nota:<\/strong> Questo dominio fa parte del <strong>Cluster Territory, Tourism, Wine &amp; Food <\/strong>del portfoglio Premium DomainFirm.XX, dedicato ai servizi territoriali, turistici e Wine &amp; Food. <a href=\"https:\/\/domainfirm.it\/it\/clusters\/territory-tourism-wine\/\"><strong>Scopri Cluster &gt;<\/strong><\/a><\/p>\n","protected":false},"featured_media":32279,"template":"","meta":{"_acf_changed":false},"product_brand":[],"product_cat":[69,46],"product_tag":[],"class_list":{"0":"post-34561","1":"product","2":"type-product","3":"status-publish","4":"has-post-thumbnail","6":"product_cat-reserved","7":"product_cat-tourism-domini-premium","9":"first","10":"instock","11":"virtual","12":"sold-individually","13":"taxable","14":"product-type-simple"},"acf":[],"yoast_head":"<!-- This site is optimized with the Yoast SEO plugin v26.8 - https:\/\/yoast.com\/product\/yoast-seo-wordpress\/ -->\n<title>isolegadi.com \u2013 Vacanze, Hotel e Turismo alle Isole Egadi | DomainFirm.XX<\/title>\n<meta name=\"description\" content=\"Isole Egadi: hotel, escursioni e vacanze a Favignana, Levanzo e Marettimo. Dominio premium per progetti travel.\" \/>\n<meta name=\"robots\" content=\"index, follow, max-snippet:-1, max-image-preview:large, max-video-preview:-1\" \/>\n<link rel=\"canonical\" href=\"https:\/\/domainfirm.it\/en\/domini-premium\/isolegadi-com\/\" \/>\n<meta property=\"og:locale\" content=\"en_US\" \/>\n<meta property=\"og:type\" content=\"article\" \/>\n<meta property=\"og:title\" content=\"isolegadi.com \u2013 Vacanze, Hotel e Turismo alle Isole Egadi | DomainFirm.XX\" \/>\n<meta property=\"og:description\" content=\"Isole Egadi: hotel, escursioni e vacanze a Favignana, Levanzo e Marettimo. Dominio premium per progetti travel.\" \/>\n<meta property=\"og:url\" content=\"https:\/\/domainfirm.it\/en\/domini-premium\/isolegadi-com\/\" \/>\n<meta property=\"og:site_name\" content=\"DomainFirm.XX\" \/>\n<meta property=\"article:modified_time\" content=\"2026-04-02T20:29:28+00:00\" \/>\n<meta property=\"og:image\" content=\"https:\/\/domainfirm.it\/wp-content\/uploads\/2025\/05\/xx-shop.png\" \/>\n\t<meta property=\"og:image:width\" content=\"436\" \/>\n\t<meta property=\"og:image:height\" content=\"436\" \/>\n\t<meta property=\"og:image:type\" content=\"image\/png\" \/>\n<meta name=\"twitter:card\" content=\"summary_large_image\" \/>\n<meta name=\"twitter:label1\" content=\"Est. reading time\" \/>\n\t<meta name=\"twitter:data1\" content=\"2 minutes\" \/>\n<script type=\"application\/ld+json\" class=\"yoast-schema-graph\">{\"@context\":\"https:\/\/schema.org\",\"@graph\":[{\"@type\":\"WebPage\",\"@id\":\"https:\/\/domainfirm.it\/en\/domini-premium\/isolegadi-com\/\",\"url\":\"https:\/\/domainfirm.it\/en\/domini-premium\/isolegadi-com\/\",\"name\":\"isolegadi.com \u2013 Vacanze, Hotel e Turismo alle Isole Egadi | DomainFirm.XX\",\"isPartOf\":{\"@id\":\"https:\/\/domainfirm.it\/it\/#website\"},\"primaryImageOfPage\":{\"@id\":\"https:\/\/domainfirm.it\/en\/domini-premium\/isolegadi-com\/#primaryimage\"},\"image\":{\"@id\":\"https:\/\/domainfirm.it\/en\/domini-premium\/isolegadi-com\/#primaryimage\"},\"thumbnailUrl\":\"https:\/\/domainfirm.it\/wp-content\/uploads\/2025\/05\/xx-shop.png\",\"datePublished\":\"2026-04-02T20:22:44+00:00\",\"dateModified\":\"2026-04-02T20:29:28+00:00\",\"description\":\"Isole Egadi: hotel, escursioni e vacanze a Favignana, Levanzo e Marettimo. Dominio premium per progetti travel.\",\"breadcrumb\":{\"@id\":\"https:\/\/domainfirm.it\/en\/domini-premium\/isolegadi-com\/#breadcrumb\"},\"inLanguage\":\"en-US\",\"potentialAction\":[{\"@type\":\"ReadAction\",\"target\":[\"https:\/\/domainfirm.it\/en\/domini-premium\/isolegadi-com\/\"]}]},{\"@type\":\"ImageObject\",\"inLanguage\":\"en-US\",\"@id\":\"https:\/\/domainfirm.it\/en\/domini-premium\/isolegadi-com\/#primaryimage\",\"url\":\"https:\/\/domainfirm.it\/wp-content\/uploads\/2025\/05\/xx-shop.png\",\"contentUrl\":\"https:\/\/domainfirm.it\/wp-content\/uploads\/2025\/05\/xx-shop.png\",\"width\":436,\"height\":436,\"caption\":\"Domain Premium Hub | DomainFirm.XX\"},{\"@type\":\"BreadcrumbList\",\"@id\":\"https:\/\/domainfirm.it\/en\/domini-premium\/isolegadi-com\/#breadcrumb\",\"itemListElement\":[{\"@type\":\"ListItem\",\"position\":1,\"name\":\"Home\",\"item\":\"https:\/\/domainfirm.it\/en\/\"},{\"@type\":\"ListItem\",\"position\":2,\"name\":\"Catalogo\",\"item\":\"https:\/\/domainfirm.it\/it\/catalogo\/\"},{\"@type\":\"ListItem\",\"position\":3,\"name\":\"Isolegadi.com\"}]},{\"@type\":\"WebSite\",\"@id\":\"https:\/\/domainfirm.it\/it\/#website\",\"url\":\"https:\/\/domainfirm.it\/it\/\",\"name\":\"DomainFirm.XX\",\"description\":\"Premium Domains. Prime Opportunities.\",\"publisher\":{\"@id\":\"https:\/\/domainfirm.it\/it\/#organization\"},\"alternateName\":\"DomainFirm.XX\",\"potentialAction\":[{\"@type\":\"SearchAction\",\"target\":{\"@type\":\"EntryPoint\",\"urlTemplate\":\"https:\/\/domainfirm.it\/it\/?s={search_term_string}\"},\"query-input\":{\"@type\":\"PropertyValueSpecification\",\"valueRequired\":true,\"valueName\":\"search_term_string\"}}],\"inLanguage\":\"en-US\"},{\"@type\":\"Organization\",\"@id\":\"https:\/\/domainfirm.it\/it\/#organization\",\"name\":\"DomainFirm.XX\",\"alternateName\":\"DomainFirm.XX\",\"url\":\"https:\/\/domainfirm.it\/it\/\",\"logo\":{\"@type\":\"ImageObject\",\"inLanguage\":\"en-US\",\"@id\":\"https:\/\/domainfirm.it\/it\/#\/schema\/logo\/image\/\",\"url\":\"https:\/\/domainfirm.it\/wp-content\/uploads\/2025\/05\/cropped-favicon.png\",\"contentUrl\":\"https:\/\/domainfirm.it\/wp-content\/uploads\/2025\/05\/cropped-favicon.png\",\"width\":512,\"height\":512,\"caption\":\"DomainFirm.XX\"},\"image\":{\"@id\":\"https:\/\/domainfirm.it\/it\/#\/schema\/logo\/image\/\"}}]}<\/script>\n<!-- \/ Yoast SEO plugin. -->","yoast_head_json":{"title":"isolegadi.com \u2013 Vacanze, Hotel e Turismo alle Isole Egadi | DomainFirm.XX","description":"Isole Egadi: hotel, escursioni e vacanze a Favignana, Levanzo e Marettimo. Dominio premium per progetti travel.","robots":{"index":"index","follow":"follow","max-snippet":"max-snippet:-1","max-image-preview":"max-image-preview:large","max-video-preview":"max-video-preview:-1"},"canonical":"https:\/\/domainfirm.it\/en\/domini-premium\/isolegadi-com\/","og_locale":"en_US","og_type":"article","og_title":"isolegadi.com \u2013 Vacanze, Hotel e Turismo alle Isole Egadi | DomainFirm.XX","og_description":"Isole Egadi: hotel, escursioni e vacanze a Favignana, Levanzo e Marettimo. Dominio premium per progetti travel.","og_url":"https:\/\/domainfirm.it\/en\/domini-premium\/isolegadi-com\/","og_site_name":"DomainFirm.XX","article_modified_time":"2026-04-02T20:29:28+00:00","og_image":[{"width":436,"height":436,"url":"https:\/\/domainfirm.it\/wp-content\/uploads\/2025\/05\/xx-shop.png","type":"image\/png"}],"twitter_card":"summary_large_image","twitter_misc":{"Est. reading time":"2 minutes"},"schema":{"@context":"https:\/\/schema.org","@graph":[{"@type":"WebPage","@id":"https:\/\/domainfirm.it\/en\/domini-premium\/isolegadi-com\/","url":"https:\/\/domainfirm.it\/en\/domini-premium\/isolegadi-com\/","name":"isolegadi.com \u2013 Vacanze, Hotel e Turismo alle Isole Egadi | DomainFirm.XX","isPartOf":{"@id":"https:\/\/domainfirm.it\/it\/#website"},"primaryImageOfPage":{"@id":"https:\/\/domainfirm.it\/en\/domini-premium\/isolegadi-com\/#primaryimage"},"image":{"@id":"https:\/\/domainfirm.it\/en\/domini-premium\/isolegadi-com\/#primaryimage"},"thumbnailUrl":"https:\/\/domainfirm.it\/wp-content\/uploads\/2025\/05\/xx-shop.png","datePublished":"2026-04-02T20:22:44+00:00","dateModified":"2026-04-02T20:29:28+00:00","description":"Isole Egadi: hotel, escursioni e vacanze a Favignana, Levanzo e Marettimo. Dominio premium per progetti travel.","breadcrumb":{"@id":"https:\/\/domainfirm.it\/en\/domini-premium\/isolegadi-com\/#breadcrumb"},"inLanguage":"en-US","potentialAction":[{"@type":"ReadAction","target":["https:\/\/domainfirm.it\/en\/domini-premium\/isolegadi-com\/"]}]},{"@type":"ImageObject","inLanguage":"en-US","@id":"https:\/\/domainfirm.it\/en\/domini-premium\/isolegadi-com\/#primaryimage","url":"https:\/\/domainfirm.it\/wp-content\/uploads\/2025\/05\/xx-shop.png","contentUrl":"https:\/\/domainfirm.it\/wp-content\/uploads\/2025\/05\/xx-shop.png","width":436,"height":436,"caption":"Domain Premium Hub | DomainFirm.XX"},{"@type":"BreadcrumbList","@id":"https:\/\/domainfirm.it\/en\/domini-premium\/isolegadi-com\/#breadcrumb","itemListElement":[{"@type":"ListItem","position":1,"name":"Home","item":"https:\/\/domainfirm.it\/en\/"},{"@type":"ListItem","position":2,"name":"Catalogo","item":"https:\/\/domainfirm.it\/it\/catalogo\/"},{"@type":"ListItem","position":3,"name":"Isolegadi.com"}]},{"@type":"WebSite","@id":"https:\/\/domainfirm.it\/it\/#website","url":"https:\/\/domainfirm.it\/it\/","name":"DomainFirm.XX","description":"Premium Domains. Prime Opportunities.","publisher":{"@id":"https:\/\/domainfirm.it\/it\/#organization"},"alternateName":"DomainFirm.XX","potentialAction":[{"@type":"SearchAction","target":{"@type":"EntryPoint","urlTemplate":"https:\/\/domainfirm.it\/it\/?s={search_term_string}"},"query-input":{"@type":"PropertyValueSpecification","valueRequired":true,"valueName":"search_term_string"}}],"inLanguage":"en-US"},{"@type":"Organization","@id":"https:\/\/domainfirm.it\/it\/#organization","name":"DomainFirm.XX","alternateName":"DomainFirm.XX","url":"https:\/\/domainfirm.it\/it\/","logo":{"@type":"ImageObject","inLanguage":"en-US","@id":"https:\/\/domainfirm.it\/it\/#\/schema\/logo\/image\/","url":"https:\/\/domainfirm.it\/wp-content\/uploads\/2025\/05\/cropped-favicon.png","contentUrl":"https:\/\/domainfirm.it\/wp-content\/uploads\/2025\/05\/cropped-favicon.png","width":512,"height":512,"caption":"DomainFirm.XX"},"image":{"@id":"https:\/\/domainfirm.it\/it\/#\/schema\/logo\/image\/"}}]}},"_links":{"self":[{"href":"https:\/\/domainfirm.it\/en\/wp-json\/wp\/v2\/product\/34561","targetHints":{"allow":["GET"]}}],"collection":[{"href":"https:\/\/domainfirm.it\/en\/wp-json\/wp\/v2\/product"}],"about":[{"href":"https:\/\/domainfirm.it\/en\/wp-json\/wp\/v2\/types\/product"}],"wp:featuredmedia":[{"embeddable":true,"href":"https:\/\/domainfirm.it\/en\/wp-json\/wp\/v2\/media\/32279"}],"wp:attachment":[{"href":"https:\/\/domainfirm.it\/en\/wp-json\/wp\/v2\/media?parent=34561"}],"wp:term":[{"taxonomy":"product_brand","embeddable":true,"href":"https:\/\/domainfirm.it\/en\/wp-json\/wp\/v2\/product_brand?post=34561"},{"taxonomy":"product_cat","embeddable":true,"href":"https:\/\/domainfirm.it\/en\/wp-json\/wp\/v2\/product_cat?post=34561"},{"taxonomy":"product_tag","embeddable":true,"href":"https:\/\/domainfirm.it\/en\/wp-json\/wp\/v2\/product_tag?post=34561"}],"curies":[{"name":"wp","href":"https:\/\/api.w.org\/{rel}","templated":true}]}}