{"id":32241,"date":"2025-05-25T20:28:17","date_gmt":"2025-05-25T20:28:17","guid":{"rendered":"https:\/\/domainfirm.it\/?page_id=32241"},"modified":"2025-05-30T18:10:47","modified_gmt":"2025-05-30T18:10:47","slug":"link-building","status":"publish","type":"page","link":"https:\/\/domainfirm.it\/it\/link-building\/","title":{"rendered":"Link Building"},"content":{"rendered":"<div class=\"wpb-content-wrapper\"><p>[vc_row][vc_column]\n\t\t\t<!-- START Servizi REVOLUTION SLIDER 6.7.35 --><p class=\"rs-p-wp-fix\"><\/p>\n\t\t\t<rs-module-wrap id=\"rev_slider_45_1_wrapper\" data-source=\"gallery\" style=\"visibility:hidden;background:#f7f7f7;padding:0;margin:0px auto;margin-top:0;margin-bottom:0;\">\n\t\t\t\t<rs-module id=\"rev_slider_45_1\" style=\"\" data-version=\"6.7.35\">\n\t\t\t\t\t<rs-slides style=\"overflow: hidden; position: absolute;\">\n\t\t\t\t\t\t<rs-slide style=\"position: absolute;\" data-key=\"rs-95\" data-title=\"Slide\" data-anim=\"adpr:false;\" data-in=\"o:0;\" data-out=\"a:false;\">\n\t\t\t\t\t\t\t<img decoding=\"async\" src=\"\/\/domainfirm.it\/wp-content\/plugins\/revslider\/sr6\/assets\/assets\/dummy.png\" alt=\"Domain Premium Hub | DomainFirm.XX\" title=\"Domain Premium Hub | DomainFirm.XX\" width=\"1600\" height=\"607\" class=\"rev-slidebg tp-rs-img rs-lazyload\" data-lazyload=\"\/\/domainfirm.it\/wp-content\/uploads\/revslider\/servizi\/data-analytics-web.jpg\" data-bg=\"p:right top;\" data-parallax=\"off\" data-panzoom=\"d:25000;ss:100;se:110;oe:-3\/-3;\" data-no-retina>\n<!---->\t\t\t\t\t<\/rs-slide>\n\t\t\t\t\t\t<rs-slide style=\"position: absolute;\" data-key=\"rs-96\" data-title=\"Slide\" data-anim=\"adpr:false;\" data-in=\"o:0;\" data-out=\"a:false;\">\n\t\t\t\t\t\t\t<img decoding=\"async\" src=\"\/\/domainfirm.it\/wp-content\/plugins\/revslider\/sr6\/assets\/assets\/dummy.png\" alt=\"Domain Premium Hub | DomainFirm.XX\" title=\"Domain Premium Hub | DomainFirm.XX\" width=\"1200\" height=\"600\" class=\"rev-slidebg tp-rs-img rs-lazyload\" data-lazyload=\"\/\/domainfirm.it\/wp-content\/uploads\/revslider\/servizi\/icc-digital-media-2.jpg\" data-bg=\"p:center top;\" data-parallax=\"off\" data-panzoom=\"d:11000;ss:100;se:110;oe:-3\/-3;\" data-no-retina>\n<!--\n\t\t\t\t\t\t\t--><rs-layer\n\t\t\t\t\t\t\t\tid=\"slider-45-slide-96-layer-30\" \n\t\t\t\t\t\t\t\tclass=\"rs-pxl-1\"\n\t\t\t\t\t\t\t\tdata-type=\"text\"\n\t\t\t\t\t\t\t\tdata-color=\"rgba(255,255,255,0.20)\"\n\t\t\t\t\t\t\t\tdata-rsp_ch=\"on\"\n\t\t\t\t\t\t\t\tdata-xy=\"x:c;xo:7px,7px,7px,0;y:m;yo:69px,69px,69px,-22px;\"\n\t\t\t\t\t\t\t\tdata-text=\"s:220,220,220,210;l:28,28,28,22;\"\n\t\t\t\t\t\t\t\tdata-dim=\"h:51px,51px,51px,auto;\"\n\t\t\t\t\t\t\t\tdata-frame_0=\"y:-50px;\"\n\t\t\t\t\t\t\t\tdata-frame_1=\"e:power2.inOut;st:650;sp:700;sR:650;\"\n\t\t\t\t\t\t\t\tdata-frame_999=\"y:-50px;o:0;e:nothing;st:w;sp:500;sR:7650;\"\n\t\t\t\t\t\t\t\tstyle=\"z-index:6;font-family:'Lora';\"\n\t\t\t\t\t\t\t> \n\t\t\t\t\t\t\t<\/rs-layer><!--\n-->\t\t\t\t\t<\/rs-slide>\n\t\t\t\t\t<\/rs-slides>\n\t\t\t\t<\/rs-module>\n\t\t\t\t<script>\n\t\t\t\t\tsetREVStartSize({c: 'rev_slider_45_1',rl:[1240,1024,778,480],el:[550,450,400,350],gw:[1200,1024,778,480],gh:[550,500,400,350],type:'standard',justify:'',layout:'fullwidth',mh:\"0\"});if (window.RS_MODULES!==undefined && window.RS_MODULES.modules!==undefined && window.RS_MODULES.modules[\"revslider451\"]!==undefined) {window.RS_MODULES.modules[\"revslider451\"].once = false;window.revapi45 = undefined;if (window.RS_MODULES.checkMinimal!==undefined) window.RS_MODULES.checkMinimal()}\n\t\t\t\t<\/script>\n\t\t\t<\/rs-module-wrap>\n\t\t\t<!-- END REVOLUTION SLIDER -->\n[vc_empty_space height=&#8221;70px&#8221;]<div class=\"title-wrapper  basel-title-color-primary basel-title-style-simple basel-title-size-large text-left \"><div class=\"liner-continer\"> <span class=\"left-line\"><\/span> <h1 class=\"title\" >LINK BUILDING<span class=\"title-separator\"><span><\/span><\/span><\/h1> <span class=\"right-line\"><\/span> <\/div><\/div>[vc_empty_space height=&#8221;30px&#8221;][\/vc_column][\/vc_row][vc_row][vc_column width=&#8221;2\/3&#8243;][vc_column_text]<\/p>\n<h3 data-start=\"268\" data-end=\"351\">Fai Link Building professionale con DomainFirm.XX<br \/>\nAutorevolezza, visibilit\u00e0, risultati.<\/h3>\n<p data-start=\"353\" data-end=\"726\">Nel panorama digitale di oggi, ottenere visibilit\u00e0 sui motori di ricerca richiede strategia, contenuti di qualit\u00e0 e soprattutto <strong data-start=\"481\" data-end=\"500\">link autorevoli<\/strong>. La link building, se fatta con metodo, \u00e8 uno degli strumenti SEO pi\u00f9 potenti per migliorare il posizionamento di un sito, ma \u00e8 anche uno dei pi\u00f9 delicati: <strong data-start=\"657\" data-end=\"725\">non tutti i link sono utili e non tutte le fonti sono affidabili<\/strong>.<\/p>\n<p data-start=\"728\" data-end=\"1122\">\u00c8 qui che entra in gioco <strong data-start=\"753\" data-end=\"767\">DomainFirm.XX<\/strong>, la divisione di <strong data-start=\"785\" data-end=\"806\">ICC Digital Media<\/strong> specializzata nella gestione di <strong data-start=\"839\" data-end=\"857\">domini premium<\/strong> e nella creazione di valore attraverso asset digitali strategici.<\/p>\n<p data-start=\"728\" data-end=\"1122\">Grazie a un <strong data-start=\"936\" data-end=\"993\">network proprietario di diverse centinaia di domini Premium e Premium Vip<\/strong>, DomainFirm offre un servizio di <strong data-start=\"1027\" data-end=\"1058\">link building professionale<\/strong>, fondato su qualit\u00e0, pertinenza e controllo totale delle fonti.<\/p>\n<p>[\/vc_column_text][\/vc_column][vc_column width=&#8221;1\/3&#8243;][vc_single_image image=&#8221;32279&#8243; img_size=&#8221;300&#215;300&#8243; alignment=&#8221;center&#8221;][\/vc_column][\/vc_row][vc_row][vc_column][vc_empty_space height=&#8221;60px&#8221;][\/vc_column][\/vc_row][vc_row][vc_column width=&#8221;1\/3&#8243;][vc_single_image image=&#8221;32311&#8243; img_size=&#8221;300&#215;300&#8243; alignment=&#8221;center&#8221;][\/vc_column][vc_column width=&#8221;2\/3&#8243;][vc_column_text]<\/p>\n<h3 data-start=\"1124\" data-end=\"1155\">Perch\u00e9 scegliere DomainFirm<\/h3>\n<p data-start=\"1157\" data-end=\"1383\">DomainFirm non si limita a \u201cvendere link\u201d, ma propone <strong data-start=\"1208\" data-end=\"1250\">una strategia costruita su asset reali<\/strong>, basata su domini tematici, autorevoli e gestiti direttamente dal team ICC, attivo dal 1999 nella Consulenza Digitale, nella SEO e nella Analytics per grandi aziende.<\/p>\n<p data-start=\"1385\" data-end=\"1412\">Ecco i vantaggi distintivi:<\/p>\n<ul data-start=\"1414\" data-end=\"2297\">\n<li data-start=\"1414\" data-end=\"1595\">\n<p data-start=\"1416\" data-end=\"1595\"><strong data-start=\"1416\" data-end=\"1447\">Domini verticali e tematici<\/strong>: turismo, food &amp; wine, arredamento, legal, innovazione, salute, lifestyle. Ogni backlink \u00e8 inserito in un contesto coerente e rilevante per Google.<\/p>\n<\/li>\n<li data-start=\"1596\" data-end=\"1764\">\n<p data-start=\"1598\" data-end=\"1764\"><strong data-start=\"1598\" data-end=\"1632\">Contenuti editoriali originali<\/strong>: i link possono essere inseriti in articoli scritti ad hoc, con struttura SEO ottimizzata e linguaggio naturale.<\/p>\n<\/li>\n<li data-start=\"1765\" data-end=\"1978\">\n<p data-start=\"1767\" data-end=\"1978\"><strong data-start=\"1767\" data-end=\"1800\">Controllo diretto del network<\/strong>: nessun intermediario, nessuna piattaforma esterna. I link vengono pubblicati su domini gestiti direttamente, con possibilit\u00e0 di personalizzazione, aggiornamento e monitoraggio costante.<\/p>\n<\/li>\n<li data-start=\"1765\" data-end=\"1978\"><strong>Concorrenza inesistente<\/strong>: link creati naturalmente e in numero risibile (&lt;10) al solo fine di aumentare i link esterni. Non siamo una Link Farm.<\/li>\n<li data-start=\"1979\" data-end=\"2116\">\n<p data-start=\"1981\" data-end=\"2116\"><strong data-start=\"1981\" data-end=\"1998\">Sicurezza SEO<\/strong>: evitando network artificiosi o pratiche black hat, DomainFirm garantisce link naturali, sicuri e durevoli nel tempo.<\/p>\n<\/li>\n<li data-start=\"2117\" data-end=\"2297\">\n<p data-start=\"2119\" data-end=\"2297\"><strong data-start=\"2119\" data-end=\"2150\">Tracciamento e reportistica<\/strong>: ogni intervento \u00e8 documentato, monitorabile e misurabile. Viene fornito un report con link attivi, traffico e, su richiesta, tracciamento UTM del link in uscita.<\/p>\n<\/li>\n<\/ul>\n<p>[\/vc_column_text][\/vc_column][\/vc_row][vc_row][vc_column][vc_empty_space height=&#8221;60px&#8221;][\/vc_column][\/vc_row][vc_row][vc_column width=&#8221;2\/3&#8243;][vc_column_text]<\/p>\n<h3 data-start=\"2299\" data-end=\"2328\">Come funziona il servizio<\/h3>\n<ol data-start=\"2330\" data-end=\"2834\">\n<li data-start=\"2330\" data-end=\"2432\">\n<p data-start=\"2333\" data-end=\"2432\"><strong data-start=\"2333\" data-end=\"2353\">Analisi iniziale<\/strong>: valutiamo il sito cliente, il target, le keyword strategiche e gli obiettivi.<\/p>\n<\/li>\n<li data-start=\"2433\" data-end=\"2553\">\n<p data-start=\"2436\" data-end=\"2553\"><strong data-start=\"2436\" data-end=\"2470\">Selezione dei domini ospitanti<\/strong>: individuiamo i domini del network pi\u00f9 affini per settore, target e autorevolezza.<\/p>\n<\/li>\n<li data-start=\"2554\" data-end=\"2685\">\n<p data-start=\"2557\" data-end=\"2685\"><strong data-start=\"2557\" data-end=\"2580\">Creazione contenuti<\/strong>: sviluppiamo e ospitiamo articoli ottimizzati, in cui inseriamo in modo naturale uno o pi\u00f9 link al sito del cliente.<\/p>\n<\/li>\n<li data-start=\"2686\" data-end=\"2834\">\n<p data-start=\"2689\" data-end=\"2834\"><strong data-start=\"2689\" data-end=\"2721\">Pubblicazione e monitoraggio<\/strong>: i contenuti vengono pubblicati entro pochi giorni, con monitoraggio continuo dell\u2019indicizzazione e performance.<\/p>\n<\/li>\n<\/ol>\n<p>[\/vc_column_text][\/vc_column][vc_column width=&#8221;1\/3&#8243;][vc_single_image image=&#8221;32311&#8243; img_size=&#8221;300&#215;300&#8243; alignment=&#8221;center&#8221;][\/vc_column][\/vc_row][vc_row][vc_column][vc_empty_space height=&#8221;60px&#8221;][\/vc_column][\/vc_row][vc_row][vc_column width=&#8221;1\/3&#8243;][vc_single_image image=&#8221;32311&#8243; img_size=&#8221;300&#215;300&#8243; alignment=&#8221;center&#8221;][\/vc_column][vc_column width=&#8221;2\/3&#8243;][vc_column_text]<\/p>\n<h2><strong>A chi si rivolge<\/strong><\/h2>\n<p data-start=\"2858\" data-end=\"2883\">Il servizio \u00e8 ideale per:<\/p>\n<ul data-start=\"2885\" data-end=\"3194\">\n<li data-start=\"2885\" data-end=\"2958\">\n<p data-start=\"2887\" data-end=\"2958\"><strong data-start=\"2887\" data-end=\"2902\">Agenzie SEO<\/strong> che cercano link affidabili e sicuri per i loro clienti<\/p>\n<\/li>\n<li data-start=\"2959\" data-end=\"3025\">\n<p data-start=\"2961\" data-end=\"3025\"><strong data-start=\"2961\" data-end=\"2972\">Aziende<\/strong> che vogliono migliorare la propria presenza organica<\/p>\n<\/li>\n<li data-start=\"3026\" data-end=\"3112\">\n<p data-start=\"3028\" data-end=\"3112\"><strong data-start=\"3028\" data-end=\"3061\">Professionisti e studi legali<\/strong> che mirano ad aumentare visibilit\u00e0 e autorevolezza<\/p>\n<\/li>\n<li data-start=\"3113\" data-end=\"3194\">\n<p data-start=\"3115\" data-end=\"3194\"><strong data-start=\"3115\" data-end=\"3146\">Startup e progetti digitali<\/strong> che vogliono partire subito con una base solida.<\/p>\n<\/li>\n<\/ul>\n<p>[\/vc_column_text][\/vc_column][\/vc_row][vc_row][vc_column][vc_empty_space height=&#8221;60px&#8221;][vc_column_text]<\/p>\n<h2 data-start=\"3196\" data-end=\"3231\">Fai un investimento che crea valore<\/h2>\n<p data-start=\"3196\" data-end=\"3231\">Ottenere link da siti autorevoli e tematici, senza rischi e con la certezza della qualit\u00e0, \u00e8 oggi un <strong data-start=\"3334\" data-end=\"3364\">vantaggio competitivo raro<\/strong>.<br \/>\nDomainFirm ti offre tutto questo, con l\u2019esperienza e la visione di ICC Digital Media: <strong data-start=\"3452\" data-end=\"3501\">un partner affidabile nella crescita digitale<\/strong> del tuo progetto.<\/p>\n<p>[\/vc_column_text][\/vc_column][\/vc_row][vc_row full_width=&#8221;stretch_row&#8221; content_placement=&#8221;middle&#8221; css=&#8221;.vc_custom_1639778702297{margin-top: 10px !important;margin-bottom: 0px !important;padding-top: 25px !important;padding-bottom: 25px !important;background: #1f497d url(http:\/\/dummy.xtemos.com\/basel\/vers\/wp-content\/uploads\/sites\/3\/2017\/01\/info-call-1.png?id=602) !important;background-position: 0 0 !important;background-repeat: no-repeat !important;}&#8221;][vc_column width=&#8221;2\/3&#8243; basel_color_scheme=&#8221;light&#8221; css=&#8221;.vc_custom_1481460303734{padding-top: 20px !important;padding-bottom: 20px !important;}&#8221;][vc_column_text css=&#8221;.vc_custom_1639778780383{margin-bottom: 0px !important;}&#8221;]<\/p>\n<h1 style=\"font-size: 37px; font-weight: 300; color: white; margin-bottom: 0px; line-height: 45px; text-align: center;\"><strong>DOMANDE? Parliamone!<\/strong><\/h1>\n<p>[\/vc_column_text][\/vc_column][vc_column width=&#8221;1\/3&#8243; css=&#8221;.vc_custom_1481367707658{padding-top: 0px !important;}&#8221;][vc_btn title=&#8221;<strong>CONTATTACI<\/strong>&#8221; style=&#8221;custom&#8221; custom_background=&#8221;#1a2843&#8243; custom_text=&#8221;#ffffff&#8221; shape=&#8221;square&#8221; align=&#8221;center&#8221; css=&#8221;.vc_custom_1748628017434{margin-bottom: 0px !important;}&#8221; link=&#8221;url:https%3A%2F%2Fwww.domainfirm.it%2Fit%2Fcontatti%2F|title:Contattaci&#8221;][\/vc_column][\/vc_row]<\/p>\n<\/div>","protected":false},"excerpt":{"rendered":"<p>[vc_row][vc_column][vc_empty_space height=&#8221;70px&#8221;][vc_empty_space height=&#8221;30px&#8221;][\/vc_column][\/vc_row][vc_row][vc_column width=&#8221;2\/3&#8243;][vc_column_text] Fai Link Building professionale con DomainFirm.XX Autorevolezza, visibilit\u00e0, risultati. Nel panorama digitale di oggi, ottenere visibilit\u00e0<\/p>\n","protected":false},"author":1,"featured_media":0,"parent":0,"menu_order":0,"comment_status":"closed","ping_status":"closed","template":"","meta":{"_acf_changed":false,"footnotes":""},"class_list":["post-32241","page","type-page","status-publish","hentry"],"acf":[],"yoast_head":"<!-- This site is optimized with the Yoast SEO plugin v26.8 - https:\/\/yoast.com\/product\/yoast-seo-wordpress\/ -->\n<title>Link Building | DomainFirm.XX - Premium Domain Hub<\/title>\n<meta name=\"description\" content=\"DomainFirm non &quot;vende link&quot;, ma propone una strategia basata su domini tematici, gestiti direttamente dal team ICC, attivo dal 1999 nella Consulenza Digitale, nella SEO e nella Analytics per grandi aziende.\" \/>\n<meta name=\"robots\" content=\"index, follow, max-snippet:-1, max-image-preview:large, max-video-preview:-1\" \/>\n<link rel=\"canonical\" href=\"https:\/\/domainfirm.it\/it\/link-building\/\" \/>\n<meta property=\"og:locale\" content=\"it_IT\" \/>\n<meta property=\"og:type\" content=\"article\" \/>\n<meta property=\"og:title\" content=\"Link Building | DomainFirm.XX - Premium Domain Hub\" \/>\n<meta property=\"og:description\" content=\"DomainFirm non &quot;vende link&quot;, ma propone una strategia basata su domini tematici, gestiti direttamente dal team ICC, attivo dal 1999 nella Consulenza Digitale, nella SEO e nella Analytics per grandi aziende.\" \/>\n<meta property=\"og:url\" content=\"https:\/\/domainfirm.it\/it\/link-building\/\" \/>\n<meta property=\"og:site_name\" content=\"DomainFirm.XX\" \/>\n<meta property=\"article:modified_time\" content=\"2025-05-30T18:10:47+00:00\" \/>\n<meta property=\"og:image\" content=\"https:\/\/domainfirm.it\/wp-content\/uploads\/2025\/05\/brand-intelligence.jpg\" \/>\n\t<meta property=\"og:image:width\" content=\"1300\" \/>\n\t<meta property=\"og:image:height\" content=\"600\" \/>\n\t<meta property=\"og:image:type\" content=\"image\/jpeg\" \/>\n<meta name=\"twitter:card\" content=\"summary_large_image\" \/>\n<meta name=\"twitter:label1\" content=\"Tempo di lettura stimato\" \/>\n\t<meta name=\"twitter:data1\" content=\"4 minuti\" \/>\n<script type=\"application\/ld+json\" class=\"yoast-schema-graph\">{\"@context\":\"https:\/\/schema.org\",\"@graph\":[{\"@type\":\"WebPage\",\"@id\":\"https:\/\/domainfirm.it\/it\/link-building\/\",\"url\":\"https:\/\/domainfirm.it\/it\/link-building\/\",\"name\":\"Link Building | DomainFirm.XX - Premium Domain Hub\",\"isPartOf\":{\"@id\":\"https:\/\/domainfirm.it\/it\/#website\"},\"datePublished\":\"2025-05-25T20:28:17+00:00\",\"dateModified\":\"2025-05-30T18:10:47+00:00\",\"description\":\"DomainFirm non \\\"vende link\\\", ma propone una strategia basata su domini tematici, gestiti direttamente dal team ICC, attivo dal 1999 nella Consulenza Digitale, nella SEO e nella Analytics per grandi aziende.\",\"breadcrumb\":{\"@id\":\"https:\/\/domainfirm.it\/it\/link-building\/#breadcrumb\"},\"inLanguage\":\"it-IT\",\"potentialAction\":[{\"@type\":\"ReadAction\",\"target\":[\"https:\/\/domainfirm.it\/it\/link-building\/\"]}]},{\"@type\":\"BreadcrumbList\",\"@id\":\"https:\/\/domainfirm.it\/it\/link-building\/#breadcrumb\",\"itemListElement\":[{\"@type\":\"ListItem\",\"position\":1,\"name\":\"Home\",\"item\":\"https:\/\/domainfirm.it\/it\/\"},{\"@type\":\"ListItem\",\"position\":2,\"name\":\"Link Building\"}]},{\"@type\":\"WebSite\",\"@id\":\"https:\/\/domainfirm.it\/it\/#website\",\"url\":\"https:\/\/domainfirm.it\/it\/\",\"name\":\"DomainFirm.XX\",\"description\":\"Premium Domains. Prime Opportunities.\",\"publisher\":{\"@id\":\"https:\/\/domainfirm.it\/it\/#organization\"},\"alternateName\":\"DomainFirm.XX\",\"potentialAction\":[{\"@type\":\"SearchAction\",\"target\":{\"@type\":\"EntryPoint\",\"urlTemplate\":\"https:\/\/domainfirm.it\/it\/?s={search_term_string}\"},\"query-input\":{\"@type\":\"PropertyValueSpecification\",\"valueRequired\":true,\"valueName\":\"search_term_string\"}}],\"inLanguage\":\"it-IT\"},{\"@type\":\"Organization\",\"@id\":\"https:\/\/domainfirm.it\/it\/#organization\",\"name\":\"DomainFirm.XX\",\"alternateName\":\"DomainFirm.XX\",\"url\":\"https:\/\/domainfirm.it\/it\/\",\"logo\":{\"@type\":\"ImageObject\",\"inLanguage\":\"it-IT\",\"@id\":\"https:\/\/domainfirm.it\/it\/#\/schema\/logo\/image\/\",\"url\":\"https:\/\/domainfirm.it\/wp-content\/uploads\/2025\/05\/cropped-favicon.png\",\"contentUrl\":\"https:\/\/domainfirm.it\/wp-content\/uploads\/2025\/05\/cropped-favicon.png\",\"width\":512,\"height\":512,\"caption\":\"DomainFirm.XX\"},\"image\":{\"@id\":\"https:\/\/domainfirm.it\/it\/#\/schema\/logo\/image\/\"}}]}<\/script>\n<!-- \/ Yoast SEO plugin. -->","yoast_head_json":{"title":"Link Building | DomainFirm.XX - Premium Domain Hub","description":"DomainFirm non \"vende link\", ma propone una strategia basata su domini tematici, gestiti direttamente dal team ICC, attivo dal 1999 nella Consulenza Digitale, nella SEO e nella Analytics per grandi aziende.","robots":{"index":"index","follow":"follow","max-snippet":"max-snippet:-1","max-image-preview":"max-image-preview:large","max-video-preview":"max-video-preview:-1"},"canonical":"https:\/\/domainfirm.it\/it\/link-building\/","og_locale":"it_IT","og_type":"article","og_title":"Link Building | DomainFirm.XX - Premium Domain Hub","og_description":"DomainFirm non \"vende link\", ma propone una strategia basata su domini tematici, gestiti direttamente dal team ICC, attivo dal 1999 nella Consulenza Digitale, nella SEO e nella Analytics per grandi aziende.","og_url":"https:\/\/domainfirm.it\/it\/link-building\/","og_site_name":"DomainFirm.XX","article_modified_time":"2025-05-30T18:10:47+00:00","og_image":[{"width":1300,"height":600,"url":"https:\/\/domainfirm.it\/wp-content\/uploads\/2025\/05\/brand-intelligence.jpg","type":"image\/jpeg"}],"twitter_card":"summary_large_image","twitter_misc":{"Tempo di lettura stimato":"4 minuti"},"schema":{"@context":"https:\/\/schema.org","@graph":[{"@type":"WebPage","@id":"https:\/\/domainfirm.it\/it\/link-building\/","url":"https:\/\/domainfirm.it\/it\/link-building\/","name":"Link Building | DomainFirm.XX - Premium Domain Hub","isPartOf":{"@id":"https:\/\/domainfirm.it\/it\/#website"},"datePublished":"2025-05-25T20:28:17+00:00","dateModified":"2025-05-30T18:10:47+00:00","description":"DomainFirm non \"vende link\", ma propone una strategia basata su domini tematici, gestiti direttamente dal team ICC, attivo dal 1999 nella Consulenza Digitale, nella SEO e nella Analytics per grandi aziende.","breadcrumb":{"@id":"https:\/\/domainfirm.it\/it\/link-building\/#breadcrumb"},"inLanguage":"it-IT","potentialAction":[{"@type":"ReadAction","target":["https:\/\/domainfirm.it\/it\/link-building\/"]}]},{"@type":"BreadcrumbList","@id":"https:\/\/domainfirm.it\/it\/link-building\/#breadcrumb","itemListElement":[{"@type":"ListItem","position":1,"name":"Home","item":"https:\/\/domainfirm.it\/it\/"},{"@type":"ListItem","position":2,"name":"Link Building"}]},{"@type":"WebSite","@id":"https:\/\/domainfirm.it\/it\/#website","url":"https:\/\/domainfirm.it\/it\/","name":"DomainFirm.XX","description":"Premium Domains. Prime Opportunities.","publisher":{"@id":"https:\/\/domainfirm.it\/it\/#organization"},"alternateName":"DomainFirm.XX","potentialAction":[{"@type":"SearchAction","target":{"@type":"EntryPoint","urlTemplate":"https:\/\/domainfirm.it\/it\/?s={search_term_string}"},"query-input":{"@type":"PropertyValueSpecification","valueRequired":true,"valueName":"search_term_string"}}],"inLanguage":"it-IT"},{"@type":"Organization","@id":"https:\/\/domainfirm.it\/it\/#organization","name":"DomainFirm.XX","alternateName":"DomainFirm.XX","url":"https:\/\/domainfirm.it\/it\/","logo":{"@type":"ImageObject","inLanguage":"it-IT","@id":"https:\/\/domainfirm.it\/it\/#\/schema\/logo\/image\/","url":"https:\/\/domainfirm.it\/wp-content\/uploads\/2025\/05\/cropped-favicon.png","contentUrl":"https:\/\/domainfirm.it\/wp-content\/uploads\/2025\/05\/cropped-favicon.png","width":512,"height":512,"caption":"DomainFirm.XX"},"image":{"@id":"https:\/\/domainfirm.it\/it\/#\/schema\/logo\/image\/"}}]}},"_links":{"self":[{"href":"https:\/\/domainfirm.it\/it\/wp-json\/wp\/v2\/pages\/32241","targetHints":{"allow":["GET"]}}],"collection":[{"href":"https:\/\/domainfirm.it\/it\/wp-json\/wp\/v2\/pages"}],"about":[{"href":"https:\/\/domainfirm.it\/it\/wp-json\/wp\/v2\/types\/page"}],"author":[{"embeddable":true,"href":"https:\/\/domainfirm.it\/it\/wp-json\/wp\/v2\/users\/1"}],"replies":[{"embeddable":true,"href":"https:\/\/domainfirm.it\/it\/wp-json\/wp\/v2\/comments?post=32241"}],"version-history":[{"count":25,"href":"https:\/\/domainfirm.it\/it\/wp-json\/wp\/v2\/pages\/32241\/revisions"}],"predecessor-version":[{"id":32436,"href":"https:\/\/domainfirm.it\/it\/wp-json\/wp\/v2\/pages\/32241\/revisions\/32436"}],"wp:attachment":[{"href":"https:\/\/domainfirm.it\/it\/wp-json\/wp\/v2\/media?parent=32241"}],"curies":[{"name":"wp","href":"https:\/\/api.w.org\/{rel}","templated":true}]}}