{"id":32290,"date":"2025-05-26T15:41:32","date_gmt":"2025-05-26T15:41:32","guid":{"rendered":"https:\/\/domainfirm.it\/?page_id=32290"},"modified":"2026-03-19T00:05:27","modified_gmt":"2026-03-18T22:05:27","slug":"privacy-policy","status":"publish","type":"page","link":"https:\/\/domainfirm.it\/it\/privacy-policy\/","title":{"rendered":"Privacy Policy"},"content":{"rendered":"<div class=\"wpb-content-wrapper\"><p>[vc_row][vc_column]\n\t\t\t<!-- START BigData REVOLUTION SLIDER 6.7.35 --><p class=\"rs-p-wp-fix\"><\/p>\n\t\t\t<rs-module-wrap id=\"rev_slider_51_1_wrapper\" data-source=\"gallery\" style=\"visibility:hidden;background:#f7f7f7;padding:0;margin:0px auto;margin-top:0;margin-bottom:0;\">\n\t\t\t\t<rs-module id=\"rev_slider_51_1\" style=\"\" data-version=\"6.7.35\">\n\t\t\t\t\t<rs-slides style=\"overflow: hidden; position: absolute;\">\n\t\t\t\t\t\t<rs-slide style=\"position: absolute;\" data-key=\"rs-106\" data-title=\"Slide\" data-anim=\"adpr:false;\" data-in=\"o:0;\" data-out=\"a:false;\">\n\t\t\t\t\t\t\t<img decoding=\"async\" src=\"\/\/domainfirm.it\/wp-content\/plugins\/revslider\/sr6\/assets\/assets\/dummy.png\" alt=\"Domain Premium Hub | DomainFirm.XX\" title=\"Domain Premium Hub | DomainFirm.XX\" width=\"1300\" height=\"550\" class=\"rev-slidebg tp-rs-img rs-lazyload\" data-lazyload=\"\/\/domainfirm.it\/wp-content\/uploads\/revslider\/bigdata\/bigdata-law.jpg\" data-bg=\"p:center top;\" data-parallax=\"off\" data-panzoom=\"d:11000;ss:100;se:110;oe:-3\/-3;\" data-no-retina>\n<!--\n\t\t\t\t\t\t\t--><rs-layer\n\t\t\t\t\t\t\t\tid=\"slider-51-slide-106-layer-30\" \n\t\t\t\t\t\t\t\tclass=\"rs-pxl-1\"\n\t\t\t\t\t\t\t\tdata-type=\"text\"\n\t\t\t\t\t\t\t\tdata-color=\"rgba(255,255,255,0.20)\"\n\t\t\t\t\t\t\t\tdata-rsp_ch=\"on\"\n\t\t\t\t\t\t\t\tdata-xy=\"x:c;xo:7px,7px,7px,0;y:m;yo:69px,69px,69px,-22px;\"\n\t\t\t\t\t\t\t\tdata-text=\"s:220,220,220,210;l:28,28,28,22;\"\n\t\t\t\t\t\t\t\tdata-dim=\"h:51px,51px,51px,auto;\"\n\t\t\t\t\t\t\t\tdata-frame_0=\"y:-50px;\"\n\t\t\t\t\t\t\t\tdata-frame_1=\"e:power2.inOut;st:650;sp:700;sR:650;\"\n\t\t\t\t\t\t\t\tdata-frame_999=\"y:-50px;o:0;e:nothing;st:w;sp:500;sR:7650;\"\n\t\t\t\t\t\t\t\tstyle=\"z-index:6;font-family:'Lora';\"\n\t\t\t\t\t\t\t> \n\t\t\t\t\t\t\t<\/rs-layer><!--\n-->\t\t\t\t\t<\/rs-slide>\n\t\t\t\t\t\t<rs-slide style=\"position: absolute;\" data-key=\"rs-107\" data-title=\"Slide\" data-anim=\"adpr:false;\" data-in=\"o:0;\" data-out=\"a:false;\">\n\t\t\t\t\t\t\t<img decoding=\"async\" src=\"\/\/domainfirm.it\/wp-content\/plugins\/revslider\/sr6\/assets\/assets\/dummy.png\" alt=\"Domain Premium Hub | DomainFirm.XX\" title=\"Domain Premium Hub | DomainFirm.XX\" width=\"1600\" height=\"607\" class=\"rev-slidebg tp-rs-img rs-lazyload\" data-lazyload=\"\/\/domainfirm.it\/wp-content\/uploads\/revslider\/servizi\/data-analytics-web.jpg\" data-bg=\"p:right top;\" data-parallax=\"off\" data-panzoom=\"d:25000;ss:100;se:110;oe:-3\/-3;\" data-no-retina>\n<!---->\t\t\t\t\t<\/rs-slide>\n\t\t\t\t\t<\/rs-slides>\n\t\t\t\t<\/rs-module>\n\t\t\t\t<script>\n\t\t\t\t\tsetREVStartSize({c: 'rev_slider_51_1',rl:[1240,1024,778,480],el:[550,450,400,400],gw:[1200,1024,778,480],gh:[550,500,400,350],type:'standard',justify:'',layout:'fullwidth',mh:\"0\"});if (window.RS_MODULES!==undefined && window.RS_MODULES.modules!==undefined && window.RS_MODULES.modules[\"revslider511\"]!==undefined) {window.RS_MODULES.modules[\"revslider511\"].once = false;window.revapi51 = undefined;if (window.RS_MODULES.checkMinimal!==undefined) window.RS_MODULES.checkMinimal()}\n\t\t\t\t<\/script>\n\t\t\t<\/rs-module-wrap>\n\t\t\t<!-- END REVOLUTION SLIDER -->\n[vc_empty_space height=&#8221;60px&#8221;]<div class=\"title-wrapper  basel-title-color-primary basel-title-style-simple basel-title-size-large text-left \"><div class=\"liner-continer\"> <span class=\"left-line\"><\/span> <h1 class=\"title\" >PRIVACY POLICY<span class=\"title-separator\"><span><\/span><\/span><\/h1> <span class=\"right-line\"><\/span> <\/div><\/div>[vc_empty_space height=&#8221;30px&#8221;][\/vc_column][\/vc_row][vc_row][vc_column][vc_column_text]Gent.le Navigatore,<\/p>\n<p><a href=\"https:\/\/www.iccdigitalmedia.com\/it\/\" target=\"_blank\" rel=\"noopener\"><strong>ICC S.r.l.<\/strong> <\/a>gestisce questo sito Web.<\/p>\n<p>Con la seguente informativa sul trattamento dei dati personali, resa ai sensi dell\u2019art.13 D.lgs 30 giugno 2003, n.196, Ti si invita a prendere attenta visione delle modalit\u00e0 con cui acquisiamo e trattiamo i Tuoi dati personali e a manifestare a tal proposito il Tuo consenso o il Tuo diniego.<\/p>\n<div class=\"su-spacer\"><\/div>\n<p><span class=\"Testobox\"><strong>Preliminarmente Ti informiamo<\/strong><\/span><br \/>\nche ICC S.r.l. si impegna a trattare tutti i dati nel massimo rispetto della legge e delle modalit\u00e0 indicate nella presente Privacy Policy e comunque, sempre ed unicamente, per fornirTi un servizio accurato.<br \/>\nIl rifiuto al trattamento anche delle poche ed anonime informazioni che il Tuo browser comunica automaticamente ai ns server, non consente tecnicamente l\u2019accesso a questo sito. In tal caso sei cortesemente invitato ad abbandonare al pi\u00f9 presto il presente URL.<\/p>\n<p><strong>Formula di consenso<\/strong><br \/>\nIl navigatore, acquisite le informazioni di cui all\u2019art. 13 D.lgs 30 giugno 2003, n.196, di seguito esplicitato, manifesta il proprio consenso informato al trattamento dei propri dati personali nel rispetto delle finalit\u00e0 indicate nella presente nell\u2019informativa. Manifesta il proprio ASSENSO con una libera e duratura navigazione nel sito.<\/p>\n<p><strong>Formula di dissenso<\/strong><br \/>\nIl navigatore, acquisite le informazioni di cui all\u2019art. 13 D.lgs 30 giugno 2003, n.196, NON conferisce il consenso al trattamento dei propri dati personali nelle modalit\u00e0 indicate nell\u2019informativa. Manifesta il proprio DISSENSO interrompendo la navigazione su questo sito.<\/p>\n<p style=\"text-align: center;\">* * *<\/p>\n<p class=\"verdana11\"><strong>Informativa al trattamento dei dati personali<\/strong><br \/>\nIl Titolare del sito pone estrema attenzione e rispetto alla raccolta e al trattamento dei dati personali dei propri clienti e navigatori. A tal fine, riconosce loro, il diritto ad essere pienamente informati sulla tipologia delle informazioni acquisite e sulle modalit\u00e0 di trattamento delle stesse.<br \/>\nLa ns Privacy Policy si attiene al principio del rigore e della essenzialit\u00e0 e l\u2019uso dei dati personali \u00e8 sempre limitato alla fornitura dei servizi richiesti dal navigatore e alle attivit\u00e0 ad essi connesse.<\/p>\n<p><strong>Titolare del trattamento<\/strong><br \/>\nIl \u201ctitolare\u201d del trattamento \u00e8 ICC S.r.l.<\/p>\n<p class=\"verdana11\"><span class=\"corpoMEDIUMbold\"><strong>Luogo di trattamento dei dati<\/strong><\/span><br \/>\nI dati acquisiti in questo sito Web sono trattati esclusivamente presso la sede legale di ICC S.r.l. o presso gli studi dei professionisti incaricati alle attivit\u00e0 amministrative e contabili e la server farm incaricata.<\/p>\n<p class=\"verdana11\"><strong>Finalit\u00e0 del trattamento<\/strong><br \/>\nIl trattamento dei dati personali forniti spontaneamente dal navigatore, ovvero altrimenti acquisiti potr\u00e0 essere effettuato per:<br \/>\na) invio del materiale informativo richiesto;<br \/>\nb) registrare le richieste di attivazione del servizio;<br \/>\nc) adempiere ad un obbligo di legge;<br \/>\nd) effettuare analisi statistiche per finalit\u00e0 di marketing;<br \/>\ne) rilevare il grado di soddisfazione dei navigatori;<br \/>\nf) comunicare agli utenti richiedenti informazioni relative ai servizi e prodotti.<\/p>\n<p class=\"verdana11\"><strong>Modalit\u00e0 del trattamento<\/strong><br \/>\nIl trattamento dei dati personali per le finalit\u00e0 indicate, avr\u00e0 luogo con modalit\u00e0 sia automatizzate che non automatizzate e nel rispetto delle disposizioni stabilite dalla legge. Il Titolare del sito si riserva la facolt\u00e0 di trasmettere i suddetti dati ai soggetti incaricati, persone fisiche o giuridiche, in Italia o nei Paesi EU, i dati verranno diffusi esclusivamente nei limiti di quanto necessario ai fini della prestazione del servizio espletato.<\/p>\n<p class=\"verdana11\"><span class=\"Testobox\"><strong>Tipologia di dati raccolti<\/strong><\/span><br \/>\nIl navigatore fornisce volontariamente e spontaneamente i propri dati personali ed altre informazioni durante la registrazione on-line, l\u2019invio di moduli d\u2019ordine o con una telefonata, una e-mail, una sessione di live chat, o mediante altro mezzo di comunicazione.<\/p>\n<p class=\"verdana11\"><strong class=\"corpoMEDIUMbold\">Dati di navigazione<\/strong><br \/>\nPer soddisfare esigenze tecniche, statistiche, di web marketing e per adeguare i servizi resi alle effettive esigenze dei clienti\/navigatori i sistemi informatici e i software preposti al funzionamento di questo sito web acquisiscono, nel corso del loro normale esercizio, alcuni dati personali la cui trasmissione \u00e8 implicita nell\u2019uso dei protocolli di comunicazione di Internet.<\/p>\n<p class=\"verdana11\">Si tratta di informazioni che non sono raccolte per essere associate a interessati identificati, ma che per loro stessa natura potrebbero, attraverso elaborazioni ed associazioni con dati detenuti da terzi, permettere di identificare gli utenti.<br \/>\nIn questa categoria di dati rientrano gli indirizzi IP o i nomi a dominio dei computer utilizzati dagli utenti che si connettono al sito, gli indirizzi in notazione URI (Uniform Resource Identifier) delle risorse richieste, l\u2019orario della richiesta, il metodo utilizzato nel sottoporre la richiesta al server, la dimensione del file ottenuto in risposta, il codice numerico indicante lo stato della risposta data dal server (buon fine, errore, ecc.) ed altri parametri relativi al sistema operativo e all\u2019ambiente informatico dell\u2019utente.<\/p>\n<p>Questi dati vengono utilizzati al solo fine di ricavare informazioni statistiche anonime sull\u2019uso del sito e per controllarne il corretto funzionamento.<br \/>\nI dati acquisiti potrebbero essere utilizzati per l\u2019accertamento di responsabilit\u00e0 in caso di ipotetici reati informatici ai danni del sito.<\/p>\n<p><span class=\"Stile16\"><strong>Cookies<\/strong><\/span><br \/>\nIl presente sito pu\u00f2 utilizzare cookies per semplificare l\u2019accesso alle differenti aree del Sito e per permettere ai sistemi di riconiscere un PC di ritorno.<br \/>\nI cookies sono delle micro informazioni (file .txt), che il browser ed il server si scambiano durante la navigazione. Per rendere pi\u00f9 veloce il collegamento, mediante i cookies vengono archiviate nel browser di un utente o sul disco fisso, cos\u00ec da essere immediatamente disponibili per una successiva navigazione. I cookies utilizzati (cookies di sessione) non permettono in alcun modo di individuare l\u2019identit\u00e0 di un navigatore non registrato o di accedere alle informazioni contenute nel suo computer.<br \/>\nIl navigatore \u00e8 libero in qualunque momento di disabilitare dal proprio browser la ricezione di cookies.<\/p>\n<p><span class=\"Stile10\"><strong>Log File<\/strong><\/span><br \/>\nDurante la navigazione il browser di ogni utente comunica al server l\u2019indirizzo IP del navigatore.<br \/>\nSolamente i fornitori di connettivit\u00e0 (Provider) detengono, per legge, la corrispondenza tra IP e generalit\u00e0 del navigatore. Trattasi di informazioni riservate, esclusivamente a disposizione dell\u2019Autorit\u00e0 Giudiziaria richiedente.<\/p>\n<p><span class=\"Testoboxred Stile1\"><span class=\"Testobox\"><strong>Sistemi di Web Measurement<\/strong><\/span><\/span><br \/>\nIl Sito potr\u00e0 utilizzare sistemi di analisi e valutazione del traffico web, finalizzati ad acquisire dati statistici ed anonimi, sui comportamenti dei visitatori all\u2019interno del Sito, nonch\u00e9 sul loro gradimento per lo stesso. A tal fine potranno essere utilizzati anche cookie e IP.<\/p>\n<p><strong><span class=\"Stile18\">Misure di sicurezza <\/span><\/strong><br \/>\nIl Sito ha adottato ogni misura di sicurezza al fine di ridurre ogni rischio di perdita o distruzione, anche accidentale, dei dati acquisiti, di accesso non autorizzato ad opera di terzi o di trattamento non consentito. Il Sito \u00e8 impegnato nello strutturare tutti i propri sistemi nel modo pi\u00f9 sicuro possibile.<\/p>\n<p>I sistemi sono dotati di:<br \/>\n\u2013 Firewall detector e antivirus su tutti i PC delle Lan interne<br \/>\n\u2013 Password di attivazione su tutti i PC con fat NTFS<br \/>\n\u2013 Contabilit\u00e0 e documentazione cartacea custodita in archivi fisici in acciaio<br \/>\n\u2013 Invio dati e documentazione subordinato a PSW e su protpcollo SSL<br \/>\n\u2013 Server con Firewall HD e SW<br \/>\nIl Titolare del Sito consiglia anche ai propri navigatori di dotare il proprio PC di tutti i dispositivi software necessari a garantire una sicura protezione dei propri dati.<\/p>\n<p class=\"verdana11\"><span class=\"Testoboxred\"><span class=\"Testobox\"><strong>Opt-in\/Opt out <\/strong><\/span><\/span><br \/>\nQualora il Titolare del Sito abbia necessit\u00e0 di utilizzare i dati personali di un cliente\/navigatore, per l\u2019invio di materiale pubblicitario e di marketing diretto o di altre comunicazioni commerciali, preventivamente richieder\u00e0 a questi il libero consenso.<br \/>\nTeniamo a precisare che nel caso in cui il Titolare del Sito debba adempiere ad un obbligo di legge o a obblighi contrattuali, la legge prevede che il consenso non sia necessario.<\/p>\n<p><span class=\"Testoboxred\"><span class=\"Testobox\"><strong>Rifiuto di comunicarci i tuoi dati personali<\/strong><\/span><\/span><br \/>\nOltre i dati anonimi rilevati dai ns sistemi durante la navigazione, il visitatore \u00e8 libero di fornire o meno i propri dati personali nei form, nei moduli d\u2019ordine, nelle live chat, agli operatori telefonici. Un eventuale rifiuto a fornirci i tuoi dati personali potrebbe comportare l\u2019assoluta impossibilit\u00e0 di fornirti il servizio richiestoci o di adempiere agli obblighi previsti dalla legge.<\/p>\n<p><span class=\"Stile18\"><strong>Dati forniti volontariamente dall\u2019utente<\/strong><\/span><br \/>\nL\u2019invio spontaneo e volontario di posta elettronica agli indirizzi indicati su questo sito o l\u2019invio di dati personali comporta l\u2019automatica acquisizione degli stessi ad opera dei sistemi di CRM utilizzati dal Sito al fine di consentire una pronta risposta e un supporto alle richieste avanzateci, cos\u00ec come di tutti i dati inseriti nella missiva o nel contenuto della chat.<\/p>\n<p><span class=\"Stile18\"><strong>Il tuo diritto di accesso ai dati <\/strong><\/span><br \/>\nIl navigatore ha sempre il diritto di ottenere dal Titolare del Sito le informazioni relative ai dati personali che lo riguardano e la loro comunicazione in forma intelligibile. Lo stesso ha diritto ad ottenere indicazioni circa l\u2019origine dei tuoi dati personali; la finalit\u00e0 e la modalit\u00e0 del trattamento dei tuoi dati personali; la logica applicata in caso di trattamento effettuato con l\u2019ausilio di strumenti elettronici; gli estremi identificativi del titolare e dei responsabili del trattamento; l\u2019indicazione dei soggetti o delle categorie di soggetti ai quali i dati personali possono essere comunicati o che possono venirne a conoscenza in qualit\u00e0, ad esempio, di responsabili del trattamento.<\/p>\n<p><span class=\"Stile18\"><strong>Hai sempre il diritto di ottenere:<\/strong><\/span><br \/>\na) l\u2019aggiornamento, la rettificazione ovvero, quando vi hai interesse, l\u2019integrazione dei tuoi dati personali;<br \/>\nb) la cancellazione, la trasformazione in forma anonima o il blocco dei tuoi dati personali, trattati in violazione di legge, compresi quelli di cui non \u00e8 necessaria la conservazione in relazione agli scopi per i quali i dati sono stati raccolti o successivamente trattati;<br \/>\nc) l\u2019attestazione che le operazioni di cui alle lettere a) e b) sono state portate a conoscenza, anche per quanto riguarda il loro contenuto, di coloro ai quali i dati sono stati comunicati o diffusi, eccettuato il caso in cui tale adempimento si rivela impossibile o comporta un impiego di mezzi manifestamente sproporzionato rispetto al diritto tutelato.<\/p>\n<p>Hai diritto a opporti in tutto o in parte:<br \/>\na) al trattamento dei dati personali che ti riguardano, ancorch\u00e9 pertinenti allo scopo della raccolta;<br \/>\nb) al trattamento di dati personali che ti riguardano a fini di marketing diretto o per il compimento di ricerche di mercato o di comunicazione commerciale.<br \/>\nPer esercitare i tuoi diritti, nei limiti di legge, invia una mail a: info*giuseppefragola.com alla quale provvederemo a dare opportuno riscontro.<\/p>\n<p><strong>Legge applicabile<\/strong><br \/>\nQuesta Informativa \u00e8 resa in osservanza della legge italiana e in particolare del Reg. UE 2016\/679 e del D.lgs del 30 giugno 2003 n. 196 \u201cCodice in materia di protezione dei dati personali\u201d, per gli articoli ancora in vigore, che disciplinano il trattamento dei dati personali effettuato da chi \u00e8 residente o ha sede in Italia.<\/p>\n<p><span class=\"Stile18\"><strong>Modifiche alle condizioni di trattamento dei dati<\/strong><\/span><br \/>\nQualora il Titolare del Sito decidesse, o fosse obbligata da intervenute modifiche normative, a modificare la politica relativa al trattamento dei dati personali, comunicher\u00e0 prontamente le modifiche apportate, nel presente Sito web.<br \/>\nSe il trattamento delle informazioni personali, fosse differente rispetto a quanto dichiarato al momento dell\u2019acquisizione dei dati, l\u2019utente ricever\u00e0 un\u2019e-mail di avviso, in seguito alla quale potr\u00e0 valutare se confermare o meno il consenso all\u2019utilizzo dei dati che lo riguardano.<\/p>\n<p><strong>Maggiori informazioni<br \/>\n<\/strong>Per ottenere maggiori informazioni in merito alle modalit\u00e0 di trattamento, contattare: privacy*iccdigitalmedia.com (*=@)[\/vc_column_text][\/vc_column][\/vc_row]<\/p>\n<\/div>","protected":false},"excerpt":{"rendered":"<p>[vc_row][vc_column][vc_empty_space height=&#8221;60px&#8221;][vc_empty_space height=&#8221;30px&#8221;][\/vc_column][\/vc_row][vc_row][vc_column][vc_column_text]Gent.le Navigatore, ICC S.r.l. gestisce questo sito Web. Con la seguente informativa sul trattamento dei dati personali, resa<\/p>\n","protected":false},"author":1,"featured_media":0,"parent":0,"menu_order":0,"comment_status":"closed","ping_status":"closed","template":"","meta":{"_acf_changed":false,"footnotes":""},"class_list":["post-32290","page","type-page","status-publish","hentry"],"acf":[],"yoast_head":"<!-- This site is optimized with the Yoast SEO plugin v26.8 - https:\/\/yoast.com\/product\/yoast-seo-wordpress\/ -->\n<title>Privacy Policy | DomainFirm.XX<\/title>\n<meta name=\"robots\" content=\"noindex, nofollow\" \/>\n<meta property=\"og:locale\" content=\"it_IT\" \/>\n<meta property=\"og:type\" content=\"article\" \/>\n<meta property=\"og:title\" content=\"Privacy Policy | DomainFirm.XX\" \/>\n<meta property=\"og:description\" content=\"[vc_row][vc_column][vc_empty_space height=&#8221;60px&#8221;][vc_empty_space height=&#8221;30px&#8221;][\/vc_column][\/vc_row][vc_row][vc_column][vc_column_text]Gent.le Navigatore, ICC S.r.l. gestisce questo sito Web. Con la seguente informativa sul trattamento dei dati personali, resa\" \/>\n<meta property=\"og:url\" content=\"https:\/\/domainfirm.it\/it\/privacy-policy\/\" \/>\n<meta property=\"og:site_name\" content=\"DomainFirm.XX\" \/>\n<meta property=\"article:modified_time\" content=\"2026-03-18T22:05:27+00:00\" \/>\n<meta property=\"og:image\" content=\"https:\/\/domainfirm.it\/wp-content\/uploads\/2025\/05\/brand-intelligence.jpg\" \/>\n\t<meta property=\"og:image:width\" content=\"1300\" \/>\n\t<meta property=\"og:image:height\" content=\"600\" \/>\n\t<meta property=\"og:image:type\" content=\"image\/jpeg\" \/>\n<meta name=\"twitter:card\" content=\"summary_large_image\" \/>\n<meta name=\"twitter:label1\" content=\"Tempo di lettura stimato\" \/>\n\t<meta name=\"twitter:data1\" content=\"10 minuti\" \/>\n<script type=\"application\/ld+json\" class=\"yoast-schema-graph\">{\"@context\":\"https:\/\/schema.org\",\"@graph\":[{\"@type\":\"WebPage\",\"@id\":\"https:\/\/domainfirm.it\/it\/privacy-policy\/\",\"url\":\"https:\/\/domainfirm.it\/it\/privacy-policy\/\",\"name\":\"Privacy Policy | DomainFirm.XX\",\"isPartOf\":{\"@id\":\"https:\/\/domainfirm.it\/it\/#website\"},\"datePublished\":\"2025-05-26T15:41:32+00:00\",\"dateModified\":\"2026-03-18T22:05:27+00:00\",\"breadcrumb\":{\"@id\":\"https:\/\/domainfirm.it\/it\/privacy-policy\/#breadcrumb\"},\"inLanguage\":\"it-IT\",\"potentialAction\":[{\"@type\":\"ReadAction\",\"target\":[\"https:\/\/domainfirm.it\/it\/privacy-policy\/\"]}]},{\"@type\":\"BreadcrumbList\",\"@id\":\"https:\/\/domainfirm.it\/it\/privacy-policy\/#breadcrumb\",\"itemListElement\":[{\"@type\":\"ListItem\",\"position\":1,\"name\":\"Home\",\"item\":\"https:\/\/domainfirm.it\/it\/\"},{\"@type\":\"ListItem\",\"position\":2,\"name\":\"Privacy Policy\"}]},{\"@type\":\"WebSite\",\"@id\":\"https:\/\/domainfirm.it\/it\/#website\",\"url\":\"https:\/\/domainfirm.it\/it\/\",\"name\":\"DomainFirm.XX\",\"description\":\"Premium Domains. Prime Opportunities.\",\"publisher\":{\"@id\":\"https:\/\/domainfirm.it\/it\/#organization\"},\"alternateName\":\"DomainFirm.XX\",\"potentialAction\":[{\"@type\":\"SearchAction\",\"target\":{\"@type\":\"EntryPoint\",\"urlTemplate\":\"https:\/\/domainfirm.it\/it\/?s={search_term_string}\"},\"query-input\":{\"@type\":\"PropertyValueSpecification\",\"valueRequired\":true,\"valueName\":\"search_term_string\"}}],\"inLanguage\":\"it-IT\"},{\"@type\":\"Organization\",\"@id\":\"https:\/\/domainfirm.it\/it\/#organization\",\"name\":\"DomainFirm.XX\",\"alternateName\":\"DomainFirm.XX\",\"url\":\"https:\/\/domainfirm.it\/it\/\",\"logo\":{\"@type\":\"ImageObject\",\"inLanguage\":\"it-IT\",\"@id\":\"https:\/\/domainfirm.it\/it\/#\/schema\/logo\/image\/\",\"url\":\"https:\/\/domainfirm.it\/wp-content\/uploads\/2025\/05\/cropped-favicon.png\",\"contentUrl\":\"https:\/\/domainfirm.it\/wp-content\/uploads\/2025\/05\/cropped-favicon.png\",\"width\":512,\"height\":512,\"caption\":\"DomainFirm.XX\"},\"image\":{\"@id\":\"https:\/\/domainfirm.it\/it\/#\/schema\/logo\/image\/\"}}]}<\/script>\n<!-- \/ Yoast SEO plugin. -->","yoast_head_json":{"title":"Privacy Policy | DomainFirm.XX","robots":{"index":"noindex","follow":"nofollow"},"og_locale":"it_IT","og_type":"article","og_title":"Privacy Policy | DomainFirm.XX","og_description":"[vc_row][vc_column][vc_empty_space height=&#8221;60px&#8221;][vc_empty_space height=&#8221;30px&#8221;][\/vc_column][\/vc_row][vc_row][vc_column][vc_column_text]Gent.le Navigatore, ICC S.r.l. gestisce questo sito Web. Con la seguente informativa sul trattamento dei dati personali, resa","og_url":"https:\/\/domainfirm.it\/it\/privacy-policy\/","og_site_name":"DomainFirm.XX","article_modified_time":"2026-03-18T22:05:27+00:00","og_image":[{"width":1300,"height":600,"url":"https:\/\/domainfirm.it\/wp-content\/uploads\/2025\/05\/brand-intelligence.jpg","type":"image\/jpeg"}],"twitter_card":"summary_large_image","twitter_misc":{"Tempo di lettura stimato":"10 minuti"},"schema":{"@context":"https:\/\/schema.org","@graph":[{"@type":"WebPage","@id":"https:\/\/domainfirm.it\/it\/privacy-policy\/","url":"https:\/\/domainfirm.it\/it\/privacy-policy\/","name":"Privacy Policy | DomainFirm.XX","isPartOf":{"@id":"https:\/\/domainfirm.it\/it\/#website"},"datePublished":"2025-05-26T15:41:32+00:00","dateModified":"2026-03-18T22:05:27+00:00","breadcrumb":{"@id":"https:\/\/domainfirm.it\/it\/privacy-policy\/#breadcrumb"},"inLanguage":"it-IT","potentialAction":[{"@type":"ReadAction","target":["https:\/\/domainfirm.it\/it\/privacy-policy\/"]}]},{"@type":"BreadcrumbList","@id":"https:\/\/domainfirm.it\/it\/privacy-policy\/#breadcrumb","itemListElement":[{"@type":"ListItem","position":1,"name":"Home","item":"https:\/\/domainfirm.it\/it\/"},{"@type":"ListItem","position":2,"name":"Privacy Policy"}]},{"@type":"WebSite","@id":"https:\/\/domainfirm.it\/it\/#website","url":"https:\/\/domainfirm.it\/it\/","name":"DomainFirm.XX","description":"Premium Domains. Prime Opportunities.","publisher":{"@id":"https:\/\/domainfirm.it\/it\/#organization"},"alternateName":"DomainFirm.XX","potentialAction":[{"@type":"SearchAction","target":{"@type":"EntryPoint","urlTemplate":"https:\/\/domainfirm.it\/it\/?s={search_term_string}"},"query-input":{"@type":"PropertyValueSpecification","valueRequired":true,"valueName":"search_term_string"}}],"inLanguage":"it-IT"},{"@type":"Organization","@id":"https:\/\/domainfirm.it\/it\/#organization","name":"DomainFirm.XX","alternateName":"DomainFirm.XX","url":"https:\/\/domainfirm.it\/it\/","logo":{"@type":"ImageObject","inLanguage":"it-IT","@id":"https:\/\/domainfirm.it\/it\/#\/schema\/logo\/image\/","url":"https:\/\/domainfirm.it\/wp-content\/uploads\/2025\/05\/cropped-favicon.png","contentUrl":"https:\/\/domainfirm.it\/wp-content\/uploads\/2025\/05\/cropped-favicon.png","width":512,"height":512,"caption":"DomainFirm.XX"},"image":{"@id":"https:\/\/domainfirm.it\/it\/#\/schema\/logo\/image\/"}}]}},"_links":{"self":[{"href":"https:\/\/domainfirm.it\/it\/wp-json\/wp\/v2\/pages\/32290","targetHints":{"allow":["GET"]}}],"collection":[{"href":"https:\/\/domainfirm.it\/it\/wp-json\/wp\/v2\/pages"}],"about":[{"href":"https:\/\/domainfirm.it\/it\/wp-json\/wp\/v2\/types\/page"}],"author":[{"embeddable":true,"href":"https:\/\/domainfirm.it\/it\/wp-json\/wp\/v2\/users\/1"}],"replies":[{"embeddable":true,"href":"https:\/\/domainfirm.it\/it\/wp-json\/wp\/v2\/comments?post=32290"}],"version-history":[{"count":12,"href":"https:\/\/domainfirm.it\/it\/wp-json\/wp\/v2\/pages\/32290\/revisions"}],"predecessor-version":[{"id":32785,"href":"https:\/\/domainfirm.it\/it\/wp-json\/wp\/v2\/pages\/32290\/revisions\/32785"}],"wp:attachment":[{"href":"https:\/\/domainfirm.it\/it\/wp-json\/wp\/v2\/media?parent=32290"}],"curies":[{"name":"wp","href":"https:\/\/api.w.org\/{rel}","templated":true}]}}