{"id":32964,"date":"2025-07-08T11:18:10","date_gmt":"2025-07-08T09:18:10","guid":{"rendered":"https:\/\/domainfirm.it\/?page_id=32964"},"modified":"2026-03-23T22:27:35","modified_gmt":"2026-03-23T20:27:35","slug":"domain-marketing","status":"publish","type":"page","link":"https:\/\/domainfirm.it\/it\/domain-services\/domain-marketing\/","title":{"rendered":"Domain Marketing"},"content":{"rendered":"<div class=\"wpb-content-wrapper\"><p>[vc_row][vc_column]\n\t\t\t<!-- START Domain REVOLUTION SLIDER 6.7.35 --><p class=\"rs-p-wp-fix\"><\/p>\n\t\t\t<rs-module-wrap id=\"rev_slider_50_1_wrapper\" data-source=\"gallery\" style=\"visibility:hidden;background:#f7f7f7;padding:0;margin:0px auto;margin-top:0;margin-bottom:0;\">\n\t\t\t\t<rs-module id=\"rev_slider_50_1\" style=\"\" data-version=\"6.7.35\">\n\t\t\t\t\t<rs-slides style=\"overflow: hidden; position: absolute;\">\n\t\t\t\t\t\t<rs-slide style=\"position: absolute;\" data-key=\"rs-104\" data-title=\"Slide\" data-anim=\"adpr:false;\" data-in=\"o:0;\" data-out=\"a:false;\">\n\t\t\t\t\t\t\t<img decoding=\"async\" src=\"\/\/domainfirm.it\/wp-content\/plugins\/revslider\/sr6\/assets\/assets\/dummy.png\" alt=\"Domain Premium Hub | DomainFirm.XX\" title=\"Domain Premium Hub | DomainFirm.XX\" width=\"1600\" height=\"607\" class=\"rev-slidebg tp-rs-img rs-lazyload\" data-lazyload=\"\/\/domainfirm.it\/wp-content\/uploads\/revslider\/servizi\/data-analytics-web.jpg\" data-bg=\"p:right top;\" data-parallax=\"off\" data-panzoom=\"d:25000;ss:100;se:110;oe:-3\/-3;\" data-no-retina>\n<!---->\t\t\t\t\t<\/rs-slide>\n\t\t\t\t\t\t<rs-slide style=\"position: absolute;\" data-key=\"rs-105\" data-title=\"Slide\" data-anim=\"adpr:false;\" data-in=\"o:0;\" data-out=\"a:false;\">\n\t\t\t\t\t\t\t<img decoding=\"async\" src=\"\/\/domainfirm.it\/wp-content\/plugins\/revslider\/sr6\/assets\/assets\/dummy.png\" alt=\"Domain Premium Hub | DomainFirm.XX\" title=\"Domain Premium Hub | DomainFirm.XX\" width=\"2560\" height=\"1434\" class=\"rev-slidebg tp-rs-img rs-lazyload\" data-lazyload=\"\/\/domainfirm.it\/wp-content\/uploads\/revslider\/domain\/digital-technology-scaled.jpg\" data-bg=\"p:center top;\" data-parallax=\"off\" data-panzoom=\"d:11000;ss:100;se:110;oe:-3\/-3;\" data-no-retina>\n<!--\n\t\t\t\t\t\t\t--><rs-layer\n\t\t\t\t\t\t\t\tid=\"slider-50-slide-105-layer-30\" \n\t\t\t\t\t\t\t\tclass=\"rs-pxl-1\"\n\t\t\t\t\t\t\t\tdata-type=\"text\"\n\t\t\t\t\t\t\t\tdata-color=\"rgba(255,255,255,0.20)\"\n\t\t\t\t\t\t\t\tdata-rsp_ch=\"on\"\n\t\t\t\t\t\t\t\tdata-xy=\"x:c;xo:7px,7px,7px,0;y:m;yo:69px,69px,69px,-22px;\"\n\t\t\t\t\t\t\t\tdata-text=\"s:220,220,220,210;l:28,28,28,22;\"\n\t\t\t\t\t\t\t\tdata-dim=\"h:51px,51px,51px,auto;\"\n\t\t\t\t\t\t\t\tdata-frame_0=\"y:-50px;\"\n\t\t\t\t\t\t\t\tdata-frame_1=\"e:power2.inOut;st:650;sp:700;sR:650;\"\n\t\t\t\t\t\t\t\tdata-frame_999=\"y:-50px;o:0;e:nothing;st:w;sp:500;sR:7650;\"\n\t\t\t\t\t\t\t\tstyle=\"z-index:6;font-family:'Lora';\"\n\t\t\t\t\t\t\t> \n\t\t\t\t\t\t\t<\/rs-layer><!--\n-->\t\t\t\t\t<\/rs-slide>\n\t\t\t\t\t<\/rs-slides>\n\t\t\t\t<\/rs-module>\n\t\t\t\t<script>\n\t\t\t\t\tsetREVStartSize({c: 'rev_slider_50_1',rl:[1240,1024,778,480],el:[550,450,400,400],gw:[1200,1024,778,480],gh:[550,500,400,350],type:'standard',justify:'',layout:'fullwidth',mh:\"0\"});if (window.RS_MODULES!==undefined && window.RS_MODULES.modules!==undefined && window.RS_MODULES.modules[\"revslider501\"]!==undefined) {window.RS_MODULES.modules[\"revslider501\"].once = false;window.revapi50 = undefined;if (window.RS_MODULES.checkMinimal!==undefined) window.RS_MODULES.checkMinimal()}\n\t\t\t\t<\/script>\n\t\t\t<\/rs-module-wrap>\n\t\t\t<!-- END REVOLUTION SLIDER -->\n[vc_empty_space height=&#8221;70px&#8221;]<div class=\"title-wrapper  basel-title-color-primary basel-title-style-simple basel-title-size-large text-left \"><div class=\"liner-continer\"> <span class=\"left-line\"><\/span> <h1 class=\"title\" >DOMAIN MARKETING<span class=\"title-separator\"><span><\/span><\/span><\/h1> <span class=\"right-line\"><\/span> <\/div><\/div>[vc_empty_space height=&#8221;30px&#8221;][\/vc_column][\/vc_row][vc_row css=&#8221;.vc_custom_1480539419277{margin-bottom: 30px !important;}&#8221;][vc_column width=&#8221;1\/6&#8243;][\/vc_column][vc_column width=&#8221;2\/3&#8243;][vc_column_text css=&#8221;&#8221;]<\/p>\n<h2 style=\"text-align: center;\"><strong>DomainFirm.XX offre ad investitori interessati la possibilit\u00e0 di sfruttare l&#8217;elevato potenziale commerciale dei domini premium, di interccettarne il traffico qualificato, target profilati e <\/strong><strong>leads e di fare brand awareness.<\/strong><\/h2>\n<p>[\/vc_column_text][vc_empty_space height=&#8221;30px&#8221;][\/vc_column][vc_column width=&#8221;1\/6&#8243;][\/vc_column][\/vc_row][vc_row][vc_column width=&#8221;2\/3&#8243;][vc_custom_heading text=&#8221;DOMAIN ACQUISITION&#8221; font_container=&#8221;tag:h1|font_size:26|text_align:left|color:%2317375e&#8221; use_theme_fonts=&#8221;yes&#8221; css=&#8221;&#8221;][vc_column_text css=&#8221;&#8221;]Promuovi il tuo brand con una campagna ADV esclusiva sui Domini Premium del Network <em data-start=\"97\" data-end=\"112\">Domainfirm.XX<\/em>. Offriamo la possibilit\u00e0 di pubblicare banner personalizzati in posizioni strategiche per massimizzare visibilit\u00e0 e lead generation. I contatti acquisiti sono altamente profilati e in target con il segmento di mercato concordato es. Legal, Space, Insurance, Wine, ecc&#8230;<br \/>\nUtilizziamo un <em data-start=\"421\" data-end=\"444\">adserver <\/em>per gestire i banner, monitorare clic, impression e conversioni, integrando link con tracciamento UTM per analisi avanzate. Una soluzione su misura e professionale per aziende, professionisti e investitori che vogliono operare e assumere visibilit\u00e0 in segmenti di mercato in elevata espansione.[\/vc_column_text][\/vc_column][vc_column width=&#8221;1\/3&#8243;][vc_empty_space height=&#8221;80px&#8221;][vc_btn title=&#8221;<strong>CONTATTACI<\/strong>&#8221; style=&#8221;custom&#8221; custom_background=&#8221;#1a2843&#8243; custom_text=&#8221;#ffffff&#8221; align=&#8221;center&#8221; i_align=&#8221;right&#8221; i_icon_fontawesome=&#8221;fas fa-chevron-circle-right&#8221; css=&#8221;.vc_custom_1751972665568{margin-bottom: 0px !important;}&#8221; add_icon=&#8221;true&#8221; link=&#8221;url:https%3A%2F%2Fwww.domainfirm.it%2Fit%2Fcontact-domain%2F|title:CONTATTACI&#8221;][\/vc_column][\/vc_row][vc_row][vc_column][vc_separator][\/vc_column][\/vc_row][vc_row][vc_column width=&#8221;2\/3&#8243;][vc_custom_heading text=&#8221;DOMAIN LEASING&#8221; font_container=&#8221;tag:h1|font_size:26|text_align:left|color:%2317375e&#8221; use_theme_fonts=&#8221;yes&#8221; css=&#8221;&#8221;][vc_column_text css=&#8221;&#8221;]Promuovi il tuo brand con una campagna ADV esclusiva sui Domini Premium del Network <em data-start=\"97\" data-end=\"112\">Domainfirm.XX<\/em>. Offriamo la possibilit\u00e0 di pubblicare banner personalizzati in posizioni strategiche per massimizzare visibilit\u00e0 e lead generation. I contatti acquisiti sono altamente profilati e in target con il segmento di mercato concordato es. Legal, Space, Insurance, Wine, ecc&#8230;<br \/>\nUtilizziamo un <em data-start=\"421\" data-end=\"444\">adserver <\/em>per gestire i banner, monitorare clic, impression e conversioni, integrando link con tracciamento UTM per analisi avanzate. Una soluzione su misura e professionale per aziende, professionisti e investitori che vogliono operare e assumere visibilit\u00e0 in segmenti di mercato in elevata espansione.[\/vc_column_text][\/vc_column][vc_column width=&#8221;1\/3&#8243;][vc_empty_space height=&#8221;80px&#8221;][vc_btn title=&#8221;<strong>CONTATTACI<\/strong>&#8221; style=&#8221;custom&#8221; custom_background=&#8221;#1a2843&#8243; custom_text=&#8221;#ffffff&#8221; align=&#8221;center&#8221; i_align=&#8221;right&#8221; i_icon_fontawesome=&#8221;fas fa-chevron-circle-right&#8221; css=&#8221;.vc_custom_1751972665568{margin-bottom: 0px !important;}&#8221; add_icon=&#8221;true&#8221; link=&#8221;url:https%3A%2F%2Fwww.domainfirm.it%2Fit%2Fcontact-domain%2F|title:CONTATTACI&#8221;][\/vc_column][\/vc_row][vc_row][vc_column][vc_separator][\/vc_column][\/vc_row][vc_row][vc_column width=&#8221;2\/3&#8243;][vc_custom_heading text=&#8221;DOMAIN MARKETING&#8221; font_container=&#8221;tag:h1|font_size:26|text_align:left|color:%2317375e&#8221; use_theme_fonts=&#8221;yes&#8221; css=&#8221;&#8221;][vc_column_text css=&#8221;&#8221;]Promuovi il tuo brand con una campagna ADV esclusiva sui Domini Premium del Network <em data-start=\"97\" data-end=\"112\">Domainfirm.XX<\/em>. Offriamo la possibilit\u00e0 di pubblicare banner personalizzati in posizioni strategiche per massimizzare visibilit\u00e0 e lead generation. I contatti acquisiti sono altamente profilati e in target con il segmento di mercato concordato es. Legal, Space, Insurance, Wine, ecc&#8230;<br \/>\nUtilizziamo un <em data-start=\"421\" data-end=\"444\">adserver <\/em>per gestire i banner, monitorare clic, impression e conversioni, integrando link con tracciamento UTM per analisi avanzate. Una soluzione su misura e professionale per aziende, professionisti e investitori che vogliono operare e assumere visibilit\u00e0 in segmenti di mercato in elevata espansione.[\/vc_column_text][\/vc_column][vc_column width=&#8221;1\/3&#8243;][vc_empty_space height=&#8221;80px&#8221;][vc_btn title=&#8221;<strong>CONTATTACI<\/strong>&#8221; style=&#8221;custom&#8221; custom_background=&#8221;#1a2843&#8243; custom_text=&#8221;#ffffff&#8221; align=&#8221;center&#8221; i_align=&#8221;right&#8221; i_icon_fontawesome=&#8221;fas fa-chevron-circle-right&#8221; css=&#8221;.vc_custom_1751972665568{margin-bottom: 0px !important;}&#8221; add_icon=&#8221;true&#8221; link=&#8221;url:https%3A%2F%2Fwww.domainfirm.it%2Fit%2Fcontact-domain%2F|title:CONTATTACI&#8221;][\/vc_column][\/vc_row][vc_row][vc_column][vc_separator][\/vc_column][\/vc_row][vc_row][vc_column width=&#8221;2\/3&#8243;][vc_custom_heading text=&#8221;DOMAIN LINK BUILDING&#8221; font_container=&#8221;tag:h1|font_size:26|text_align:left|color:%2317375e&#8221; use_theme_fonts=&#8221;yes&#8221;][vc_column_text css=&#8221;&#8221;]<\/p>\n<p data-start=\"59\" data-end=\"444\">DomainFirm.XX offre un servizio di <em data-start=\"104\" data-end=\"119\">link building<\/em> attraverso il proprio network di siti tematici, altamente profilati e ottimizzati per il posizionamento organico. Grazie a un portafoglio di oltre 1000 Domini Premium e VID selezionati in settori strategici come AI, diritto, turismo, assicurazioni, vino e innovazione digitale, garantiamo backlink autorevoli, contestualizzati e SEO-friendly.<\/p>\n<p data-start=\"446\" data-end=\"765\">Ogni link e il breve contenuto concordato \u00e8 pubblicato su siti gi\u00e0 indicizzati e monitorati tramite Google Search Console e GA4. Il nostro approccio \u00e8 100% white-hat: puntiamo a potenziare la domain authority del tuo sito migliorandone visibilit\u00e0, trust e ranking.<\/p>\n<p data-start=\"767\" data-end=\"994\" data-is-last-node=\"\" data-is-only-node=\"\">Un servizio ideale per aziende, professionisti e agenzie che vogliono rafforzare la propria presenza organica sfruttando un ecosistema digitale consolidato, credibile e in continua espansione. Contattaci per un piano su misura.<\/p>\n<p>[\/vc_column_text][\/vc_column][vc_column width=&#8221;1\/3&#8243;][vc_empty_space height=&#8221;80px&#8221;][vc_btn title=&#8221;<strong>CONTATTACI<\/strong>&#8221; style=&#8221;custom&#8221; custom_background=&#8221;#1a2843&#8243; custom_text=&#8221;#ffffff&#8221; align=&#8221;center&#8221; i_align=&#8221;right&#8221; i_icon_fontawesome=&#8221;fas fa-chevron-circle-right&#8221; css=&#8221;.vc_custom_1751972665568{margin-bottom: 0px !important;}&#8221; add_icon=&#8221;true&#8221; link=&#8221;url:https%3A%2F%2Fwww.domainfirm.it%2Fit%2Fcontact-domain%2F|title:CONTATTACI&#8221;][\/vc_column][\/vc_row][vc_row][vc_column][vc_separator][\/vc_column][\/vc_row][vc_row][vc_column width=&#8221;2\/3&#8243;][vc_custom_heading text=&#8221;Lead Generation&#8221; font_container=&#8221;tag:h1|font_size:26|text_align:left|color:%2317375e&#8221; use_theme_fonts=&#8221;yes&#8221; css=&#8221;&#8221;][vc_column_text css=&#8221;&#8221;]<\/p>\n<p data-start=\"94\" data-end=\"438\">Il servizio Leads di <strong data-start=\"115\" data-end=\"132\">DomainFirm.XX<\/strong> \u00e8 progettato per trasformare il traffico dei domini in opportunit\u00e0 concrete di business per aziende e professionisti. Grazie a un network di domini verticali e altamente mirati, DomainFirm.XX intercetta utenti gi\u00e0 interessati a specifici prodotti o servizi, convogliandoli verso inserzionisti qualificati.<\/p>\n<p data-start=\"440\" data-end=\"820\">Il sistema \u00e8 strutturato per garantire qualit\u00e0 e conformit\u00e0: ogni richiesta viene inviata direttamente all\u2019azienda partner, senza intermediazioni invasive, assicurando un flusso trasparente e conforme alle normative in materia di protezione dei dati. Questo approccio consente di generare contatti realmente interessati, riducendo dispersioni e aumentando il tasso di conversione.<\/p>\n<p data-start=\"822\" data-end=\"1152\">Per gli inserzionisti, significa accedere a un canale di acquisizione altamente profilato, basato su keyword strategiche e domini premium. Per il network DomainFirm.XX, rappresenta un modello scalabile di valorizzazione degli asset digitali, in grado di trasformare ogni dominio in un punto di accesso a servizi e richieste reali.<\/p>\n<p data-start=\"1154\" data-end=\"1394\" data-is-last-node=\"\" data-is-only-node=\"\">Il risultato \u00e8 un ecosistema efficiente in cui domanda e offerta si incontrano in modo diretto, misurabile e orientato alla performance. Un approccio moderno alla lead generation, costruito su infrastrutture semantiche e visione strategica.<\/p>\n<p>[\/vc_column_text][\/vc_column][vc_column width=&#8221;1\/3&#8243;][vc_empty_space height=&#8221;80px&#8221;][vc_btn title=&#8221;<strong>CONTATTACI<\/strong>&#8221; style=&#8221;custom&#8221; custom_background=&#8221;#1a2843&#8243; custom_text=&#8221;#ffffff&#8221; align=&#8221;center&#8221; i_align=&#8221;right&#8221; i_icon_fontawesome=&#8221;fas fa-chevron-circle-right&#8221; css=&#8221;.vc_custom_1751972665568{margin-bottom: 0px !important;}&#8221; add_icon=&#8221;true&#8221; link=&#8221;url:https%3A%2F%2Fwww.domainfirm.it%2Fit%2Fcontact-domain%2F|title:CONTATTACI&#8221;][\/vc_column][\/vc_row][vc_row][vc_column][vc_separator][\/vc_column][\/vc_row][vc_row][vc_column][vc_empty_space height=&#8221;80px&#8221;][\/vc_column][\/vc_row][vc_row full_width=&#8221;stretch_row&#8221; content_placement=&#8221;middle&#8221; css=&#8221;.vc_custom_1708884577717{margin-top: 10px !important;margin-bottom: 0px !important;padding-top: 35px !important;padding-bottom: 35px !important;background: #1f497d url(http:\/\/dummy.xtemos.com\/basel\/vers\/wp-content\/uploads\/sites\/3\/2017\/01\/info-call-1.png?id=602) !important;background-position: 0 0 !important;background-repeat: no-repeat !important;}&#8221;][vc_column basel_color_scheme=&#8221;light&#8221; css=&#8221;.vc_custom_1481460303734{padding-top: 20px !important;padding-bottom: 20px !important;}&#8221;][vc_column_text css=&#8221;.vc_custom_1748797909157{margin-bottom: 0px !important;}&#8221;]<\/p>\n<h1 style=\"font-size: 34px; font-weight: 600; color: white; margin-bottom: 0px; line-height: 48px; text-align: center;\"><strong>&#8220;Un Dominio \u00e8 come un diamante grezzo.<br \/>\nValorizzarlo \u00e8 una scelta strategica.&#8221; .XX <\/strong><\/h1>\n<p>[\/vc_column_text][\/vc_column][\/vc_row]<\/p>\n<\/div>","protected":false},"excerpt":{"rendered":"<p>[vc_row][vc_column][vc_empty_space height=&#8221;70px&#8221;][vc_empty_space height=&#8221;30px&#8221;][\/vc_column][\/vc_row][vc_row css=&#8221;.vc_custom_1480539419277{margin-bottom: 30px !important;}&#8221;][vc_column width=&#8221;1\/6&#8243;][\/vc_column][vc_column width=&#8221;2\/3&#8243;][vc_column_text css=&#8221;&#8221;] DomainFirm.XX offre ad investitori interessati la possibilit\u00e0 di sfruttare l&#8217;elevato potenziale<\/p>\n","protected":false},"author":1,"featured_media":0,"parent":32168,"menu_order":0,"comment_status":"closed","ping_status":"closed","template":"","meta":{"_acf_changed":false,"footnotes":""},"class_list":["post-32964","page","type-page","status-publish","hentry"],"acf":[],"yoast_head":"<!-- This site is optimized with the Yoast SEO plugin v26.8 - https:\/\/yoast.com\/product\/yoast-seo-wordpress\/ -->\n<title>| DomainFirm.XX<\/title>\n<meta name=\"description\" content=\"I nomi a Dominio sono uno degli asset digitali pi\u00f9 importanti e delicati per le aziende che scelgono di fare business online.\" \/>\n<meta name=\"robots\" content=\"index, follow, max-snippet:-1, max-image-preview:large, max-video-preview:-1\" \/>\n<link rel=\"canonical\" href=\"https:\/\/domainfirm.it\/it\/domain-services\/domain-marketing\/\" \/>\n<meta property=\"og:locale\" content=\"it_IT\" \/>\n<meta property=\"og:type\" content=\"article\" \/>\n<meta property=\"og:title\" content=\"| DomainFirm.XX\" \/>\n<meta property=\"og:description\" content=\"I nomi a Dominio sono uno degli asset digitali pi\u00f9 importanti e delicati per le aziende che scelgono di fare business online.\" \/>\n<meta property=\"og:url\" content=\"https:\/\/domainfirm.it\/it\/domain-services\/domain-marketing\/\" \/>\n<meta property=\"og:site_name\" content=\"DomainFirm.XX\" \/>\n<meta property=\"article:modified_time\" content=\"2026-03-23T20:27:35+00:00\" \/>\n<meta property=\"og:image\" content=\"https:\/\/domainfirm.it\/wp-content\/uploads\/2025\/05\/brand-intelligence.jpg\" \/>\n\t<meta property=\"og:image:width\" content=\"1300\" \/>\n\t<meta property=\"og:image:height\" content=\"600\" \/>\n\t<meta property=\"og:image:type\" content=\"image\/jpeg\" \/>\n<meta name=\"twitter:card\" content=\"summary_large_image\" \/>\n<meta name=\"twitter:label1\" content=\"Tempo di lettura stimato\" \/>\n\t<meta name=\"twitter:data1\" content=\"4 minuti\" \/>\n<script type=\"application\/ld+json\" class=\"yoast-schema-graph\">{\"@context\":\"https:\/\/schema.org\",\"@graph\":[{\"@type\":\"WebPage\",\"@id\":\"https:\/\/domainfirm.it\/it\/domain-services\/domain-marketing\/\",\"url\":\"https:\/\/domainfirm.it\/it\/domain-services\/domain-marketing\/\",\"name\":\"| DomainFirm.XX\",\"isPartOf\":{\"@id\":\"https:\/\/domainfirm.it\/it\/#website\"},\"datePublished\":\"2025-07-08T09:18:10+00:00\",\"dateModified\":\"2026-03-23T20:27:35+00:00\",\"description\":\"I nomi a Dominio sono uno degli asset digitali pi\u00f9 importanti e delicati per le aziende che scelgono di fare business online.\",\"breadcrumb\":{\"@id\":\"https:\/\/domainfirm.it\/it\/domain-services\/domain-marketing\/#breadcrumb\"},\"inLanguage\":\"it-IT\",\"potentialAction\":[{\"@type\":\"ReadAction\",\"target\":[\"https:\/\/domainfirm.it\/it\/domain-services\/domain-marketing\/\"]}]},{\"@type\":\"BreadcrumbList\",\"@id\":\"https:\/\/domainfirm.it\/it\/domain-services\/domain-marketing\/#breadcrumb\",\"itemListElement\":[{\"@type\":\"ListItem\",\"position\":1,\"name\":\"Home\",\"item\":\"https:\/\/domainfirm.it\/it\/\"},{\"@type\":\"ListItem\",\"position\":2,\"name\":\"Domain Services\",\"item\":\"https:\/\/domainfirm.it\/it\/domain-services\/\"},{\"@type\":\"ListItem\",\"position\":3,\"name\":\"Domain Marketing\"}]},{\"@type\":\"WebSite\",\"@id\":\"https:\/\/domainfirm.it\/it\/#website\",\"url\":\"https:\/\/domainfirm.it\/it\/\",\"name\":\"DomainFirm.XX\",\"description\":\"Premium Domains. Prime Opportunities.\",\"publisher\":{\"@id\":\"https:\/\/domainfirm.it\/it\/#organization\"},\"alternateName\":\"DomainFirm.XX\",\"potentialAction\":[{\"@type\":\"SearchAction\",\"target\":{\"@type\":\"EntryPoint\",\"urlTemplate\":\"https:\/\/domainfirm.it\/it\/?s={search_term_string}\"},\"query-input\":{\"@type\":\"PropertyValueSpecification\",\"valueRequired\":true,\"valueName\":\"search_term_string\"}}],\"inLanguage\":\"it-IT\"},{\"@type\":\"Organization\",\"@id\":\"https:\/\/domainfirm.it\/it\/#organization\",\"name\":\"DomainFirm.XX\",\"alternateName\":\"DomainFirm.XX\",\"url\":\"https:\/\/domainfirm.it\/it\/\",\"logo\":{\"@type\":\"ImageObject\",\"inLanguage\":\"it-IT\",\"@id\":\"https:\/\/domainfirm.it\/it\/#\/schema\/logo\/image\/\",\"url\":\"https:\/\/domainfirm.it\/wp-content\/uploads\/2025\/05\/cropped-favicon.png\",\"contentUrl\":\"https:\/\/domainfirm.it\/wp-content\/uploads\/2025\/05\/cropped-favicon.png\",\"width\":512,\"height\":512,\"caption\":\"DomainFirm.XX\"},\"image\":{\"@id\":\"https:\/\/domainfirm.it\/it\/#\/schema\/logo\/image\/\"}}]}<\/script>\n<!-- \/ Yoast SEO plugin. -->","yoast_head_json":{"title":"| DomainFirm.XX","description":"I nomi a Dominio sono uno degli asset digitali pi\u00f9 importanti e delicati per le aziende che scelgono di fare business online.","robots":{"index":"index","follow":"follow","max-snippet":"max-snippet:-1","max-image-preview":"max-image-preview:large","max-video-preview":"max-video-preview:-1"},"canonical":"https:\/\/domainfirm.it\/it\/domain-services\/domain-marketing\/","og_locale":"it_IT","og_type":"article","og_title":"| DomainFirm.XX","og_description":"I nomi a Dominio sono uno degli asset digitali pi\u00f9 importanti e delicati per le aziende che scelgono di fare business online.","og_url":"https:\/\/domainfirm.it\/it\/domain-services\/domain-marketing\/","og_site_name":"DomainFirm.XX","article_modified_time":"2026-03-23T20:27:35+00:00","og_image":[{"width":1300,"height":600,"url":"https:\/\/domainfirm.it\/wp-content\/uploads\/2025\/05\/brand-intelligence.jpg","type":"image\/jpeg"}],"twitter_card":"summary_large_image","twitter_misc":{"Tempo di lettura stimato":"4 minuti"},"schema":{"@context":"https:\/\/schema.org","@graph":[{"@type":"WebPage","@id":"https:\/\/domainfirm.it\/it\/domain-services\/domain-marketing\/","url":"https:\/\/domainfirm.it\/it\/domain-services\/domain-marketing\/","name":"| DomainFirm.XX","isPartOf":{"@id":"https:\/\/domainfirm.it\/it\/#website"},"datePublished":"2025-07-08T09:18:10+00:00","dateModified":"2026-03-23T20:27:35+00:00","description":"I nomi a Dominio sono uno degli asset digitali pi\u00f9 importanti e delicati per le aziende che scelgono di fare business online.","breadcrumb":{"@id":"https:\/\/domainfirm.it\/it\/domain-services\/domain-marketing\/#breadcrumb"},"inLanguage":"it-IT","potentialAction":[{"@type":"ReadAction","target":["https:\/\/domainfirm.it\/it\/domain-services\/domain-marketing\/"]}]},{"@type":"BreadcrumbList","@id":"https:\/\/domainfirm.it\/it\/domain-services\/domain-marketing\/#breadcrumb","itemListElement":[{"@type":"ListItem","position":1,"name":"Home","item":"https:\/\/domainfirm.it\/it\/"},{"@type":"ListItem","position":2,"name":"Domain Services","item":"https:\/\/domainfirm.it\/it\/domain-services\/"},{"@type":"ListItem","position":3,"name":"Domain Marketing"}]},{"@type":"WebSite","@id":"https:\/\/domainfirm.it\/it\/#website","url":"https:\/\/domainfirm.it\/it\/","name":"DomainFirm.XX","description":"Premium Domains. Prime Opportunities.","publisher":{"@id":"https:\/\/domainfirm.it\/it\/#organization"},"alternateName":"DomainFirm.XX","potentialAction":[{"@type":"SearchAction","target":{"@type":"EntryPoint","urlTemplate":"https:\/\/domainfirm.it\/it\/?s={search_term_string}"},"query-input":{"@type":"PropertyValueSpecification","valueRequired":true,"valueName":"search_term_string"}}],"inLanguage":"it-IT"},{"@type":"Organization","@id":"https:\/\/domainfirm.it\/it\/#organization","name":"DomainFirm.XX","alternateName":"DomainFirm.XX","url":"https:\/\/domainfirm.it\/it\/","logo":{"@type":"ImageObject","inLanguage":"it-IT","@id":"https:\/\/domainfirm.it\/it\/#\/schema\/logo\/image\/","url":"https:\/\/domainfirm.it\/wp-content\/uploads\/2025\/05\/cropped-favicon.png","contentUrl":"https:\/\/domainfirm.it\/wp-content\/uploads\/2025\/05\/cropped-favicon.png","width":512,"height":512,"caption":"DomainFirm.XX"},"image":{"@id":"https:\/\/domainfirm.it\/it\/#\/schema\/logo\/image\/"}}]}},"_links":{"self":[{"href":"https:\/\/domainfirm.it\/it\/wp-json\/wp\/v2\/pages\/32964","targetHints":{"allow":["GET"]}}],"collection":[{"href":"https:\/\/domainfirm.it\/it\/wp-json\/wp\/v2\/pages"}],"about":[{"href":"https:\/\/domainfirm.it\/it\/wp-json\/wp\/v2\/types\/page"}],"author":[{"embeddable":true,"href":"https:\/\/domainfirm.it\/it\/wp-json\/wp\/v2\/users\/1"}],"replies":[{"embeddable":true,"href":"https:\/\/domainfirm.it\/it\/wp-json\/wp\/v2\/comments?post=32964"}],"version-history":[{"count":18,"href":"https:\/\/domainfirm.it\/it\/wp-json\/wp\/v2\/pages\/32964\/revisions"}],"predecessor-version":[{"id":34550,"href":"https:\/\/domainfirm.it\/it\/wp-json\/wp\/v2\/pages\/32964\/revisions\/34550"}],"up":[{"embeddable":true,"href":"https:\/\/domainfirm.it\/it\/wp-json\/wp\/v2\/pages\/32168"}],"wp:attachment":[{"href":"https:\/\/domainfirm.it\/it\/wp-json\/wp\/v2\/media?parent=32964"}],"curies":[{"name":"wp","href":"https:\/\/api.w.org\/{rel}","templated":true}]}}