{"id":33630,"date":"2025-11-22T23:27:21","date_gmt":"2025-11-22T21:27:21","guid":{"rendered":"https:\/\/domainfirm.it\/?page_id=33630"},"modified":"2026-03-11T00:36:03","modified_gmt":"2026-03-10T22:36:03","slug":"domain-economy","status":"publish","type":"page","link":"https:\/\/domainfirm.it\/it\/domain-economy\/","title":{"rendered":"Domain Economy"},"content":{"rendered":"<div class=\"wpb-content-wrapper\"><p>[vc_row][vc_column]\n\t\t\t<!-- START Company REVOLUTION SLIDER 6.7.35 --><p class=\"rs-p-wp-fix\"><\/p>\n\t\t\t<rs-module-wrap id=\"rev_slider_46_1_wrapper\" data-source=\"gallery\" style=\"visibility:hidden;background:#f7f7f7;padding:0;margin:0px auto;margin-top:0;margin-bottom:0;\">\n\t\t\t\t<rs-module id=\"rev_slider_46_1\" style=\"\" data-version=\"6.7.35\">\n\t\t\t\t\t<rs-slides style=\"overflow: hidden; position: absolute;\">\n\t\t\t\t\t\t<rs-slide style=\"position: absolute;\" data-key=\"rs-97\" data-title=\"Slide\" data-anim=\"adpr:false;\" data-in=\"o:0;\" data-out=\"a:false;\">\n\t\t\t\t\t\t\t<img decoding=\"async\" src=\"\/\/domainfirm.it\/wp-content\/plugins\/revslider\/sr6\/assets\/assets\/dummy.png\" alt=\"Domain Premium Hub | DomainFirm.XX\" title=\"Domain Premium Hub | DomainFirm.XX\" width=\"1300\" height=\"600\" class=\"rev-slidebg tp-rs-img rs-lazyload\" data-lazyload=\"\/\/domainfirm.it\/wp-content\/uploads\/revslider\/company\/brand-intelligence.jpg\" data-bg=\"p:right top;\" data-parallax=\"off\" data-panzoom=\"d:25000;ss:100;se:110;oe:-3\/-3;\" data-no-retina>\n<!---->\t\t\t\t\t<\/rs-slide>\n\t\t\t\t\t\t<rs-slide style=\"position: absolute;\" data-key=\"rs-98\" data-title=\"Slide\" data-anim=\"adpr:false;\" data-in=\"o:0;\" data-out=\"a:false;\">\n\t\t\t\t\t\t\t<img decoding=\"async\" src=\"\/\/domainfirm.it\/wp-content\/plugins\/revslider\/sr6\/assets\/assets\/dummy.png\" alt=\"Domain Premium Hub | DomainFirm.XX\" title=\"Domain Premium Hub | DomainFirm.XX\" width=\"1600\" height=\"607\" class=\"rev-slidebg tp-rs-img rs-lazyload\" data-lazyload=\"\/\/domainfirm.it\/wp-content\/uploads\/2025\/05\/data-analytics-web.jpg\" data-bg=\"p:right top;\" data-parallax=\"off\" data-panzoom=\"d:25000;ss:100;se:110;oe:-3\/-3;\" data-no-retina>\n<!---->\t\t\t\t\t<\/rs-slide>\n\t\t\t\t\t<\/rs-slides>\n\t\t\t\t<\/rs-module>\n\t\t\t\t<script>\n\t\t\t\t\tsetREVStartSize({c: 'rev_slider_46_1',rl:[1240,1024,778,480],el:[550,550,600,350],gw:[1200,1024,778,480],gh:[550,500,400,350],type:'standard',justify:'',layout:'fullwidth',mh:\"0\"});if (window.RS_MODULES!==undefined && window.RS_MODULES.modules!==undefined && window.RS_MODULES.modules[\"revslider461\"]!==undefined) {window.RS_MODULES.modules[\"revslider461\"].once = false;window.revapi46 = undefined;if (window.RS_MODULES.checkMinimal!==undefined) window.RS_MODULES.checkMinimal()}\n\t\t\t\t<\/script>\n\t\t\t<\/rs-module-wrap>\n\t\t\t<!-- END REVOLUTION SLIDER -->\n[vc_empty_space height=&#8221;70px&#8221;]<div class=\"title-wrapper  basel-title-color-primary basel-title-style-simple basel-title-size-large text-left \"><div class=\"liner-continer\"> <span class=\"left-line\"><\/span> <h1 class=\"title\" >DOMAIN ECONOMY<span class=\"title-separator\"><span><\/span><\/span><\/h1> <span class=\"right-line\"><\/span> <\/div><\/div>[vc_empty_space height=&#8221;30px&#8221;][\/vc_column][\/vc_row][vc_row][vc_column width=&#8221;2\/3&#8243;][vc_column_text css=&#8221;&#8221;]<\/p>\n<p data-start=\"571\" data-end=\"1115\">La <strong data-start=\"574\" data-end=\"592\">Domain Economy<\/strong> \u00e8 il nuovo fronte dell\u2019economia digitale: un settore in cui i nomi a dominio non sono pi\u00f9 semplici indirizzi web, ma veri e propri asset strategici capaci di generare valore economico, opportunit\u00e0 di mercato e vantaggi competitivi. DomainFirm.XX, con la sua expertise nella gestione, valorizzazione e tutela dei domini Premium, dedica questa sezione all\u2019analisi dell\u2019intero ecosistema: trend, dinamiche, investimenti e nuove forme di monetizzazione che stanno ridefinendo il ruolo dei domini nel panorama digitale globale.<\/p>\n<p data-start=\"1117\" data-end=\"1630\">Oggi, in un mondo dominato da aziende data-driven e identit\u00e0 digitali sempre pi\u00f9 complesse, i domini rappresentano uno degli indicatori pi\u00f9 immediati di presenza online, autorevolezza e posizionamento. Brand, startup, aziende consolidate e progetti innovativi competono per assicurarsi nomi capaci di riflettere il proprio mercato, la propria visione e il proprio vantaggio competitivo. La Domain Economy nasce proprio qui: nella comprensione del dominio come <strong data-start=\"1577\" data-end=\"1595\">bene economico<\/strong>, capace di generare ROI tangibile.<\/p>\n<p data-start=\"1632\" data-end=\"2194\">In questa sezione DomainFirm.XX analizza i principali driver che influenzano il valore di un dominio, tra cui la rilevanza delle keyword, la brevit\u00e0 del nome, l\u2019estensione, il potenziale di branding, la storia del dominio, l\u2019evoluzione del settore di riferimento e la domanda effettiva sul mercato globale. A ci\u00f2 si aggiungono nuove dinamiche digitali: l\u2019ascesa dell\u2019AI, lo sviluppo di ecosistemi Web3, la verticalizzazione dei marketplace, l\u2019importanza crescente di trust e reputazione. Tutti elementi che incidono direttamente sul valore di un dominio Premium.<\/p>\n<p>[\/vc_column_text][\/vc_column][vc_column width=&#8221;1\/3&#8243;][vc_single_image image=&#8221;32870&#8243; img_size=&#8221;large&#8221; alignment=&#8221;center&#8221;][\/vc_column][\/vc_row][vc_row][vc_column][vc_empty_space height=&#8221;80px&#8221;][\/vc_column][\/vc_row][vc_row row_reverse_mobile=&#8221;1&#8243; row_reverse_tablet=&#8221;1&#8243;][vc_column width=&#8221;1\/3&#8243;][vc_empty_space height=&#8221;10px&#8221;][vc_single_image image=&#8221;32286&#8243; img_size=&#8221;300&#215;300&#8243; alignment=&#8221;center&#8221; onclick=&#8221;custom_link&#8221; img_link_target=&#8221;_blank&#8221; link=&#8221;https:\/\/www.iccdigitalmedia.com&#8221;][\/vc_column][vc_column width=&#8221;2\/3&#8243;][vc_column_text css=&#8221;&#8221;]<\/p>\n<p data-start=\"2196\" data-end=\"2611\">La <strong>Domain Economy<\/strong> \u00e8 anche un\u2019economia di opportunit\u00e0: dalla compravendita professionale (domain trading) ai modelli di sviluppo e valorizzazione tramite landing ottimizzate, dal licensing all\u2019affitto dei domini, fino alle forme pi\u00f9 evolute di monetizzazione basate su traffico, advertising mirato e integrazione tecnologica. DomainFirm.XX esplora questi scenari con un approccio pragmatico e orientato ai risultati.<\/p>\n<p data-start=\"2613\" data-end=\"3005\">Domain Economy significa anche <strong data-start=\"2644\" data-end=\"2658\">protezione<\/strong>, perch\u00e9 pi\u00f9 un dominio acquisisce valore, pi\u00f9 diventa necessario tutelarlo da rischi come cybersquatting, typosquatting, abusivit\u00e0 e appropriazioni indebite. Per questo la sezione dialoga direttamente con le aree DomainLaw e Domain Management, creando una visione completa che va dall\u2019acquisizione alla governance legale e strategica degli asset.<\/p>\n<p data-start=\"3007\" data-end=\"3258\">Grazie alla sua esperienza, DomainFirm.XX offre una lettura chiara, aggiornata e professionale della Domain Economy, aiutando imprese e professionisti a orientarsi, investire e valorizzare i propri domini con consapevolezza e visione di lungo periodo.<\/p>\n<p>[\/vc_column_text][vc_empty_space height=&#8221;50px&#8221;][\/vc_column][\/vc_row][vc_row full_width=&#8221;stretch_row&#8221; content_placement=&#8221;middle&#8221; css=&#8221;.vc_custom_1639778702297{margin-top: 10px !important;margin-bottom: 0px !important;padding-top: 25px !important;padding-bottom: 25px !important;background: #1f497d url(http:\/\/dummy.xtemos.com\/basel\/vers\/wp-content\/uploads\/sites\/3\/2017\/01\/info-call-1.png?id=602) !important;background-position: 0 0 !important;background-repeat: no-repeat !important;}&#8221;][vc_column width=&#8221;2\/3&#8243; basel_color_scheme=&#8221;light&#8221; css=&#8221;.vc_custom_1481460303734{padding-top: 20px !important;padding-bottom: 20px !important;}&#8221;][vc_column_text css=&#8221;.vc_custom_1749163028066{margin-bottom: 0px !important;}&#8221;]<\/p>\n<h1 style=\"font-size: 37px; font-weight: 300; color: white; margin-bottom: 0px; line-height: 45px; text-align: center;\"><strong>DUBBI\/DOMANDE?<\/strong><\/h1>\n<p>[\/vc_column_text][\/vc_column][vc_column width=&#8221;1\/3&#8243; css=&#8221;.vc_custom_1481367707658{padding-top: 0px !important;}&#8221;][vc_btn title=&#8221;<strong>FAQ<\/strong>&#8221; style=&#8221;custom&#8221; custom_background=&#8221;#1a2843&#8243; custom_text=&#8221;#ffffff&#8221; align=&#8221;center&#8221; i_align=&#8221;right&#8221; i_icon_fontawesome=&#8221;fas fa-arrow-circle-right&#8221; css=&#8221;.vc_custom_1749163155507{margin-bottom: 0px !important;}&#8221; add_icon=&#8221;true&#8221; link=&#8221;url:https%3A%2F%2Fdomainfirm.it%2Fit%2Fdomande-risposte%2F|title:Domande%2FRisposte&#8221;][\/vc_column][\/vc_row]<\/p>\n<\/div>","protected":false},"excerpt":{"rendered":"<p>[vc_row][vc_column][vc_empty_space height=&#8221;70px&#8221;][vc_empty_space height=&#8221;30px&#8221;][\/vc_column][\/vc_row][vc_row][vc_column width=&#8221;2\/3&#8243;][vc_column_text css=&#8221;&#8221;] La Domain Economy \u00e8 il nuovo fronte dell\u2019economia digitale: un settore in cui i nomi<\/p>\n","protected":false},"author":1,"featured_media":0,"parent":0,"menu_order":0,"comment_status":"closed","ping_status":"closed","template":"","meta":{"_acf_changed":false,"footnotes":""},"class_list":["post-33630","page","type-page","status-publish","hentry"],"acf":[],"yoast_head":"<!-- This site is optimized with the Yoast SEO plugin v26.8 - https:\/\/yoast.com\/product\/yoast-seo-wordpress\/ -->\n<title>Domain Economy \u2013 Valore, Trend e Strategia dei Nomi a Dominio | DomainFirm.XX<\/title>\n<meta name=\"description\" content=\"Scopri la Domain Economy: analisi del valore dei domini, trend di mercato, strategie, brand protection e opportunit\u00e0 digitali.\" \/>\n<meta name=\"robots\" content=\"index, follow, max-snippet:-1, max-image-preview:large, max-video-preview:-1\" \/>\n<link rel=\"canonical\" href=\"https:\/\/domainfirm.it\/it\/domain-economy\/\" \/>\n<meta property=\"og:locale\" content=\"it_IT\" \/>\n<meta property=\"og:type\" content=\"article\" \/>\n<meta property=\"og:title\" content=\"Domain Economy \u2013 Valore, Trend e Strategia dei Nomi a Dominio | DomainFirm.XX\" \/>\n<meta property=\"og:description\" content=\"Scopri la Domain Economy: analisi del valore dei domini, trend di mercato, strategie, brand protection e opportunit\u00e0 digitali.\" \/>\n<meta property=\"og:url\" content=\"https:\/\/domainfirm.it\/it\/domain-economy\/\" \/>\n<meta property=\"og:site_name\" content=\"DomainFirm.XX\" \/>\n<meta property=\"article:modified_time\" content=\"2026-03-10T22:36:03+00:00\" \/>\n<meta property=\"og:image\" content=\"https:\/\/domainfirm.it\/wp-content\/uploads\/2025\/05\/brand-intelligence.jpg\" \/>\n\t<meta property=\"og:image:width\" content=\"1300\" \/>\n\t<meta property=\"og:image:height\" content=\"600\" \/>\n\t<meta property=\"og:image:type\" content=\"image\/jpeg\" \/>\n<meta name=\"twitter:card\" content=\"summary_large_image\" \/>\n<meta name=\"twitter:label1\" content=\"Tempo di lettura stimato\" \/>\n\t<meta name=\"twitter:data1\" content=\"3 minuti\" \/>\n<script type=\"application\/ld+json\" class=\"yoast-schema-graph\">{\"@context\":\"https:\/\/schema.org\",\"@graph\":[{\"@type\":\"WebPage\",\"@id\":\"https:\/\/domainfirm.it\/it\/domain-economy\/\",\"url\":\"https:\/\/domainfirm.it\/it\/domain-economy\/\",\"name\":\"Domain Economy \u2013 Valore, Trend e Strategia dei Nomi a Dominio | DomainFirm.XX\",\"isPartOf\":{\"@id\":\"https:\/\/domainfirm.it\/it\/#website\"},\"datePublished\":\"2025-11-22T21:27:21+00:00\",\"dateModified\":\"2026-03-10T22:36:03+00:00\",\"description\":\"Scopri la Domain Economy: analisi del valore dei domini, trend di mercato, strategie, brand protection e opportunit\u00e0 digitali.\",\"breadcrumb\":{\"@id\":\"https:\/\/domainfirm.it\/it\/domain-economy\/#breadcrumb\"},\"inLanguage\":\"it-IT\",\"potentialAction\":[{\"@type\":\"ReadAction\",\"target\":[\"https:\/\/domainfirm.it\/it\/domain-economy\/\"]}]},{\"@type\":\"BreadcrumbList\",\"@id\":\"https:\/\/domainfirm.it\/it\/domain-economy\/#breadcrumb\",\"itemListElement\":[{\"@type\":\"ListItem\",\"position\":1,\"name\":\"Home\",\"item\":\"https:\/\/domainfirm.it\/it\/\"},{\"@type\":\"ListItem\",\"position\":2,\"name\":\"Domain Economy\"}]},{\"@type\":\"WebSite\",\"@id\":\"https:\/\/domainfirm.it\/it\/#website\",\"url\":\"https:\/\/domainfirm.it\/it\/\",\"name\":\"DomainFirm.XX\",\"description\":\"Premium Domains. Prime Opportunities.\",\"publisher\":{\"@id\":\"https:\/\/domainfirm.it\/it\/#organization\"},\"alternateName\":\"DomainFirm.XX\",\"potentialAction\":[{\"@type\":\"SearchAction\",\"target\":{\"@type\":\"EntryPoint\",\"urlTemplate\":\"https:\/\/domainfirm.it\/it\/?s={search_term_string}\"},\"query-input\":{\"@type\":\"PropertyValueSpecification\",\"valueRequired\":true,\"valueName\":\"search_term_string\"}}],\"inLanguage\":\"it-IT\"},{\"@type\":\"Organization\",\"@id\":\"https:\/\/domainfirm.it\/it\/#organization\",\"name\":\"DomainFirm.XX\",\"alternateName\":\"DomainFirm.XX\",\"url\":\"https:\/\/domainfirm.it\/it\/\",\"logo\":{\"@type\":\"ImageObject\",\"inLanguage\":\"it-IT\",\"@id\":\"https:\/\/domainfirm.it\/it\/#\/schema\/logo\/image\/\",\"url\":\"https:\/\/domainfirm.it\/wp-content\/uploads\/2025\/05\/cropped-favicon.png\",\"contentUrl\":\"https:\/\/domainfirm.it\/wp-content\/uploads\/2025\/05\/cropped-favicon.png\",\"width\":512,\"height\":512,\"caption\":\"DomainFirm.XX\"},\"image\":{\"@id\":\"https:\/\/domainfirm.it\/it\/#\/schema\/logo\/image\/\"}}]}<\/script>\n<!-- \/ Yoast SEO plugin. -->","yoast_head_json":{"title":"Domain Economy \u2013 Valore, Trend e Strategia dei Nomi a Dominio | DomainFirm.XX","description":"Scopri la Domain Economy: analisi del valore dei domini, trend di mercato, strategie, brand protection e opportunit\u00e0 digitali.","robots":{"index":"index","follow":"follow","max-snippet":"max-snippet:-1","max-image-preview":"max-image-preview:large","max-video-preview":"max-video-preview:-1"},"canonical":"https:\/\/domainfirm.it\/it\/domain-economy\/","og_locale":"it_IT","og_type":"article","og_title":"Domain Economy \u2013 Valore, Trend e Strategia dei Nomi a Dominio | DomainFirm.XX","og_description":"Scopri la Domain Economy: analisi del valore dei domini, trend di mercato, strategie, brand protection e opportunit\u00e0 digitali.","og_url":"https:\/\/domainfirm.it\/it\/domain-economy\/","og_site_name":"DomainFirm.XX","article_modified_time":"2026-03-10T22:36:03+00:00","og_image":[{"width":1300,"height":600,"url":"https:\/\/domainfirm.it\/wp-content\/uploads\/2025\/05\/brand-intelligence.jpg","type":"image\/jpeg"}],"twitter_card":"summary_large_image","twitter_misc":{"Tempo di lettura stimato":"3 minuti"},"schema":{"@context":"https:\/\/schema.org","@graph":[{"@type":"WebPage","@id":"https:\/\/domainfirm.it\/it\/domain-economy\/","url":"https:\/\/domainfirm.it\/it\/domain-economy\/","name":"Domain Economy \u2013 Valore, Trend e Strategia dei Nomi a Dominio | DomainFirm.XX","isPartOf":{"@id":"https:\/\/domainfirm.it\/it\/#website"},"datePublished":"2025-11-22T21:27:21+00:00","dateModified":"2026-03-10T22:36:03+00:00","description":"Scopri la Domain Economy: analisi del valore dei domini, trend di mercato, strategie, brand protection e opportunit\u00e0 digitali.","breadcrumb":{"@id":"https:\/\/domainfirm.it\/it\/domain-economy\/#breadcrumb"},"inLanguage":"it-IT","potentialAction":[{"@type":"ReadAction","target":["https:\/\/domainfirm.it\/it\/domain-economy\/"]}]},{"@type":"BreadcrumbList","@id":"https:\/\/domainfirm.it\/it\/domain-economy\/#breadcrumb","itemListElement":[{"@type":"ListItem","position":1,"name":"Home","item":"https:\/\/domainfirm.it\/it\/"},{"@type":"ListItem","position":2,"name":"Domain Economy"}]},{"@type":"WebSite","@id":"https:\/\/domainfirm.it\/it\/#website","url":"https:\/\/domainfirm.it\/it\/","name":"DomainFirm.XX","description":"Premium Domains. Prime Opportunities.","publisher":{"@id":"https:\/\/domainfirm.it\/it\/#organization"},"alternateName":"DomainFirm.XX","potentialAction":[{"@type":"SearchAction","target":{"@type":"EntryPoint","urlTemplate":"https:\/\/domainfirm.it\/it\/?s={search_term_string}"},"query-input":{"@type":"PropertyValueSpecification","valueRequired":true,"valueName":"search_term_string"}}],"inLanguage":"it-IT"},{"@type":"Organization","@id":"https:\/\/domainfirm.it\/it\/#organization","name":"DomainFirm.XX","alternateName":"DomainFirm.XX","url":"https:\/\/domainfirm.it\/it\/","logo":{"@type":"ImageObject","inLanguage":"it-IT","@id":"https:\/\/domainfirm.it\/it\/#\/schema\/logo\/image\/","url":"https:\/\/domainfirm.it\/wp-content\/uploads\/2025\/05\/cropped-favicon.png","contentUrl":"https:\/\/domainfirm.it\/wp-content\/uploads\/2025\/05\/cropped-favicon.png","width":512,"height":512,"caption":"DomainFirm.XX"},"image":{"@id":"https:\/\/domainfirm.it\/it\/#\/schema\/logo\/image\/"}}]}},"_links":{"self":[{"href":"https:\/\/domainfirm.it\/it\/wp-json\/wp\/v2\/pages\/33630","targetHints":{"allow":["GET"]}}],"collection":[{"href":"https:\/\/domainfirm.it\/it\/wp-json\/wp\/v2\/pages"}],"about":[{"href":"https:\/\/domainfirm.it\/it\/wp-json\/wp\/v2\/types\/page"}],"author":[{"embeddable":true,"href":"https:\/\/domainfirm.it\/it\/wp-json\/wp\/v2\/users\/1"}],"replies":[{"embeddable":true,"href":"https:\/\/domainfirm.it\/it\/wp-json\/wp\/v2\/comments?post=33630"}],"version-history":[{"count":4,"href":"https:\/\/domainfirm.it\/it\/wp-json\/wp\/v2\/pages\/33630\/revisions"}],"predecessor-version":[{"id":33913,"href":"https:\/\/domainfirm.it\/it\/wp-json\/wp\/v2\/pages\/33630\/revisions\/33913"}],"wp:attachment":[{"href":"https:\/\/domainfirm.it\/it\/wp-json\/wp\/v2\/media?parent=33630"}],"curies":[{"name":"wp","href":"https:\/\/api.w.org\/{rel}","templated":true}]}}