{"id":34251,"date":"2026-03-18T18:39:16","date_gmt":"2026-03-18T16:39:16","guid":{"rendered":"https:\/\/domainfirm.it\/?page_id=34251"},"modified":"2026-03-19T00:45:03","modified_gmt":"2026-03-18T22:45:03","slug":"domain-privacy-policy","status":"publish","type":"page","link":"https:\/\/domainfirm.it\/it\/domain-privacy-policy\/","title":{"rendered":"Domain Privacy Policy"},"content":{"rendered":"<div class=\"wpb-content-wrapper\"><p>[vc_row][vc_column]\n\t\t\t<!-- START BigData REVOLUTION SLIDER 6.7.35 --><p class=\"rs-p-wp-fix\"><\/p>\n\t\t\t<rs-module-wrap id=\"rev_slider_51_1_wrapper\" data-source=\"gallery\" style=\"visibility:hidden;background:#f7f7f7;padding:0;margin:0px auto;margin-top:0;margin-bottom:0;\">\n\t\t\t\t<rs-module id=\"rev_slider_51_1\" style=\"\" data-version=\"6.7.35\">\n\t\t\t\t\t<rs-slides style=\"overflow: hidden; position: absolute;\">\n\t\t\t\t\t\t<rs-slide style=\"position: absolute;\" data-key=\"rs-106\" data-title=\"Slide\" data-anim=\"adpr:false;\" data-in=\"o:0;\" data-out=\"a:false;\">\n\t\t\t\t\t\t\t<img decoding=\"async\" src=\"\/\/domainfirm.it\/wp-content\/plugins\/revslider\/sr6\/assets\/assets\/dummy.png\" alt=\"Domain Premium Hub | DomainFirm.XX\" title=\"Domain Premium Hub | DomainFirm.XX\" width=\"1300\" height=\"550\" class=\"rev-slidebg tp-rs-img rs-lazyload\" data-lazyload=\"\/\/domainfirm.it\/wp-content\/uploads\/revslider\/bigdata\/bigdata-law.jpg\" data-bg=\"p:center top;\" data-parallax=\"off\" data-panzoom=\"d:11000;ss:100;se:110;oe:-3\/-3;\" data-no-retina>\n<!--\n\t\t\t\t\t\t\t--><rs-layer\n\t\t\t\t\t\t\t\tid=\"slider-51-slide-106-layer-30\" \n\t\t\t\t\t\t\t\tclass=\"rs-pxl-1\"\n\t\t\t\t\t\t\t\tdata-type=\"text\"\n\t\t\t\t\t\t\t\tdata-color=\"rgba(255,255,255,0.20)\"\n\t\t\t\t\t\t\t\tdata-rsp_ch=\"on\"\n\t\t\t\t\t\t\t\tdata-xy=\"x:c;xo:7px,7px,7px,0;y:m;yo:69px,69px,69px,-22px;\"\n\t\t\t\t\t\t\t\tdata-text=\"s:220,220,220,210;l:28,28,28,22;\"\n\t\t\t\t\t\t\t\tdata-dim=\"h:51px,51px,51px,auto;\"\n\t\t\t\t\t\t\t\tdata-frame_0=\"y:-50px;\"\n\t\t\t\t\t\t\t\tdata-frame_1=\"e:power2.inOut;st:650;sp:700;sR:650;\"\n\t\t\t\t\t\t\t\tdata-frame_999=\"y:-50px;o:0;e:nothing;st:w;sp:500;sR:7650;\"\n\t\t\t\t\t\t\t\tstyle=\"z-index:6;font-family:'Lora';\"\n\t\t\t\t\t\t\t> \n\t\t\t\t\t\t\t<\/rs-layer><!--\n-->\t\t\t\t\t<\/rs-slide>\n\t\t\t\t\t\t<rs-slide style=\"position: absolute;\" data-key=\"rs-107\" data-title=\"Slide\" data-anim=\"adpr:false;\" data-in=\"o:0;\" data-out=\"a:false;\">\n\t\t\t\t\t\t\t<img decoding=\"async\" src=\"\/\/domainfirm.it\/wp-content\/plugins\/revslider\/sr6\/assets\/assets\/dummy.png\" alt=\"Domain Premium Hub | DomainFirm.XX\" title=\"Domain Premium Hub | DomainFirm.XX\" width=\"1600\" height=\"607\" class=\"rev-slidebg tp-rs-img rs-lazyload\" data-lazyload=\"\/\/domainfirm.it\/wp-content\/uploads\/revslider\/servizi\/data-analytics-web.jpg\" data-bg=\"p:right top;\" data-parallax=\"off\" data-panzoom=\"d:25000;ss:100;se:110;oe:-3\/-3;\" data-no-retina>\n<!---->\t\t\t\t\t<\/rs-slide>\n\t\t\t\t\t<\/rs-slides>\n\t\t\t\t<\/rs-module>\n\t\t\t\t<script>\n\t\t\t\t\tsetREVStartSize({c: 'rev_slider_51_1',rl:[1240,1024,778,480],el:[550,450,400,400],gw:[1200,1024,778,480],gh:[550,500,400,350],type:'standard',justify:'',layout:'fullwidth',mh:\"0\"});if (window.RS_MODULES!==undefined && window.RS_MODULES.modules!==undefined && window.RS_MODULES.modules[\"revslider511\"]!==undefined) {window.RS_MODULES.modules[\"revslider511\"].once = false;window.revapi51 = undefined;if (window.RS_MODULES.checkMinimal!==undefined) window.RS_MODULES.checkMinimal()}\n\t\t\t\t<\/script>\n\t\t\t<\/rs-module-wrap>\n\t\t\t<!-- END REVOLUTION SLIDER -->\n[vc_empty_space height=&#8221;60px&#8221;]<div class=\"title-wrapper  basel-title-color-primary basel-title-style-simple basel-title-size-large text-left \"><div class=\"liner-continer\"> <span class=\"left-line\"><\/span> <h1 class=\"title\" >DOMAIN PRIVACY POLICY<span class=\"title-separator\"><span><\/span><\/span><\/h1> <span class=\"right-line\"><\/span> <\/div><\/div>[vc_empty_space height=&#8221;30px&#8221;][\/vc_column][\/vc_row][vc_row][vc_column][vc_column_text css=&#8221;&#8221;]Gent.le Navigatore,<\/p>\n<p><a href=\"https:\/\/www.iccdigitalmedia.com\/it\/\" target=\"_blank\" rel=\"noopener\"><strong>ICC S.r.l.<\/strong> <\/a>gestisce i Web Site del<strong> Network DomainFirm.XX<\/strong>.<\/p>\n<p>Con la seguente informativa sul trattamento dei dati personali, resa ai sensi dell\u2019art.13 D.lgs 30 giugno 2003, n.196, Ti invitiamo a prendere visione delle modalit\u00e0 con cui acquisiamo e trattiamo i Tuoi dati personali e a manifestare a tal proposito il Tuo consenso o il Tuo diniego.<\/p>\n<p><span class=\"Testobox\"><strong>Preliminarmente Ti informiamo<\/strong><\/span><br \/>\nche ICC S.r.l. si impegna a trattare tutti i dati nel massimo rispetto della legge e delle modalit\u00e0 indicate nella presente Privacy Policy e comunque, sempre ed unicamente, per fornirTi un servizio accurato.<\/p>\n<p style=\"text-align: center;\">* * *<\/p>\n<p class=\"verdana11\"><strong>Informativa al trattamento dei dati personali<\/strong><br \/>\nIl Titolare del sito pone estrema attenzione e rispetto alla raccolta e al trattamento dei dati personali dei propri clienti e navigatori. A tal fine, riconosce loro, il diritto ad essere pienamente informati sulla tipologia delle informazioni acquisite e sulle modalit\u00e0 di trattamento delle stesse.<br \/>\nLa ns Privacy Policy si attiene al principio del rigore e della essenzialit\u00e0 e l\u2019uso dei dati personali conferiti spontaneamente dal navigatore \u00e8 sempre limitato alla fornitura delle informazioni e dei servizi richiesti.<\/p>\n<p><strong>Titolare del trattamento<\/strong><br \/>\nIl \u201ctitolare\u201d del trattamento \u00e8 ICC S.r.l.<\/p>\n<p><span class=\"Testobox\"><strong>Tipologia di dati raccolti<\/strong><\/span><br \/>\nIl sito non assume direttamente dati personali del navigatore. Tuttavia il navigatore potrebbe volontariamente e spontaneamente fornire propri dati personali durante l\u2019invio di moduli di contatto o una telefonata, una e-mail o mediante altro mezzo di comunicazione.<\/p>\n<p><span class=\"corpoMEDIUMbold\"><strong>Luogo di trattamento dei dati<\/strong><\/span><br \/>\nI dati personali eventualmente acquisiti sono trattati presso la sede legale di ICC S.r.l. o presso gli studi dei professionisti incaricati alle attivit\u00e0 amministrative e contabili e la server farm incaricata.<\/p>\n<p class=\"verdana11\"><strong>Finalit\u00e0 del trattamento<\/strong><br \/>\nIl trattamento dei dati personali eventualmente forniti spontaneamente dal navigatore, ovvero altrimenti acquisiti potr\u00e0 essere effettuato per:<br \/>\na) adempiere ad un obbligo di legge;<br \/>\nb) comunicare agli utenti richiedenti informazioni relative ai servizi e prodotti;<br \/>\nc) effettuare studi e analisi.<\/p>\n<p class=\"verdana11\"><strong>Modalit\u00e0 del trattamento<\/strong><br \/>\nIl trattamento dei dati personali per le finalit\u00e0 indicate, avr\u00e0 luogo con modalit\u00e0 sia automatizzate che non automatizzate e nel rispetto delle disposizioni stabilite dalla legge. Il Titolare del sito si riserva la facolt\u00e0 di trasmettere i suddetti dati ai soggetti incaricati, persone fisiche o giuridiche, in Italia o nei Paesi EU, i dati verranno diffusi esclusivamente nei limiti di quanto necessario ai fini della prestazione del servizio espletato.<\/p>\n<p class=\"verdana11\"><strong class=\"corpoMEDIUMbold\">Dati di navigazione<\/strong><br \/>\nPer soddisfare esigenze tecniche, statistiche i sistemi informatici e i software preposti al funzionamento di questo sito web potrebbero acquisire, alcuni dati la cui trasmissione \u00e8 implicita nell\u2019uso dei protocolli di comunicazione di Internet es. IP.<\/p>\n<p class=\"verdana11\">Si tratta di informazioni che non sono raccolte per essere associate a interessati identificati, ma che per loro stessa natura potrebbero in casi specifici, attraverso elaborazioni ed associazioni con dati detenuti da terzi (Service Provider), permettere di identificare gli utenti previa disposizione delle Autorit\u00e0 competenti.<br \/>\nIn questa categoria di dati rientrano gli indirizzi IP dei computer utilizzati dagli utenti che si connettono al sito ed altri parametri relativi al sistema operativo e all\u2019ambiente informatico dell\u2019utente.<\/p>\n<p><span class=\"Stile16\"><strong>Cookies<\/strong><\/span><br \/>\nIl presente sito pu\u00f2 utilizzare cookies per semplificare l\u2019accesso alle differenti aree del Sito ove presenti e per permettere ai sistemi di riconoscere un PC di ritorno evitando nuova autenticazione.<br \/>\nI cookies sono delle micro informazioni (file .txt), che il browser ed il server si scambiano durante la navigazione. Per rendere pi\u00f9 veloce il collegamento, mediante i cookies vengono archiviate nel browser di un utente o sul disco fisso, cos\u00ec da essere immediatamente disponibili per una successiva navigazione. I cookies utilizzati (cookies di sessione) non permettono in alcun modo di individuare l\u2019identit\u00e0 di un navigatore non registrato o di accedere alle informazioni contenute nel suo computer.<br \/>\nIl navigatore \u00e8 libero in qualunque momento di disabilitare dal proprio browser la ricezione di cookies.<\/p>\n<p><span class=\"Stile10\"><strong>Log File<\/strong><\/span><br \/>\nDurante la navigazione il browser di ogni utente comunica al server l\u2019indirizzo IP del navigatore.<br \/>\nSolamente i fornitori di connettivit\u00e0 (Provider) detengono, per legge, la corrispondenza tra IP e generalit\u00e0 del navigatore. Trattasi di informazioni riservate, esclusivamente a disposizione dell\u2019Autorit\u00e0 Giudiziaria richiedente.<\/p>\n<p><span class=\"Testoboxred Stile1\"><span class=\"Testobox\"><strong>Sistemi di Web Measurement<\/strong><\/span><\/span><br \/>\nIl Sito potr\u00e0 utilizzare sistemi di analisi che mediante dati statistici anonimi, forniscono informazioni sulla permanenza di un navigatore all\u2019interno del Sito. Non viene effettuata in alcun caso attivit\u00e0 di profilazione.<\/p>\n<p><span class=\"Testoboxred\"><span class=\"Testobox\"><strong>Rifiuto di comunicarci i tuoi dati personali<\/strong><\/span><\/span><br \/>\nIl visitatore \u00e8 libero di fornire o meno i propri dati personali nei form, nei moduli d\u2019ordine, nelle live chat, agli operatori telefonici. Un eventuale rifiuto a fornirci i tuoi dati personali potrebbe comportare l\u2019assoluta impossibilit\u00e0 di fornirti il servizio richiestoci o di adempiere agli obblighi previsti dalla legge.<\/p>\n<p><span class=\"Stile18\"><strong>Dati forniti volontariamente dall\u2019utente<\/strong><\/span><br \/>\nL\u2019invio spontaneo e volontario di posta elettronica agli indirizzi indicati su questo sito o l\u2019invio di dati personali comporta l\u2019automatica acquisizione degli stessi ad opera dei sistemi di CRM utilizzati dal Sito al fine di consentire una pronta risposta e un supporto alle richieste avanzateci, cos\u00ec come di tutti i dati inseriti nella missiva o nel contenuto della chat.<\/p>\n<p><span class=\"Stile18\"><strong>Il tuo diritto di accesso ai dati <\/strong><\/span><br \/>\nIl navigatore ha sempre il diritto di ottenere dal Titolare del Sito le informazioni relative ai dati personali che lo riguardano e la loro comunicazione in forma intelligibile. Lo stesso ha diritto ad ottenere indicazioni circa l\u2019origine dei tuoi dati personali; la finalit\u00e0 e la modalit\u00e0 del trattamento dei tuoi dati personali; la logica applicata in caso di trattamento effettuato con l\u2019ausilio di strumenti elettronici; gli estremi identificativi del titolare e dei responsabili del trattamento; l\u2019indicazione dei soggetti o delle categorie di soggetti ai quali i dati personali possono essere comunicati o che possono venirne a conoscenza in qualit\u00e0, ad esempio, di responsabili del trattamento.<\/p>\n<p><span class=\"Stile18\"><strong>Hai sempre il diritto di ottenere:<\/strong><\/span><br \/>\na) l\u2019aggiornamento, la rettificazione ovvero, quando vi hai interesse, l\u2019integrazione dei tuoi dati personali;<br \/>\nb) la cancellazione, la trasformazione in forma anonima o il blocco dei tuoi dati personali, trattati in violazione di legge, compresi quelli di cui non \u00e8 necessaria la conservazione in relazione agli scopi per i quali i dati sono stati raccolti o successivamente trattati;<br \/>\nc) l\u2019attestazione che le operazioni di cui alle lettere a) e b) sono state portate a conoscenza, anche per quanto riguarda il loro contenuto, di coloro ai quali i dati sono stati comunicati o diffusi, eccettuato il caso in cui tale adempimento si rivela impossibile o comporta un impiego di mezzi manifestamente sproporzionato rispetto al diritto tutelato.<\/p>\n<p>Hai diritto a opporti in tutto o in parte:<br \/>\na) al trattamento dei dati personali che ti riguardano, ancorch\u00e9 pertinenti allo scopo della raccolta;<br \/>\nb) al trattamento di dati personali che ti riguardano a fini di marketing diretto o per il compimento di ricerche di mercato o di comunicazione commerciale.<br \/>\nPer esercitare i tuoi diritti, nei limiti di legge, invia una mail a: info*giuseppefragola.com alla quale provvederemo a dare opportuno riscontro.<\/p>\n<p><strong>Legge applicabile<\/strong><br \/>\nQuesta Informativa \u00e8 resa in osservanza della legge italiana e in particolare del Reg. UE 2016\/679 e del D.lgs del 30 giugno 2003 n. 196 \u201cCodice in materia di protezione dei dati personali\u201d, per gli articoli ancora in vigore, che disciplinano il trattamento dei dati personali effettuato da chi \u00e8 residente o ha sede in Italia.<\/p>\n<p><span class=\"Stile18\"><strong>Modifiche alle condizioni di trattamento dei dati<\/strong><\/span><br \/>\nQualora il Titolare del Sito decidesse, o fosse obbligata da intervenute modifiche normative, a modificare la politica relativa al trattamento dei dati personali, comunicher\u00e0 prontamente le modifiche apportate, nel presente Sito web.<br \/>\nSe il trattamento delle informazioni personali, fosse differente rispetto a quanto dichiarato al momento dell\u2019acquisizione dei dati, l\u2019utente ricever\u00e0 un\u2019e-mail di avviso, in seguito alla quale potr\u00e0 valutare se confermare o meno il consenso all\u2019utilizzo dei dati che lo riguardano.<\/p>\n<p><strong>Maggiori informazioni<br \/>\n<\/strong>Per ottenere maggiori informazioni in merito alle modalit\u00e0 di trattamento, contattare: privacy*iccdigitalmedia.com (*=@)[\/vc_column_text][\/vc_column][\/vc_row]<\/p>\n<\/div>","protected":false},"excerpt":{"rendered":"<p>[vc_row][vc_column][vc_empty_space height=&#8221;60px&#8221;][vc_empty_space height=&#8221;30px&#8221;][\/vc_column][\/vc_row][vc_row][vc_column][vc_column_text css=&#8221;&#8221;]Gent.le Navigatore, ICC S.r.l. gestisce i Web Site del Network DomainFirm.XX. Con la seguente informativa sul trattamento<\/p>\n","protected":false},"author":1,"featured_media":0,"parent":0,"menu_order":0,"comment_status":"closed","ping_status":"closed","template":"","meta":{"_acf_changed":false,"footnotes":""},"class_list":["post-34251","page","type-page","status-publish","hentry"],"acf":[],"yoast_head":"<!-- This site is optimized with the Yoast SEO plugin v26.8 - https:\/\/yoast.com\/product\/yoast-seo-wordpress\/ -->\n<title>Domain Privacy Policy | DomainFirm.XX<\/title>\n<meta name=\"robots\" content=\"noindex, nofollow\" \/>\n<meta property=\"og:locale\" content=\"it_IT\" \/>\n<meta property=\"og:type\" content=\"article\" \/>\n<meta property=\"og:title\" content=\"Domain Privacy Policy | DomainFirm.XX\" \/>\n<meta property=\"og:description\" content=\"[vc_row][vc_column][vc_empty_space height=&#8221;60px&#8221;][vc_empty_space height=&#8221;30px&#8221;][\/vc_column][\/vc_row][vc_row][vc_column][vc_column_text css=&#8221;&#8221;]Gent.le Navigatore, ICC S.r.l. gestisce i Web Site del Network DomainFirm.XX. Con la seguente informativa sul trattamento\" \/>\n<meta property=\"og:url\" content=\"https:\/\/domainfirm.it\/en\/domain-privacy-policy\/\" \/>\n<meta property=\"og:site_name\" content=\"DomainFirm.XX\" \/>\n<meta property=\"article:modified_time\" content=\"2026-03-18T22:45:03+00:00\" \/>\n<meta property=\"og:image\" content=\"https:\/\/domainfirm.it\/wp-content\/uploads\/2025\/05\/brand-intelligence.jpg\" \/>\n\t<meta property=\"og:image:width\" content=\"1300\" \/>\n\t<meta property=\"og:image:height\" content=\"600\" \/>\n\t<meta property=\"og:image:type\" content=\"image\/jpeg\" \/>\n<meta name=\"twitter:card\" content=\"summary_large_image\" \/>\n<meta name=\"twitter:label1\" content=\"Tempo di lettura stimato\" \/>\n\t<meta name=\"twitter:data1\" content=\"6 minuti\" \/>\n<script type=\"application\/ld+json\" class=\"yoast-schema-graph\">{\"@context\":\"https:\/\/schema.org\",\"@graph\":[{\"@type\":\"WebPage\",\"@id\":\"https:\/\/domainfirm.it\/en\/domain-privacy-policy\/\",\"url\":\"https:\/\/domainfirm.it\/en\/domain-privacy-policy\/\",\"name\":\"Domain Privacy Policy | DomainFirm.XX\",\"isPartOf\":{\"@id\":\"https:\/\/domainfirm.it\/it\/#website\"},\"datePublished\":\"2026-03-18T16:39:16+00:00\",\"dateModified\":\"2026-03-18T22:45:03+00:00\",\"breadcrumb\":{\"@id\":\"https:\/\/domainfirm.it\/en\/domain-privacy-policy\/#breadcrumb\"},\"inLanguage\":\"it-IT\",\"potentialAction\":[{\"@type\":\"ReadAction\",\"target\":[\"https:\/\/domainfirm.it\/en\/domain-privacy-policy\/\"]}]},{\"@type\":\"BreadcrumbList\",\"@id\":\"https:\/\/domainfirm.it\/en\/domain-privacy-policy\/#breadcrumb\",\"itemListElement\":[{\"@type\":\"ListItem\",\"position\":1,\"name\":\"Home\",\"item\":\"https:\/\/domainfirm.it\/it\/\"},{\"@type\":\"ListItem\",\"position\":2,\"name\":\"Domain Privacy Policy\"}]},{\"@type\":\"WebSite\",\"@id\":\"https:\/\/domainfirm.it\/it\/#website\",\"url\":\"https:\/\/domainfirm.it\/it\/\",\"name\":\"DomainFirm.XX\",\"description\":\"Premium Domains. Prime Opportunities.\",\"publisher\":{\"@id\":\"https:\/\/domainfirm.it\/it\/#organization\"},\"alternateName\":\"DomainFirm.XX\",\"potentialAction\":[{\"@type\":\"SearchAction\",\"target\":{\"@type\":\"EntryPoint\",\"urlTemplate\":\"https:\/\/domainfirm.it\/it\/?s={search_term_string}\"},\"query-input\":{\"@type\":\"PropertyValueSpecification\",\"valueRequired\":true,\"valueName\":\"search_term_string\"}}],\"inLanguage\":\"it-IT\"},{\"@type\":\"Organization\",\"@id\":\"https:\/\/domainfirm.it\/it\/#organization\",\"name\":\"DomainFirm.XX\",\"alternateName\":\"DomainFirm.XX\",\"url\":\"https:\/\/domainfirm.it\/it\/\",\"logo\":{\"@type\":\"ImageObject\",\"inLanguage\":\"it-IT\",\"@id\":\"https:\/\/domainfirm.it\/it\/#\/schema\/logo\/image\/\",\"url\":\"https:\/\/domainfirm.it\/wp-content\/uploads\/2025\/05\/cropped-favicon.png\",\"contentUrl\":\"https:\/\/domainfirm.it\/wp-content\/uploads\/2025\/05\/cropped-favicon.png\",\"width\":512,\"height\":512,\"caption\":\"DomainFirm.XX\"},\"image\":{\"@id\":\"https:\/\/domainfirm.it\/it\/#\/schema\/logo\/image\/\"}}]}<\/script>\n<!-- \/ Yoast SEO plugin. -->","yoast_head_json":{"title":"Domain Privacy Policy | DomainFirm.XX","robots":{"index":"noindex","follow":"nofollow"},"og_locale":"it_IT","og_type":"article","og_title":"Domain Privacy Policy | DomainFirm.XX","og_description":"[vc_row][vc_column][vc_empty_space height=&#8221;60px&#8221;][vc_empty_space height=&#8221;30px&#8221;][\/vc_column][\/vc_row][vc_row][vc_column][vc_column_text css=&#8221;&#8221;]Gent.le Navigatore, ICC S.r.l. gestisce i Web Site del Network DomainFirm.XX. Con la seguente informativa sul trattamento","og_url":"https:\/\/domainfirm.it\/en\/domain-privacy-policy\/","og_site_name":"DomainFirm.XX","article_modified_time":"2026-03-18T22:45:03+00:00","og_image":[{"width":1300,"height":600,"url":"https:\/\/domainfirm.it\/wp-content\/uploads\/2025\/05\/brand-intelligence.jpg","type":"image\/jpeg"}],"twitter_card":"summary_large_image","twitter_misc":{"Tempo di lettura stimato":"6 minuti"},"schema":{"@context":"https:\/\/schema.org","@graph":[{"@type":"WebPage","@id":"https:\/\/domainfirm.it\/en\/domain-privacy-policy\/","url":"https:\/\/domainfirm.it\/en\/domain-privacy-policy\/","name":"Domain Privacy Policy | DomainFirm.XX","isPartOf":{"@id":"https:\/\/domainfirm.it\/it\/#website"},"datePublished":"2026-03-18T16:39:16+00:00","dateModified":"2026-03-18T22:45:03+00:00","breadcrumb":{"@id":"https:\/\/domainfirm.it\/en\/domain-privacy-policy\/#breadcrumb"},"inLanguage":"it-IT","potentialAction":[{"@type":"ReadAction","target":["https:\/\/domainfirm.it\/en\/domain-privacy-policy\/"]}]},{"@type":"BreadcrumbList","@id":"https:\/\/domainfirm.it\/en\/domain-privacy-policy\/#breadcrumb","itemListElement":[{"@type":"ListItem","position":1,"name":"Home","item":"https:\/\/domainfirm.it\/it\/"},{"@type":"ListItem","position":2,"name":"Domain Privacy Policy"}]},{"@type":"WebSite","@id":"https:\/\/domainfirm.it\/it\/#website","url":"https:\/\/domainfirm.it\/it\/","name":"DomainFirm.XX","description":"Premium Domains. Prime Opportunities.","publisher":{"@id":"https:\/\/domainfirm.it\/it\/#organization"},"alternateName":"DomainFirm.XX","potentialAction":[{"@type":"SearchAction","target":{"@type":"EntryPoint","urlTemplate":"https:\/\/domainfirm.it\/it\/?s={search_term_string}"},"query-input":{"@type":"PropertyValueSpecification","valueRequired":true,"valueName":"search_term_string"}}],"inLanguage":"it-IT"},{"@type":"Organization","@id":"https:\/\/domainfirm.it\/it\/#organization","name":"DomainFirm.XX","alternateName":"DomainFirm.XX","url":"https:\/\/domainfirm.it\/it\/","logo":{"@type":"ImageObject","inLanguage":"it-IT","@id":"https:\/\/domainfirm.it\/it\/#\/schema\/logo\/image\/","url":"https:\/\/domainfirm.it\/wp-content\/uploads\/2025\/05\/cropped-favicon.png","contentUrl":"https:\/\/domainfirm.it\/wp-content\/uploads\/2025\/05\/cropped-favicon.png","width":512,"height":512,"caption":"DomainFirm.XX"},"image":{"@id":"https:\/\/domainfirm.it\/it\/#\/schema\/logo\/image\/"}}]}},"_links":{"self":[{"href":"https:\/\/domainfirm.it\/it\/wp-json\/wp\/v2\/pages\/34251","targetHints":{"allow":["GET"]}}],"collection":[{"href":"https:\/\/domainfirm.it\/it\/wp-json\/wp\/v2\/pages"}],"about":[{"href":"https:\/\/domainfirm.it\/it\/wp-json\/wp\/v2\/types\/page"}],"author":[{"embeddable":true,"href":"https:\/\/domainfirm.it\/it\/wp-json\/wp\/v2\/users\/1"}],"replies":[{"embeddable":true,"href":"https:\/\/domainfirm.it\/it\/wp-json\/wp\/v2\/comments?post=34251"}],"version-history":[{"count":2,"href":"https:\/\/domainfirm.it\/it\/wp-json\/wp\/v2\/pages\/34251\/revisions"}],"predecessor-version":[{"id":34253,"href":"https:\/\/domainfirm.it\/it\/wp-json\/wp\/v2\/pages\/34251\/revisions\/34253"}],"wp:attachment":[{"href":"https:\/\/domainfirm.it\/it\/wp-json\/wp\/v2\/media?parent=34251"}],"curies":[{"name":"wp","href":"https:\/\/api.w.org\/{rel}","templated":true}]}}