{"id":33169,"date":"2025-07-23T13:48:38","date_gmt":"2025-07-23T11:48:38","guid":{"rendered":"https:\/\/domainfirm.it\/it\/catalogo\/senza-categoria\/spacelaw-it\/"},"modified":"2025-11-25T16:49:28","modified_gmt":"2025-11-25T14:49:28","slug":"spacelaw-it","status":"publish","type":"product","link":"https:\/\/domainfirm.it\/it\/domini-premium\/spacelaw-it\/","title":{"rendered":"SpaceLaw.it"},"content":{"rendered":"<div class=\"wpb-content-wrapper\"><p>[vc_row][vc_column]<div id=\"domai-570614629\" style=\"margin-left: auto;margin-right: auto;text-align: center;\"><div data-id=viator-banner data-partner-id=P00295010 data-url=\"https:\/\/www.viator.com\/\" data-banner-width=728 data-banner-height=90 data-banner-language=it data-banner-selection=banner1 data-campaign=\"XX-VIATOR\" ><\/div>\r\n<script async src=\"https:\/\/partners.vtrcdn.com\/static\/scripts\/banners\/banners.js\"><\/script><\/div>[vc_separator css=&#8221;.vc_custom_1761169303406{margin-bottom: 0px !important;padding-top: 30px !important;padding-bottom: 50px !important;}&#8221;][vc_column_text css=&#8221;&#8221;]<\/p>\n<h3><strong>Perch\u00e8 Scegliere SpaceLaw.it<\/strong><\/h3>\n<p data-start=\"249\" data-end=\"920\">SpaceLaw.it \u00e8 un dominio dal potenziale strategico enorme, perfetto per intercettare l\u2019intersezione tra spazio, tecnologia, diritto internazionale e New Space Economy. In un periodo storico in cui la presenza privata in orbita cresce in modo esponenziale \u2014 satelliti commerciali, costellazioni mega-LEO, missioni robotiche, turismo spaziale, servizi di data-relay \u2014 aumenta anche la richiesta di consulenza legale specializzata. E proprio qui <em data-start=\"911\" data-end=\"924\">SpaceLaw.it<\/em> pu\u00f2 diventare un punto di riferimento autorevole.<\/p>\n<section aria-labelledby=\"desc-title\"><\/section>\n<p>[\/vc_column_text][vc_column_text css=&#8221;&#8221;]<\/p>\n<p data-start=\"990\" data-end=\"1539\">Il dominio \u00e8 corto, diretto, perfettamente allineato alla terminologia utilizzata dalla comunit\u00e0 internazionale, dalle agenzie spaziali (ESA, NASA, JAXA), dalle istituzioni UE e dagli operatori privati coinvolti nei programmi commerciali orbitanti e lunari. La parola chiave \u201cSpace Law\u201d \u00e8 globale, ricercata e riconoscibile: rappresenta un settore di nicchia ma in fortissima espansione, dove startup, fondi, consorzi e universit\u00e0 cercano contenuti affidabili, linee guida e expertise.<\/p>\n<p>[\/vc_column_text][vc_column_text css=&#8221;&#8221;]<em data-start=\"1463\" data-end=\"1476\">SpaceLaw.it<\/em> pu\u00f2 ospitare una piattaforma moderna dedicata a tematiche cruciali come responsabilit\u00e0 dei lanciatori, propriet\u00e0 e uso delle risorse extraterrestri, regolamenti sul traffico orbitale, normative su telemetria e tele-operazioni, cybersecurity satellitare, AI nei sistemi autonomi spaziali, trattati internazionali e compliance per operatori commerciali. Il dominio \u00e8 ideale anche per analisi sull\u2019AI Act applicato ai sistemi robotici spaziali, per i profili di due diligence legati all\u2019assicurazione satellitare e per l\u2019inquadramento delle attivit\u00e0 dual-use.[\/vc_column_text][vc_column_text css=&#8221;&#8221;]<\/p>\n<p data-start=\"2403\" data-end=\"2894\">Oltre al lato informativo, <em data-start=\"2062\" data-end=\"2075\">SpaceLaw.it<\/em> pu\u00f2 diventare un asset commerciale per: studi legali specialistici, osservatori, centri di ricerca, servizi di compliance per l\u2019industria aerospaziale, societ\u00e0 di ingegneria, startup space-tech e programmi universitari. La monetizzazione \u00e8 naturale: sponsorizzazioni, contenuti premium, report, adv verticale e vendita o licenza del dominio stesso.<\/p>\n<p>[\/vc_column_text][vc_column_text css=&#8221;&#8221;]<\/p>\n<p data-start=\"3227\" data-end=\"3489\">Per un\u2019azienda o un professionista che vuole posizionarsi come autorit\u00e0 nel settore space-tech, questo dominio rappresenta una base perfetta: chiara, credibile, memorabile e con una forte capacit\u00e0 di posizionamento organico su keyword professionali e ad alto valore.<\/p>\n<p>[\/vc_column_text][vc_separator css=&#8221;.vc_custom_1760652469128{margin-bottom: 0px !important;padding-top: 0px !important;padding-bottom: 30px !important;}&#8221;]<div id=\"domai-57104982\" style=\"margin-left: auto;margin-right: auto;text-align: center;\"><a href=\"https:\/\/domainfirm.it\/it\/adv-domain\/\" target=\"_blank\" aria-label=\"Banner ADV\"><img loading=\"lazy\" decoding=\"async\" src=\"https:\/\/domainfirm.it\/wp-content\/uploads\/2026\/03\/banner-adv.jpg\" alt=\"Banner ADV\"  srcset=\"https:\/\/domainfirm.it\/wp-content\/uploads\/2026\/03\/banner-adv.jpg 730w, https:\/\/domainfirm.it\/wp-content\/uploads\/2026\/03\/banner-adv-300x37.jpg 300w, https:\/\/domainfirm.it\/wp-content\/uploads\/2026\/03\/banner-adv-600x74.jpg 600w\" sizes=\"auto, (max-width: 730px) 100vw, 730px\" width=\"730\" height=\"90\"  style=\"display: inline-block;\" \/><\/a><\/div>[\/vc_column][\/vc_row]<\/p>\n<\/div>","protected":false},"excerpt":{"rendered":"<p>SpaceLaw.it \u00e8 il dominio ideale per chi vuole presidiare il settore del diritto dello spazio, governance orbitale e New Space Economy. Breve, credibile e perfettamente in linea con la terminologia internazionale, consente un posizionamento naturale su temi come responsabilit\u00e0 spaziale, regolamenti UE\/NASA\/ESA, sfruttamento delle risorse extraterrestri, cybersecurity satellitare e compliance per missioni commerciali. Perfetto per studi legali, osservatori, universit\u00e0, centri di ricerca o startup space-tech. Un asset premium in un mercato globale in piena espansione.<\/p>\n","protected":false},"featured_media":32279,"template":"","meta":{"_acf_changed":false},"product_brand":[],"product_cat":[23,47],"product_tag":[],"class_list":{"0":"post-33169","1":"product","2":"type-product","3":"status-publish","4":"has-post-thumbnail","6":"product_cat-legal-domini-premium","7":"product_cat-space-domini-premium","9":"first","10":"instock","11":"taxable","12":"shipping-taxable","13":"product-type-simple"},"acf":[],"yoast_head":"<!-- This site is optimized with the Yoast SEO plugin v26.8 - https:\/\/yoast.com\/product\/yoast-seo-wordpress\/ -->\n<title>SpaceLaw.it \u2013 Diritto dello Spazio, New Space Economy e Space Governance | DomainFirm.XX<\/title>\n<meta name=\"description\" content=\"Domino premium dedicato al diritto dello spazio e alla New Space Economy. Perfetto per progetti legali, ricerca, startup space-tech e governance orbitale.\" \/>\n<meta name=\"robots\" content=\"index, follow, max-snippet:-1, max-image-preview:large, max-video-preview:-1\" \/>\n<link rel=\"canonical\" href=\"https:\/\/domainfirm.it\/en\/domini-premium\/spacelaw-it\/\" \/>\n<meta property=\"og:locale\" content=\"it_IT\" \/>\n<meta property=\"og:type\" content=\"article\" \/>\n<meta property=\"og:title\" content=\"SpaceLaw.it \u2013 Diritto dello Spazio, New Space Economy e Space Governance | DomainFirm.XX\" \/>\n<meta property=\"og:description\" content=\"Domino premium dedicato al diritto dello spazio e alla New Space Economy. Perfetto per progetti legali, ricerca, startup space-tech e governance orbitale.\" \/>\n<meta property=\"og:url\" content=\"https:\/\/domainfirm.it\/en\/domini-premium\/spacelaw-it\/\" \/>\n<meta property=\"og:site_name\" content=\"DomainFirm.XX\" \/>\n<meta property=\"article:modified_time\" content=\"2025-11-25T14:49:28+00:00\" \/>\n<meta property=\"og:image\" content=\"https:\/\/domainfirm.it\/wp-content\/uploads\/2025\/05\/xx-shop.png\" \/>\n\t<meta property=\"og:image:width\" content=\"436\" \/>\n\t<meta property=\"og:image:height\" content=\"436\" \/>\n\t<meta property=\"og:image:type\" content=\"image\/png\" \/>\n<meta name=\"twitter:card\" content=\"summary_large_image\" \/>\n<meta name=\"twitter:label1\" content=\"Tempo di lettura stimato\" \/>\n\t<meta name=\"twitter:data1\" content=\"2 minuti\" \/>\n<script type=\"application\/ld+json\" class=\"yoast-schema-graph\">{\"@context\":\"https:\/\/schema.org\",\"@graph\":[{\"@type\":\"WebPage\",\"@id\":\"https:\/\/domainfirm.it\/en\/domini-premium\/spacelaw-it\/\",\"url\":\"https:\/\/domainfirm.it\/en\/domini-premium\/spacelaw-it\/\",\"name\":\"SpaceLaw.it \u2013 Diritto dello Spazio, New Space Economy e Space Governance | DomainFirm.XX\",\"isPartOf\":{\"@id\":\"https:\/\/domainfirm.it\/it\/#website\"},\"primaryImageOfPage\":{\"@id\":\"https:\/\/domainfirm.it\/en\/domini-premium\/spacelaw-it\/#primaryimage\"},\"image\":{\"@id\":\"https:\/\/domainfirm.it\/en\/domini-premium\/spacelaw-it\/#primaryimage\"},\"thumbnailUrl\":\"https:\/\/domainfirm.it\/wp-content\/uploads\/2025\/05\/xx-shop.png\",\"datePublished\":\"2025-07-23T11:48:38+00:00\",\"dateModified\":\"2025-11-25T14:49:28+00:00\",\"description\":\"Domino premium dedicato al diritto dello spazio e alla New Space Economy. Perfetto per progetti legali, ricerca, startup space-tech e governance orbitale.\",\"breadcrumb\":{\"@id\":\"https:\/\/domainfirm.it\/en\/domini-premium\/spacelaw-it\/#breadcrumb\"},\"inLanguage\":\"it-IT\",\"potentialAction\":[{\"@type\":\"ReadAction\",\"target\":[\"https:\/\/domainfirm.it\/en\/domini-premium\/spacelaw-it\/\"]}]},{\"@type\":\"ImageObject\",\"inLanguage\":\"it-IT\",\"@id\":\"https:\/\/domainfirm.it\/en\/domini-premium\/spacelaw-it\/#primaryimage\",\"url\":\"https:\/\/domainfirm.it\/wp-content\/uploads\/2025\/05\/xx-shop.png\",\"contentUrl\":\"https:\/\/domainfirm.it\/wp-content\/uploads\/2025\/05\/xx-shop.png\",\"width\":436,\"height\":436,\"caption\":\"Domain Premium Hub | DomainFirm.XX\"},{\"@type\":\"BreadcrumbList\",\"@id\":\"https:\/\/domainfirm.it\/en\/domini-premium\/spacelaw-it\/#breadcrumb\",\"itemListElement\":[{\"@type\":\"ListItem\",\"position\":1,\"name\":\"Home\",\"item\":\"https:\/\/domainfirm.it\/it\/\"},{\"@type\":\"ListItem\",\"position\":2,\"name\":\"Catalogo\",\"item\":\"https:\/\/domainfirm.it\/it\/catalogo\/\"},{\"@type\":\"ListItem\",\"position\":3,\"name\":\"SpaceLaw.it\"}]},{\"@type\":\"WebSite\",\"@id\":\"https:\/\/domainfirm.it\/it\/#website\",\"url\":\"https:\/\/domainfirm.it\/it\/\",\"name\":\"DomainFirm.XX\",\"description\":\"Premium Domains. Prime Opportunities.\",\"publisher\":{\"@id\":\"https:\/\/domainfirm.it\/it\/#organization\"},\"alternateName\":\"DomainFirm.XX\",\"potentialAction\":[{\"@type\":\"SearchAction\",\"target\":{\"@type\":\"EntryPoint\",\"urlTemplate\":\"https:\/\/domainfirm.it\/it\/?s={search_term_string}\"},\"query-input\":{\"@type\":\"PropertyValueSpecification\",\"valueRequired\":true,\"valueName\":\"search_term_string\"}}],\"inLanguage\":\"it-IT\"},{\"@type\":\"Organization\",\"@id\":\"https:\/\/domainfirm.it\/it\/#organization\",\"name\":\"DomainFirm.XX\",\"alternateName\":\"DomainFirm.XX\",\"url\":\"https:\/\/domainfirm.it\/it\/\",\"logo\":{\"@type\":\"ImageObject\",\"inLanguage\":\"it-IT\",\"@id\":\"https:\/\/domainfirm.it\/it\/#\/schema\/logo\/image\/\",\"url\":\"https:\/\/domainfirm.it\/wp-content\/uploads\/2025\/05\/cropped-favicon.png\",\"contentUrl\":\"https:\/\/domainfirm.it\/wp-content\/uploads\/2025\/05\/cropped-favicon.png\",\"width\":512,\"height\":512,\"caption\":\"DomainFirm.XX\"},\"image\":{\"@id\":\"https:\/\/domainfirm.it\/it\/#\/schema\/logo\/image\/\"}}]}<\/script>\n<!-- \/ Yoast SEO plugin. -->","yoast_head_json":{"title":"SpaceLaw.it \u2013 Diritto dello Spazio, New Space Economy e Space Governance | DomainFirm.XX","description":"Domino premium dedicato al diritto dello spazio e alla New Space Economy. Perfetto per progetti legali, ricerca, startup space-tech e governance orbitale.","robots":{"index":"index","follow":"follow","max-snippet":"max-snippet:-1","max-image-preview":"max-image-preview:large","max-video-preview":"max-video-preview:-1"},"canonical":"https:\/\/domainfirm.it\/en\/domini-premium\/spacelaw-it\/","og_locale":"it_IT","og_type":"article","og_title":"SpaceLaw.it \u2013 Diritto dello Spazio, New Space Economy e Space Governance | DomainFirm.XX","og_description":"Domino premium dedicato al diritto dello spazio e alla New Space Economy. Perfetto per progetti legali, ricerca, startup space-tech e governance orbitale.","og_url":"https:\/\/domainfirm.it\/en\/domini-premium\/spacelaw-it\/","og_site_name":"DomainFirm.XX","article_modified_time":"2025-11-25T14:49:28+00:00","og_image":[{"width":436,"height":436,"url":"https:\/\/domainfirm.it\/wp-content\/uploads\/2025\/05\/xx-shop.png","type":"image\/png"}],"twitter_card":"summary_large_image","twitter_misc":{"Tempo di lettura stimato":"2 minuti"},"schema":{"@context":"https:\/\/schema.org","@graph":[{"@type":"WebPage","@id":"https:\/\/domainfirm.it\/en\/domini-premium\/spacelaw-it\/","url":"https:\/\/domainfirm.it\/en\/domini-premium\/spacelaw-it\/","name":"SpaceLaw.it \u2013 Diritto dello Spazio, New Space Economy e Space Governance | DomainFirm.XX","isPartOf":{"@id":"https:\/\/domainfirm.it\/it\/#website"},"primaryImageOfPage":{"@id":"https:\/\/domainfirm.it\/en\/domini-premium\/spacelaw-it\/#primaryimage"},"image":{"@id":"https:\/\/domainfirm.it\/en\/domini-premium\/spacelaw-it\/#primaryimage"},"thumbnailUrl":"https:\/\/domainfirm.it\/wp-content\/uploads\/2025\/05\/xx-shop.png","datePublished":"2025-07-23T11:48:38+00:00","dateModified":"2025-11-25T14:49:28+00:00","description":"Domino premium dedicato al diritto dello spazio e alla New Space Economy. Perfetto per progetti legali, ricerca, startup space-tech e governance orbitale.","breadcrumb":{"@id":"https:\/\/domainfirm.it\/en\/domini-premium\/spacelaw-it\/#breadcrumb"},"inLanguage":"it-IT","potentialAction":[{"@type":"ReadAction","target":["https:\/\/domainfirm.it\/en\/domini-premium\/spacelaw-it\/"]}]},{"@type":"ImageObject","inLanguage":"it-IT","@id":"https:\/\/domainfirm.it\/en\/domini-premium\/spacelaw-it\/#primaryimage","url":"https:\/\/domainfirm.it\/wp-content\/uploads\/2025\/05\/xx-shop.png","contentUrl":"https:\/\/domainfirm.it\/wp-content\/uploads\/2025\/05\/xx-shop.png","width":436,"height":436,"caption":"Domain Premium Hub | DomainFirm.XX"},{"@type":"BreadcrumbList","@id":"https:\/\/domainfirm.it\/en\/domini-premium\/spacelaw-it\/#breadcrumb","itemListElement":[{"@type":"ListItem","position":1,"name":"Home","item":"https:\/\/domainfirm.it\/it\/"},{"@type":"ListItem","position":2,"name":"Catalogo","item":"https:\/\/domainfirm.it\/it\/catalogo\/"},{"@type":"ListItem","position":3,"name":"SpaceLaw.it"}]},{"@type":"WebSite","@id":"https:\/\/domainfirm.it\/it\/#website","url":"https:\/\/domainfirm.it\/it\/","name":"DomainFirm.XX","description":"Premium Domains. Prime Opportunities.","publisher":{"@id":"https:\/\/domainfirm.it\/it\/#organization"},"alternateName":"DomainFirm.XX","potentialAction":[{"@type":"SearchAction","target":{"@type":"EntryPoint","urlTemplate":"https:\/\/domainfirm.it\/it\/?s={search_term_string}"},"query-input":{"@type":"PropertyValueSpecification","valueRequired":true,"valueName":"search_term_string"}}],"inLanguage":"it-IT"},{"@type":"Organization","@id":"https:\/\/domainfirm.it\/it\/#organization","name":"DomainFirm.XX","alternateName":"DomainFirm.XX","url":"https:\/\/domainfirm.it\/it\/","logo":{"@type":"ImageObject","inLanguage":"it-IT","@id":"https:\/\/domainfirm.it\/it\/#\/schema\/logo\/image\/","url":"https:\/\/domainfirm.it\/wp-content\/uploads\/2025\/05\/cropped-favicon.png","contentUrl":"https:\/\/domainfirm.it\/wp-content\/uploads\/2025\/05\/cropped-favicon.png","width":512,"height":512,"caption":"DomainFirm.XX"},"image":{"@id":"https:\/\/domainfirm.it\/it\/#\/schema\/logo\/image\/"}}]}},"_links":{"self":[{"href":"https:\/\/domainfirm.it\/it\/wp-json\/wp\/v2\/product\/33169","targetHints":{"allow":["GET"]}}],"collection":[{"href":"https:\/\/domainfirm.it\/it\/wp-json\/wp\/v2\/product"}],"about":[{"href":"https:\/\/domainfirm.it\/it\/wp-json\/wp\/v2\/types\/product"}],"wp:featuredmedia":[{"embeddable":true,"href":"https:\/\/domainfirm.it\/it\/wp-json\/wp\/v2\/media\/32279"}],"wp:attachment":[{"href":"https:\/\/domainfirm.it\/it\/wp-json\/wp\/v2\/media?parent=33169"}],"wp:term":[{"taxonomy":"product_brand","embeddable":true,"href":"https:\/\/domainfirm.it\/it\/wp-json\/wp\/v2\/product_brand?post=33169"},{"taxonomy":"product_cat","embeddable":true,"href":"https:\/\/domainfirm.it\/it\/wp-json\/wp\/v2\/product_cat?post=33169"},{"taxonomy":"product_tag","embeddable":true,"href":"https:\/\/domainfirm.it\/it\/wp-json\/wp\/v2\/product_tag?post=33169"}],"curies":[{"name":"wp","href":"https:\/\/api.w.org\/{rel}","templated":true}]}}