{"id":33461,"date":"2025-08-31T13:00:40","date_gmt":"2025-08-31T11:00:40","guid":{"rendered":"https:\/\/domainfirm.it\/it\/?post_type=product&#038;p=33461"},"modified":"2026-03-03T16:28:26","modified_gmt":"2026-03-03T14:28:26","slug":"underwatereconomy-it","status":"publish","type":"product","link":"https:\/\/domainfirm.it\/it\/domini-premium\/underwatereconomy-it\/","title":{"rendered":"UnderwaterEconomy.it"},"content":{"rendered":"<div class=\"wpb-content-wrapper\"><p>[vc_row][vc_column]<div id=\"domai-584192098\" style=\"margin-left: auto;margin-right: auto;text-align: center;\"><a href=\"https:\/\/domainfirm.it\" target=\"_blank\" aria-label=\"Domain Premium Hub | DomainFirm.XX\"><img loading=\"lazy\" decoding=\"async\" src=\"https:\/\/domainfirm.it\/wp-content\/uploads\/2025\/10\/banner-xx-728x90-1.jpg\" alt=\"Domain Premium Hub | DomainFirm.XX\"  srcset=\"https:\/\/domainfirm.it\/wp-content\/uploads\/2025\/10\/banner-xx-728x90-1.jpg 726w, https:\/\/domainfirm.it\/wp-content\/uploads\/2025\/10\/banner-xx-728x90-1-300x37.jpg 300w, https:\/\/domainfirm.it\/wp-content\/uploads\/2025\/10\/banner-xx-728x90-1-600x74.jpg 600w\" sizes=\"auto, (max-width: 726px) 100vw, 726px\" width=\"726\" height=\"90\"  style=\"display: inline-block;\" \/><\/a><\/div>[vc_separator css=&#8221;.vc_custom_1761169303406{margin-bottom: 0px !important;padding-top: 30px !important;padding-bottom: 50px !important;}&#8221;][vc_column_text css=&#8221;&#8221;]<\/p>\n<h1><strong>Why UnderwaterEconomy.it<\/strong><\/h1>\n<p data-start=\"399\" data-end=\"692\"><strong data-start=\"399\" data-end=\"423\">UnderwaterEconomy.it<\/strong> \u00e8 un dominio premium ad altissima valenza strategica che intercetta uno dei macro-trend emergenti dei prossimi vent\u2019anni: l\u2019economia sottomarina. Se la Space Economy rappresenta la nuova frontiera orbitale, l\u2019Underwater Economy rappresenta la nuova frontiera abissale.<\/p>\n<p data-start=\"694\" data-end=\"982\">Parliamo di infrastrutture sottomarine, cavi in fibra ottica, data center subacquei, eolico offshore, estrazione di minerali dai fondali, robotica marina, sorveglianza subacquea, sicurezza marittima, biotecnologie marine, carbon capture oceanico e gestione delle risorse del Mediterraneo.<\/p>\n<p data-start=\"984\" data-end=\"1250\">Oltre il 95% del traffico internet mondiale viaggia attraverso cavi sottomarini. L\u2019energia offshore \u00e8 in forte espansione. I fondali marini sono oggetto di crescente interesse geopolitico. L\u2019economia del mare non \u00e8 pi\u00f9 solo pesca e turismo: \u00e8 infrastruttura critica.<\/p>\n<p data-start=\"1252\" data-end=\"1505\">UnderwaterEconomy.it \u00e8 un dominio ampio, autorevole, non limitato a una singola tecnologia. Questo lo rende pi\u00f9 longevo e difendibile rispetto a nomi verticali come \u201cseabedmining\u201d o \u201coffshoreenergy\u201d. \u00c8 un cappello strategico sotto cui possono convivere:<\/p>\n<ul data-start=\"1507\" data-end=\"1745\">\n<li data-start=\"1507\" data-end=\"1544\">\n<p data-start=\"1509\" data-end=\"1544\">Osservatorio sull\u2019economia del mare<\/p>\n<\/li>\n<li data-start=\"1545\" data-end=\"1583\">\n<p data-start=\"1547\" data-end=\"1583\">Think tank su governance dei fondali<\/p>\n<\/li>\n<li data-start=\"1584\" data-end=\"1631\">\n<p data-start=\"1586\" data-end=\"1631\">Portale informativo su tecnologie sottomarine<\/p>\n<\/li>\n<li data-start=\"1632\" data-end=\"1667\">\n<p data-start=\"1634\" data-end=\"1667\">Hub per investimenti blue economy<\/p>\n<\/li>\n<li data-start=\"1668\" data-end=\"1693\">\n<p data-start=\"1670\" data-end=\"1693\">Summit o forum tematico<\/p>\n<\/li>\n<li data-start=\"1694\" data-end=\"1745\">\n<p data-start=\"1696\" data-end=\"1745\">Centro studi su sicurezza e geopolitica marittima<\/p>\n<\/li>\n<\/ul>\n<p data-start=\"1747\" data-end=\"1926\">In ottica italiana ed europea, il dominio pu\u00f2 diventare un punto di riferimento per il Mediterraneo: porti, cantieri navali, offshore, difesa, infrastrutture digitali sottomarine.<\/p>\n<p>[\/vc_column_text][vc_separator css=&#8221;.vc_custom_1760652469128{margin-bottom: 0px !important;padding-top: 0px !important;padding-bottom: 30px !important;}&#8221;]<div id=\"domai-1868287542\" style=\"margin-left: auto;margin-right: auto;text-align: center;\"><a href=\"https:\/\/domainfirm.it\/it\/adv-domain\/\" target=\"_blank\" aria-label=\"Banner ADV\"><img loading=\"lazy\" decoding=\"async\" src=\"https:\/\/domainfirm.it\/wp-content\/uploads\/2026\/03\/banner-adv.jpg\" alt=\"Banner ADV\"  srcset=\"https:\/\/domainfirm.it\/wp-content\/uploads\/2026\/03\/banner-adv.jpg 730w, https:\/\/domainfirm.it\/wp-content\/uploads\/2026\/03\/banner-adv-300x37.jpg 300w, https:\/\/domainfirm.it\/wp-content\/uploads\/2026\/03\/banner-adv-600x74.jpg 600w\" sizes=\"auto, (max-width: 730px) 100vw, 730px\" width=\"730\" height=\"90\"  style=\"display: inline-block;\" \/><\/a><\/div>[\/vc_column][\/vc_row]<\/p>\n<\/div>","protected":false},"excerpt":{"rendered":"<p>UnderwaterEconomy.it \u00e8 un dominio premium dedicato all\u2019economia sottomarina e alle infrastrutture marine: cavi sottomarini, energia offshore, robotica subacquea, sicurezza marittima e blue economy. Ampio, autorevole e orientato al lungo periodo, rappresenta un asset strategico per think tank, osservatori, piattaforme informative o progetti legati all\u2019innovazione nel Mediterraneo. Ideale in ottica 2030\u20132040, quando l\u2019infrastruttura subacquea sar\u00e0 sempre pi\u00f9 centrale nell\u2019economia globale.<\/p>\n","protected":false},"featured_media":32279,"template":"","meta":{"_acf_changed":false},"product_brand":[],"product_cat":[64,45],"product_tag":[],"class_list":{"0":"post-33461","1":"product","2":"type-product","3":"status-publish","4":"has-post-thumbnail","6":"product_cat-business","7":"product_cat-tech-domini-premium","9":"first","10":"instock","11":"virtual","12":"sold-individually","13":"taxable","14":"product-type-simple"},"acf":[],"yoast_head":"<!-- This site is optimized with the Yoast SEO plugin v26.8 - https:\/\/yoast.com\/product\/yoast-seo-wordpress\/ -->\n<title>UnderwaterEconomy.it - Premium Domain | DomainFirm.XX<\/title>\n<meta name=\"description\" content=\"UnderwaterEconomy.it, dominio premium per progetti su blue economy, innovazione marina e sostenibilit\u00e0. Un asset digitale esclusivo con alto potenziale.\" \/>\n<meta name=\"robots\" content=\"index, follow, max-snippet:-1, max-image-preview:large, max-video-preview:-1\" \/>\n<link rel=\"canonical\" href=\"https:\/\/domainfirm.it\/en\/domini-premium\/underwatereconomy-it\/\" \/>\n<meta property=\"og:locale\" content=\"it_IT\" \/>\n<meta property=\"og:type\" content=\"article\" \/>\n<meta property=\"og:title\" content=\"UnderwaterEconomy.it - Premium Domain | DomainFirm.XX\" \/>\n<meta property=\"og:description\" content=\"UnderwaterEconomy.it, dominio premium per progetti su blue economy, innovazione marina e sostenibilit\u00e0. Un asset digitale esclusivo con alto potenziale.\" \/>\n<meta property=\"og:url\" content=\"https:\/\/domainfirm.it\/en\/domini-premium\/underwatereconomy-it\/\" \/>\n<meta property=\"og:site_name\" content=\"DomainFirm.XX\" \/>\n<meta property=\"article:modified_time\" content=\"2026-03-03T14:28:26+00:00\" \/>\n<meta property=\"og:image\" content=\"https:\/\/domainfirm.it\/wp-content\/uploads\/2025\/05\/xx-shop.png\" \/>\n\t<meta property=\"og:image:width\" content=\"436\" \/>\n\t<meta property=\"og:image:height\" content=\"436\" \/>\n\t<meta property=\"og:image:type\" content=\"image\/png\" \/>\n<meta name=\"twitter:card\" content=\"summary_large_image\" \/>\n<meta name=\"twitter:label1\" content=\"Tempo di lettura stimato\" \/>\n\t<meta name=\"twitter:data1\" content=\"2 minuti\" \/>\n<script type=\"application\/ld+json\" class=\"yoast-schema-graph\">{\"@context\":\"https:\/\/schema.org\",\"@graph\":[{\"@type\":\"WebPage\",\"@id\":\"https:\/\/domainfirm.it\/en\/domini-premium\/underwatereconomy-it\/\",\"url\":\"https:\/\/domainfirm.it\/en\/domini-premium\/underwatereconomy-it\/\",\"name\":\"UnderwaterEconomy.it - Premium Domain | DomainFirm.XX\",\"isPartOf\":{\"@id\":\"https:\/\/domainfirm.it\/it\/#website\"},\"primaryImageOfPage\":{\"@id\":\"https:\/\/domainfirm.it\/en\/domini-premium\/underwatereconomy-it\/#primaryimage\"},\"image\":{\"@id\":\"https:\/\/domainfirm.it\/en\/domini-premium\/underwatereconomy-it\/#primaryimage\"},\"thumbnailUrl\":\"https:\/\/domainfirm.it\/wp-content\/uploads\/2025\/05\/xx-shop.png\",\"datePublished\":\"2025-08-31T11:00:40+00:00\",\"dateModified\":\"2026-03-03T14:28:26+00:00\",\"description\":\"UnderwaterEconomy.it, dominio premium per progetti su blue economy, innovazione marina e sostenibilit\u00e0. Un asset digitale esclusivo con alto potenziale.\",\"breadcrumb\":{\"@id\":\"https:\/\/domainfirm.it\/en\/domini-premium\/underwatereconomy-it\/#breadcrumb\"},\"inLanguage\":\"it-IT\",\"potentialAction\":[{\"@type\":\"ReadAction\",\"target\":[\"https:\/\/domainfirm.it\/en\/domini-premium\/underwatereconomy-it\/\"]}]},{\"@type\":\"ImageObject\",\"inLanguage\":\"it-IT\",\"@id\":\"https:\/\/domainfirm.it\/en\/domini-premium\/underwatereconomy-it\/#primaryimage\",\"url\":\"https:\/\/domainfirm.it\/wp-content\/uploads\/2025\/05\/xx-shop.png\",\"contentUrl\":\"https:\/\/domainfirm.it\/wp-content\/uploads\/2025\/05\/xx-shop.png\",\"width\":436,\"height\":436,\"caption\":\"Domain Premium Hub | DomainFirm.XX\"},{\"@type\":\"BreadcrumbList\",\"@id\":\"https:\/\/domainfirm.it\/en\/domini-premium\/underwatereconomy-it\/#breadcrumb\",\"itemListElement\":[{\"@type\":\"ListItem\",\"position\":1,\"name\":\"Home\",\"item\":\"https:\/\/domainfirm.it\/it\/\"},{\"@type\":\"ListItem\",\"position\":2,\"name\":\"Catalogo\",\"item\":\"https:\/\/domainfirm.it\/it\/catalogo\/\"},{\"@type\":\"ListItem\",\"position\":3,\"name\":\"UnderwaterEconomy.it\"}]},{\"@type\":\"WebSite\",\"@id\":\"https:\/\/domainfirm.it\/it\/#website\",\"url\":\"https:\/\/domainfirm.it\/it\/\",\"name\":\"DomainFirm.XX\",\"description\":\"Premium Domains. Prime Opportunities.\",\"publisher\":{\"@id\":\"https:\/\/domainfirm.it\/it\/#organization\"},\"alternateName\":\"DomainFirm.XX\",\"potentialAction\":[{\"@type\":\"SearchAction\",\"target\":{\"@type\":\"EntryPoint\",\"urlTemplate\":\"https:\/\/domainfirm.it\/it\/?s={search_term_string}\"},\"query-input\":{\"@type\":\"PropertyValueSpecification\",\"valueRequired\":true,\"valueName\":\"search_term_string\"}}],\"inLanguage\":\"it-IT\"},{\"@type\":\"Organization\",\"@id\":\"https:\/\/domainfirm.it\/it\/#organization\",\"name\":\"DomainFirm.XX\",\"alternateName\":\"DomainFirm.XX\",\"url\":\"https:\/\/domainfirm.it\/it\/\",\"logo\":{\"@type\":\"ImageObject\",\"inLanguage\":\"it-IT\",\"@id\":\"https:\/\/domainfirm.it\/it\/#\/schema\/logo\/image\/\",\"url\":\"https:\/\/domainfirm.it\/wp-content\/uploads\/2025\/05\/cropped-favicon.png\",\"contentUrl\":\"https:\/\/domainfirm.it\/wp-content\/uploads\/2025\/05\/cropped-favicon.png\",\"width\":512,\"height\":512,\"caption\":\"DomainFirm.XX\"},\"image\":{\"@id\":\"https:\/\/domainfirm.it\/it\/#\/schema\/logo\/image\/\"}}]}<\/script>\n<!-- \/ Yoast SEO plugin. -->","yoast_head_json":{"title":"UnderwaterEconomy.it - Premium Domain | DomainFirm.XX","description":"UnderwaterEconomy.it, dominio premium per progetti su blue economy, innovazione marina e sostenibilit\u00e0. Un asset digitale esclusivo con alto potenziale.","robots":{"index":"index","follow":"follow","max-snippet":"max-snippet:-1","max-image-preview":"max-image-preview:large","max-video-preview":"max-video-preview:-1"},"canonical":"https:\/\/domainfirm.it\/en\/domini-premium\/underwatereconomy-it\/","og_locale":"it_IT","og_type":"article","og_title":"UnderwaterEconomy.it - Premium Domain | DomainFirm.XX","og_description":"UnderwaterEconomy.it, dominio premium per progetti su blue economy, innovazione marina e sostenibilit\u00e0. Un asset digitale esclusivo con alto potenziale.","og_url":"https:\/\/domainfirm.it\/en\/domini-premium\/underwatereconomy-it\/","og_site_name":"DomainFirm.XX","article_modified_time":"2026-03-03T14:28:26+00:00","og_image":[{"width":436,"height":436,"url":"https:\/\/domainfirm.it\/wp-content\/uploads\/2025\/05\/xx-shop.png","type":"image\/png"}],"twitter_card":"summary_large_image","twitter_misc":{"Tempo di lettura stimato":"2 minuti"},"schema":{"@context":"https:\/\/schema.org","@graph":[{"@type":"WebPage","@id":"https:\/\/domainfirm.it\/en\/domini-premium\/underwatereconomy-it\/","url":"https:\/\/domainfirm.it\/en\/domini-premium\/underwatereconomy-it\/","name":"UnderwaterEconomy.it - Premium Domain | DomainFirm.XX","isPartOf":{"@id":"https:\/\/domainfirm.it\/it\/#website"},"primaryImageOfPage":{"@id":"https:\/\/domainfirm.it\/en\/domini-premium\/underwatereconomy-it\/#primaryimage"},"image":{"@id":"https:\/\/domainfirm.it\/en\/domini-premium\/underwatereconomy-it\/#primaryimage"},"thumbnailUrl":"https:\/\/domainfirm.it\/wp-content\/uploads\/2025\/05\/xx-shop.png","datePublished":"2025-08-31T11:00:40+00:00","dateModified":"2026-03-03T14:28:26+00:00","description":"UnderwaterEconomy.it, dominio premium per progetti su blue economy, innovazione marina e sostenibilit\u00e0. Un asset digitale esclusivo con alto potenziale.","breadcrumb":{"@id":"https:\/\/domainfirm.it\/en\/domini-premium\/underwatereconomy-it\/#breadcrumb"},"inLanguage":"it-IT","potentialAction":[{"@type":"ReadAction","target":["https:\/\/domainfirm.it\/en\/domini-premium\/underwatereconomy-it\/"]}]},{"@type":"ImageObject","inLanguage":"it-IT","@id":"https:\/\/domainfirm.it\/en\/domini-premium\/underwatereconomy-it\/#primaryimage","url":"https:\/\/domainfirm.it\/wp-content\/uploads\/2025\/05\/xx-shop.png","contentUrl":"https:\/\/domainfirm.it\/wp-content\/uploads\/2025\/05\/xx-shop.png","width":436,"height":436,"caption":"Domain Premium Hub | DomainFirm.XX"},{"@type":"BreadcrumbList","@id":"https:\/\/domainfirm.it\/en\/domini-premium\/underwatereconomy-it\/#breadcrumb","itemListElement":[{"@type":"ListItem","position":1,"name":"Home","item":"https:\/\/domainfirm.it\/it\/"},{"@type":"ListItem","position":2,"name":"Catalogo","item":"https:\/\/domainfirm.it\/it\/catalogo\/"},{"@type":"ListItem","position":3,"name":"UnderwaterEconomy.it"}]},{"@type":"WebSite","@id":"https:\/\/domainfirm.it\/it\/#website","url":"https:\/\/domainfirm.it\/it\/","name":"DomainFirm.XX","description":"Premium Domains. Prime Opportunities.","publisher":{"@id":"https:\/\/domainfirm.it\/it\/#organization"},"alternateName":"DomainFirm.XX","potentialAction":[{"@type":"SearchAction","target":{"@type":"EntryPoint","urlTemplate":"https:\/\/domainfirm.it\/it\/?s={search_term_string}"},"query-input":{"@type":"PropertyValueSpecification","valueRequired":true,"valueName":"search_term_string"}}],"inLanguage":"it-IT"},{"@type":"Organization","@id":"https:\/\/domainfirm.it\/it\/#organization","name":"DomainFirm.XX","alternateName":"DomainFirm.XX","url":"https:\/\/domainfirm.it\/it\/","logo":{"@type":"ImageObject","inLanguage":"it-IT","@id":"https:\/\/domainfirm.it\/it\/#\/schema\/logo\/image\/","url":"https:\/\/domainfirm.it\/wp-content\/uploads\/2025\/05\/cropped-favicon.png","contentUrl":"https:\/\/domainfirm.it\/wp-content\/uploads\/2025\/05\/cropped-favicon.png","width":512,"height":512,"caption":"DomainFirm.XX"},"image":{"@id":"https:\/\/domainfirm.it\/it\/#\/schema\/logo\/image\/"}}]}},"_links":{"self":[{"href":"https:\/\/domainfirm.it\/it\/wp-json\/wp\/v2\/product\/33461","targetHints":{"allow":["GET"]}}],"collection":[{"href":"https:\/\/domainfirm.it\/it\/wp-json\/wp\/v2\/product"}],"about":[{"href":"https:\/\/domainfirm.it\/it\/wp-json\/wp\/v2\/types\/product"}],"wp:featuredmedia":[{"embeddable":true,"href":"https:\/\/domainfirm.it\/it\/wp-json\/wp\/v2\/media\/32279"}],"wp:attachment":[{"href":"https:\/\/domainfirm.it\/it\/wp-json\/wp\/v2\/media?parent=33461"}],"wp:term":[{"taxonomy":"product_brand","embeddable":true,"href":"https:\/\/domainfirm.it\/it\/wp-json\/wp\/v2\/product_brand?post=33461"},{"taxonomy":"product_cat","embeddable":true,"href":"https:\/\/domainfirm.it\/it\/wp-json\/wp\/v2\/product_cat?post=33461"},{"taxonomy":"product_tag","embeddable":true,"href":"https:\/\/domainfirm.it\/it\/wp-json\/wp\/v2\/product_tag?post=33461"}],"curies":[{"name":"wp","href":"https:\/\/api.w.org\/{rel}","templated":true}]}}