{"id":33510,"date":"2025-10-24T17:56:42","date_gmt":"2025-10-24T15:56:42","guid":{"rendered":"https:\/\/domainfirm.it\/it\/?post_type=product&#038;p=33510"},"modified":"2025-10-24T18:13:29","modified_gmt":"2025-10-24T16:13:29","slug":"formaggi-di-sicilia-com","status":"publish","type":"product","link":"https:\/\/domainfirm.it\/it\/domini-premium\/formaggi-di-sicilia-com\/","title":{"rendered":"FormaggidiSicilia.com"},"content":{"rendered":"<div class=\"wpb-content-wrapper\"><p>[vc_row][vc_column]<div id=\"domai-25964430\" style=\"margin-left: auto;margin-right: auto;text-align: center;\"><div data-id=viator-banner data-partner-id=P00295010 data-url=\"https:\/\/www.viator.com\/\" data-banner-width=728 data-banner-height=90 data-banner-language=it data-banner-selection=banner1 data-campaign=\"XX-VIATOR\" ><\/div>\r\n<script async src=\"https:\/\/partners.vtrcdn.com\/static\/scripts\/banners\/banners.js\"><\/script><\/div>[vc_separator css=&#8221;.vc_custom_1761169303406{margin-bottom: 0px !important;padding-top: 30px !important;padding-bottom: 50px !important;}&#8221;][vc_column_text css=&#8221;&#8221;]<\/p>\n<p data-start=\"1389\" data-end=\"1603\"><strong data-start=\"1389\" data-end=\"1414\">FormaggiDiSicilia.com<\/strong> \u00e8 molto pi\u00f9 di un dominio: \u00e8 un brand potenziale, un\u2019identit\u00e0 digitale gi\u00e0 pronta per rappresentare l\u2019autenticit\u00e0 e la ricchezza gastronomica di una delle regioni pi\u00f9 iconiche del mondo.<\/p>\n<p data-start=\"1605\" data-end=\"1974\">Chi conosce la Sicilia sa che i suoi formaggi non sono semplici prodotti: sono racconti di pascoli, di mani esperte, di latte appena munto e di una cultura millenaria che si rinnova ogni giorno. Da questi valori nasce la forza del nome <em data-start=\"1841\" data-end=\"1864\">FormaggiDiSicilia.com<\/em>: chiaro, evocativo e perfetto per intercettare l\u2019interesse di chi cerca online i sapori autentici dell\u2019isola.<\/p>\n<p data-start=\"1976\" data-end=\"2034\">Il dominio si presta a <strong data-start=\"1999\" data-end=\"2033\">molteplici sviluppi strategici<\/strong>:<\/p>\n<ul data-start=\"2035\" data-end=\"2751\">\n<li data-start=\"2035\" data-end=\"2255\">\n<p data-start=\"2037\" data-end=\"2255\"><strong data-start=\"2040\" data-end=\"2087\">E-commerce o marketplace di prodotti tipici<\/strong>: vendere online i migliori formaggi artigianali siciliani, dai DOP come Ragusano, Pecorino Siciliano e Piacentinu Ennese fino alle specialit\u00e0 locali meno conosciute.<\/p>\n<\/li>\n<li data-start=\"2256\" data-end=\"2422\">\n<p data-start=\"2258\" data-end=\"2422\"><strong data-start=\"2261\" data-end=\"2298\">Portale turistico-enogastronomico<\/strong>: promuovere percorsi del gusto, visite alle aziende casearie, eventi e fiere dedicate alla tradizione casearia siciliana.<\/p>\n<\/li>\n<li data-start=\"2423\" data-end=\"2592\">\n<p data-start=\"2425\" data-end=\"2592\"><strong data-start=\"2428\" data-end=\"2456\">Magazine o blog tematico<\/strong>: raccontare la cultura, le storie dei produttori, le ricette tradizionali e moderne, e posizionarsi come voce autorevole nel settore.<\/p>\n<\/li>\n<li data-start=\"2593\" data-end=\"2751\">\n<p data-start=\"2595\" data-end=\"2751\"><strong data-start=\"2598\" data-end=\"2641\">Brand territoriale o consorzio digitale<\/strong>: un dominio ideale per rappresentare un progetto collettivo di promozione dei formaggi siciliani nel mondo.<\/p>\n<\/li>\n<\/ul>\n<p data-start=\"2753\" data-end=\"3115\">La forza di <em data-start=\"2765\" data-end=\"2788\">FormaggiDiSicilia.com<\/em> sta nella sua <strong data-start=\"2803\" data-end=\"2856\">chiarezza semantica e nel potenziale SEO naturale<\/strong>: la keyword principale \u201cformaggi di Sicilia\u201d \u00e8 altamente ricercata da turisti, appassionati di gastronomia e operatori del settore agroalimentare. Il nome, semplice e immediatamente riconoscibile, trasmette autorevolezza, autenticit\u00e0 e valore territoriale.<\/p>\n<p data-start=\"3117\" data-end=\"3562\">A livello comunicativo, il dominio ha una sonorit\u00e0 piacevole e un\u2019identit\u00e0 forte, perfetta per costruire un brand capace di raccontare gusto, tradizione e qualit\u00e0.<br data-start=\"3280\" data-end=\"3283\" \/>In un\u2019epoca in cui l\u2019enogastronomia e il turismo esperienziale rappresentano leve decisive per la promozione dei territori, <em data-start=\"3407\" data-end=\"3430\">FormaggiDiSicilia.com<\/em> \u00e8 un investimento intelligente: un nome che pu\u00f2 diventare il cuore di un progetto di comunicazione o di business di grande respiro.<\/p>\n<p data-start=\"3564\" data-end=\"3847\">Che tu sia un imprenditore del settore agroalimentare, un consorzio di produttori, un editore o un investitore digitale, <em data-start=\"3685\" data-end=\"3708\">FormaggiDiSicilia.com<\/em> rappresenta una <strong data-start=\"3725\" data-end=\"3745\">opportunit\u00e0 rara<\/strong>: un dominio perfettamente parlante, con un forte impatto emotivo e un immediato valore commerciale.<\/p>\n<p data-start=\"3849\" data-end=\"3991\">Un nome che racchiude tutta la Sicilia in due parole.<br data-start=\"3902\" data-end=\"3905\" \/>E che, con la giusta visione, pu\u00f2 trasformarsi in un marchio riconosciuto nel mondo.<\/p>\n<p>[\/vc_column_text][vc_separator css=&#8221;.vc_custom_1760652469128{margin-bottom: 0px !important;padding-top: 0px !important;padding-bottom: 30px !important;}&#8221;]<div id=\"domai-617321941\" style=\"margin-left: auto;margin-right: auto;text-align: center;\"><a href=\"https:\/\/domainfirm.it\/it\/adv-domain\/\" target=\"_blank\" aria-label=\"Banner ADV\"><img loading=\"lazy\" decoding=\"async\" src=\"https:\/\/domainfirm.it\/wp-content\/uploads\/2026\/03\/banner-adv.jpg\" alt=\"Banner ADV\"  srcset=\"https:\/\/domainfirm.it\/wp-content\/uploads\/2026\/03\/banner-adv.jpg 730w, https:\/\/domainfirm.it\/wp-content\/uploads\/2026\/03\/banner-adv-300x37.jpg 300w, https:\/\/domainfirm.it\/wp-content\/uploads\/2026\/03\/banner-adv-600x74.jpg 600w\" sizes=\"auto, (max-width: 730px) 100vw, 730px\" width=\"730\" height=\"90\"  style=\"display: inline-block;\" \/><\/a><\/div>[\/vc_column][\/vc_row]<\/p>\n<\/div>","protected":false},"excerpt":{"rendered":"<p>FormaggiDiSicilia.com \u00e8 un dominio premium che racchiude in s\u00e9 tutta l\u2019essenza di una delle tradizioni pi\u00f9 amate d\u2019Italia: la produzione casearia siciliana. Parla di sapori autentici, di pascoli assolati e di un territorio unico al mondo.<\/p>\n<p>Perfetto per chi desidera creare un portale dedicato ai formaggi siciliani, un e-commerce di prodotti tipici, un blog gastronomico o un brand territoriale legato al gusto e alla cultura dell\u2019isola. Un nome semplice, memorabile e immediatamente evocativo: la chiave giusta per posizionarsi in un mercato ricco di opportunit\u00e0.<\/p>\n","protected":false},"featured_media":32279,"template":"","meta":{"_acf_changed":false},"product_brand":[],"product_cat":[64,49],"product_tag":[],"class_list":{"0":"post-33510","1":"product","2":"type-product","3":"status-publish","4":"has-post-thumbnail","6":"product_cat-business","7":"product_cat-sicilia-domini-premium","9":"first","10":"instock","11":"virtual","12":"sold-individually","13":"taxable","14":"product-type-simple"},"acf":[],"yoast_head":"<!-- This site is optimized with the Yoast SEO plugin v26.8 - https:\/\/yoast.com\/product\/yoast-seo-wordpress\/ -->\n<title>FormaggidiSicilia.com - Dominio Premium formaggi di Sicilia | DomainFirm.XX<\/title>\n<meta name=\"description\" content=\"FormaggiDiSicilia.com, il dominio premium per valorizzare i formaggi siciliani. Ideale per e-commerce, turismo gastronomico.\" \/>\n<meta name=\"robots\" content=\"index, follow, max-snippet:-1, max-image-preview:large, max-video-preview:-1\" \/>\n<link rel=\"canonical\" href=\"https:\/\/domainfirm.it\/en\/domini-premium\/formaggi-di-sicilia-com\/\" \/>\n<meta property=\"og:locale\" content=\"it_IT\" \/>\n<meta property=\"og:type\" content=\"article\" \/>\n<meta property=\"og:title\" content=\"FormaggidiSicilia.com - Dominio Premium formaggi di Sicilia | DomainFirm.XX\" \/>\n<meta property=\"og:description\" content=\"FormaggiDiSicilia.com, il dominio premium per valorizzare i formaggi siciliani. Ideale per e-commerce, turismo gastronomico.\" \/>\n<meta property=\"og:url\" content=\"https:\/\/domainfirm.it\/en\/domini-premium\/formaggi-di-sicilia-com\/\" \/>\n<meta property=\"og:site_name\" content=\"DomainFirm.XX\" \/>\n<meta property=\"article:modified_time\" content=\"2025-10-24T16:13:29+00:00\" \/>\n<meta property=\"og:image\" content=\"https:\/\/domainfirm.it\/wp-content\/uploads\/2025\/05\/xx-shop.png\" \/>\n\t<meta property=\"og:image:width\" content=\"436\" \/>\n\t<meta property=\"og:image:height\" content=\"436\" \/>\n\t<meta property=\"og:image:type\" content=\"image\/png\" \/>\n<meta name=\"twitter:card\" content=\"summary_large_image\" \/>\n<meta name=\"twitter:label1\" content=\"Tempo di lettura stimato\" \/>\n\t<meta name=\"twitter:data1\" content=\"3 minuti\" \/>\n<script type=\"application\/ld+json\" class=\"yoast-schema-graph\">{\"@context\":\"https:\/\/schema.org\",\"@graph\":[{\"@type\":\"WebPage\",\"@id\":\"https:\/\/domainfirm.it\/en\/domini-premium\/formaggi-di-sicilia-com\/\",\"url\":\"https:\/\/domainfirm.it\/en\/domini-premium\/formaggi-di-sicilia-com\/\",\"name\":\"FormaggidiSicilia.com - Dominio Premium formaggi di Sicilia | DomainFirm.XX\",\"isPartOf\":{\"@id\":\"https:\/\/domainfirm.it\/it\/#website\"},\"primaryImageOfPage\":{\"@id\":\"https:\/\/domainfirm.it\/en\/domini-premium\/formaggi-di-sicilia-com\/#primaryimage\"},\"image\":{\"@id\":\"https:\/\/domainfirm.it\/en\/domini-premium\/formaggi-di-sicilia-com\/#primaryimage\"},\"thumbnailUrl\":\"https:\/\/domainfirm.it\/wp-content\/uploads\/2025\/05\/xx-shop.png\",\"datePublished\":\"2025-10-24T15:56:42+00:00\",\"dateModified\":\"2025-10-24T16:13:29+00:00\",\"description\":\"FormaggiDiSicilia.com, il dominio premium per valorizzare i formaggi siciliani. Ideale per e-commerce, turismo gastronomico.\",\"breadcrumb\":{\"@id\":\"https:\/\/domainfirm.it\/en\/domini-premium\/formaggi-di-sicilia-com\/#breadcrumb\"},\"inLanguage\":\"it-IT\",\"potentialAction\":[{\"@type\":\"ReadAction\",\"target\":[\"https:\/\/domainfirm.it\/en\/domini-premium\/formaggi-di-sicilia-com\/\"]}]},{\"@type\":\"ImageObject\",\"inLanguage\":\"it-IT\",\"@id\":\"https:\/\/domainfirm.it\/en\/domini-premium\/formaggi-di-sicilia-com\/#primaryimage\",\"url\":\"https:\/\/domainfirm.it\/wp-content\/uploads\/2025\/05\/xx-shop.png\",\"contentUrl\":\"https:\/\/domainfirm.it\/wp-content\/uploads\/2025\/05\/xx-shop.png\",\"width\":436,\"height\":436,\"caption\":\"Domain Premium Hub | DomainFirm.XX\"},{\"@type\":\"BreadcrumbList\",\"@id\":\"https:\/\/domainfirm.it\/en\/domini-premium\/formaggi-di-sicilia-com\/#breadcrumb\",\"itemListElement\":[{\"@type\":\"ListItem\",\"position\":1,\"name\":\"Home\",\"item\":\"https:\/\/domainfirm.it\/it\/\"},{\"@type\":\"ListItem\",\"position\":2,\"name\":\"Catalogo\",\"item\":\"https:\/\/domainfirm.it\/it\/catalogo\/\"},{\"@type\":\"ListItem\",\"position\":3,\"name\":\"FormaggidiSicilia.com\"}]},{\"@type\":\"WebSite\",\"@id\":\"https:\/\/domainfirm.it\/it\/#website\",\"url\":\"https:\/\/domainfirm.it\/it\/\",\"name\":\"DomainFirm.XX\",\"description\":\"Premium Domains. Prime Opportunities.\",\"publisher\":{\"@id\":\"https:\/\/domainfirm.it\/it\/#organization\"},\"alternateName\":\"DomainFirm.XX\",\"potentialAction\":[{\"@type\":\"SearchAction\",\"target\":{\"@type\":\"EntryPoint\",\"urlTemplate\":\"https:\/\/domainfirm.it\/it\/?s={search_term_string}\"},\"query-input\":{\"@type\":\"PropertyValueSpecification\",\"valueRequired\":true,\"valueName\":\"search_term_string\"}}],\"inLanguage\":\"it-IT\"},{\"@type\":\"Organization\",\"@id\":\"https:\/\/domainfirm.it\/it\/#organization\",\"name\":\"DomainFirm.XX\",\"alternateName\":\"DomainFirm.XX\",\"url\":\"https:\/\/domainfirm.it\/it\/\",\"logo\":{\"@type\":\"ImageObject\",\"inLanguage\":\"it-IT\",\"@id\":\"https:\/\/domainfirm.it\/it\/#\/schema\/logo\/image\/\",\"url\":\"https:\/\/domainfirm.it\/wp-content\/uploads\/2025\/05\/cropped-favicon.png\",\"contentUrl\":\"https:\/\/domainfirm.it\/wp-content\/uploads\/2025\/05\/cropped-favicon.png\",\"width\":512,\"height\":512,\"caption\":\"DomainFirm.XX\"},\"image\":{\"@id\":\"https:\/\/domainfirm.it\/it\/#\/schema\/logo\/image\/\"}}]}<\/script>\n<!-- \/ Yoast SEO plugin. -->","yoast_head_json":{"title":"FormaggidiSicilia.com - Dominio Premium formaggi di Sicilia | DomainFirm.XX","description":"FormaggiDiSicilia.com, il dominio premium per valorizzare i formaggi siciliani. Ideale per e-commerce, turismo gastronomico.","robots":{"index":"index","follow":"follow","max-snippet":"max-snippet:-1","max-image-preview":"max-image-preview:large","max-video-preview":"max-video-preview:-1"},"canonical":"https:\/\/domainfirm.it\/en\/domini-premium\/formaggi-di-sicilia-com\/","og_locale":"it_IT","og_type":"article","og_title":"FormaggidiSicilia.com - Dominio Premium formaggi di Sicilia | DomainFirm.XX","og_description":"FormaggiDiSicilia.com, il dominio premium per valorizzare i formaggi siciliani. Ideale per e-commerce, turismo gastronomico.","og_url":"https:\/\/domainfirm.it\/en\/domini-premium\/formaggi-di-sicilia-com\/","og_site_name":"DomainFirm.XX","article_modified_time":"2025-10-24T16:13:29+00:00","og_image":[{"width":436,"height":436,"url":"https:\/\/domainfirm.it\/wp-content\/uploads\/2025\/05\/xx-shop.png","type":"image\/png"}],"twitter_card":"summary_large_image","twitter_misc":{"Tempo di lettura stimato":"3 minuti"},"schema":{"@context":"https:\/\/schema.org","@graph":[{"@type":"WebPage","@id":"https:\/\/domainfirm.it\/en\/domini-premium\/formaggi-di-sicilia-com\/","url":"https:\/\/domainfirm.it\/en\/domini-premium\/formaggi-di-sicilia-com\/","name":"FormaggidiSicilia.com - Dominio Premium formaggi di Sicilia | DomainFirm.XX","isPartOf":{"@id":"https:\/\/domainfirm.it\/it\/#website"},"primaryImageOfPage":{"@id":"https:\/\/domainfirm.it\/en\/domini-premium\/formaggi-di-sicilia-com\/#primaryimage"},"image":{"@id":"https:\/\/domainfirm.it\/en\/domini-premium\/formaggi-di-sicilia-com\/#primaryimage"},"thumbnailUrl":"https:\/\/domainfirm.it\/wp-content\/uploads\/2025\/05\/xx-shop.png","datePublished":"2025-10-24T15:56:42+00:00","dateModified":"2025-10-24T16:13:29+00:00","description":"FormaggiDiSicilia.com, il dominio premium per valorizzare i formaggi siciliani. Ideale per e-commerce, turismo gastronomico.","breadcrumb":{"@id":"https:\/\/domainfirm.it\/en\/domini-premium\/formaggi-di-sicilia-com\/#breadcrumb"},"inLanguage":"it-IT","potentialAction":[{"@type":"ReadAction","target":["https:\/\/domainfirm.it\/en\/domini-premium\/formaggi-di-sicilia-com\/"]}]},{"@type":"ImageObject","inLanguage":"it-IT","@id":"https:\/\/domainfirm.it\/en\/domini-premium\/formaggi-di-sicilia-com\/#primaryimage","url":"https:\/\/domainfirm.it\/wp-content\/uploads\/2025\/05\/xx-shop.png","contentUrl":"https:\/\/domainfirm.it\/wp-content\/uploads\/2025\/05\/xx-shop.png","width":436,"height":436,"caption":"Domain Premium Hub | DomainFirm.XX"},{"@type":"BreadcrumbList","@id":"https:\/\/domainfirm.it\/en\/domini-premium\/formaggi-di-sicilia-com\/#breadcrumb","itemListElement":[{"@type":"ListItem","position":1,"name":"Home","item":"https:\/\/domainfirm.it\/it\/"},{"@type":"ListItem","position":2,"name":"Catalogo","item":"https:\/\/domainfirm.it\/it\/catalogo\/"},{"@type":"ListItem","position":3,"name":"FormaggidiSicilia.com"}]},{"@type":"WebSite","@id":"https:\/\/domainfirm.it\/it\/#website","url":"https:\/\/domainfirm.it\/it\/","name":"DomainFirm.XX","description":"Premium Domains. Prime Opportunities.","publisher":{"@id":"https:\/\/domainfirm.it\/it\/#organization"},"alternateName":"DomainFirm.XX","potentialAction":[{"@type":"SearchAction","target":{"@type":"EntryPoint","urlTemplate":"https:\/\/domainfirm.it\/it\/?s={search_term_string}"},"query-input":{"@type":"PropertyValueSpecification","valueRequired":true,"valueName":"search_term_string"}}],"inLanguage":"it-IT"},{"@type":"Organization","@id":"https:\/\/domainfirm.it\/it\/#organization","name":"DomainFirm.XX","alternateName":"DomainFirm.XX","url":"https:\/\/domainfirm.it\/it\/","logo":{"@type":"ImageObject","inLanguage":"it-IT","@id":"https:\/\/domainfirm.it\/it\/#\/schema\/logo\/image\/","url":"https:\/\/domainfirm.it\/wp-content\/uploads\/2025\/05\/cropped-favicon.png","contentUrl":"https:\/\/domainfirm.it\/wp-content\/uploads\/2025\/05\/cropped-favicon.png","width":512,"height":512,"caption":"DomainFirm.XX"},"image":{"@id":"https:\/\/domainfirm.it\/it\/#\/schema\/logo\/image\/"}}]}},"_links":{"self":[{"href":"https:\/\/domainfirm.it\/it\/wp-json\/wp\/v2\/product\/33510","targetHints":{"allow":["GET"]}}],"collection":[{"href":"https:\/\/domainfirm.it\/it\/wp-json\/wp\/v2\/product"}],"about":[{"href":"https:\/\/domainfirm.it\/it\/wp-json\/wp\/v2\/types\/product"}],"wp:featuredmedia":[{"embeddable":true,"href":"https:\/\/domainfirm.it\/it\/wp-json\/wp\/v2\/media\/32279"}],"wp:attachment":[{"href":"https:\/\/domainfirm.it\/it\/wp-json\/wp\/v2\/media?parent=33510"}],"wp:term":[{"taxonomy":"product_brand","embeddable":true,"href":"https:\/\/domainfirm.it\/it\/wp-json\/wp\/v2\/product_brand?post=33510"},{"taxonomy":"product_cat","embeddable":true,"href":"https:\/\/domainfirm.it\/it\/wp-json\/wp\/v2\/product_cat?post=33510"},{"taxonomy":"product_tag","embeddable":true,"href":"https:\/\/domainfirm.it\/it\/wp-json\/wp\/v2\/product_tag?post=33510"}],"curies":[{"name":"wp","href":"https:\/\/api.w.org\/{rel}","templated":true}]}}