{"id":33512,"date":"2025-10-24T18:16:05","date_gmt":"2025-10-24T16:16:05","guid":{"rendered":"https:\/\/domainfirm.it\/it\/?post_type=product&#038;p=33512"},"modified":"2025-11-20T20:36:39","modified_gmt":"2025-11-20T18:36:39","slug":"casadisicilia-it","status":"publish","type":"product","link":"https:\/\/domainfirm.it\/it\/domini-premium\/casadisicilia-it\/","title":{"rendered":"CasadiSicilia.it \/.com"},"content":{"rendered":"<div class=\"wpb-content-wrapper\"><p>[vc_row][vc_column]<div id=\"domai-124305586\" style=\"margin-left: auto;margin-right: auto;text-align: center;\"><div data-id=viator-banner data-partner-id=P00295010 data-url=\"https:\/\/www.viator.com\/\" data-banner-width=728 data-banner-height=90 data-banner-language=it data-banner-selection=banner1 data-campaign=\"XX-VIATOR\" ><\/div>\r\n<script async src=\"https:\/\/partners.vtrcdn.com\/static\/scripts\/banners\/banners.js\"><\/script><\/div>[vc_separator css=&#8221;.vc_custom_1761169303406{margin-bottom: 0px !important;padding-top: 30px !important;padding-bottom: 50px !important;}&#8221;][vc_column_text css=&#8221;&#8221;]<\/p>\n<p data-start=\"1373\" data-end=\"1774\"><strong data-start=\"1373\" data-end=\"1393\">Casadisicilia.it<\/strong> \u00e8 un dominio che racchiude un universo di significati, emozioni e opportunit\u00e0.<br data-start=\"1472\" data-end=\"1475\" \/>Due parole semplici, ma capaci di evocare tutto ci\u00f2 che rende la Sicilia unica: la luce intensa, i profumi degli agrumeti, l\u2019ospitalit\u00e0 calorosa, l\u2019arte millenaria, la cucina che conquista il mondo. \u201cCasa di Sicilia\u201d \u00e8 molto pi\u00f9 di un nome: \u00e8 un concetto, un sentimento, una promessa di autenticit\u00e0.<\/p>\n<p data-start=\"1776\" data-end=\"2239\">Questo dominio ha un potenziale straordinario per chi desidera costruire un progetto digitale legato alla <strong data-start=\"1882\" data-end=\"1925\">valorizzazione del territorio siciliano<\/strong> \u2014 che si tratti di turismo, ospitalit\u00e0, cultura, design o gastronomia. Pu\u00f2 diventare la piattaforma ideale per promuovere <strong data-start=\"2048\" data-end=\"2071\">residenze di charme<\/strong>, <strong data-start=\"2073\" data-end=\"2091\">boutique hotel<\/strong>, <strong data-start=\"2093\" data-end=\"2124\">esperienze enogastronomiche<\/strong>, oppure una <strong data-start=\"2137\" data-end=\"2167\">vetrina di prodotti tipici<\/strong> e artigianato locale, dalle ceramiche di Caltagirone ai vini dell\u2019Etna.<\/p>\n<p data-start=\"2241\" data-end=\"2709\">Nel panorama digitale odierno, dominato da nomi impersonali e astratti, <strong data-start=\"2313\" data-end=\"2333\">casadisicilia.it<\/strong> si distingue per immediatezza e valore emozionale. \u00c8 un nome facile da ricordare, armonioso da pronunciare, intrinsecamente legato alla sua terra. La parola \u201ccasa\u201d comunica accoglienza, fiducia e familiarit\u00e0 \u2014 valori centrali nel turismo esperienziale e nell\u2019hospitality di nuova generazione. \u201cSicilia\u201d completa il quadro, evocando bellezza, cultura, identit\u00e0 e tradizione.<\/p>\n<p data-start=\"2711\" data-end=\"2773\">Un brand come <strong data-start=\"2725\" data-end=\"2744\">Casa di Sicilia<\/strong> pu\u00f2 abbracciare molte anime:<\/p>\n<ul data-start=\"2774\" data-end=\"3172\">\n<li data-start=\"2774\" data-end=\"2871\">\n<p data-start=\"2776\" data-end=\"2871\">un <strong data-start=\"2779\" data-end=\"2800\">portale turistico<\/strong> dedicato alle dimore tipiche, ai borghi e agli itinerari dell\u2019isola;<\/p>\n<\/li>\n<li data-start=\"2872\" data-end=\"2969\">\n<p data-start=\"2874\" data-end=\"2969\">un <strong data-start=\"2877\" data-end=\"2892\">marketplace<\/strong> di eccellenze siciliane (vini, oli, ceramiche, profumi, prodotti gourmet);<\/p>\n<\/li>\n<li data-start=\"2970\" data-end=\"3066\">\n<p data-start=\"2972\" data-end=\"3066\">una <strong data-start=\"2976\" data-end=\"3002\">piattaforma editoriale<\/strong> dedicata alla cultura, alla moda e al lifestyle mediterraneo;<\/p>\n<\/li>\n<li data-start=\"3067\" data-end=\"3172\">\n<p data-start=\"3069\" data-end=\"3172\">oppure un <strong data-start=\"3079\" data-end=\"3102\">network immobiliare<\/strong> specializzato in case e ville in Sicilia, per turismo o investimento.<\/p>\n<\/li>\n<\/ul>\n<p data-start=\"3174\" data-end=\"3536\">Dal punto di vista SEO, il dominio ha keyword naturali (\u201ccasa\u201d, \u201cSicilia\u201d) di altissimo valore: termini molto ricercati e coerenti con settori strategici (real estate, travel, hospitality, e-commerce territoriale).<br data-start=\"3388\" data-end=\"3391\" \/>Inoltre, la <strong data-start=\"3403\" data-end=\"3416\">forma .it<\/strong> ne consolida il posizionamento nazionale, perfetto per target italiani e internazionali interessati al \u201cMade in Italy\u201d.<\/p>\n<p data-start=\"3538\" data-end=\"3801\">Per un investitore digitale o per un\u2019azienda che vuole rafforzare la propria presenza nel Sud Italia, <strong data-start=\"3640\" data-end=\"3660\">casadisicilia.it<\/strong> rappresenta una base solida e riconoscibile per costruire un brand premium.<br data-start=\"3736\" data-end=\"3739\" \/>Un nome che pu\u00f2 diventare firma, marchio, portale o testata.<\/p>\n<p data-start=\"3803\" data-end=\"4070\">Semplice, elegante, evocativo \u2014 <strong data-start=\"3835\" data-end=\"3854\">Casa di Sicilia<\/strong> \u00e8 la porta d\u2019ingresso verso un mondo di bellezza e autenticit\u00e0.<br data-start=\"3918\" data-end=\"3921\" \/>Un dominio che racconta la Sicilia come luogo dell\u2019anima: dove ogni casa, ogni pietra, ogni tramonto diventa parte di una storia che non finisce mai.<\/p>\n<p>[\/vc_column_text][vc_separator css=&#8221;.vc_custom_1760652469128{margin-bottom: 0px !important;padding-top: 0px !important;padding-bottom: 30px !important;}&#8221;]<div id=\"domai-3007320126\" style=\"margin-left: auto;margin-right: auto;text-align: center;\"><a href=\"https:\/\/domainfirm.it\/it\/adv-domain\/\" target=\"_blank\" aria-label=\"Banner ADV\"><img loading=\"lazy\" decoding=\"async\" src=\"https:\/\/domainfirm.it\/wp-content\/uploads\/2026\/03\/banner-adv.jpg\" alt=\"Banner ADV\"  srcset=\"https:\/\/domainfirm.it\/wp-content\/uploads\/2026\/03\/banner-adv.jpg 730w, https:\/\/domainfirm.it\/wp-content\/uploads\/2026\/03\/banner-adv-300x37.jpg 300w, https:\/\/domainfirm.it\/wp-content\/uploads\/2026\/03\/banner-adv-600x74.jpg 600w\" sizes=\"auto, (max-width: 730px) 100vw, 730px\" width=\"730\" height=\"90\"  style=\"display: inline-block;\" \/><\/a><\/div>[\/vc_column][\/vc_row]<\/p>\n<\/div>","protected":false},"excerpt":{"rendered":"<p>Casadisicilia.it \u00e8 un dominio dal potenziale straordinario per chi vuole comunicare l\u2019essenza pi\u00f9 autentica della Sicilia. Perfetto per un portale dedicato all\u2019ospitalit\u00e0, al turismo esperienziale, al real estate di charme o alla promozione dei prodotti tipici siciliani, racchiude in tre parole un\u2019identit\u00e0 forte e immediatamente riconoscibile. \u201cCasa di Sicilia\u201d evoca calore, accoglienza, radici e appartenenza: un nome che parla al cuore e alla memoria, ma anche alla nuova generazione di viaggiatori e imprenditori che vogliono valorizzare il patrimonio dell\u2019isola con eleganza e autenticit\u00e0.<\/p>\n","protected":false},"featured_media":32279,"template":"","meta":{"_acf_changed":false},"product_brand":[],"product_cat":[49,46],"product_tag":[],"class_list":{"0":"post-33512","1":"product","2":"type-product","3":"status-publish","4":"has-post-thumbnail","6":"product_cat-sicilia-domini-premium","7":"product_cat-tourism-domini-premium","9":"first","10":"instock","11":"virtual","12":"sold-individually","13":"taxable","14":"product-type-simple"},"acf":[],"yoast_head":"<!-- This site is optimized with the Yoast SEO plugin v26.8 - https:\/\/yoast.com\/product\/yoast-seo-wordpress\/ -->\n<title>Casa di Sicilia \u2013 Vivere, Scoprire e Amare l\u2019Isola Autentica | DomainFirm.XX<\/title>\n<meta name=\"description\" content=\"Casa di Sicilia racconta l\u2019isola pi\u00f9 affascinante del Mediterraneo: cultura, sapori, ospitalit\u00e0, esperienze autentiche e residenze di charme.\" \/>\n<meta name=\"robots\" content=\"index, follow, max-snippet:-1, max-image-preview:large, max-video-preview:-1\" \/>\n<link rel=\"canonical\" href=\"https:\/\/domainfirm.it\/it\/domini-premium\/casadisicilia-it\/\" \/>\n<meta property=\"og:locale\" content=\"it_IT\" \/>\n<meta property=\"og:type\" content=\"article\" \/>\n<meta property=\"og:title\" content=\"Casa di Sicilia \u2013 Vivere, Scoprire e Amare l\u2019Isola Autentica | DomainFirm.XX\" \/>\n<meta property=\"og:description\" content=\"Casa di Sicilia racconta l\u2019isola pi\u00f9 affascinante del Mediterraneo: cultura, sapori, ospitalit\u00e0, esperienze autentiche e residenze di charme.\" \/>\n<meta property=\"og:url\" content=\"https:\/\/domainfirm.it\/it\/domini-premium\/casadisicilia-it\/\" \/>\n<meta property=\"og:site_name\" content=\"DomainFirm.XX\" \/>\n<meta property=\"article:modified_time\" content=\"2025-11-20T18:36:39+00:00\" \/>\n<meta property=\"og:image\" content=\"https:\/\/domainfirm.it\/wp-content\/uploads\/2025\/05\/xx-shop.png\" \/>\n\t<meta property=\"og:image:width\" content=\"436\" \/>\n\t<meta property=\"og:image:height\" content=\"436\" \/>\n\t<meta property=\"og:image:type\" content=\"image\/png\" \/>\n<meta name=\"twitter:card\" content=\"summary_large_image\" \/>\n<meta name=\"twitter:label1\" content=\"Tempo di lettura stimato\" \/>\n\t<meta name=\"twitter:data1\" content=\"3 minuti\" \/>\n<script type=\"application\/ld+json\" class=\"yoast-schema-graph\">{\"@context\":\"https:\/\/schema.org\",\"@graph\":[{\"@type\":\"WebPage\",\"@id\":\"https:\/\/domainfirm.it\/it\/domini-premium\/casadisicilia-it\/\",\"url\":\"https:\/\/domainfirm.it\/it\/domini-premium\/casadisicilia-it\/\",\"name\":\"Casa di Sicilia \u2013 Vivere, Scoprire e Amare l\u2019Isola Autentica | DomainFirm.XX\",\"isPartOf\":{\"@id\":\"https:\/\/domainfirm.it\/it\/#website\"},\"primaryImageOfPage\":{\"@id\":\"https:\/\/domainfirm.it\/it\/domini-premium\/casadisicilia-it\/#primaryimage\"},\"image\":{\"@id\":\"https:\/\/domainfirm.it\/it\/domini-premium\/casadisicilia-it\/#primaryimage\"},\"thumbnailUrl\":\"https:\/\/domainfirm.it\/wp-content\/uploads\/2025\/05\/xx-shop.png\",\"datePublished\":\"2025-10-24T16:16:05+00:00\",\"dateModified\":\"2025-11-20T18:36:39+00:00\",\"description\":\"Casa di Sicilia racconta l\u2019isola pi\u00f9 affascinante del Mediterraneo: cultura, sapori, ospitalit\u00e0, esperienze autentiche e residenze di charme.\",\"breadcrumb\":{\"@id\":\"https:\/\/domainfirm.it\/it\/domini-premium\/casadisicilia-it\/#breadcrumb\"},\"inLanguage\":\"it-IT\",\"potentialAction\":[{\"@type\":\"ReadAction\",\"target\":[\"https:\/\/domainfirm.it\/it\/domini-premium\/casadisicilia-it\/\"]}]},{\"@type\":\"ImageObject\",\"inLanguage\":\"it-IT\",\"@id\":\"https:\/\/domainfirm.it\/it\/domini-premium\/casadisicilia-it\/#primaryimage\",\"url\":\"https:\/\/domainfirm.it\/wp-content\/uploads\/2025\/05\/xx-shop.png\",\"contentUrl\":\"https:\/\/domainfirm.it\/wp-content\/uploads\/2025\/05\/xx-shop.png\",\"width\":436,\"height\":436,\"caption\":\"Domain Premium Hub | DomainFirm.XX\"},{\"@type\":\"BreadcrumbList\",\"@id\":\"https:\/\/domainfirm.it\/it\/domini-premium\/casadisicilia-it\/#breadcrumb\",\"itemListElement\":[{\"@type\":\"ListItem\",\"position\":1,\"name\":\"Home\",\"item\":\"https:\/\/domainfirm.it\/it\/\"},{\"@type\":\"ListItem\",\"position\":2,\"name\":\"Catalogo\",\"item\":\"https:\/\/domainfirm.it\/it\/catalogo\/\"},{\"@type\":\"ListItem\",\"position\":3,\"name\":\"CasadiSicilia.it \/.com\"}]},{\"@type\":\"WebSite\",\"@id\":\"https:\/\/domainfirm.it\/it\/#website\",\"url\":\"https:\/\/domainfirm.it\/it\/\",\"name\":\"DomainFirm.XX\",\"description\":\"Premium Domains. Prime Opportunities.\",\"publisher\":{\"@id\":\"https:\/\/domainfirm.it\/it\/#organization\"},\"alternateName\":\"DomainFirm.XX\",\"potentialAction\":[{\"@type\":\"SearchAction\",\"target\":{\"@type\":\"EntryPoint\",\"urlTemplate\":\"https:\/\/domainfirm.it\/it\/?s={search_term_string}\"},\"query-input\":{\"@type\":\"PropertyValueSpecification\",\"valueRequired\":true,\"valueName\":\"search_term_string\"}}],\"inLanguage\":\"it-IT\"},{\"@type\":\"Organization\",\"@id\":\"https:\/\/domainfirm.it\/it\/#organization\",\"name\":\"DomainFirm.XX\",\"alternateName\":\"DomainFirm.XX\",\"url\":\"https:\/\/domainfirm.it\/it\/\",\"logo\":{\"@type\":\"ImageObject\",\"inLanguage\":\"it-IT\",\"@id\":\"https:\/\/domainfirm.it\/it\/#\/schema\/logo\/image\/\",\"url\":\"https:\/\/domainfirm.it\/wp-content\/uploads\/2025\/05\/cropped-favicon.png\",\"contentUrl\":\"https:\/\/domainfirm.it\/wp-content\/uploads\/2025\/05\/cropped-favicon.png\",\"width\":512,\"height\":512,\"caption\":\"DomainFirm.XX\"},\"image\":{\"@id\":\"https:\/\/domainfirm.it\/it\/#\/schema\/logo\/image\/\"}}]}<\/script>\n<!-- \/ Yoast SEO plugin. -->","yoast_head_json":{"title":"Casa di Sicilia \u2013 Vivere, Scoprire e Amare l\u2019Isola Autentica | DomainFirm.XX","description":"Casa di Sicilia racconta l\u2019isola pi\u00f9 affascinante del Mediterraneo: cultura, sapori, ospitalit\u00e0, esperienze autentiche e residenze di charme.","robots":{"index":"index","follow":"follow","max-snippet":"max-snippet:-1","max-image-preview":"max-image-preview:large","max-video-preview":"max-video-preview:-1"},"canonical":"https:\/\/domainfirm.it\/it\/domini-premium\/casadisicilia-it\/","og_locale":"it_IT","og_type":"article","og_title":"Casa di Sicilia \u2013 Vivere, Scoprire e Amare l\u2019Isola Autentica | DomainFirm.XX","og_description":"Casa di Sicilia racconta l\u2019isola pi\u00f9 affascinante del Mediterraneo: cultura, sapori, ospitalit\u00e0, esperienze autentiche e residenze di charme.","og_url":"https:\/\/domainfirm.it\/it\/domini-premium\/casadisicilia-it\/","og_site_name":"DomainFirm.XX","article_modified_time":"2025-11-20T18:36:39+00:00","og_image":[{"width":436,"height":436,"url":"https:\/\/domainfirm.it\/wp-content\/uploads\/2025\/05\/xx-shop.png","type":"image\/png"}],"twitter_card":"summary_large_image","twitter_misc":{"Tempo di lettura stimato":"3 minuti"},"schema":{"@context":"https:\/\/schema.org","@graph":[{"@type":"WebPage","@id":"https:\/\/domainfirm.it\/it\/domini-premium\/casadisicilia-it\/","url":"https:\/\/domainfirm.it\/it\/domini-premium\/casadisicilia-it\/","name":"Casa di Sicilia \u2013 Vivere, Scoprire e Amare l\u2019Isola Autentica | DomainFirm.XX","isPartOf":{"@id":"https:\/\/domainfirm.it\/it\/#website"},"primaryImageOfPage":{"@id":"https:\/\/domainfirm.it\/it\/domini-premium\/casadisicilia-it\/#primaryimage"},"image":{"@id":"https:\/\/domainfirm.it\/it\/domini-premium\/casadisicilia-it\/#primaryimage"},"thumbnailUrl":"https:\/\/domainfirm.it\/wp-content\/uploads\/2025\/05\/xx-shop.png","datePublished":"2025-10-24T16:16:05+00:00","dateModified":"2025-11-20T18:36:39+00:00","description":"Casa di Sicilia racconta l\u2019isola pi\u00f9 affascinante del Mediterraneo: cultura, sapori, ospitalit\u00e0, esperienze autentiche e residenze di charme.","breadcrumb":{"@id":"https:\/\/domainfirm.it\/it\/domini-premium\/casadisicilia-it\/#breadcrumb"},"inLanguage":"it-IT","potentialAction":[{"@type":"ReadAction","target":["https:\/\/domainfirm.it\/it\/domini-premium\/casadisicilia-it\/"]}]},{"@type":"ImageObject","inLanguage":"it-IT","@id":"https:\/\/domainfirm.it\/it\/domini-premium\/casadisicilia-it\/#primaryimage","url":"https:\/\/domainfirm.it\/wp-content\/uploads\/2025\/05\/xx-shop.png","contentUrl":"https:\/\/domainfirm.it\/wp-content\/uploads\/2025\/05\/xx-shop.png","width":436,"height":436,"caption":"Domain Premium Hub | DomainFirm.XX"},{"@type":"BreadcrumbList","@id":"https:\/\/domainfirm.it\/it\/domini-premium\/casadisicilia-it\/#breadcrumb","itemListElement":[{"@type":"ListItem","position":1,"name":"Home","item":"https:\/\/domainfirm.it\/it\/"},{"@type":"ListItem","position":2,"name":"Catalogo","item":"https:\/\/domainfirm.it\/it\/catalogo\/"},{"@type":"ListItem","position":3,"name":"CasadiSicilia.it \/.com"}]},{"@type":"WebSite","@id":"https:\/\/domainfirm.it\/it\/#website","url":"https:\/\/domainfirm.it\/it\/","name":"DomainFirm.XX","description":"Premium Domains. Prime Opportunities.","publisher":{"@id":"https:\/\/domainfirm.it\/it\/#organization"},"alternateName":"DomainFirm.XX","potentialAction":[{"@type":"SearchAction","target":{"@type":"EntryPoint","urlTemplate":"https:\/\/domainfirm.it\/it\/?s={search_term_string}"},"query-input":{"@type":"PropertyValueSpecification","valueRequired":true,"valueName":"search_term_string"}}],"inLanguage":"it-IT"},{"@type":"Organization","@id":"https:\/\/domainfirm.it\/it\/#organization","name":"DomainFirm.XX","alternateName":"DomainFirm.XX","url":"https:\/\/domainfirm.it\/it\/","logo":{"@type":"ImageObject","inLanguage":"it-IT","@id":"https:\/\/domainfirm.it\/it\/#\/schema\/logo\/image\/","url":"https:\/\/domainfirm.it\/wp-content\/uploads\/2025\/05\/cropped-favicon.png","contentUrl":"https:\/\/domainfirm.it\/wp-content\/uploads\/2025\/05\/cropped-favicon.png","width":512,"height":512,"caption":"DomainFirm.XX"},"image":{"@id":"https:\/\/domainfirm.it\/it\/#\/schema\/logo\/image\/"}}]}},"_links":{"self":[{"href":"https:\/\/domainfirm.it\/it\/wp-json\/wp\/v2\/product\/33512","targetHints":{"allow":["GET"]}}],"collection":[{"href":"https:\/\/domainfirm.it\/it\/wp-json\/wp\/v2\/product"}],"about":[{"href":"https:\/\/domainfirm.it\/it\/wp-json\/wp\/v2\/types\/product"}],"wp:featuredmedia":[{"embeddable":true,"href":"https:\/\/domainfirm.it\/it\/wp-json\/wp\/v2\/media\/32279"}],"wp:attachment":[{"href":"https:\/\/domainfirm.it\/it\/wp-json\/wp\/v2\/media?parent=33512"}],"wp:term":[{"taxonomy":"product_brand","embeddable":true,"href":"https:\/\/domainfirm.it\/it\/wp-json\/wp\/v2\/product_brand?post=33512"},{"taxonomy":"product_cat","embeddable":true,"href":"https:\/\/domainfirm.it\/it\/wp-json\/wp\/v2\/product_cat?post=33512"},{"taxonomy":"product_tag","embeddable":true,"href":"https:\/\/domainfirm.it\/it\/wp-json\/wp\/v2\/product_tag?post=33512"}],"curies":[{"name":"wp","href":"https:\/\/api.w.org\/{rel}","templated":true}]}}