{"id":33530,"date":"2025-11-07T20:02:41","date_gmt":"2025-11-07T18:02:41","guid":{"rendered":"https:\/\/domainfirm.it\/it\/?post_type=product&#038;p=33530"},"modified":"2025-12-03T12:27:54","modified_gmt":"2025-12-03T10:27:54","slug":"aeroportodicatania-it","status":"publish","type":"product","link":"https:\/\/domainfirm.it\/it\/domini-premium\/aeroportodicatania-it\/","title":{"rendered":"AeroportodiCatania.it"},"content":{"rendered":"<div class=\"wpb-content-wrapper\"><p>[vc_row][vc_column]<div id=\"domai-3090626412\" style=\"margin-left: auto;margin-right: auto;text-align: center;\"><div data-id=viator-banner data-partner-id=P00295010 data-url=\"https:\/\/www.viator.com\/\" data-banner-width=728 data-banner-height=90 data-banner-language=it data-banner-selection=banner1 data-campaign=\"XX-VIATOR\" ><\/div>\r\n<script async src=\"https:\/\/partners.vtrcdn.com\/static\/scripts\/banners\/banners.js\"><\/script><\/div>[vc_separator css=&#8221;.vc_custom_1761169303406{margin-bottom: 0px !important;padding-top: 30px !important;padding-bottom: 50px !important;}&#8221;][vc_column_text css=&#8221;&#8221;]<\/p>\n<h3><strong>Perch\u00e9 scegliere AeroportodiCatania.it<\/strong><\/h3>\n<section class=\"desc\" aria-labelledby=\"desc-title\">\n<p data-start=\"626\" data-end=\"1239\">Il dominio <strong data-start=\"216\" data-end=\"241\">AeroportodiCatania.it<\/strong> \u00e8 tra i nomi digitali pi\u00f9 forti e rappresentativi del settore trasporti e turismo in Sicilia. L\u2019aeroporto di <strong data-start=\"351\" data-end=\"375\">Catania\u2013Fontanarossa<\/strong> \u00e8 il principale hub del Sud Italia: gestisce milioni di passeggeri ogni anno e svolge un ruolo chiave nella connettivit\u00e0 del Mediterraneo.<\/p>\n<\/section>\n<section aria-labelledby=\"desc-title\"><\/section>\n<p>[\/vc_column_text][vc_column_text css=&#8221;&#8221;]<\/p>\n<p data-start=\"518\" data-end=\"788\">Possedere un dominio che riproduce in modo completo e naturale il nome \u201cAeroporto di Catania\u201d significa presidiare uno spazio digitale ad altissimo traffico. Il potenziale di posizionamento organico e di riconoscibilit\u00e0 del brand \u00e8 elevato e difficilmente replicabile.<\/p>\n<p>[\/vc_column_text][vc_column_text css=&#8221;&#8221;]<\/p>\n<section aria-labelledby=\"desc-title\"><\/section>\n<p>Sul piano <strong data-start=\"800\" data-end=\"807\">SEO<\/strong>, la combinazione di parole <em data-start=\"835\" data-end=\"863\">\u201caeroporto + di + Catania\u201d<\/em> corrisponde esattamente alla query pi\u00f9 cercata dagli utenti italiani e stranieri. \u00c8 la formula che guida le ricerche su voli, arrivi, partenze, parcheggi, noleggio auto e collegamenti con la citt\u00e0.<br data-start=\"1061\" data-end=\"1064\" \/>Questo offre un vantaggio competitivo immediato per keyword di alto valore come <em data-start=\"1144\" data-end=\"1173\">\u201caeroporto di Catania voli\u201d<\/em>, <em data-start=\"1175\" data-end=\"1204\">\u201carrivi e partenze Catania\u201d<\/em>, <em data-start=\"1206\" data-end=\"1236\">\u201ctransfer aeroporto Catania\u201d<\/em> o <em data-start=\"1239\" data-end=\"1281\">\u201ccome arrivare all\u2019aeroporto di Catania\u201d<\/em>.<\/p>\n<section aria-labelledby=\"desc-title\"><\/section>\n<section aria-labelledby=\"desc-title\"><\/section>\n<p>[\/vc_column_text][vc_column_text css=&#8221;&#8221;]L\u2019estensione <strong data-start=\"1299\" data-end=\"1306\">.it<\/strong> trasmette fiducia e solidit\u00e0 al pubblico nazionale. Il nome chiaro e diretto facilita la memorizzazione e si adatta a qualsiasi progetto digitale: portali informativi, hub di servizi aeroportuali, siti di prenotazioni o progetti editoriali dedicati al turismo siciliano.[\/vc_column_text][vc_column_text css=&#8221;&#8221;]<\/p>\n<section aria-labelledby=\"desc-title\"><\/section>\n<section aria-labelledby=\"desc-title\"><\/section>\n<section aria-labelledby=\"desc-title\"><\/section>\n<p><strong data-start=\"3107\" data-end=\"3132\">AeroportodiCatania.it<\/strong> rappresenta dunque un presidio digitale ad altissimo potenziale: comunica autorevolezza, territorialit\u00e0 e fiducia.<br data-start=\"3247\" data-end=\"3250\" \/>Acquisirlo significa assicurarsi un vantaggio competitivo stabile nel tempo, in uno dei mercati pi\u00f9 dinamici e strategici dell\u2019intero Sud Italia \u2014 quello dei viaggi, della mobilit\u00e0 e del turismo in Sicilia.<\/p>\n<p><a href=\"https:\/\/www.google.com\/search?q=aeroporto+di+catania\" target=\"_blank\" rel=\"noopener\">Aeroporto di Catania su Google Search<\/a>[\/vc_column_text][vc_separator css=&#8221;.vc_custom_1760652469128{margin-bottom: 0px !important;padding-top: 0px !important;padding-bottom: 30px !important;}&#8221;]<div id=\"domai-1759597989\" style=\"margin-left: auto;margin-right: auto;text-align: center;\"><a href=\"https:\/\/domainfirm.it\/it\/adv-domain\/\" target=\"_blank\" aria-label=\"Banner ADV\"><img loading=\"lazy\" decoding=\"async\" src=\"https:\/\/domainfirm.it\/wp-content\/uploads\/2026\/03\/banner-adv.jpg\" alt=\"Banner ADV\"  srcset=\"https:\/\/domainfirm.it\/wp-content\/uploads\/2026\/03\/banner-adv.jpg 730w, https:\/\/domainfirm.it\/wp-content\/uploads\/2026\/03\/banner-adv-300x37.jpg 300w, https:\/\/domainfirm.it\/wp-content\/uploads\/2026\/03\/banner-adv-600x74.jpg 600w\" sizes=\"auto, (max-width: 730px) 100vw, 730px\" width=\"730\" height=\"90\"  style=\"display: inline-block;\" \/><\/a><\/div>[\/vc_column][\/vc_row]<\/p>\n<\/div>","protected":false},"excerpt":{"rendered":"<p>AeroportodiCatania.it non collegato all&#8217;aeroporto di Catania e alla sua Societ\u00e0 di Gestione.<br \/>\nDominio Premium dal valore strategico eccezionale per il settore dei trasporti, del turismo e della logistica in Sicilia. Breve, immediato e perfettamente geolocalizzato, \u00e8 ideale per portali dedicati a voli, parcheggi, transfer, servizi aeroportuali o promozione turistica dell\u2019area etnea.<br data-start=\"935\" data-end=\"938\" \/>Grazie alla sua struttura linguistica naturale e all\u2019estensione .it, sinonimo di autorevolezza nazionale, Aeroporto di Catania.it garantisce un posizionamento SEO privilegiato e una forte identit\u00e0 di brand, perfetto per chi desidera informare digitalmente i viaggiatori del principale scalo aereo della Sicilia orientale. Disponibile in bundle anche il .com. Dominio riservato per un Portale Informativo Territoriale Indipendente.<\/p>\n","protected":false},"featured_media":32279,"template":"","meta":{"_acf_changed":false},"product_brand":[],"product_cat":[69],"product_tag":[],"class_list":{"0":"post-33530","1":"product","2":"type-product","3":"status-publish","4":"has-post-thumbnail","6":"product_cat-reserved","8":"first","9":"instock","10":"virtual","11":"sold-individually","12":"taxable","13":"product-type-simple"},"acf":[],"yoast_head":"<!-- This site is optimized with the Yoast SEO plugin v26.8 - https:\/\/yoast.com\/product\/yoast-seo-wordpress\/ -->\n<title>Aeroporto di Catania.it - Turismo e logistica a Catania | DomaniFirm<\/title>\n<meta name=\"description\" content=\"Dominio Premium dedicato allo Aeroporto di Catania. Perfetto per progetti su turismo, crociere, logistica e promozione territoriale siciliana.\" \/>\n<meta name=\"robots\" content=\"index, follow, max-snippet:-1, max-image-preview:large, max-video-preview:-1\" \/>\n<link rel=\"canonical\" href=\"https:\/\/domainfirm.it\/it\/domini-premium\/aeroportodicatania-it\/\" \/>\n<meta property=\"og:locale\" content=\"it_IT\" \/>\n<meta property=\"og:type\" content=\"article\" \/>\n<meta property=\"og:title\" content=\"Aeroporto di Catania.it - Turismo e logistica a Catania | DomaniFirm\" \/>\n<meta property=\"og:description\" content=\"Dominio Premium dedicato allo Aeroporto di Catania. Perfetto per progetti su turismo, crociere, logistica e promozione territoriale siciliana.\" \/>\n<meta property=\"og:url\" content=\"https:\/\/domainfirm.it\/it\/domini-premium\/aeroportodicatania-it\/\" \/>\n<meta property=\"og:site_name\" content=\"DomainFirm.XX\" \/>\n<meta property=\"article:modified_time\" content=\"2025-12-03T10:27:54+00:00\" \/>\n<meta property=\"og:image\" content=\"https:\/\/domainfirm.it\/wp-content\/uploads\/2025\/05\/xx-shop.png\" \/>\n\t<meta property=\"og:image:width\" content=\"436\" \/>\n\t<meta property=\"og:image:height\" content=\"436\" \/>\n\t<meta property=\"og:image:type\" content=\"image\/png\" \/>\n<meta name=\"twitter:card\" content=\"summary_large_image\" \/>\n<meta name=\"twitter:label1\" content=\"Tempo di lettura stimato\" \/>\n\t<meta name=\"twitter:data1\" content=\"2 minuti\" \/>\n<script type=\"application\/ld+json\" class=\"yoast-schema-graph\">{\"@context\":\"https:\/\/schema.org\",\"@graph\":[{\"@type\":\"WebPage\",\"@id\":\"https:\/\/domainfirm.it\/it\/domini-premium\/aeroportodicatania-it\/\",\"url\":\"https:\/\/domainfirm.it\/it\/domini-premium\/aeroportodicatania-it\/\",\"name\":\"Aeroporto di Catania.it - Turismo e logistica a Catania | DomaniFirm\",\"isPartOf\":{\"@id\":\"https:\/\/domainfirm.it\/it\/#website\"},\"primaryImageOfPage\":{\"@id\":\"https:\/\/domainfirm.it\/it\/domini-premium\/aeroportodicatania-it\/#primaryimage\"},\"image\":{\"@id\":\"https:\/\/domainfirm.it\/it\/domini-premium\/aeroportodicatania-it\/#primaryimage\"},\"thumbnailUrl\":\"https:\/\/domainfirm.it\/wp-content\/uploads\/2025\/05\/xx-shop.png\",\"datePublished\":\"2025-11-07T18:02:41+00:00\",\"dateModified\":\"2025-12-03T10:27:54+00:00\",\"description\":\"Dominio Premium dedicato allo Aeroporto di Catania. Perfetto per progetti su turismo, crociere, logistica e promozione territoriale siciliana.\",\"breadcrumb\":{\"@id\":\"https:\/\/domainfirm.it\/it\/domini-premium\/aeroportodicatania-it\/#breadcrumb\"},\"inLanguage\":\"it-IT\",\"potentialAction\":[{\"@type\":\"ReadAction\",\"target\":[\"https:\/\/domainfirm.it\/it\/domini-premium\/aeroportodicatania-it\/\"]}]},{\"@type\":\"ImageObject\",\"inLanguage\":\"it-IT\",\"@id\":\"https:\/\/domainfirm.it\/it\/domini-premium\/aeroportodicatania-it\/#primaryimage\",\"url\":\"https:\/\/domainfirm.it\/wp-content\/uploads\/2025\/05\/xx-shop.png\",\"contentUrl\":\"https:\/\/domainfirm.it\/wp-content\/uploads\/2025\/05\/xx-shop.png\",\"width\":436,\"height\":436,\"caption\":\"Domain Premium Hub | DomainFirm.XX\"},{\"@type\":\"BreadcrumbList\",\"@id\":\"https:\/\/domainfirm.it\/it\/domini-premium\/aeroportodicatania-it\/#breadcrumb\",\"itemListElement\":[{\"@type\":\"ListItem\",\"position\":1,\"name\":\"Home\",\"item\":\"https:\/\/domainfirm.it\/it\/\"},{\"@type\":\"ListItem\",\"position\":2,\"name\":\"Catalogo\",\"item\":\"https:\/\/domainfirm.it\/it\/catalogo\/\"},{\"@type\":\"ListItem\",\"position\":3,\"name\":\"AeroportodiCatania.it\"}]},{\"@type\":\"WebSite\",\"@id\":\"https:\/\/domainfirm.it\/it\/#website\",\"url\":\"https:\/\/domainfirm.it\/it\/\",\"name\":\"DomainFirm.XX\",\"description\":\"Premium Domains. Prime Opportunities.\",\"publisher\":{\"@id\":\"https:\/\/domainfirm.it\/it\/#organization\"},\"alternateName\":\"DomainFirm.XX\",\"potentialAction\":[{\"@type\":\"SearchAction\",\"target\":{\"@type\":\"EntryPoint\",\"urlTemplate\":\"https:\/\/domainfirm.it\/it\/?s={search_term_string}\"},\"query-input\":{\"@type\":\"PropertyValueSpecification\",\"valueRequired\":true,\"valueName\":\"search_term_string\"}}],\"inLanguage\":\"it-IT\"},{\"@type\":\"Organization\",\"@id\":\"https:\/\/domainfirm.it\/it\/#organization\",\"name\":\"DomainFirm.XX\",\"alternateName\":\"DomainFirm.XX\",\"url\":\"https:\/\/domainfirm.it\/it\/\",\"logo\":{\"@type\":\"ImageObject\",\"inLanguage\":\"it-IT\",\"@id\":\"https:\/\/domainfirm.it\/it\/#\/schema\/logo\/image\/\",\"url\":\"https:\/\/domainfirm.it\/wp-content\/uploads\/2025\/05\/cropped-favicon.png\",\"contentUrl\":\"https:\/\/domainfirm.it\/wp-content\/uploads\/2025\/05\/cropped-favicon.png\",\"width\":512,\"height\":512,\"caption\":\"DomainFirm.XX\"},\"image\":{\"@id\":\"https:\/\/domainfirm.it\/it\/#\/schema\/logo\/image\/\"}}]}<\/script>\n<!-- \/ Yoast SEO plugin. -->","yoast_head_json":{"title":"Aeroporto di Catania.it - Turismo e logistica a Catania | DomaniFirm","description":"Dominio Premium dedicato allo Aeroporto di Catania. Perfetto per progetti su turismo, crociere, logistica e promozione territoriale siciliana.","robots":{"index":"index","follow":"follow","max-snippet":"max-snippet:-1","max-image-preview":"max-image-preview:large","max-video-preview":"max-video-preview:-1"},"canonical":"https:\/\/domainfirm.it\/it\/domini-premium\/aeroportodicatania-it\/","og_locale":"it_IT","og_type":"article","og_title":"Aeroporto di Catania.it - Turismo e logistica a Catania | DomaniFirm","og_description":"Dominio Premium dedicato allo Aeroporto di Catania. Perfetto per progetti su turismo, crociere, logistica e promozione territoriale siciliana.","og_url":"https:\/\/domainfirm.it\/it\/domini-premium\/aeroportodicatania-it\/","og_site_name":"DomainFirm.XX","article_modified_time":"2025-12-03T10:27:54+00:00","og_image":[{"width":436,"height":436,"url":"https:\/\/domainfirm.it\/wp-content\/uploads\/2025\/05\/xx-shop.png","type":"image\/png"}],"twitter_card":"summary_large_image","twitter_misc":{"Tempo di lettura stimato":"2 minuti"},"schema":{"@context":"https:\/\/schema.org","@graph":[{"@type":"WebPage","@id":"https:\/\/domainfirm.it\/it\/domini-premium\/aeroportodicatania-it\/","url":"https:\/\/domainfirm.it\/it\/domini-premium\/aeroportodicatania-it\/","name":"Aeroporto di Catania.it - Turismo e logistica a Catania | DomaniFirm","isPartOf":{"@id":"https:\/\/domainfirm.it\/it\/#website"},"primaryImageOfPage":{"@id":"https:\/\/domainfirm.it\/it\/domini-premium\/aeroportodicatania-it\/#primaryimage"},"image":{"@id":"https:\/\/domainfirm.it\/it\/domini-premium\/aeroportodicatania-it\/#primaryimage"},"thumbnailUrl":"https:\/\/domainfirm.it\/wp-content\/uploads\/2025\/05\/xx-shop.png","datePublished":"2025-11-07T18:02:41+00:00","dateModified":"2025-12-03T10:27:54+00:00","description":"Dominio Premium dedicato allo Aeroporto di Catania. Perfetto per progetti su turismo, crociere, logistica e promozione territoriale siciliana.","breadcrumb":{"@id":"https:\/\/domainfirm.it\/it\/domini-premium\/aeroportodicatania-it\/#breadcrumb"},"inLanguage":"it-IT","potentialAction":[{"@type":"ReadAction","target":["https:\/\/domainfirm.it\/it\/domini-premium\/aeroportodicatania-it\/"]}]},{"@type":"ImageObject","inLanguage":"it-IT","@id":"https:\/\/domainfirm.it\/it\/domini-premium\/aeroportodicatania-it\/#primaryimage","url":"https:\/\/domainfirm.it\/wp-content\/uploads\/2025\/05\/xx-shop.png","contentUrl":"https:\/\/domainfirm.it\/wp-content\/uploads\/2025\/05\/xx-shop.png","width":436,"height":436,"caption":"Domain Premium Hub | DomainFirm.XX"},{"@type":"BreadcrumbList","@id":"https:\/\/domainfirm.it\/it\/domini-premium\/aeroportodicatania-it\/#breadcrumb","itemListElement":[{"@type":"ListItem","position":1,"name":"Home","item":"https:\/\/domainfirm.it\/it\/"},{"@type":"ListItem","position":2,"name":"Catalogo","item":"https:\/\/domainfirm.it\/it\/catalogo\/"},{"@type":"ListItem","position":3,"name":"AeroportodiCatania.it"}]},{"@type":"WebSite","@id":"https:\/\/domainfirm.it\/it\/#website","url":"https:\/\/domainfirm.it\/it\/","name":"DomainFirm.XX","description":"Premium Domains. Prime Opportunities.","publisher":{"@id":"https:\/\/domainfirm.it\/it\/#organization"},"alternateName":"DomainFirm.XX","potentialAction":[{"@type":"SearchAction","target":{"@type":"EntryPoint","urlTemplate":"https:\/\/domainfirm.it\/it\/?s={search_term_string}"},"query-input":{"@type":"PropertyValueSpecification","valueRequired":true,"valueName":"search_term_string"}}],"inLanguage":"it-IT"},{"@type":"Organization","@id":"https:\/\/domainfirm.it\/it\/#organization","name":"DomainFirm.XX","alternateName":"DomainFirm.XX","url":"https:\/\/domainfirm.it\/it\/","logo":{"@type":"ImageObject","inLanguage":"it-IT","@id":"https:\/\/domainfirm.it\/it\/#\/schema\/logo\/image\/","url":"https:\/\/domainfirm.it\/wp-content\/uploads\/2025\/05\/cropped-favicon.png","contentUrl":"https:\/\/domainfirm.it\/wp-content\/uploads\/2025\/05\/cropped-favicon.png","width":512,"height":512,"caption":"DomainFirm.XX"},"image":{"@id":"https:\/\/domainfirm.it\/it\/#\/schema\/logo\/image\/"}}]}},"_links":{"self":[{"href":"https:\/\/domainfirm.it\/it\/wp-json\/wp\/v2\/product\/33530","targetHints":{"allow":["GET"]}}],"collection":[{"href":"https:\/\/domainfirm.it\/it\/wp-json\/wp\/v2\/product"}],"about":[{"href":"https:\/\/domainfirm.it\/it\/wp-json\/wp\/v2\/types\/product"}],"wp:featuredmedia":[{"embeddable":true,"href":"https:\/\/domainfirm.it\/it\/wp-json\/wp\/v2\/media\/32279"}],"wp:attachment":[{"href":"https:\/\/domainfirm.it\/it\/wp-json\/wp\/v2\/media?parent=33530"}],"wp:term":[{"taxonomy":"product_brand","embeddable":true,"href":"https:\/\/domainfirm.it\/it\/wp-json\/wp\/v2\/product_brand?post=33530"},{"taxonomy":"product_cat","embeddable":true,"href":"https:\/\/domainfirm.it\/it\/wp-json\/wp\/v2\/product_cat?post=33530"},{"taxonomy":"product_tag","embeddable":true,"href":"https:\/\/domainfirm.it\/it\/wp-json\/wp\/v2\/product_tag?post=33530"}],"curies":[{"name":"wp","href":"https:\/\/api.w.org\/{rel}","templated":true}]}}