{"id":33559,"date":"2025-11-13T21:38:27","date_gmt":"2025-11-13T19:38:27","guid":{"rendered":"https:\/\/domainfirm.it\/it\/?post_type=product&#038;p=33559"},"modified":"2025-11-14T18:42:01","modified_gmt":"2025-11-14T16:42:01","slug":"marinadipalermo-com","status":"publish","type":"product","link":"https:\/\/domainfirm.it\/it\/domini-premium\/marinadipalermo-com\/","title":{"rendered":"MarinadiPalermo.com"},"content":{"rendered":"<div class=\"wpb-content-wrapper\"><p>[vc_row][vc_column]<div id=\"domai-4137220267\" style=\"margin-left: auto;margin-right: auto;text-align: center;\"><a href=\"https:\/\/domainfirm.it\/it\/adv-domain\/\" target=\"_blank\" aria-label=\"Banner ADV\"><img loading=\"lazy\" decoding=\"async\" src=\"https:\/\/domainfirm.it\/wp-content\/uploads\/2026\/03\/banner-adv.jpg\" alt=\"Banner ADV\"  srcset=\"https:\/\/domainfirm.it\/wp-content\/uploads\/2026\/03\/banner-adv.jpg 730w, https:\/\/domainfirm.it\/wp-content\/uploads\/2026\/03\/banner-adv-300x37.jpg 300w, https:\/\/domainfirm.it\/wp-content\/uploads\/2026\/03\/banner-adv-600x74.jpg 600w\" sizes=\"auto, (max-width: 730px) 100vw, 730px\" width=\"730\" height=\"90\"  style=\"display: inline-block;\" \/><\/a><\/div>[vc_separator css=&#8221;.vc_custom_1761169303406{margin-bottom: 0px !important;padding-top: 30px !important;padding-bottom: 50px !important;}&#8221;][vc_column_text css=&#8221;&#8221;]<\/p>\n<h3><strong>Perch\u00e9 scegliere MarinadiPalermo.com<\/strong><\/h3>\n<section class=\"desc\" aria-labelledby=\"desc-title\">\n<p data-start=\"626\" data-end=\"1239\">MarinadiPalermo.com \u00e8 un dominio strategico per chi intende creare un brand digitale con un respiro internazionale nel settore nautico siciliano. Il \u201c.com\u201d conferisce un\u2019impronta globale, fondamentale per intercettare il pubblico estero che sceglie Palermo come base per charter, crociere private, turismo esperienziale e attivit\u00e0 marittime. La combinazione di keyword geolocalizzate e l\u2019estensione internazionale lo rendono ideale per progetti B2B e B2C che includono prenotazioni, porti turistici, servizi marina, brokeraggio yacht, diving center o un marketplace dedicato alla blue economy siciliana.<\/p>\n<\/section>\n<section aria-labelledby=\"desc-title\"><\/section>\n<p>[\/vc_column_text][vc_column_text css=&#8221;&#8221;]<\/p>\n<section aria-labelledby=\"desc-title\"><\/section>\n<section class=\"desc\" aria-labelledby=\"desc-title\">Il dominio \u00e8 memorabile, intuitivo e ideale per un brand che vuole imporsi come riferimento per la nautica a Palermo. Pu\u00f2 diventare la porta d\u2019accesso digitale per operatori del settore, aziende portuali, marina resort, cantieri nautici, societ\u00e0 di charter o startup che puntano su innovazione e turismo marittimo. Il nome trasmette immediatamente qualit\u00e0, affidabilit\u00e0 e territorialit\u00e0: tre elementi chiave per scalare un vertical di grande valore economico e fortissima domanda.<\/section>\n<p>[\/vc_column_text][vc_column_text css=&#8221;&#8221;]<\/p>\n<p data-start=\"5401\" data-end=\"5829\">Da un punto di vista SEO, MarinaDiPalermo.com permette di posizionarsi facilmente su keyword a forte intenzione commerciale: \u201cmarina Palermo\u201d, \u201cPalermo yacht charter\u201d, \u201cPalermo port\u201d, \u201cPalermo marina resort\u201d, e tutte le ricerche degli utenti che cercano attivit\u00e0 ed esperienze legate al mare. L\u2019estensione internazionale \u00e8 ideale per contenuti multilingua (IT\/EN\/FR\/DE), ampliando drasticamente il bacino potenziale di pubblico.<\/p>\n<p>[\/vc_column_text][vc_column_text css=&#8221;&#8221;]Perfetto per campagne di marketing, per piattaforme digitali incentrate sul turismo marittimo o per operatori nautici che vogliono consolidare la loro presenza in Sicilia e nel Mediterraneo. Un vero premium domain da acquisire per consolidare il fiorente mercato turistico di Palermo e Sicilia.[\/vc_column_text][vc_separator css=&#8221;.vc_custom_1760652469128{margin-bottom: 0px !important;padding-top: 0px !important;padding-bottom: 30px !important;}&#8221;]<div id=\"domai-4036157254\" style=\"margin-left: auto;margin-right: auto;text-align: center;\"><a href=\"https:\/\/domainfirm.it\" target=\"_blank\" aria-label=\"Domain Premium Hub | DomainFirm.XX\"><img loading=\"lazy\" decoding=\"async\" src=\"https:\/\/domainfirm.it\/wp-content\/uploads\/2025\/10\/banner-xx-728x90-1.jpg\" alt=\"Domain Premium Hub | DomainFirm.XX\"  srcset=\"https:\/\/domainfirm.it\/wp-content\/uploads\/2025\/10\/banner-xx-728x90-1.jpg 726w, https:\/\/domainfirm.it\/wp-content\/uploads\/2025\/10\/banner-xx-728x90-1-300x37.jpg 300w, https:\/\/domainfirm.it\/wp-content\/uploads\/2025\/10\/banner-xx-728x90-1-600x74.jpg 600w\" sizes=\"auto, (max-width: 726px) 100vw, 726px\" width=\"726\" height=\"90\"  style=\"display: inline-block;\" \/><\/a><\/div>[\/vc_column][\/vc_row]<\/p>\n<\/div>","protected":false},"excerpt":{"rendered":"<p>MarinaDiPalermo.it \u00e8 un dominio premium perfetto per chi vuole presidiare il settore nautico e turistico della citt\u00e0 di Palermo, una delle destinazioni pi\u00f9 strategiche del Mediterraneo. Il nome \u00e8 diretto, memorabile e immediatamente associato a porti turistici, marina resort, servizi di charter, ormeggi, escursioni, diving, ristorazione e ospitalit\u00e0 costiera. Ideale per brand, startup, operatori del settore marittimo o per chi desidera creare un portale dedicato alla nautica palermitana. Un dominio che comunica autorevolezza, posizione geografica precisa e forte potenziale SEO sulle ricerche pi\u00f9 competitive del settore.<\/p>\n","protected":false},"featured_media":32279,"template":"","meta":{"_acf_changed":false},"product_brand":[],"product_cat":[49,46],"product_tag":[],"class_list":{"0":"post-33559","1":"product","2":"type-product","3":"status-publish","4":"has-post-thumbnail","6":"product_cat-sicilia-domini-premium","7":"product_cat-tourism-domini-premium","9":"first","10":"instock","11":"virtual","12":"sold-individually","13":"taxable","14":"product-type-simple"},"acf":[],"yoast_head":"<!-- This site is optimized with the Yoast SEO plugin v26.8 - https:\/\/yoast.com\/product\/yoast-seo-wordpress\/ -->\n<title>MarinadiPalermo.com - Turismo e logistica a Palermo | DomaniFirm.XX<\/title>\n<meta name=\"description\" content=\"MarinadiPalermo.com \u00e8 un dominio premium ideale per progetti nautici, porti turistici, hospitality e servizi marittimi e turistici a Palermo.\" \/>\n<meta name=\"robots\" content=\"index, follow, max-snippet:-1, max-image-preview:large, max-video-preview:-1\" \/>\n<link rel=\"canonical\" href=\"https:\/\/domainfirm.it\/it\/domini-premium\/marinadipalermo-com\/\" \/>\n<meta property=\"og:locale\" content=\"it_IT\" \/>\n<meta property=\"og:type\" content=\"article\" \/>\n<meta property=\"og:title\" content=\"MarinadiPalermo.com - Turismo e logistica a Palermo | DomaniFirm.XX\" \/>\n<meta property=\"og:description\" content=\"MarinadiPalermo.com \u00e8 un dominio premium ideale per progetti nautici, porti turistici, hospitality e servizi marittimi e turistici a Palermo.\" \/>\n<meta property=\"og:url\" content=\"https:\/\/domainfirm.it\/it\/domini-premium\/marinadipalermo-com\/\" \/>\n<meta property=\"og:site_name\" content=\"DomainFirm.XX\" \/>\n<meta property=\"article:modified_time\" content=\"2025-11-14T16:42:01+00:00\" \/>\n<meta property=\"og:image\" content=\"https:\/\/domainfirm.it\/wp-content\/uploads\/2025\/05\/xx-shop.png\" \/>\n\t<meta property=\"og:image:width\" content=\"436\" \/>\n\t<meta property=\"og:image:height\" content=\"436\" \/>\n\t<meta property=\"og:image:type\" content=\"image\/png\" \/>\n<meta name=\"twitter:card\" content=\"summary_large_image\" \/>\n<meta name=\"twitter:label1\" content=\"Tempo di lettura stimato\" \/>\n\t<meta name=\"twitter:data1\" content=\"2 minuti\" \/>\n<script type=\"application\/ld+json\" class=\"yoast-schema-graph\">{\"@context\":\"https:\/\/schema.org\",\"@graph\":[{\"@type\":\"WebPage\",\"@id\":\"https:\/\/domainfirm.it\/it\/domini-premium\/marinadipalermo-com\/\",\"url\":\"https:\/\/domainfirm.it\/it\/domini-premium\/marinadipalermo-com\/\",\"name\":\"MarinadiPalermo.com - Turismo e logistica a Palermo | DomaniFirm.XX\",\"isPartOf\":{\"@id\":\"https:\/\/domainfirm.it\/it\/#website\"},\"primaryImageOfPage\":{\"@id\":\"https:\/\/domainfirm.it\/it\/domini-premium\/marinadipalermo-com\/#primaryimage\"},\"image\":{\"@id\":\"https:\/\/domainfirm.it\/it\/domini-premium\/marinadipalermo-com\/#primaryimage\"},\"thumbnailUrl\":\"https:\/\/domainfirm.it\/wp-content\/uploads\/2025\/05\/xx-shop.png\",\"datePublished\":\"2025-11-13T19:38:27+00:00\",\"dateModified\":\"2025-11-14T16:42:01+00:00\",\"description\":\"MarinadiPalermo.com \u00e8 un dominio premium ideale per progetti nautici, porti turistici, hospitality e servizi marittimi e turistici a Palermo.\",\"breadcrumb\":{\"@id\":\"https:\/\/domainfirm.it\/it\/domini-premium\/marinadipalermo-com\/#breadcrumb\"},\"inLanguage\":\"it-IT\",\"potentialAction\":[{\"@type\":\"ReadAction\",\"target\":[\"https:\/\/domainfirm.it\/it\/domini-premium\/marinadipalermo-com\/\"]}]},{\"@type\":\"ImageObject\",\"inLanguage\":\"it-IT\",\"@id\":\"https:\/\/domainfirm.it\/it\/domini-premium\/marinadipalermo-com\/#primaryimage\",\"url\":\"https:\/\/domainfirm.it\/wp-content\/uploads\/2025\/05\/xx-shop.png\",\"contentUrl\":\"https:\/\/domainfirm.it\/wp-content\/uploads\/2025\/05\/xx-shop.png\",\"width\":436,\"height\":436,\"caption\":\"Domain Premium Hub | DomainFirm.XX\"},{\"@type\":\"BreadcrumbList\",\"@id\":\"https:\/\/domainfirm.it\/it\/domini-premium\/marinadipalermo-com\/#breadcrumb\",\"itemListElement\":[{\"@type\":\"ListItem\",\"position\":1,\"name\":\"Home\",\"item\":\"https:\/\/domainfirm.it\/it\/\"},{\"@type\":\"ListItem\",\"position\":2,\"name\":\"Catalogo\",\"item\":\"https:\/\/domainfirm.it\/it\/catalogo\/\"},{\"@type\":\"ListItem\",\"position\":3,\"name\":\"MarinadiPalermo.com\"}]},{\"@type\":\"WebSite\",\"@id\":\"https:\/\/domainfirm.it\/it\/#website\",\"url\":\"https:\/\/domainfirm.it\/it\/\",\"name\":\"DomainFirm.XX\",\"description\":\"Premium Domains. Prime Opportunities.\",\"publisher\":{\"@id\":\"https:\/\/domainfirm.it\/it\/#organization\"},\"alternateName\":\"DomainFirm.XX\",\"potentialAction\":[{\"@type\":\"SearchAction\",\"target\":{\"@type\":\"EntryPoint\",\"urlTemplate\":\"https:\/\/domainfirm.it\/it\/?s={search_term_string}\"},\"query-input\":{\"@type\":\"PropertyValueSpecification\",\"valueRequired\":true,\"valueName\":\"search_term_string\"}}],\"inLanguage\":\"it-IT\"},{\"@type\":\"Organization\",\"@id\":\"https:\/\/domainfirm.it\/it\/#organization\",\"name\":\"DomainFirm.XX\",\"alternateName\":\"DomainFirm.XX\",\"url\":\"https:\/\/domainfirm.it\/it\/\",\"logo\":{\"@type\":\"ImageObject\",\"inLanguage\":\"it-IT\",\"@id\":\"https:\/\/domainfirm.it\/it\/#\/schema\/logo\/image\/\",\"url\":\"https:\/\/domainfirm.it\/wp-content\/uploads\/2025\/05\/cropped-favicon.png\",\"contentUrl\":\"https:\/\/domainfirm.it\/wp-content\/uploads\/2025\/05\/cropped-favicon.png\",\"width\":512,\"height\":512,\"caption\":\"DomainFirm.XX\"},\"image\":{\"@id\":\"https:\/\/domainfirm.it\/it\/#\/schema\/logo\/image\/\"}}]}<\/script>\n<!-- \/ Yoast SEO plugin. -->","yoast_head_json":{"title":"MarinadiPalermo.com - Turismo e logistica a Palermo | DomaniFirm.XX","description":"MarinadiPalermo.com \u00e8 un dominio premium ideale per progetti nautici, porti turistici, hospitality e servizi marittimi e turistici a Palermo.","robots":{"index":"index","follow":"follow","max-snippet":"max-snippet:-1","max-image-preview":"max-image-preview:large","max-video-preview":"max-video-preview:-1"},"canonical":"https:\/\/domainfirm.it\/it\/domini-premium\/marinadipalermo-com\/","og_locale":"it_IT","og_type":"article","og_title":"MarinadiPalermo.com - Turismo e logistica a Palermo | DomaniFirm.XX","og_description":"MarinadiPalermo.com \u00e8 un dominio premium ideale per progetti nautici, porti turistici, hospitality e servizi marittimi e turistici a Palermo.","og_url":"https:\/\/domainfirm.it\/it\/domini-premium\/marinadipalermo-com\/","og_site_name":"DomainFirm.XX","article_modified_time":"2025-11-14T16:42:01+00:00","og_image":[{"width":436,"height":436,"url":"https:\/\/domainfirm.it\/wp-content\/uploads\/2025\/05\/xx-shop.png","type":"image\/png"}],"twitter_card":"summary_large_image","twitter_misc":{"Tempo di lettura stimato":"2 minuti"},"schema":{"@context":"https:\/\/schema.org","@graph":[{"@type":"WebPage","@id":"https:\/\/domainfirm.it\/it\/domini-premium\/marinadipalermo-com\/","url":"https:\/\/domainfirm.it\/it\/domini-premium\/marinadipalermo-com\/","name":"MarinadiPalermo.com - Turismo e logistica a Palermo | DomaniFirm.XX","isPartOf":{"@id":"https:\/\/domainfirm.it\/it\/#website"},"primaryImageOfPage":{"@id":"https:\/\/domainfirm.it\/it\/domini-premium\/marinadipalermo-com\/#primaryimage"},"image":{"@id":"https:\/\/domainfirm.it\/it\/domini-premium\/marinadipalermo-com\/#primaryimage"},"thumbnailUrl":"https:\/\/domainfirm.it\/wp-content\/uploads\/2025\/05\/xx-shop.png","datePublished":"2025-11-13T19:38:27+00:00","dateModified":"2025-11-14T16:42:01+00:00","description":"MarinadiPalermo.com \u00e8 un dominio premium ideale per progetti nautici, porti turistici, hospitality e servizi marittimi e turistici a Palermo.","breadcrumb":{"@id":"https:\/\/domainfirm.it\/it\/domini-premium\/marinadipalermo-com\/#breadcrumb"},"inLanguage":"it-IT","potentialAction":[{"@type":"ReadAction","target":["https:\/\/domainfirm.it\/it\/domini-premium\/marinadipalermo-com\/"]}]},{"@type":"ImageObject","inLanguage":"it-IT","@id":"https:\/\/domainfirm.it\/it\/domini-premium\/marinadipalermo-com\/#primaryimage","url":"https:\/\/domainfirm.it\/wp-content\/uploads\/2025\/05\/xx-shop.png","contentUrl":"https:\/\/domainfirm.it\/wp-content\/uploads\/2025\/05\/xx-shop.png","width":436,"height":436,"caption":"Domain Premium Hub | DomainFirm.XX"},{"@type":"BreadcrumbList","@id":"https:\/\/domainfirm.it\/it\/domini-premium\/marinadipalermo-com\/#breadcrumb","itemListElement":[{"@type":"ListItem","position":1,"name":"Home","item":"https:\/\/domainfirm.it\/it\/"},{"@type":"ListItem","position":2,"name":"Catalogo","item":"https:\/\/domainfirm.it\/it\/catalogo\/"},{"@type":"ListItem","position":3,"name":"MarinadiPalermo.com"}]},{"@type":"WebSite","@id":"https:\/\/domainfirm.it\/it\/#website","url":"https:\/\/domainfirm.it\/it\/","name":"DomainFirm.XX","description":"Premium Domains. Prime Opportunities.","publisher":{"@id":"https:\/\/domainfirm.it\/it\/#organization"},"alternateName":"DomainFirm.XX","potentialAction":[{"@type":"SearchAction","target":{"@type":"EntryPoint","urlTemplate":"https:\/\/domainfirm.it\/it\/?s={search_term_string}"},"query-input":{"@type":"PropertyValueSpecification","valueRequired":true,"valueName":"search_term_string"}}],"inLanguage":"it-IT"},{"@type":"Organization","@id":"https:\/\/domainfirm.it\/it\/#organization","name":"DomainFirm.XX","alternateName":"DomainFirm.XX","url":"https:\/\/domainfirm.it\/it\/","logo":{"@type":"ImageObject","inLanguage":"it-IT","@id":"https:\/\/domainfirm.it\/it\/#\/schema\/logo\/image\/","url":"https:\/\/domainfirm.it\/wp-content\/uploads\/2025\/05\/cropped-favicon.png","contentUrl":"https:\/\/domainfirm.it\/wp-content\/uploads\/2025\/05\/cropped-favicon.png","width":512,"height":512,"caption":"DomainFirm.XX"},"image":{"@id":"https:\/\/domainfirm.it\/it\/#\/schema\/logo\/image\/"}}]}},"_links":{"self":[{"href":"https:\/\/domainfirm.it\/it\/wp-json\/wp\/v2\/product\/33559","targetHints":{"allow":["GET"]}}],"collection":[{"href":"https:\/\/domainfirm.it\/it\/wp-json\/wp\/v2\/product"}],"about":[{"href":"https:\/\/domainfirm.it\/it\/wp-json\/wp\/v2\/types\/product"}],"wp:featuredmedia":[{"embeddable":true,"href":"https:\/\/domainfirm.it\/it\/wp-json\/wp\/v2\/media\/32279"}],"wp:attachment":[{"href":"https:\/\/domainfirm.it\/it\/wp-json\/wp\/v2\/media?parent=33559"}],"wp:term":[{"taxonomy":"product_brand","embeddable":true,"href":"https:\/\/domainfirm.it\/it\/wp-json\/wp\/v2\/product_brand?post=33559"},{"taxonomy":"product_cat","embeddable":true,"href":"https:\/\/domainfirm.it\/it\/wp-json\/wp\/v2\/product_cat?post=33559"},{"taxonomy":"product_tag","embeddable":true,"href":"https:\/\/domainfirm.it\/it\/wp-json\/wp\/v2\/product_tag?post=33559"}],"curies":[{"name":"wp","href":"https:\/\/api.w.org\/{rel}","templated":true}]}}