{"id":33606,"date":"2025-11-21T17:58:46","date_gmt":"2025-11-21T15:58:46","guid":{"rendered":"https:\/\/domainfirm.it\/it\/?post_type=product&#038;p=33606"},"modified":"2025-11-21T18:04:21","modified_gmt":"2025-11-21T16:04:21","slug":"robotslaw-it","status":"publish","type":"product","link":"https:\/\/domainfirm.it\/it\/domini-premium\/robotslaw-it\/","title":{"rendered":"Robotslaw.it"},"content":{"rendered":"<div class=\"wpb-content-wrapper\"><p>[vc_row][vc_column]<div id=\"domai-2075898553\" style=\"margin-left: auto;margin-right: auto;text-align: center;\"><div data-id=viator-banner data-partner-id=P00295010 data-url=\"https:\/\/www.viator.com\/\" data-banner-width=728 data-banner-height=90 data-banner-language=it data-banner-selection=banner1 data-campaign=\"XX-VIATOR\" ><\/div>\r\n<script async src=\"https:\/\/partners.vtrcdn.com\/static\/scripts\/banners\/banners.js\"><\/script><\/div>[vc_separator css=&#8221;.vc_custom_1761169303406{margin-bottom: 0px !important;padding-top: 30px !important;padding-bottom: 50px !important;}&#8221;][vc_column_text css=&#8221;&#8221;]<\/p>\n<h3><strong>Perche Scegliere Robotslaw.it<\/strong><\/h3>\n<p data-start=\"1486\" data-end=\"1861\">Il dominio <em data-start=\"464\" data-end=\"478\">robotslaw.it<\/em> rappresenta un asset strategico per chi desidera presidiare un settore in rapidissima espansione: il diritto dei robot e la regolazione dell\u2019intelligenza artificiale. L\u2019evoluzione tecnologica sta trasformando la robotica da campo sperimentale a infrastruttura critica della vita economica, industriale e sociale. Robot collaborativi nelle fabbriche, sistemi autonomi nel settore automotive, droni intelligenti, piattaforme basate su AI generativa, modelli predittivi nelle imprese e dispositivi robotici in ambito sanitario e logistico stanno ponendo nuove sfide normative. In questo contesto, cresce la necessit\u00e0 di un quadro regolatorio chiaro, aggiornato e soprattutto comprensibile sia da professionisti del diritto, sia da aziende e sviluppatori.<\/p>\n<section aria-labelledby=\"desc-title\"><\/section>\n<p>[\/vc_column_text][vc_column_text css=&#8221;&#8221;]<\/p>\n<p data-start=\"999\" data-end=\"1550\">robotslaw.it \u00e8 un dominio che comunica in modo immediato autorevolezza, verticalit\u00e0 e competenza. Il nome \u00e8 pulito, incisivo e perfettamente allineato alle parole chiave pi\u00f9 utilizzate nell\u2019ecosistema europeo e internazionale quando si parla di responsabilit\u00e0 dei robot, governance algoritmica, sicurezza dell\u2019AI e compliance dei sistemi autonomi. Pu\u00f2 diventare la base ideale per una piattaforma dedicata alla divulgazione normativa, alla consulenza professionale, alla formazione specialistica o allo sviluppo di strumenti di assistenza per imprese, studi legali, startup tecnologiche e ricercatori.<\/p>\n<p>[\/vc_column_text][vc_column_text css=&#8221;&#8221;]<\/p>\n<p data-start=\"1724\" data-end=\"2355\">Il dominio si presta perfettamente anche alla creazione di osservatori tematici dedicati all\u2019AI Act, alla regolazione dell\u2019automazione, alla responsabilit\u00e0 civile e penale nei casi che coinvolgono sistemi autonomi, nonch\u00e9 agli impatti etici e sociali delle nuove tecnologie. La sua forza semantica favorisce un ottimo posizionamento SEO su query caratterizzate da crescente volume di ricerca: robot law, diritto della robotica, normative sui robot, responsabilit\u00e0 AI, governance algoritmica e sicurezza dei sistemi autonomi.<\/p>\n<p>[\/vc_column_text][vc_column_text css=&#8221;&#8221;]<\/p>\n<p data-start=\"2860\" data-end=\"3276\">In un momento storico in cui l\u2019Europa sta definendo standard unici al mondo per l\u2019intelligenza artificiale \u2013 e in cui aziende e istituzioni cercano riferimenti credibili \u2013 robotslaw.it permette di costruire un brand specialistico forte, distintivo e immediatamente riconoscibile. \u00c8 un dominio Premium che offre opportunit\u00e0 reali di sviluppo professionale, editoriale o commerciale, diventando un punto di riferimento nel panorama italiano della regolazione dell\u2019AI e della robotica.<\/p>\n<p>[\/vc_column_text][vc_separator css=&#8221;.vc_custom_1760652469128{margin-bottom: 0px !important;padding-top: 0px !important;padding-bottom: 30px !important;}&#8221;]<div id=\"domai-651386169\" style=\"margin-left: auto;margin-right: auto;text-align: center;\"><a href=\"https:\/\/domainfirm.it\" target=\"_blank\" aria-label=\"Domain Premium Hub | DomainFirm.XX\"><img loading=\"lazy\" decoding=\"async\" src=\"https:\/\/domainfirm.it\/wp-content\/uploads\/2025\/10\/banner-xx-728x90-1.jpg\" alt=\"Domain Premium Hub | DomainFirm.XX\"  srcset=\"https:\/\/domainfirm.it\/wp-content\/uploads\/2025\/10\/banner-xx-728x90-1.jpg 726w, https:\/\/domainfirm.it\/wp-content\/uploads\/2025\/10\/banner-xx-728x90-1-300x37.jpg 300w, https:\/\/domainfirm.it\/wp-content\/uploads\/2025\/10\/banner-xx-728x90-1-600x74.jpg 600w\" sizes=\"auto, (max-width: 726px) 100vw, 726px\" width=\"726\" height=\"90\"  style=\"display: inline-block;\" \/><\/a><\/div>[\/vc_column][\/vc_row]<\/p>\n<\/div>","protected":false},"excerpt":{"rendered":"<p data-start=\"2894\" data-end=\"3435\">robotslaw.it \u00e8 un dominio Premium dedicato al diritto della robotica e alla regolazione dell\u2019intelligenza artificiale. Perfetto per studi legali, piattaforme professionalizzanti, centri di ricerca e aziende che si occupano di AI, governance algoritmica, responsabilit\u00e0 dei robot e compliance dei sistemi autonomi. Il nome \u00e8 diretto, autorevole e ottimizzato per posizionarsi su keyword strategiche come \u201crobot law\u201d, \u201cdiritto dei robot\u201d e \u201cAI law\u201d. Una base ideale per costruire un brand credibile e innovativo nel settore dell\u2019AI governance.<\/p>\n","protected":false},"featured_media":32279,"template":"","meta":{"_acf_changed":false},"product_brand":[],"product_cat":[23,45],"product_tag":[],"class_list":{"0":"post-33606","1":"product","2":"type-product","3":"status-publish","4":"has-post-thumbnail","6":"product_cat-legal-domini-premium","7":"product_cat-tech-domini-premium","9":"first","10":"instock","11":"virtual","12":"sold-individually","13":"taxable","14":"product-type-simple"},"acf":[],"yoast_head":"<!-- This site is optimized with the Yoast SEO plugin v26.8 - https:\/\/yoast.com\/product\/yoast-seo-wordpress\/ -->\n<title>RobotsLaw.it - Dominio Premium per Diritto dei Robot e AI Law | DomainFirm.XX<\/title>\n<meta name=\"description\" content=\"Robotslaw.it Dominio Premium per progetti su diritto dei robot, AI law, responsabilit\u00e0 dell\u2019IA e governance algoritmica. Ideale per studi legali e piattaforme tech.\" \/>\n<meta name=\"robots\" content=\"index, follow, max-snippet:-1, max-image-preview:large, max-video-preview:-1\" \/>\n<link rel=\"canonical\" href=\"https:\/\/domainfirm.it\/en\/domini-premium\/robotslaw-it\/\" \/>\n<meta property=\"og:locale\" content=\"it_IT\" \/>\n<meta property=\"og:type\" content=\"article\" \/>\n<meta property=\"og:title\" content=\"RobotsLaw.it - Dominio Premium per Diritto dei Robot e AI Law | DomainFirm.XX\" \/>\n<meta property=\"og:description\" content=\"Robotslaw.it Dominio Premium per progetti su diritto dei robot, AI law, responsabilit\u00e0 dell\u2019IA e governance algoritmica. Ideale per studi legali e piattaforme tech.\" \/>\n<meta property=\"og:url\" content=\"https:\/\/domainfirm.it\/en\/domini-premium\/robotslaw-it\/\" \/>\n<meta property=\"og:site_name\" content=\"DomainFirm.XX\" \/>\n<meta property=\"article:modified_time\" content=\"2025-11-21T16:04:21+00:00\" \/>\n<meta property=\"og:image\" content=\"https:\/\/domainfirm.it\/wp-content\/uploads\/2025\/05\/xx-shop.png\" \/>\n\t<meta property=\"og:image:width\" content=\"436\" \/>\n\t<meta property=\"og:image:height\" content=\"436\" \/>\n\t<meta property=\"og:image:type\" content=\"image\/png\" \/>\n<meta name=\"twitter:card\" content=\"summary_large_image\" \/>\n<meta name=\"twitter:label1\" content=\"Tempo di lettura stimato\" \/>\n\t<meta name=\"twitter:data1\" content=\"3 minuti\" \/>\n<script type=\"application\/ld+json\" class=\"yoast-schema-graph\">{\"@context\":\"https:\/\/schema.org\",\"@graph\":[{\"@type\":\"WebPage\",\"@id\":\"https:\/\/domainfirm.it\/en\/domini-premium\/robotslaw-it\/\",\"url\":\"https:\/\/domainfirm.it\/en\/domini-premium\/robotslaw-it\/\",\"name\":\"RobotsLaw.it - Dominio Premium per Diritto dei Robot e AI Law | DomainFirm.XX\",\"isPartOf\":{\"@id\":\"https:\/\/domainfirm.it\/it\/#website\"},\"primaryImageOfPage\":{\"@id\":\"https:\/\/domainfirm.it\/en\/domini-premium\/robotslaw-it\/#primaryimage\"},\"image\":{\"@id\":\"https:\/\/domainfirm.it\/en\/domini-premium\/robotslaw-it\/#primaryimage\"},\"thumbnailUrl\":\"https:\/\/domainfirm.it\/wp-content\/uploads\/2025\/05\/xx-shop.png\",\"datePublished\":\"2025-11-21T15:58:46+00:00\",\"dateModified\":\"2025-11-21T16:04:21+00:00\",\"description\":\"Robotslaw.it Dominio Premium per progetti su diritto dei robot, AI law, responsabilit\u00e0 dell\u2019IA e governance algoritmica. Ideale per studi legali e piattaforme tech.\",\"breadcrumb\":{\"@id\":\"https:\/\/domainfirm.it\/en\/domini-premium\/robotslaw-it\/#breadcrumb\"},\"inLanguage\":\"it-IT\",\"potentialAction\":[{\"@type\":\"ReadAction\",\"target\":[\"https:\/\/domainfirm.it\/en\/domini-premium\/robotslaw-it\/\"]}]},{\"@type\":\"ImageObject\",\"inLanguage\":\"it-IT\",\"@id\":\"https:\/\/domainfirm.it\/en\/domini-premium\/robotslaw-it\/#primaryimage\",\"url\":\"https:\/\/domainfirm.it\/wp-content\/uploads\/2025\/05\/xx-shop.png\",\"contentUrl\":\"https:\/\/domainfirm.it\/wp-content\/uploads\/2025\/05\/xx-shop.png\",\"width\":436,\"height\":436,\"caption\":\"Domain Premium Hub | DomainFirm.XX\"},{\"@type\":\"BreadcrumbList\",\"@id\":\"https:\/\/domainfirm.it\/en\/domini-premium\/robotslaw-it\/#breadcrumb\",\"itemListElement\":[{\"@type\":\"ListItem\",\"position\":1,\"name\":\"Home\",\"item\":\"https:\/\/domainfirm.it\/it\/\"},{\"@type\":\"ListItem\",\"position\":2,\"name\":\"Catalogo\",\"item\":\"https:\/\/domainfirm.it\/it\/catalogo\/\"},{\"@type\":\"ListItem\",\"position\":3,\"name\":\"Robotslaw.it\"}]},{\"@type\":\"WebSite\",\"@id\":\"https:\/\/domainfirm.it\/it\/#website\",\"url\":\"https:\/\/domainfirm.it\/it\/\",\"name\":\"DomainFirm.XX\",\"description\":\"Premium Domains. Prime Opportunities.\",\"publisher\":{\"@id\":\"https:\/\/domainfirm.it\/it\/#organization\"},\"alternateName\":\"DomainFirm.XX\",\"potentialAction\":[{\"@type\":\"SearchAction\",\"target\":{\"@type\":\"EntryPoint\",\"urlTemplate\":\"https:\/\/domainfirm.it\/it\/?s={search_term_string}\"},\"query-input\":{\"@type\":\"PropertyValueSpecification\",\"valueRequired\":true,\"valueName\":\"search_term_string\"}}],\"inLanguage\":\"it-IT\"},{\"@type\":\"Organization\",\"@id\":\"https:\/\/domainfirm.it\/it\/#organization\",\"name\":\"DomainFirm.XX\",\"alternateName\":\"DomainFirm.XX\",\"url\":\"https:\/\/domainfirm.it\/it\/\",\"logo\":{\"@type\":\"ImageObject\",\"inLanguage\":\"it-IT\",\"@id\":\"https:\/\/domainfirm.it\/it\/#\/schema\/logo\/image\/\",\"url\":\"https:\/\/domainfirm.it\/wp-content\/uploads\/2025\/05\/cropped-favicon.png\",\"contentUrl\":\"https:\/\/domainfirm.it\/wp-content\/uploads\/2025\/05\/cropped-favicon.png\",\"width\":512,\"height\":512,\"caption\":\"DomainFirm.XX\"},\"image\":{\"@id\":\"https:\/\/domainfirm.it\/it\/#\/schema\/logo\/image\/\"}}]}<\/script>\n<!-- \/ Yoast SEO plugin. -->","yoast_head_json":{"title":"RobotsLaw.it - Dominio Premium per Diritto dei Robot e AI Law | DomainFirm.XX","description":"Robotslaw.it Dominio Premium per progetti su diritto dei robot, AI law, responsabilit\u00e0 dell\u2019IA e governance algoritmica. Ideale per studi legali e piattaforme tech.","robots":{"index":"index","follow":"follow","max-snippet":"max-snippet:-1","max-image-preview":"max-image-preview:large","max-video-preview":"max-video-preview:-1"},"canonical":"https:\/\/domainfirm.it\/en\/domini-premium\/robotslaw-it\/","og_locale":"it_IT","og_type":"article","og_title":"RobotsLaw.it - Dominio Premium per Diritto dei Robot e AI Law | DomainFirm.XX","og_description":"Robotslaw.it Dominio Premium per progetti su diritto dei robot, AI law, responsabilit\u00e0 dell\u2019IA e governance algoritmica. Ideale per studi legali e piattaforme tech.","og_url":"https:\/\/domainfirm.it\/en\/domini-premium\/robotslaw-it\/","og_site_name":"DomainFirm.XX","article_modified_time":"2025-11-21T16:04:21+00:00","og_image":[{"width":436,"height":436,"url":"https:\/\/domainfirm.it\/wp-content\/uploads\/2025\/05\/xx-shop.png","type":"image\/png"}],"twitter_card":"summary_large_image","twitter_misc":{"Tempo di lettura stimato":"3 minuti"},"schema":{"@context":"https:\/\/schema.org","@graph":[{"@type":"WebPage","@id":"https:\/\/domainfirm.it\/en\/domini-premium\/robotslaw-it\/","url":"https:\/\/domainfirm.it\/en\/domini-premium\/robotslaw-it\/","name":"RobotsLaw.it - Dominio Premium per Diritto dei Robot e AI Law | DomainFirm.XX","isPartOf":{"@id":"https:\/\/domainfirm.it\/it\/#website"},"primaryImageOfPage":{"@id":"https:\/\/domainfirm.it\/en\/domini-premium\/robotslaw-it\/#primaryimage"},"image":{"@id":"https:\/\/domainfirm.it\/en\/domini-premium\/robotslaw-it\/#primaryimage"},"thumbnailUrl":"https:\/\/domainfirm.it\/wp-content\/uploads\/2025\/05\/xx-shop.png","datePublished":"2025-11-21T15:58:46+00:00","dateModified":"2025-11-21T16:04:21+00:00","description":"Robotslaw.it Dominio Premium per progetti su diritto dei robot, AI law, responsabilit\u00e0 dell\u2019IA e governance algoritmica. Ideale per studi legali e piattaforme tech.","breadcrumb":{"@id":"https:\/\/domainfirm.it\/en\/domini-premium\/robotslaw-it\/#breadcrumb"},"inLanguage":"it-IT","potentialAction":[{"@type":"ReadAction","target":["https:\/\/domainfirm.it\/en\/domini-premium\/robotslaw-it\/"]}]},{"@type":"ImageObject","inLanguage":"it-IT","@id":"https:\/\/domainfirm.it\/en\/domini-premium\/robotslaw-it\/#primaryimage","url":"https:\/\/domainfirm.it\/wp-content\/uploads\/2025\/05\/xx-shop.png","contentUrl":"https:\/\/domainfirm.it\/wp-content\/uploads\/2025\/05\/xx-shop.png","width":436,"height":436,"caption":"Domain Premium Hub | DomainFirm.XX"},{"@type":"BreadcrumbList","@id":"https:\/\/domainfirm.it\/en\/domini-premium\/robotslaw-it\/#breadcrumb","itemListElement":[{"@type":"ListItem","position":1,"name":"Home","item":"https:\/\/domainfirm.it\/it\/"},{"@type":"ListItem","position":2,"name":"Catalogo","item":"https:\/\/domainfirm.it\/it\/catalogo\/"},{"@type":"ListItem","position":3,"name":"Robotslaw.it"}]},{"@type":"WebSite","@id":"https:\/\/domainfirm.it\/it\/#website","url":"https:\/\/domainfirm.it\/it\/","name":"DomainFirm.XX","description":"Premium Domains. Prime Opportunities.","publisher":{"@id":"https:\/\/domainfirm.it\/it\/#organization"},"alternateName":"DomainFirm.XX","potentialAction":[{"@type":"SearchAction","target":{"@type":"EntryPoint","urlTemplate":"https:\/\/domainfirm.it\/it\/?s={search_term_string}"},"query-input":{"@type":"PropertyValueSpecification","valueRequired":true,"valueName":"search_term_string"}}],"inLanguage":"it-IT"},{"@type":"Organization","@id":"https:\/\/domainfirm.it\/it\/#organization","name":"DomainFirm.XX","alternateName":"DomainFirm.XX","url":"https:\/\/domainfirm.it\/it\/","logo":{"@type":"ImageObject","inLanguage":"it-IT","@id":"https:\/\/domainfirm.it\/it\/#\/schema\/logo\/image\/","url":"https:\/\/domainfirm.it\/wp-content\/uploads\/2025\/05\/cropped-favicon.png","contentUrl":"https:\/\/domainfirm.it\/wp-content\/uploads\/2025\/05\/cropped-favicon.png","width":512,"height":512,"caption":"DomainFirm.XX"},"image":{"@id":"https:\/\/domainfirm.it\/it\/#\/schema\/logo\/image\/"}}]}},"_links":{"self":[{"href":"https:\/\/domainfirm.it\/it\/wp-json\/wp\/v2\/product\/33606","targetHints":{"allow":["GET"]}}],"collection":[{"href":"https:\/\/domainfirm.it\/it\/wp-json\/wp\/v2\/product"}],"about":[{"href":"https:\/\/domainfirm.it\/it\/wp-json\/wp\/v2\/types\/product"}],"wp:featuredmedia":[{"embeddable":true,"href":"https:\/\/domainfirm.it\/it\/wp-json\/wp\/v2\/media\/32279"}],"wp:attachment":[{"href":"https:\/\/domainfirm.it\/it\/wp-json\/wp\/v2\/media?parent=33606"}],"wp:term":[{"taxonomy":"product_brand","embeddable":true,"href":"https:\/\/domainfirm.it\/it\/wp-json\/wp\/v2\/product_brand?post=33606"},{"taxonomy":"product_cat","embeddable":true,"href":"https:\/\/domainfirm.it\/it\/wp-json\/wp\/v2\/product_cat?post=33606"},{"taxonomy":"product_tag","embeddable":true,"href":"https:\/\/domainfirm.it\/it\/wp-json\/wp\/v2\/product_tag?post=33606"}],"curies":[{"name":"wp","href":"https:\/\/api.w.org\/{rel}","templated":true}]}}