{"id":33611,"date":"2025-11-21T22:58:56","date_gmt":"2025-11-21T20:58:56","guid":{"rendered":"https:\/\/domainfirm.it\/it\/?post_type=product&#038;p=33611"},"modified":"2025-11-21T23:02:00","modified_gmt":"2025-11-21T21:02:00","slug":"gindisicilia-it","status":"publish","type":"product","link":"https:\/\/domainfirm.it\/it\/domini-premium\/gindisicilia-it\/","title":{"rendered":"GindiSicilia.it"},"content":{"rendered":"<div class=\"wpb-content-wrapper\"><p>[vc_row][vc_column]<div id=\"domai-1859451512\" style=\"margin-left: auto;margin-right: auto;text-align: center;\"><div data-id=viator-banner data-partner-id=P00295010 data-url=\"https:\/\/www.viator.com\/\" data-banner-width=728 data-banner-height=90 data-banner-language=it data-banner-selection=banner1 data-campaign=\"XX-VIATOR\" ><\/div>\r\n<script async src=\"https:\/\/partners.vtrcdn.com\/static\/scripts\/banners\/banners.js\"><\/script><\/div>[vc_separator css=&#8221;.vc_custom_1761169303406{margin-bottom: 0px !important;padding-top: 30px !important;padding-bottom: 50px !important;}&#8221;][vc_column_text css=&#8221;&#8221;]<\/p>\n<h3><strong>Perche Scegliere GinDiSicilia.it<\/strong><\/h3>\n<p data-start=\"495\" data-end=\"1255\">gindisicilia.it \u00e8 un dominio Premium che unisce due elementi di grande forza commerciale e narrativa: il crescente mercato del gin artigianale e l\u2019appeal internazionale della Sicilia, una delle regioni pi\u00f9 ricche di biodiversit\u00e0 botanica al mondo. Questo dominio \u00e8 ideale per chi desidera lanciare un progetto digitale legato ai distillati, allo storytelling del territorio o alla valorizzazione delle produzioni locali di qualit\u00e0. Il gin siciliano, infatti, \u00e8 sempre pi\u00f9 apprezzato per l\u2019utilizzo di botanicals unici \u2013 agrumi, erbe mediterranee, spezie e materie prime autoctone \u2013 che conferiscono ai distillati un\u2019identit\u00e0 distintiva, perfetta per posizionarsi nel segmento premium.<\/p>\n<section aria-labelledby=\"desc-title\"><\/section>\n<p>[\/vc_column_text][vc_column_text css=&#8221;&#8221;]<\/p>\n<p data-start=\"999\" data-end=\"1550\">Il dominio gindisicilia.it si presta a molteplici applicazioni: e-commerce specializzati in gin artigianali e spirits di alta gamma, portali dedicati alle distillerie dell\u2019isola, marketplace verticali, blog tematici sulla mixology, piattaforme editoriali focalizzate sulla cultura del gin, oppure brand territoriali pronti a trasformarsi in prodotti commerciali o esperienze turistiche. Pu\u00f2 ospitare anche percorsi di degustazione, corsi, masterclass, itinerari turistici legati ai sapori siciliani e collaborazioni con bartender, ristoranti, enoteche, hotel e produttori locali.<\/p>\n<p>[\/vc_column_text][vc_column_text css=&#8221;&#8221;]Dal punto di vista SEO, gindisicilia.it rappresenta un asset estremamente competitivo: contiene keyword chiave ad alta intenzione di ricerca, come \u201cgin siciliano\u201d, \u201cgin di Sicilia\u201d, \u201cgin artigianale\u201d, \u201cdistillati siciliani\u201d, perfette per una strategia organica orientata alla conversione. Il nome \u00e8 breve, diretto, facile da ricordare e immediatamente collegato a un prodotto in forte crescita nel settore beverage. L\u2019utilizzo di un dominio cos\u00ec specifico permette di acquisire autorevolezza, presidiare una nicchia con un potenziale di mercato crescente e costruire un posizionamento forte anche a livello internazionale.[\/vc_column_text][vc_column_text css=&#8221;&#8221;]<\/p>\n<p data-start=\"2860\" data-end=\"3276\">Il dominio \u00e8 ideale anche per progetti commerciali che puntano a registrare un marchio, sviluppare un brand proprietario di gin, creare linee limited edition o implementare attivit\u00e0 di licensing e co-branding con realt\u00e0 gi\u00e0 attive nella filiera. gindisicilia.it pu\u00f2 inoltre diventare un hub di riferimento per i turisti che cercano esperienze legate al mondo degli spirits, integrando degustazioni, visite in distilleria, eventi tematici e contenuti editoriali immersivi.<\/p>\n<p>[\/vc_column_text][vc_column_text css=&#8221;&#8221;]<\/p>\n<p data-start=\"2860\" data-end=\"3276\">In sintesi, gindisicilia.it \u00e8 un dominio premium ad alto potenziale, perfetto per valorizzare l\u2019identit\u00e0 siciliana attraverso un prodotto trendy e ricercato come il gin artigianale. Uno spazio digitale versatile, scalabile e con un posizionamento immediatamente riconoscibile.<\/p>\n<p>[\/vc_column_text][vc_separator css=&#8221;.vc_custom_1760652469128{margin-bottom: 0px !important;padding-top: 0px !important;padding-bottom: 30px !important;}&#8221;]<div id=\"domai-725954305\" style=\"margin-left: auto;margin-right: auto;text-align: center;\"><a href=\"https:\/\/domainfirm.it\/it\/adv-domain\/\" target=\"_blank\" aria-label=\"Banner ADV\"><img loading=\"lazy\" decoding=\"async\" src=\"https:\/\/domainfirm.it\/wp-content\/uploads\/2026\/03\/banner-adv.jpg\" alt=\"Banner ADV\"  srcset=\"https:\/\/domainfirm.it\/wp-content\/uploads\/2026\/03\/banner-adv.jpg 730w, https:\/\/domainfirm.it\/wp-content\/uploads\/2026\/03\/banner-adv-300x37.jpg 300w, https:\/\/domainfirm.it\/wp-content\/uploads\/2026\/03\/banner-adv-600x74.jpg 600w\" sizes=\"auto, (max-width: 730px) 100vw, 730px\" width=\"730\" height=\"90\"  style=\"display: inline-block;\" \/><\/a><\/div>[\/vc_column][\/vc_row]<\/p>\n<\/div>","protected":false},"excerpt":{"rendered":"<p data-start=\"2894\" data-end=\"3435\">gindisicilia.it \u00e8 un dominio Premium ideale per progetti dedicati al gin siciliano, ai distillati artigianali e alla valorizzazione dei botanicals mediterranei. Perfetto per e-commerce spirits, brand di gin, startup beverage, distillerie, blog tematici, percorsi di degustazione, turismo enogastronomico ed esperienze sensoriali sul territorio. Il nome \u00e8 breve, memorabile, SEO-friendly e possiede un forte impatto commerciale, perfetto per chi vuole creare un marchio distintivo o un portale verticale sul gin made in Sicily. Un asset digitale strategico pronto a diventare brand.<\/p>\n","protected":false},"featured_media":32279,"template":"","meta":{"_acf_changed":false},"product_brand":[],"product_cat":[49,51],"product_tag":[],"class_list":{"0":"post-33611","1":"product","2":"type-product","3":"status-publish","4":"has-post-thumbnail","6":"product_cat-sicilia-domini-premium","7":"product_cat-wine-domini-premium","9":"first","10":"instock","11":"virtual","12":"sold-individually","13":"taxable","14":"product-type-simple"},"acf":[],"yoast_head":"<!-- This site is optimized with the Yoast SEO plugin v26.8 - https:\/\/yoast.com\/product\/yoast-seo-wordpress\/ -->\n<title>gindisicilia.it \u2013 Dominio Premium per Gin Artigianale Siciliano &amp; Spirits | DomainFirm.XX<\/title>\n<meta name=\"description\" content=\"gindisicilia.it \u00e8 il Dominio Premium ideale per gin siciliano, distillati artigianali, e-commerce spirits e progetti territoriali.\" \/>\n<meta name=\"robots\" content=\"index, follow, max-snippet:-1, max-image-preview:large, max-video-preview:-1\" \/>\n<link rel=\"canonical\" href=\"https:\/\/domainfirm.it\/it\/domini-premium\/gindisicilia-it\/\" \/>\n<meta property=\"og:locale\" content=\"it_IT\" \/>\n<meta property=\"og:type\" content=\"article\" \/>\n<meta property=\"og:title\" content=\"gindisicilia.it \u2013 Dominio Premium per Gin Artigianale Siciliano &amp; Spirits | DomainFirm.XX\" \/>\n<meta property=\"og:description\" content=\"gindisicilia.it \u00e8 il Dominio Premium ideale per gin siciliano, distillati artigianali, e-commerce spirits e progetti territoriali.\" \/>\n<meta property=\"og:url\" content=\"https:\/\/domainfirm.it\/it\/domini-premium\/gindisicilia-it\/\" \/>\n<meta property=\"og:site_name\" content=\"DomainFirm.XX\" \/>\n<meta property=\"article:modified_time\" content=\"2025-11-21T21:02:00+00:00\" \/>\n<meta property=\"og:image\" content=\"https:\/\/domainfirm.it\/wp-content\/uploads\/2025\/05\/xx-shop.png\" \/>\n\t<meta property=\"og:image:width\" content=\"436\" \/>\n\t<meta property=\"og:image:height\" content=\"436\" \/>\n\t<meta property=\"og:image:type\" content=\"image\/png\" \/>\n<meta name=\"twitter:card\" content=\"summary_large_image\" \/>\n<meta name=\"twitter:label1\" content=\"Tempo di lettura stimato\" \/>\n\t<meta name=\"twitter:data1\" content=\"3 minuti\" \/>\n<script type=\"application\/ld+json\" class=\"yoast-schema-graph\">{\"@context\":\"https:\/\/schema.org\",\"@graph\":[{\"@type\":\"WebPage\",\"@id\":\"https:\/\/domainfirm.it\/it\/domini-premium\/gindisicilia-it\/\",\"url\":\"https:\/\/domainfirm.it\/it\/domini-premium\/gindisicilia-it\/\",\"name\":\"gindisicilia.it \u2013 Dominio Premium per Gin Artigianale Siciliano & Spirits | DomainFirm.XX\",\"isPartOf\":{\"@id\":\"https:\/\/domainfirm.it\/it\/#website\"},\"primaryImageOfPage\":{\"@id\":\"https:\/\/domainfirm.it\/it\/domini-premium\/gindisicilia-it\/#primaryimage\"},\"image\":{\"@id\":\"https:\/\/domainfirm.it\/it\/domini-premium\/gindisicilia-it\/#primaryimage\"},\"thumbnailUrl\":\"https:\/\/domainfirm.it\/wp-content\/uploads\/2025\/05\/xx-shop.png\",\"datePublished\":\"2025-11-21T20:58:56+00:00\",\"dateModified\":\"2025-11-21T21:02:00+00:00\",\"description\":\"gindisicilia.it \u00e8 il Dominio Premium ideale per gin siciliano, distillati artigianali, e-commerce spirits e progetti territoriali.\",\"breadcrumb\":{\"@id\":\"https:\/\/domainfirm.it\/it\/domini-premium\/gindisicilia-it\/#breadcrumb\"},\"inLanguage\":\"it-IT\",\"potentialAction\":[{\"@type\":\"ReadAction\",\"target\":[\"https:\/\/domainfirm.it\/it\/domini-premium\/gindisicilia-it\/\"]}]},{\"@type\":\"ImageObject\",\"inLanguage\":\"it-IT\",\"@id\":\"https:\/\/domainfirm.it\/it\/domini-premium\/gindisicilia-it\/#primaryimage\",\"url\":\"https:\/\/domainfirm.it\/wp-content\/uploads\/2025\/05\/xx-shop.png\",\"contentUrl\":\"https:\/\/domainfirm.it\/wp-content\/uploads\/2025\/05\/xx-shop.png\",\"width\":436,\"height\":436,\"caption\":\"Domain Premium Hub | DomainFirm.XX\"},{\"@type\":\"BreadcrumbList\",\"@id\":\"https:\/\/domainfirm.it\/it\/domini-premium\/gindisicilia-it\/#breadcrumb\",\"itemListElement\":[{\"@type\":\"ListItem\",\"position\":1,\"name\":\"Home\",\"item\":\"https:\/\/domainfirm.it\/it\/\"},{\"@type\":\"ListItem\",\"position\":2,\"name\":\"Catalogo\",\"item\":\"https:\/\/domainfirm.it\/it\/catalogo\/\"},{\"@type\":\"ListItem\",\"position\":3,\"name\":\"GindiSicilia.it\"}]},{\"@type\":\"WebSite\",\"@id\":\"https:\/\/domainfirm.it\/it\/#website\",\"url\":\"https:\/\/domainfirm.it\/it\/\",\"name\":\"DomainFirm.XX\",\"description\":\"Premium Domains. Prime Opportunities.\",\"publisher\":{\"@id\":\"https:\/\/domainfirm.it\/it\/#organization\"},\"alternateName\":\"DomainFirm.XX\",\"potentialAction\":[{\"@type\":\"SearchAction\",\"target\":{\"@type\":\"EntryPoint\",\"urlTemplate\":\"https:\/\/domainfirm.it\/it\/?s={search_term_string}\"},\"query-input\":{\"@type\":\"PropertyValueSpecification\",\"valueRequired\":true,\"valueName\":\"search_term_string\"}}],\"inLanguage\":\"it-IT\"},{\"@type\":\"Organization\",\"@id\":\"https:\/\/domainfirm.it\/it\/#organization\",\"name\":\"DomainFirm.XX\",\"alternateName\":\"DomainFirm.XX\",\"url\":\"https:\/\/domainfirm.it\/it\/\",\"logo\":{\"@type\":\"ImageObject\",\"inLanguage\":\"it-IT\",\"@id\":\"https:\/\/domainfirm.it\/it\/#\/schema\/logo\/image\/\",\"url\":\"https:\/\/domainfirm.it\/wp-content\/uploads\/2025\/05\/cropped-favicon.png\",\"contentUrl\":\"https:\/\/domainfirm.it\/wp-content\/uploads\/2025\/05\/cropped-favicon.png\",\"width\":512,\"height\":512,\"caption\":\"DomainFirm.XX\"},\"image\":{\"@id\":\"https:\/\/domainfirm.it\/it\/#\/schema\/logo\/image\/\"}}]}<\/script>\n<!-- \/ Yoast SEO plugin. -->","yoast_head_json":{"title":"gindisicilia.it \u2013 Dominio Premium per Gin Artigianale Siciliano & Spirits | DomainFirm.XX","description":"gindisicilia.it \u00e8 il Dominio Premium ideale per gin siciliano, distillati artigianali, e-commerce spirits e progetti territoriali.","robots":{"index":"index","follow":"follow","max-snippet":"max-snippet:-1","max-image-preview":"max-image-preview:large","max-video-preview":"max-video-preview:-1"},"canonical":"https:\/\/domainfirm.it\/it\/domini-premium\/gindisicilia-it\/","og_locale":"it_IT","og_type":"article","og_title":"gindisicilia.it \u2013 Dominio Premium per Gin Artigianale Siciliano & Spirits | DomainFirm.XX","og_description":"gindisicilia.it \u00e8 il Dominio Premium ideale per gin siciliano, distillati artigianali, e-commerce spirits e progetti territoriali.","og_url":"https:\/\/domainfirm.it\/it\/domini-premium\/gindisicilia-it\/","og_site_name":"DomainFirm.XX","article_modified_time":"2025-11-21T21:02:00+00:00","og_image":[{"width":436,"height":436,"url":"https:\/\/domainfirm.it\/wp-content\/uploads\/2025\/05\/xx-shop.png","type":"image\/png"}],"twitter_card":"summary_large_image","twitter_misc":{"Tempo di lettura stimato":"3 minuti"},"schema":{"@context":"https:\/\/schema.org","@graph":[{"@type":"WebPage","@id":"https:\/\/domainfirm.it\/it\/domini-premium\/gindisicilia-it\/","url":"https:\/\/domainfirm.it\/it\/domini-premium\/gindisicilia-it\/","name":"gindisicilia.it \u2013 Dominio Premium per Gin Artigianale Siciliano & Spirits | DomainFirm.XX","isPartOf":{"@id":"https:\/\/domainfirm.it\/it\/#website"},"primaryImageOfPage":{"@id":"https:\/\/domainfirm.it\/it\/domini-premium\/gindisicilia-it\/#primaryimage"},"image":{"@id":"https:\/\/domainfirm.it\/it\/domini-premium\/gindisicilia-it\/#primaryimage"},"thumbnailUrl":"https:\/\/domainfirm.it\/wp-content\/uploads\/2025\/05\/xx-shop.png","datePublished":"2025-11-21T20:58:56+00:00","dateModified":"2025-11-21T21:02:00+00:00","description":"gindisicilia.it \u00e8 il Dominio Premium ideale per gin siciliano, distillati artigianali, e-commerce spirits e progetti territoriali.","breadcrumb":{"@id":"https:\/\/domainfirm.it\/it\/domini-premium\/gindisicilia-it\/#breadcrumb"},"inLanguage":"it-IT","potentialAction":[{"@type":"ReadAction","target":["https:\/\/domainfirm.it\/it\/domini-premium\/gindisicilia-it\/"]}]},{"@type":"ImageObject","inLanguage":"it-IT","@id":"https:\/\/domainfirm.it\/it\/domini-premium\/gindisicilia-it\/#primaryimage","url":"https:\/\/domainfirm.it\/wp-content\/uploads\/2025\/05\/xx-shop.png","contentUrl":"https:\/\/domainfirm.it\/wp-content\/uploads\/2025\/05\/xx-shop.png","width":436,"height":436,"caption":"Domain Premium Hub | DomainFirm.XX"},{"@type":"BreadcrumbList","@id":"https:\/\/domainfirm.it\/it\/domini-premium\/gindisicilia-it\/#breadcrumb","itemListElement":[{"@type":"ListItem","position":1,"name":"Home","item":"https:\/\/domainfirm.it\/it\/"},{"@type":"ListItem","position":2,"name":"Catalogo","item":"https:\/\/domainfirm.it\/it\/catalogo\/"},{"@type":"ListItem","position":3,"name":"GindiSicilia.it"}]},{"@type":"WebSite","@id":"https:\/\/domainfirm.it\/it\/#website","url":"https:\/\/domainfirm.it\/it\/","name":"DomainFirm.XX","description":"Premium Domains. Prime Opportunities.","publisher":{"@id":"https:\/\/domainfirm.it\/it\/#organization"},"alternateName":"DomainFirm.XX","potentialAction":[{"@type":"SearchAction","target":{"@type":"EntryPoint","urlTemplate":"https:\/\/domainfirm.it\/it\/?s={search_term_string}"},"query-input":{"@type":"PropertyValueSpecification","valueRequired":true,"valueName":"search_term_string"}}],"inLanguage":"it-IT"},{"@type":"Organization","@id":"https:\/\/domainfirm.it\/it\/#organization","name":"DomainFirm.XX","alternateName":"DomainFirm.XX","url":"https:\/\/domainfirm.it\/it\/","logo":{"@type":"ImageObject","inLanguage":"it-IT","@id":"https:\/\/domainfirm.it\/it\/#\/schema\/logo\/image\/","url":"https:\/\/domainfirm.it\/wp-content\/uploads\/2025\/05\/cropped-favicon.png","contentUrl":"https:\/\/domainfirm.it\/wp-content\/uploads\/2025\/05\/cropped-favicon.png","width":512,"height":512,"caption":"DomainFirm.XX"},"image":{"@id":"https:\/\/domainfirm.it\/it\/#\/schema\/logo\/image\/"}}]}},"_links":{"self":[{"href":"https:\/\/domainfirm.it\/it\/wp-json\/wp\/v2\/product\/33611","targetHints":{"allow":["GET"]}}],"collection":[{"href":"https:\/\/domainfirm.it\/it\/wp-json\/wp\/v2\/product"}],"about":[{"href":"https:\/\/domainfirm.it\/it\/wp-json\/wp\/v2\/types\/product"}],"wp:featuredmedia":[{"embeddable":true,"href":"https:\/\/domainfirm.it\/it\/wp-json\/wp\/v2\/media\/32279"}],"wp:attachment":[{"href":"https:\/\/domainfirm.it\/it\/wp-json\/wp\/v2\/media?parent=33611"}],"wp:term":[{"taxonomy":"product_brand","embeddable":true,"href":"https:\/\/domainfirm.it\/it\/wp-json\/wp\/v2\/product_brand?post=33611"},{"taxonomy":"product_cat","embeddable":true,"href":"https:\/\/domainfirm.it\/it\/wp-json\/wp\/v2\/product_cat?post=33611"},{"taxonomy":"product_tag","embeddable":true,"href":"https:\/\/domainfirm.it\/it\/wp-json\/wp\/v2\/product_tag?post=33611"}],"curies":[{"name":"wp","href":"https:\/\/api.w.org\/{rel}","templated":true}]}}