{"id":33674,"date":"2025-11-25T23:44:46","date_gmt":"2025-11-25T21:44:46","guid":{"rendered":"https:\/\/domainfirm.it\/it\/?post_type=product&#038;p=33674"},"modified":"2025-11-25T23:48:10","modified_gmt":"2025-11-25T21:48:10","slug":"brandlaw-it","status":"publish","type":"product","link":"https:\/\/domainfirm.it\/it\/domini-premium\/brandlaw-it\/","title":{"rendered":"BrandLaw.it"},"content":{"rendered":"<div class=\"wpb-content-wrapper\"><p>[vc_row][vc_column]<div id=\"domai-3839288725\" style=\"margin-left: auto;margin-right: auto;text-align: center;\"><div data-id=viator-banner data-partner-id=P00295010 data-url=\"https:\/\/www.viator.com\/\" data-banner-width=728 data-banner-height=90 data-banner-language=it data-banner-selection=banner1 data-campaign=\"XX-VIATOR\" ><\/div>\r\n<script async src=\"https:\/\/partners.vtrcdn.com\/static\/scripts\/banners\/banners.js\"><\/script><\/div>[vc_separator css=&#8221;.vc_custom_1761169303406{margin-bottom: 0px !important;padding-top: 30px !important;padding-bottom: 50px !important;}&#8221;][vc_column_text css=&#8221;&#8221;]<\/p>\n<h3><strong>Perch\u00e8 Scegliere BrandLaw.it<\/strong><\/h3>\n<p data-start=\"249\" data-end=\"920\">BrandLaw.it \u00e8 un Dominio Premium ideale per progetti dedicati alla tutela del marchio, al diritto della propriet\u00e0 intellettuale, alla protezione del brand e alle strategie legali per imprese, professionisti e startup. In un contesto in cui i marchi sono diventati asset fondamentali \u2014 spesso pi\u00f9 preziosi del prodotto stesso \u2014 le aziende necessitano di piattaforme autorevoli in grado di fornire orientamento su registrazione, enforcement, licensing, brand compliance e gestione del portafoglio IP.<\/p>\n<section aria-labelledby=\"desc-title\"><\/section>\n<p>[\/vc_column_text][vc_column_text css=&#8221;&#8221;]<\/p>\n<p data-start=\"990\" data-end=\"1539\">Il dominio \u00e8 perfetto per studi legali specializzati in diritto industriale, consulenti di propriet\u00e0 intellettuale, societ\u00e0 di brand protection, osservatori sulla tutela del marchio, portali editoriali dedicati al trademark law e servizi di protezione digitale (domain management, anti-phishing, brand surveillance, digital enforcement).<\/p>\n<p>[\/vc_column_text][vc_column_text css=&#8221;&#8221;]<\/p>\n<p data-start=\"3227\" data-end=\"3489\">BrandLaw.it pu\u00f2 diventare la destinazione principale per contenuti e servizi relativi a:<br data-start=\"1377\" data-end=\"1380\" \/>\u2013 registrazione marchi nazionali, UE e internazionali<br data-start=\"1433\" data-end=\"1436\" \/>\u2013 sorveglianza trademark e difesa da copie, imitazioni o abuso del brand<br data-start=\"1508\" data-end=\"1511\" \/>\u2013 tutela online: cybersquatting, domain protection, violazioni digitali<br data-start=\"1582\" data-end=\"1585\" \/>\u2013 strategie legali per brand globali<br data-start=\"1621\" data-end=\"1624\" \/>\u2013 licensing, merchandising e sfruttamento economico del marchio<br data-start=\"1687\" data-end=\"1690\" \/>\u2013 difesa giudiziaria e stragiudiziale<br data-start=\"1727\" data-end=\"1730\" \/>\u2013 brand reputation, digital enforcement e monitoraggio online<br data-start=\"1791\" data-end=\"1794\" \/>\u2013 normative EUIPO, WIPO, UIBM e linee guida UE<\/p>\n<p>[\/vc_column_text][vc_column_text css=&#8221;&#8221;]<\/p>\n<p data-start=\"3227\" data-end=\"3489\">Grazie alla sua immediatezza linguistica e alla perfetta combinazione tra \u201cBrand\u201d e \u201cLaw\u201d, questo dominio consente un posizionamento immediato e autorevole nel settore della tutela del marchio. \u00c8 ideale anche come hub formativo o osservatorio, offrendo guide, casi studio, white paper e aggiornamenti normativi per imprese, PMI e startup innovative che vogliono proteggere e valorizzare la propria identit\u00e0 visiva e commerciale.<\/p>\n<p>[\/vc_column_text][vc_column_text css=&#8221;&#8221;]<\/p>\n<p data-start=\"3227\" data-end=\"3489\">BrandLaw.it \u00e8 un asset digitale raro, breve, elegante e con una spendibilit\u00e0 altissima sia in Italia che sul mercato internazionale. Perfetto come nome di studio legale moderno, piattaforma SaaS di brand protection, servizio di sorveglianza marchi, blog verticalizzato o centro di expertise per aziende che vogliono proteggere i propri asset immateriali.<\/p>\n<p>[\/vc_column_text][vc_separator css=&#8221;.vc_custom_1760652469128{margin-bottom: 0px !important;padding-top: 0px !important;padding-bottom: 30px !important;}&#8221;]<div id=\"domai-2421149461\" style=\"margin-left: auto;margin-right: auto;text-align: center;\"><a href=\"https:\/\/domainfirm.it\" target=\"_blank\" aria-label=\"Domain Premium Hub | DomainFirm.XX\"><img loading=\"lazy\" decoding=\"async\" src=\"https:\/\/domainfirm.it\/wp-content\/uploads\/2025\/10\/banner-xx-728x90-1.jpg\" alt=\"Domain Premium Hub | DomainFirm.XX\"  srcset=\"https:\/\/domainfirm.it\/wp-content\/uploads\/2025\/10\/banner-xx-728x90-1.jpg 726w, https:\/\/domainfirm.it\/wp-content\/uploads\/2025\/10\/banner-xx-728x90-1-300x37.jpg 300w, https:\/\/domainfirm.it\/wp-content\/uploads\/2025\/10\/banner-xx-728x90-1-600x74.jpg 600w\" sizes=\"auto, (max-width: 726px) 100vw, 726px\" width=\"726\" height=\"90\"  style=\"display: inline-block;\" \/><\/a><\/div>[\/vc_column][\/vc_row]<\/p>\n<\/div>","protected":false},"excerpt":{"rendered":"<p data-start=\"2882\" data-end=\"3363\">BrandLaw.it \u00e8 il dominio ideale per progetti dedicati alla tutela del marchio, al diritto della propriet\u00e0 intellettuale, alla brand protection e alla gestione dei marchi aziendali. Perfetto per studi legali, consulenti IP, societ\u00e0 di enforcement e piattaforme di monitoraggio online. Un nome breve, autorevole, immediato e altamente spendibile per chi opera nella protezione dei brand e nelle normative trademark.<\/p>\n","protected":false},"featured_media":32279,"template":"","meta":{"_acf_changed":false},"product_brand":[],"product_cat":[23,45],"product_tag":[],"class_list":{"0":"post-33674","1":"product","2":"type-product","3":"status-publish","4":"has-post-thumbnail","6":"product_cat-legal-domini-premium","7":"product_cat-tech-domini-premium","9":"first","10":"instock","11":"virtual","12":"sold-individually","13":"taxable","14":"product-type-simple"},"acf":[],"yoast_head":"<!-- This site is optimized with the Yoast SEO plugin v26.8 - https:\/\/yoast.com\/product\/yoast-seo-wordpress\/ -->\n<title>BrandLaw.it \u2013 Dominio Premium per Tutela del Marchio e Brand Protection | DominFirm.it<\/title>\n<meta name=\"description\" content=\"BrandLaw.it - Dominio premium dedicato alla tutela del marchio, brand protection, IP law e strategie legali. Perfetto per studi legali, consulenti e piattaforme di protezione del brand.\" \/>\n<meta name=\"robots\" content=\"index, follow, max-snippet:-1, max-image-preview:large, max-video-preview:-1\" \/>\n<link rel=\"canonical\" href=\"https:\/\/domainfirm.it\/it\/domini-premium\/brandlaw-it\/\" \/>\n<meta property=\"og:locale\" content=\"it_IT\" \/>\n<meta property=\"og:type\" content=\"article\" \/>\n<meta property=\"og:title\" content=\"BrandLaw.it \u2013 Dominio Premium per Tutela del Marchio e Brand Protection | DominFirm.it\" \/>\n<meta property=\"og:description\" content=\"BrandLaw.it - Dominio premium dedicato alla tutela del marchio, brand protection, IP law e strategie legali. Perfetto per studi legali, consulenti e piattaforme di protezione del brand.\" \/>\n<meta property=\"og:url\" content=\"https:\/\/domainfirm.it\/it\/domini-premium\/brandlaw-it\/\" \/>\n<meta property=\"og:site_name\" content=\"DomainFirm.XX\" \/>\n<meta property=\"article:modified_time\" content=\"2025-11-25T21:48:10+00:00\" \/>\n<meta property=\"og:image\" content=\"https:\/\/domainfirm.it\/wp-content\/uploads\/2025\/05\/xx-shop.png\" \/>\n\t<meta property=\"og:image:width\" content=\"436\" \/>\n\t<meta property=\"og:image:height\" content=\"436\" \/>\n\t<meta property=\"og:image:type\" content=\"image\/png\" \/>\n<meta name=\"twitter:card\" content=\"summary_large_image\" \/>\n<meta name=\"twitter:label1\" content=\"Tempo di lettura stimato\" \/>\n\t<meta name=\"twitter:data1\" content=\"2 minuti\" \/>\n<script type=\"application\/ld+json\" class=\"yoast-schema-graph\">{\"@context\":\"https:\/\/schema.org\",\"@graph\":[{\"@type\":\"WebPage\",\"@id\":\"https:\/\/domainfirm.it\/it\/domini-premium\/brandlaw-it\/\",\"url\":\"https:\/\/domainfirm.it\/it\/domini-premium\/brandlaw-it\/\",\"name\":\"BrandLaw.it \u2013 Dominio Premium per Tutela del Marchio e Brand Protection | DominFirm.it\",\"isPartOf\":{\"@id\":\"https:\/\/domainfirm.it\/it\/#website\"},\"primaryImageOfPage\":{\"@id\":\"https:\/\/domainfirm.it\/it\/domini-premium\/brandlaw-it\/#primaryimage\"},\"image\":{\"@id\":\"https:\/\/domainfirm.it\/it\/domini-premium\/brandlaw-it\/#primaryimage\"},\"thumbnailUrl\":\"https:\/\/domainfirm.it\/wp-content\/uploads\/2025\/05\/xx-shop.png\",\"datePublished\":\"2025-11-25T21:44:46+00:00\",\"dateModified\":\"2025-11-25T21:48:10+00:00\",\"description\":\"BrandLaw.it - Dominio premium dedicato alla tutela del marchio, brand protection, IP law e strategie legali. Perfetto per studi legali, consulenti e piattaforme di protezione del brand.\",\"breadcrumb\":{\"@id\":\"https:\/\/domainfirm.it\/it\/domini-premium\/brandlaw-it\/#breadcrumb\"},\"inLanguage\":\"it-IT\",\"potentialAction\":[{\"@type\":\"ReadAction\",\"target\":[\"https:\/\/domainfirm.it\/it\/domini-premium\/brandlaw-it\/\"]}]},{\"@type\":\"ImageObject\",\"inLanguage\":\"it-IT\",\"@id\":\"https:\/\/domainfirm.it\/it\/domini-premium\/brandlaw-it\/#primaryimage\",\"url\":\"https:\/\/domainfirm.it\/wp-content\/uploads\/2025\/05\/xx-shop.png\",\"contentUrl\":\"https:\/\/domainfirm.it\/wp-content\/uploads\/2025\/05\/xx-shop.png\",\"width\":436,\"height\":436,\"caption\":\"Domain Premium Hub | DomainFirm.XX\"},{\"@type\":\"BreadcrumbList\",\"@id\":\"https:\/\/domainfirm.it\/it\/domini-premium\/brandlaw-it\/#breadcrumb\",\"itemListElement\":[{\"@type\":\"ListItem\",\"position\":1,\"name\":\"Home\",\"item\":\"https:\/\/domainfirm.it\/it\/\"},{\"@type\":\"ListItem\",\"position\":2,\"name\":\"Catalogo\",\"item\":\"https:\/\/domainfirm.it\/it\/catalogo\/\"},{\"@type\":\"ListItem\",\"position\":3,\"name\":\"BrandLaw.it\"}]},{\"@type\":\"WebSite\",\"@id\":\"https:\/\/domainfirm.it\/it\/#website\",\"url\":\"https:\/\/domainfirm.it\/it\/\",\"name\":\"DomainFirm.XX\",\"description\":\"Premium Domains. Prime Opportunities.\",\"publisher\":{\"@id\":\"https:\/\/domainfirm.it\/it\/#organization\"},\"alternateName\":\"DomainFirm.XX\",\"potentialAction\":[{\"@type\":\"SearchAction\",\"target\":{\"@type\":\"EntryPoint\",\"urlTemplate\":\"https:\/\/domainfirm.it\/it\/?s={search_term_string}\"},\"query-input\":{\"@type\":\"PropertyValueSpecification\",\"valueRequired\":true,\"valueName\":\"search_term_string\"}}],\"inLanguage\":\"it-IT\"},{\"@type\":\"Organization\",\"@id\":\"https:\/\/domainfirm.it\/it\/#organization\",\"name\":\"DomainFirm.XX\",\"alternateName\":\"DomainFirm.XX\",\"url\":\"https:\/\/domainfirm.it\/it\/\",\"logo\":{\"@type\":\"ImageObject\",\"inLanguage\":\"it-IT\",\"@id\":\"https:\/\/domainfirm.it\/it\/#\/schema\/logo\/image\/\",\"url\":\"https:\/\/domainfirm.it\/wp-content\/uploads\/2025\/05\/cropped-favicon.png\",\"contentUrl\":\"https:\/\/domainfirm.it\/wp-content\/uploads\/2025\/05\/cropped-favicon.png\",\"width\":512,\"height\":512,\"caption\":\"DomainFirm.XX\"},\"image\":{\"@id\":\"https:\/\/domainfirm.it\/it\/#\/schema\/logo\/image\/\"}}]}<\/script>\n<!-- \/ Yoast SEO plugin. -->","yoast_head_json":{"title":"BrandLaw.it \u2013 Dominio Premium per Tutela del Marchio e Brand Protection | DominFirm.it","description":"BrandLaw.it - Dominio premium dedicato alla tutela del marchio, brand protection, IP law e strategie legali. Perfetto per studi legali, consulenti e piattaforme di protezione del brand.","robots":{"index":"index","follow":"follow","max-snippet":"max-snippet:-1","max-image-preview":"max-image-preview:large","max-video-preview":"max-video-preview:-1"},"canonical":"https:\/\/domainfirm.it\/it\/domini-premium\/brandlaw-it\/","og_locale":"it_IT","og_type":"article","og_title":"BrandLaw.it \u2013 Dominio Premium per Tutela del Marchio e Brand Protection | DominFirm.it","og_description":"BrandLaw.it - Dominio premium dedicato alla tutela del marchio, brand protection, IP law e strategie legali. Perfetto per studi legali, consulenti e piattaforme di protezione del brand.","og_url":"https:\/\/domainfirm.it\/it\/domini-premium\/brandlaw-it\/","og_site_name":"DomainFirm.XX","article_modified_time":"2025-11-25T21:48:10+00:00","og_image":[{"width":436,"height":436,"url":"https:\/\/domainfirm.it\/wp-content\/uploads\/2025\/05\/xx-shop.png","type":"image\/png"}],"twitter_card":"summary_large_image","twitter_misc":{"Tempo di lettura stimato":"2 minuti"},"schema":{"@context":"https:\/\/schema.org","@graph":[{"@type":"WebPage","@id":"https:\/\/domainfirm.it\/it\/domini-premium\/brandlaw-it\/","url":"https:\/\/domainfirm.it\/it\/domini-premium\/brandlaw-it\/","name":"BrandLaw.it \u2013 Dominio Premium per Tutela del Marchio e Brand Protection | DominFirm.it","isPartOf":{"@id":"https:\/\/domainfirm.it\/it\/#website"},"primaryImageOfPage":{"@id":"https:\/\/domainfirm.it\/it\/domini-premium\/brandlaw-it\/#primaryimage"},"image":{"@id":"https:\/\/domainfirm.it\/it\/domini-premium\/brandlaw-it\/#primaryimage"},"thumbnailUrl":"https:\/\/domainfirm.it\/wp-content\/uploads\/2025\/05\/xx-shop.png","datePublished":"2025-11-25T21:44:46+00:00","dateModified":"2025-11-25T21:48:10+00:00","description":"BrandLaw.it - Dominio premium dedicato alla tutela del marchio, brand protection, IP law e strategie legali. Perfetto per studi legali, consulenti e piattaforme di protezione del brand.","breadcrumb":{"@id":"https:\/\/domainfirm.it\/it\/domini-premium\/brandlaw-it\/#breadcrumb"},"inLanguage":"it-IT","potentialAction":[{"@type":"ReadAction","target":["https:\/\/domainfirm.it\/it\/domini-premium\/brandlaw-it\/"]}]},{"@type":"ImageObject","inLanguage":"it-IT","@id":"https:\/\/domainfirm.it\/it\/domini-premium\/brandlaw-it\/#primaryimage","url":"https:\/\/domainfirm.it\/wp-content\/uploads\/2025\/05\/xx-shop.png","contentUrl":"https:\/\/domainfirm.it\/wp-content\/uploads\/2025\/05\/xx-shop.png","width":436,"height":436,"caption":"Domain Premium Hub | DomainFirm.XX"},{"@type":"BreadcrumbList","@id":"https:\/\/domainfirm.it\/it\/domini-premium\/brandlaw-it\/#breadcrumb","itemListElement":[{"@type":"ListItem","position":1,"name":"Home","item":"https:\/\/domainfirm.it\/it\/"},{"@type":"ListItem","position":2,"name":"Catalogo","item":"https:\/\/domainfirm.it\/it\/catalogo\/"},{"@type":"ListItem","position":3,"name":"BrandLaw.it"}]},{"@type":"WebSite","@id":"https:\/\/domainfirm.it\/it\/#website","url":"https:\/\/domainfirm.it\/it\/","name":"DomainFirm.XX","description":"Premium Domains. Prime Opportunities.","publisher":{"@id":"https:\/\/domainfirm.it\/it\/#organization"},"alternateName":"DomainFirm.XX","potentialAction":[{"@type":"SearchAction","target":{"@type":"EntryPoint","urlTemplate":"https:\/\/domainfirm.it\/it\/?s={search_term_string}"},"query-input":{"@type":"PropertyValueSpecification","valueRequired":true,"valueName":"search_term_string"}}],"inLanguage":"it-IT"},{"@type":"Organization","@id":"https:\/\/domainfirm.it\/it\/#organization","name":"DomainFirm.XX","alternateName":"DomainFirm.XX","url":"https:\/\/domainfirm.it\/it\/","logo":{"@type":"ImageObject","inLanguage":"it-IT","@id":"https:\/\/domainfirm.it\/it\/#\/schema\/logo\/image\/","url":"https:\/\/domainfirm.it\/wp-content\/uploads\/2025\/05\/cropped-favicon.png","contentUrl":"https:\/\/domainfirm.it\/wp-content\/uploads\/2025\/05\/cropped-favicon.png","width":512,"height":512,"caption":"DomainFirm.XX"},"image":{"@id":"https:\/\/domainfirm.it\/it\/#\/schema\/logo\/image\/"}}]}},"_links":{"self":[{"href":"https:\/\/domainfirm.it\/it\/wp-json\/wp\/v2\/product\/33674","targetHints":{"allow":["GET"]}}],"collection":[{"href":"https:\/\/domainfirm.it\/it\/wp-json\/wp\/v2\/product"}],"about":[{"href":"https:\/\/domainfirm.it\/it\/wp-json\/wp\/v2\/types\/product"}],"wp:featuredmedia":[{"embeddable":true,"href":"https:\/\/domainfirm.it\/it\/wp-json\/wp\/v2\/media\/32279"}],"wp:attachment":[{"href":"https:\/\/domainfirm.it\/it\/wp-json\/wp\/v2\/media?parent=33674"}],"wp:term":[{"taxonomy":"product_brand","embeddable":true,"href":"https:\/\/domainfirm.it\/it\/wp-json\/wp\/v2\/product_brand?post=33674"},{"taxonomy":"product_cat","embeddable":true,"href":"https:\/\/domainfirm.it\/it\/wp-json\/wp\/v2\/product_cat?post=33674"},{"taxonomy":"product_tag","embeddable":true,"href":"https:\/\/domainfirm.it\/it\/wp-json\/wp\/v2\/product_tag?post=33674"}],"curies":[{"name":"wp","href":"https:\/\/api.w.org\/{rel}","templated":true}]}}