{"id":33734,"date":"2025-12-30T00:08:53","date_gmt":"2025-12-29T22:08:53","guid":{"rendered":"https:\/\/domainfirm.it\/it\/?post_type=product&#038;p=33734"},"modified":"2025-12-30T00:16:54","modified_gmt":"2025-12-29T22:16:54","slug":"digitalegacy-it","status":"publish","type":"product","link":"https:\/\/domainfirm.it\/it\/domini-premium\/digitalegacy-it\/","title":{"rendered":"DigitaLegacy.it"},"content":{"rendered":"<div class=\"wpb-content-wrapper\"><p>[vc_row][vc_column]<div id=\"domai-1872913513\" style=\"margin-left: auto;margin-right: auto;text-align: center;\"><a href=\"https:\/\/pontedimessina.it\" target=\"_blank\" aria-label=\"Ponte di Messina\"><img loading=\"lazy\" decoding=\"async\" src=\"https:\/\/domainfirm.it\/wp-content\/uploads\/2025\/10\/banner-pontedimessina.jpg\" alt=\"Ponte di Messina\"  srcset=\"https:\/\/domainfirm.it\/wp-content\/uploads\/2025\/10\/banner-pontedimessina.jpg 728w, https:\/\/domainfirm.it\/wp-content\/uploads\/2025\/10\/banner-pontedimessina-300x37.jpg 300w, https:\/\/domainfirm.it\/wp-content\/uploads\/2025\/10\/banner-pontedimessina-600x74.jpg 600w\" sizes=\"auto, (max-width: 728px) 100vw, 728px\" width=\"728\" height=\"90\"  style=\"display: inline-block;\" \/><\/a><\/div>[vc_separator css=&#8221;.vc_custom_1761169303406{margin-bottom: 0px !important;padding-top: 30px !important;padding-bottom: 50px !important;}&#8221;][vc_column_text css=&#8221;.vc_custom_1767046201952{margin-bottom: 0px !important;}&#8221;]<\/p>\n<h3><strong>Perch\u00e8 Scegliere DigitalLegacy.it<\/strong><\/h3>\n<p data-start=\"249\" data-end=\"920\">digitalegacy.it \u00e8 un dominio premium dedicato a uno dei temi pi\u00f9 delicati e strategici dell\u2019era digitale: la gestione dell\u2019eredit\u00e0 digitale e del patrimonio informativo nel tempo. Oggi ogni individuo e ogni organizzazione accumula una quantit\u00e0 crescente di dati, account, contenuti, identit\u00e0 digitali e asset online che, in caso di successione o cessazione, necessitano di regole chiare e strumenti adeguati.<br data-start=\"8905\" data-end=\"8908\" \/>Il dominio si presta perfettamente a piattaforme di digital inheritance, servizi legali e notarili, consulenza privacy e data governance, trust digitali, soluzioni fintech e insuretech, nonch\u00e9 a progetti editoriali e formativi. Il naming \u00e8 chiaro, autorevole e immediatamente comprensibile, con un forte allineamento al linguaggio giuridico e tecnologico internazionale.<\/p>\n<section aria-labelledby=\"desc-title\"><\/section>\n<p>[\/vc_column_text][vc_column_text css=&#8221;.vc_custom_1767046269908{margin-bottom: 15px !important;}&#8221;]Il dominio si presta perfettamente a piattaforme di digital inheritance, servizi legali e notarili, consulenza privacy e data governance, trust digitali, soluzioni fintech e insuretech, nonch\u00e9 a progetti editoriali e formativi. Il naming \u00e8 chiaro, autorevole e immediatamente comprensibile, con un forte allineamento al linguaggio giuridico e tecnologico internazionale.[\/vc_column_text][vc_column_text css=&#8221;.vc_custom_1767046256990{margin-bottom: 0px !important;}&#8221;]In un contesto normativo in continua evoluzione \u2013 tra GDPR, AI Act e nuove forme di tutela dei dati personali \u2013 digitalegacy.it consente di costruire un brand affidabile, orientato alla compliance e alla responsabilit\u00e0 digitale. Un asset ideale per professionisti, startup e istituzioni che vogliono posizionarsi come riferimento su un tema destinato a crescere in modo significativo nei prossimi anni.[\/vc_column_text][vc_separator css=&#8221;.vc_custom_1766005827917{margin-bottom: 0px !important;padding-top: 20px !important;padding-bottom: 30px !important;}&#8221;]<div id=\"domai-1037090030\" style=\"margin-left: auto;margin-right: auto;text-align: center;\"><a href=\"https:\/\/pontedimessina.it\" target=\"_blank\" aria-label=\"Ponte di Messina\"><img loading=\"lazy\" decoding=\"async\" src=\"https:\/\/domainfirm.it\/wp-content\/uploads\/2025\/10\/banner-pontedimessina.jpg\" alt=\"Ponte di Messina\"  srcset=\"https:\/\/domainfirm.it\/wp-content\/uploads\/2025\/10\/banner-pontedimessina.jpg 728w, https:\/\/domainfirm.it\/wp-content\/uploads\/2025\/10\/banner-pontedimessina-300x37.jpg 300w, https:\/\/domainfirm.it\/wp-content\/uploads\/2025\/10\/banner-pontedimessina-600x74.jpg 600w\" sizes=\"auto, (max-width: 728px) 100vw, 728px\" width=\"728\" height=\"90\"  style=\"display: inline-block;\" \/><\/a><\/div>[\/vc_column][\/vc_row]<\/p>\n<\/div>","protected":false},"excerpt":{"rendered":"<p>digitalegacy.it \u00e8 il dominio premium ideale per progetti dedicati all\u2019eredit\u00e0 digitale, alla gestione dei dati personali e dell\u2019identit\u00e0 online. Perfetto per servizi legali, consulenza privacy, piattaforme digitali e soluzioni data-driven, offre un naming chiaro, autorevole e orientato al futuro. Un asset ideale per professionisti, startup e istituzioni che vogliono posizionarsi come riferimento su un tema destinato a crescere in modo significativo nei prossimi anni.<\/p>\n","protected":false},"featured_media":32279,"template":"","meta":{"_acf_changed":false},"product_brand":[],"product_cat":[23,45],"product_tag":[],"class_list":{"0":"post-33734","1":"product","2":"type-product","3":"status-publish","4":"has-post-thumbnail","6":"product_cat-legal-domini-premium","7":"product_cat-tech-domini-premium","9":"first","10":"instock","11":"virtual","12":"sold-individually","13":"taxable","14":"product-type-simple"},"acf":[],"yoast_head":"<!-- This site is optimized with the Yoast SEO plugin v26.8 - https:\/\/yoast.com\/product\/yoast-seo-wordpress\/ -->\n<title>Digitalegacy.it \u2013 Eredit\u00e0 Digitale, Dati &amp; Identit\u00e0 Online | DomainFirm.XX<\/title>\n<meta name=\"description\" content=\"Digitalegacy.it \u00e8 il dominio premium dedicato all\u2019eredit\u00e0 digitale, alla gestione dei dati personali e dell\u2019identit\u00e0 online.\" \/>\n<meta name=\"robots\" content=\"index, follow, max-snippet:-1, max-image-preview:large, max-video-preview:-1\" \/>\n<link rel=\"canonical\" href=\"https:\/\/domainfirm.it\/it\/domini-premium\/digitalegacy-it\/\" \/>\n<meta property=\"og:locale\" content=\"it_IT\" \/>\n<meta property=\"og:type\" content=\"article\" \/>\n<meta property=\"og:title\" content=\"Digitalegacy.it \u2013 Eredit\u00e0 Digitale, Dati &amp; Identit\u00e0 Online | DomainFirm.XX\" \/>\n<meta property=\"og:description\" content=\"Digitalegacy.it \u00e8 il dominio premium dedicato all\u2019eredit\u00e0 digitale, alla gestione dei dati personali e dell\u2019identit\u00e0 online.\" \/>\n<meta property=\"og:url\" content=\"https:\/\/domainfirm.it\/it\/domini-premium\/digitalegacy-it\/\" \/>\n<meta property=\"og:site_name\" content=\"DomainFirm.XX\" \/>\n<meta property=\"article:modified_time\" content=\"2025-12-29T22:16:54+00:00\" \/>\n<meta property=\"og:image\" content=\"https:\/\/domainfirm.it\/wp-content\/uploads\/2025\/05\/xx-shop.png\" \/>\n\t<meta property=\"og:image:width\" content=\"436\" \/>\n\t<meta property=\"og:image:height\" content=\"436\" \/>\n\t<meta property=\"og:image:type\" content=\"image\/png\" \/>\n<meta name=\"twitter:card\" content=\"summary_large_image\" \/>\n<meta name=\"twitter:label1\" content=\"Tempo di lettura stimato\" \/>\n\t<meta name=\"twitter:data1\" content=\"2 minuti\" \/>\n<script type=\"application\/ld+json\" class=\"yoast-schema-graph\">{\"@context\":\"https:\/\/schema.org\",\"@graph\":[{\"@type\":\"WebPage\",\"@id\":\"https:\/\/domainfirm.it\/it\/domini-premium\/digitalegacy-it\/\",\"url\":\"https:\/\/domainfirm.it\/it\/domini-premium\/digitalegacy-it\/\",\"name\":\"Digitalegacy.it \u2013 Eredit\u00e0 Digitale, Dati & Identit\u00e0 Online | DomainFirm.XX\",\"isPartOf\":{\"@id\":\"https:\/\/domainfirm.it\/it\/#website\"},\"primaryImageOfPage\":{\"@id\":\"https:\/\/domainfirm.it\/it\/domini-premium\/digitalegacy-it\/#primaryimage\"},\"image\":{\"@id\":\"https:\/\/domainfirm.it\/it\/domini-premium\/digitalegacy-it\/#primaryimage\"},\"thumbnailUrl\":\"https:\/\/domainfirm.it\/wp-content\/uploads\/2025\/05\/xx-shop.png\",\"datePublished\":\"2025-12-29T22:08:53+00:00\",\"dateModified\":\"2025-12-29T22:16:54+00:00\",\"description\":\"Digitalegacy.it \u00e8 il dominio premium dedicato all\u2019eredit\u00e0 digitale, alla gestione dei dati personali e dell\u2019identit\u00e0 online.\",\"breadcrumb\":{\"@id\":\"https:\/\/domainfirm.it\/it\/domini-premium\/digitalegacy-it\/#breadcrumb\"},\"inLanguage\":\"it-IT\",\"potentialAction\":[{\"@type\":\"ReadAction\",\"target\":[\"https:\/\/domainfirm.it\/it\/domini-premium\/digitalegacy-it\/\"]}]},{\"@type\":\"ImageObject\",\"inLanguage\":\"it-IT\",\"@id\":\"https:\/\/domainfirm.it\/it\/domini-premium\/digitalegacy-it\/#primaryimage\",\"url\":\"https:\/\/domainfirm.it\/wp-content\/uploads\/2025\/05\/xx-shop.png\",\"contentUrl\":\"https:\/\/domainfirm.it\/wp-content\/uploads\/2025\/05\/xx-shop.png\",\"width\":436,\"height\":436,\"caption\":\"Domain Premium Hub | DomainFirm.XX\"},{\"@type\":\"BreadcrumbList\",\"@id\":\"https:\/\/domainfirm.it\/it\/domini-premium\/digitalegacy-it\/#breadcrumb\",\"itemListElement\":[{\"@type\":\"ListItem\",\"position\":1,\"name\":\"Home\",\"item\":\"https:\/\/domainfirm.it\/it\/\"},{\"@type\":\"ListItem\",\"position\":2,\"name\":\"Catalogo\",\"item\":\"https:\/\/domainfirm.it\/it\/catalogo\/\"},{\"@type\":\"ListItem\",\"position\":3,\"name\":\"DigitaLegacy.it\"}]},{\"@type\":\"WebSite\",\"@id\":\"https:\/\/domainfirm.it\/it\/#website\",\"url\":\"https:\/\/domainfirm.it\/it\/\",\"name\":\"DomainFirm.XX\",\"description\":\"Premium Domains. Prime Opportunities.\",\"publisher\":{\"@id\":\"https:\/\/domainfirm.it\/it\/#organization\"},\"alternateName\":\"DomainFirm.XX\",\"potentialAction\":[{\"@type\":\"SearchAction\",\"target\":{\"@type\":\"EntryPoint\",\"urlTemplate\":\"https:\/\/domainfirm.it\/it\/?s={search_term_string}\"},\"query-input\":{\"@type\":\"PropertyValueSpecification\",\"valueRequired\":true,\"valueName\":\"search_term_string\"}}],\"inLanguage\":\"it-IT\"},{\"@type\":\"Organization\",\"@id\":\"https:\/\/domainfirm.it\/it\/#organization\",\"name\":\"DomainFirm.XX\",\"alternateName\":\"DomainFirm.XX\",\"url\":\"https:\/\/domainfirm.it\/it\/\",\"logo\":{\"@type\":\"ImageObject\",\"inLanguage\":\"it-IT\",\"@id\":\"https:\/\/domainfirm.it\/it\/#\/schema\/logo\/image\/\",\"url\":\"https:\/\/domainfirm.it\/wp-content\/uploads\/2025\/05\/cropped-favicon.png\",\"contentUrl\":\"https:\/\/domainfirm.it\/wp-content\/uploads\/2025\/05\/cropped-favicon.png\",\"width\":512,\"height\":512,\"caption\":\"DomainFirm.XX\"},\"image\":{\"@id\":\"https:\/\/domainfirm.it\/it\/#\/schema\/logo\/image\/\"}}]}<\/script>\n<!-- \/ Yoast SEO plugin. -->","yoast_head_json":{"title":"Digitalegacy.it \u2013 Eredit\u00e0 Digitale, Dati & Identit\u00e0 Online | DomainFirm.XX","description":"Digitalegacy.it \u00e8 il dominio premium dedicato all\u2019eredit\u00e0 digitale, alla gestione dei dati personali e dell\u2019identit\u00e0 online.","robots":{"index":"index","follow":"follow","max-snippet":"max-snippet:-1","max-image-preview":"max-image-preview:large","max-video-preview":"max-video-preview:-1"},"canonical":"https:\/\/domainfirm.it\/it\/domini-premium\/digitalegacy-it\/","og_locale":"it_IT","og_type":"article","og_title":"Digitalegacy.it \u2013 Eredit\u00e0 Digitale, Dati & Identit\u00e0 Online | DomainFirm.XX","og_description":"Digitalegacy.it \u00e8 il dominio premium dedicato all\u2019eredit\u00e0 digitale, alla gestione dei dati personali e dell\u2019identit\u00e0 online.","og_url":"https:\/\/domainfirm.it\/it\/domini-premium\/digitalegacy-it\/","og_site_name":"DomainFirm.XX","article_modified_time":"2025-12-29T22:16:54+00:00","og_image":[{"width":436,"height":436,"url":"https:\/\/domainfirm.it\/wp-content\/uploads\/2025\/05\/xx-shop.png","type":"image\/png"}],"twitter_card":"summary_large_image","twitter_misc":{"Tempo di lettura stimato":"2 minuti"},"schema":{"@context":"https:\/\/schema.org","@graph":[{"@type":"WebPage","@id":"https:\/\/domainfirm.it\/it\/domini-premium\/digitalegacy-it\/","url":"https:\/\/domainfirm.it\/it\/domini-premium\/digitalegacy-it\/","name":"Digitalegacy.it \u2013 Eredit\u00e0 Digitale, Dati & Identit\u00e0 Online | DomainFirm.XX","isPartOf":{"@id":"https:\/\/domainfirm.it\/it\/#website"},"primaryImageOfPage":{"@id":"https:\/\/domainfirm.it\/it\/domini-premium\/digitalegacy-it\/#primaryimage"},"image":{"@id":"https:\/\/domainfirm.it\/it\/domini-premium\/digitalegacy-it\/#primaryimage"},"thumbnailUrl":"https:\/\/domainfirm.it\/wp-content\/uploads\/2025\/05\/xx-shop.png","datePublished":"2025-12-29T22:08:53+00:00","dateModified":"2025-12-29T22:16:54+00:00","description":"Digitalegacy.it \u00e8 il dominio premium dedicato all\u2019eredit\u00e0 digitale, alla gestione dei dati personali e dell\u2019identit\u00e0 online.","breadcrumb":{"@id":"https:\/\/domainfirm.it\/it\/domini-premium\/digitalegacy-it\/#breadcrumb"},"inLanguage":"it-IT","potentialAction":[{"@type":"ReadAction","target":["https:\/\/domainfirm.it\/it\/domini-premium\/digitalegacy-it\/"]}]},{"@type":"ImageObject","inLanguage":"it-IT","@id":"https:\/\/domainfirm.it\/it\/domini-premium\/digitalegacy-it\/#primaryimage","url":"https:\/\/domainfirm.it\/wp-content\/uploads\/2025\/05\/xx-shop.png","contentUrl":"https:\/\/domainfirm.it\/wp-content\/uploads\/2025\/05\/xx-shop.png","width":436,"height":436,"caption":"Domain Premium Hub | DomainFirm.XX"},{"@type":"BreadcrumbList","@id":"https:\/\/domainfirm.it\/it\/domini-premium\/digitalegacy-it\/#breadcrumb","itemListElement":[{"@type":"ListItem","position":1,"name":"Home","item":"https:\/\/domainfirm.it\/it\/"},{"@type":"ListItem","position":2,"name":"Catalogo","item":"https:\/\/domainfirm.it\/it\/catalogo\/"},{"@type":"ListItem","position":3,"name":"DigitaLegacy.it"}]},{"@type":"WebSite","@id":"https:\/\/domainfirm.it\/it\/#website","url":"https:\/\/domainfirm.it\/it\/","name":"DomainFirm.XX","description":"Premium Domains. Prime Opportunities.","publisher":{"@id":"https:\/\/domainfirm.it\/it\/#organization"},"alternateName":"DomainFirm.XX","potentialAction":[{"@type":"SearchAction","target":{"@type":"EntryPoint","urlTemplate":"https:\/\/domainfirm.it\/it\/?s={search_term_string}"},"query-input":{"@type":"PropertyValueSpecification","valueRequired":true,"valueName":"search_term_string"}}],"inLanguage":"it-IT"},{"@type":"Organization","@id":"https:\/\/domainfirm.it\/it\/#organization","name":"DomainFirm.XX","alternateName":"DomainFirm.XX","url":"https:\/\/domainfirm.it\/it\/","logo":{"@type":"ImageObject","inLanguage":"it-IT","@id":"https:\/\/domainfirm.it\/it\/#\/schema\/logo\/image\/","url":"https:\/\/domainfirm.it\/wp-content\/uploads\/2025\/05\/cropped-favicon.png","contentUrl":"https:\/\/domainfirm.it\/wp-content\/uploads\/2025\/05\/cropped-favicon.png","width":512,"height":512,"caption":"DomainFirm.XX"},"image":{"@id":"https:\/\/domainfirm.it\/it\/#\/schema\/logo\/image\/"}}]}},"_links":{"self":[{"href":"https:\/\/domainfirm.it\/it\/wp-json\/wp\/v2\/product\/33734","targetHints":{"allow":["GET"]}}],"collection":[{"href":"https:\/\/domainfirm.it\/it\/wp-json\/wp\/v2\/product"}],"about":[{"href":"https:\/\/domainfirm.it\/it\/wp-json\/wp\/v2\/types\/product"}],"wp:featuredmedia":[{"embeddable":true,"href":"https:\/\/domainfirm.it\/it\/wp-json\/wp\/v2\/media\/32279"}],"wp:attachment":[{"href":"https:\/\/domainfirm.it\/it\/wp-json\/wp\/v2\/media?parent=33734"}],"wp:term":[{"taxonomy":"product_brand","embeddable":true,"href":"https:\/\/domainfirm.it\/it\/wp-json\/wp\/v2\/product_brand?post=33734"},{"taxonomy":"product_cat","embeddable":true,"href":"https:\/\/domainfirm.it\/it\/wp-json\/wp\/v2\/product_cat?post=33734"},{"taxonomy":"product_tag","embeddable":true,"href":"https:\/\/domainfirm.it\/it\/wp-json\/wp\/v2\/product_tag?post=33734"}],"curies":[{"name":"wp","href":"https:\/\/api.w.org\/{rel}","templated":true}]}}