{"id":33794,"date":"2026-03-02T22:22:10","date_gmt":"2026-03-02T20:22:10","guid":{"rendered":"https:\/\/domainfirm.it\/it\/?post_type=product&#038;p=33794"},"modified":"2026-03-17T00:00:15","modified_gmt":"2026-03-16T22:00:15","slug":"mediadigitali-it","status":"publish","type":"product","link":"https:\/\/domainfirm.it\/it\/domini-premium\/mediadigitali-it\/","title":{"rendered":"MediaDigitali.it"},"content":{"rendered":"<div class=\"wpb-content-wrapper\"><p>[vc_row][vc_column]<div id=\"domai-4259208352\" style=\"margin-left: auto;margin-right: auto;text-align: center;\"><div data-id=viator-banner data-partner-id=P00295010 data-url=\"https:\/\/www.viator.com\/\" data-banner-width=728 data-banner-height=90 data-banner-language=it data-banner-selection=banner1 data-campaign=\"XX-VIATOR\" ><\/div>\r\n<script async src=\"https:\/\/partners.vtrcdn.com\/static\/scripts\/banners\/banners.js\"><\/script><\/div>[vc_separator css=&#8221;.vc_custom_1761169303406{margin-bottom: 0px !important;padding-top: 30px !important;padding-bottom: 50px !important;}&#8221;][vc_column_text css=&#8221;&#8221;]<\/p>\n<h2><strong>MediaDigitali.it<\/strong><\/h2>\n<p data-start=\"192\" data-end=\"625\"><strong data-start=\"192\" data-end=\"212\">mediadigitali.it<\/strong> \u00e8 un dominio premium dal forte posizionamento semantico nel settore della comunicazione digitale, del marketing online e dell\u2019innovazione tecnologica applicata ai media. Il nome \u00e8 chiaro, diretto e professionale: richiama immediatamente il mondo delle agenzie digitali, delle piattaforme editoriali online, della pubblicit\u00e0 programmatica, dei contenuti multimediali e della trasformazione digitale delle imprese.<\/p>\n<p data-start=\"627\" data-end=\"964\">\u201cMedia Digitali\u201d \u00e8 un\u2019espressione ampia ma altamente riconoscibile nel panorama italiano. Pu\u00f2 diventare il brand di un\u2019agenzia di digital marketing, di un portale informativo dedicato all\u2019innovazione mediatica, di una piattaforma di advertising o di un hub di servizi legati a SEO, social media, content strategy e performance marketing.<\/p>\n<p data-start=\"966\" data-end=\"1102\">Dal punto di vista strategico, il dominio si colloca nel cluster Digital &amp; Communication Infrastructure, con potenziale applicazione in:<\/p>\n<ul data-start=\"1104\" data-end=\"1298\">\n<li data-start=\"1104\" data-end=\"1136\">\n<p data-start=\"1106\" data-end=\"1136\">consulenza digital marketing<\/p>\n<\/li>\n<li data-start=\"1137\" data-end=\"1159\">\n<p data-start=\"1139\" data-end=\"1159\">content production<\/p>\n<\/li>\n<li data-start=\"1160\" data-end=\"1197\">\n<p data-start=\"1162\" data-end=\"1197\">analytics &amp; data-driven marketing<\/p>\n<\/li>\n<li data-start=\"1198\" data-end=\"1231\">\n<p data-start=\"1200\" data-end=\"1231\">formazione in ambito digitale<\/p>\n<\/li>\n<li data-start=\"1232\" data-end=\"1265\">\n<p data-start=\"1234\" data-end=\"1265\">portali editoriali di settore<\/p>\n<\/li>\n<li data-start=\"1266\" data-end=\"1298\">\n<p data-start=\"1268\" data-end=\"1298\">marketplace di servizi media<\/p>\n<\/li>\n<\/ul>\n<p data-start=\"1300\" data-end=\"1484\">\u00c8 un dominio \u201cistituzionale\u201d, che comunica autorevolezza e professionalit\u00e0. Non \u00e8 creativo o evocativo, ma descrittivo e credibile, adatto a un progetto B2B o a una realt\u00e0 strutturata.<\/p>\n<p data-start=\"1486\" data-end=\"1861\">Il mercato dei media digitali continua a evolversi rapidamente: intelligenza artificiale applicata al marketing, automazione, creator economy, advertising data-driven e trasformazione omnicanale stanno ridefinendo il settore. In questo contesto, <strong data-start=\"1732\" data-end=\"1752\">mediadigitali.it<\/strong> pu\u00f2 diventare un punto di riferimento per imprese e professionisti che operano nella comunicazione digitale.<\/p>\n<p data-start=\"1863\" data-end=\"2169\">Nel medio-lungo periodo (2028\u20132035), il dominio mantiene solidit\u00e0 grazie alla natura strutturale del settore media e alla crescente integrazione tra tecnologia, contenuti e dati. \u00c8 un asset versatile, utilizzabile sia come macchina di lead generation sia come brand ombrello per servizi digitali integrati.<\/p>\n<p>[\/vc_column_text][vc_separator css=&#8221;.vc_custom_1760652469128{margin-bottom: 0px !important;padding-top: 0px !important;padding-bottom: 30px !important;}&#8221;]<div id=\"domai-3319269826\" style=\"margin-left: auto;margin-right: auto;text-align: center;\"><a href=\"https:\/\/domainfirm.it\" target=\"_blank\" aria-label=\"Domain Premium Hub | DomainFirm.XX\"><img loading=\"lazy\" decoding=\"async\" src=\"https:\/\/domainfirm.it\/wp-content\/uploads\/2025\/10\/banner-xx-728x90-1.jpg\" alt=\"Domain Premium Hub | DomainFirm.XX\"  srcset=\"https:\/\/domainfirm.it\/wp-content\/uploads\/2025\/10\/banner-xx-728x90-1.jpg 726w, https:\/\/domainfirm.it\/wp-content\/uploads\/2025\/10\/banner-xx-728x90-1-300x37.jpg 300w, https:\/\/domainfirm.it\/wp-content\/uploads\/2025\/10\/banner-xx-728x90-1-600x74.jpg 600w\" sizes=\"auto, (max-width: 726px) 100vw, 726px\" width=\"726\" height=\"90\"  style=\"display: inline-block;\" \/><\/a><\/div>[\/vc_column][\/vc_row]<\/p>\n<\/div>","protected":false},"excerpt":{"rendered":"<p>mediadigitali.it \u00e8 un dominio premium dedicato alla comunicazione digitale, al marketing online e all\u2019innovazione nei media. Ideale per agenzie digital, piattaforme editoriali, servizi SEO, content marketing e advertising data-driven. Naming professionale, chiaro e istituzionale, adatto a progetti B2B nel settore della trasformazione digitale. Dominio non disponibile.<\/p>\n","protected":false},"featured_media":32279,"template":"","meta":{"_acf_changed":false},"product_brand":[],"product_cat":[45],"product_tag":[],"class_list":{"0":"post-33794","1":"product","2":"type-product","3":"status-publish","4":"has-post-thumbnail","6":"product_cat-tech-domini-premium","8":"first","9":"instock","10":"virtual","11":"sold-individually","12":"taxable","13":"product-type-simple"},"acf":[],"yoast_head":"<!-- This site is optimized with the Yoast SEO plugin v26.8 - https:\/\/yoast.com\/product\/yoast-seo-wordpress\/ -->\n<title>MediaDigitali.it \u2013 Comunicazione Digitale e Marketing Online | DomainFirm.XX<\/title>\n<meta name=\"description\" content=\"Dominio premium per agenzie digital, media online e servizi di marketing digitale. Asset strategico nel settore comunicazione e innovazione.\" \/>\n<meta name=\"robots\" content=\"index, follow, max-snippet:-1, max-image-preview:large, max-video-preview:-1\" \/>\n<link rel=\"canonical\" href=\"https:\/\/domainfirm.it\/it\/domini-premium\/mediadigitali-it\/\" \/>\n<meta property=\"og:locale\" content=\"it_IT\" \/>\n<meta property=\"og:type\" content=\"article\" \/>\n<meta property=\"og:title\" content=\"MediaDigitali.it \u2013 Comunicazione Digitale e Marketing Online | DomainFirm.XX\" \/>\n<meta property=\"og:description\" content=\"Dominio premium per agenzie digital, media online e servizi di marketing digitale. Asset strategico nel settore comunicazione e innovazione.\" \/>\n<meta property=\"og:url\" content=\"https:\/\/domainfirm.it\/it\/domini-premium\/mediadigitali-it\/\" \/>\n<meta property=\"og:site_name\" content=\"DomainFirm.XX\" \/>\n<meta property=\"article:modified_time\" content=\"2026-03-16T22:00:15+00:00\" \/>\n<meta property=\"og:image\" content=\"https:\/\/domainfirm.it\/wp-content\/uploads\/2025\/05\/xx-shop.png\" \/>\n\t<meta property=\"og:image:width\" content=\"436\" \/>\n\t<meta property=\"og:image:height\" content=\"436\" \/>\n\t<meta property=\"og:image:type\" content=\"image\/png\" \/>\n<meta name=\"twitter:card\" content=\"summary_large_image\" \/>\n<meta name=\"twitter:label1\" content=\"Tempo di lettura stimato\" \/>\n\t<meta name=\"twitter:data1\" content=\"2 minuti\" \/>\n<script type=\"application\/ld+json\" class=\"yoast-schema-graph\">{\"@context\":\"https:\/\/schema.org\",\"@graph\":[{\"@type\":\"WebPage\",\"@id\":\"https:\/\/domainfirm.it\/it\/domini-premium\/mediadigitali-it\/\",\"url\":\"https:\/\/domainfirm.it\/it\/domini-premium\/mediadigitali-it\/\",\"name\":\"MediaDigitali.it \u2013 Comunicazione Digitale e Marketing Online | DomainFirm.XX\",\"isPartOf\":{\"@id\":\"https:\/\/domainfirm.it\/it\/#website\"},\"primaryImageOfPage\":{\"@id\":\"https:\/\/domainfirm.it\/it\/domini-premium\/mediadigitali-it\/#primaryimage\"},\"image\":{\"@id\":\"https:\/\/domainfirm.it\/it\/domini-premium\/mediadigitali-it\/#primaryimage\"},\"thumbnailUrl\":\"https:\/\/domainfirm.it\/wp-content\/uploads\/2025\/05\/xx-shop.png\",\"datePublished\":\"2026-03-02T20:22:10+00:00\",\"dateModified\":\"2026-03-16T22:00:15+00:00\",\"description\":\"Dominio premium per agenzie digital, media online e servizi di marketing digitale. Asset strategico nel settore comunicazione e innovazione.\",\"breadcrumb\":{\"@id\":\"https:\/\/domainfirm.it\/it\/domini-premium\/mediadigitali-it\/#breadcrumb\"},\"inLanguage\":\"it-IT\",\"potentialAction\":[{\"@type\":\"ReadAction\",\"target\":[\"https:\/\/domainfirm.it\/it\/domini-premium\/mediadigitali-it\/\"]}]},{\"@type\":\"ImageObject\",\"inLanguage\":\"it-IT\",\"@id\":\"https:\/\/domainfirm.it\/it\/domini-premium\/mediadigitali-it\/#primaryimage\",\"url\":\"https:\/\/domainfirm.it\/wp-content\/uploads\/2025\/05\/xx-shop.png\",\"contentUrl\":\"https:\/\/domainfirm.it\/wp-content\/uploads\/2025\/05\/xx-shop.png\",\"width\":436,\"height\":436,\"caption\":\"Domain Premium Hub | DomainFirm.XX\"},{\"@type\":\"BreadcrumbList\",\"@id\":\"https:\/\/domainfirm.it\/it\/domini-premium\/mediadigitali-it\/#breadcrumb\",\"itemListElement\":[{\"@type\":\"ListItem\",\"position\":1,\"name\":\"Home\",\"item\":\"https:\/\/domainfirm.it\/it\/\"},{\"@type\":\"ListItem\",\"position\":2,\"name\":\"Catalogo\",\"item\":\"https:\/\/domainfirm.it\/it\/catalogo\/\"},{\"@type\":\"ListItem\",\"position\":3,\"name\":\"MediaDigitali.it\"}]},{\"@type\":\"WebSite\",\"@id\":\"https:\/\/domainfirm.it\/it\/#website\",\"url\":\"https:\/\/domainfirm.it\/it\/\",\"name\":\"DomainFirm.XX\",\"description\":\"Premium Domains. Prime Opportunities.\",\"publisher\":{\"@id\":\"https:\/\/domainfirm.it\/it\/#organization\"},\"alternateName\":\"DomainFirm.XX\",\"potentialAction\":[{\"@type\":\"SearchAction\",\"target\":{\"@type\":\"EntryPoint\",\"urlTemplate\":\"https:\/\/domainfirm.it\/it\/?s={search_term_string}\"},\"query-input\":{\"@type\":\"PropertyValueSpecification\",\"valueRequired\":true,\"valueName\":\"search_term_string\"}}],\"inLanguage\":\"it-IT\"},{\"@type\":\"Organization\",\"@id\":\"https:\/\/domainfirm.it\/it\/#organization\",\"name\":\"DomainFirm.XX\",\"alternateName\":\"DomainFirm.XX\",\"url\":\"https:\/\/domainfirm.it\/it\/\",\"logo\":{\"@type\":\"ImageObject\",\"inLanguage\":\"it-IT\",\"@id\":\"https:\/\/domainfirm.it\/it\/#\/schema\/logo\/image\/\",\"url\":\"https:\/\/domainfirm.it\/wp-content\/uploads\/2025\/05\/cropped-favicon.png\",\"contentUrl\":\"https:\/\/domainfirm.it\/wp-content\/uploads\/2025\/05\/cropped-favicon.png\",\"width\":512,\"height\":512,\"caption\":\"DomainFirm.XX\"},\"image\":{\"@id\":\"https:\/\/domainfirm.it\/it\/#\/schema\/logo\/image\/\"}}]}<\/script>\n<!-- \/ Yoast SEO plugin. -->","yoast_head_json":{"title":"MediaDigitali.it \u2013 Comunicazione Digitale e Marketing Online | DomainFirm.XX","description":"Dominio premium per agenzie digital, media online e servizi di marketing digitale. Asset strategico nel settore comunicazione e innovazione.","robots":{"index":"index","follow":"follow","max-snippet":"max-snippet:-1","max-image-preview":"max-image-preview:large","max-video-preview":"max-video-preview:-1"},"canonical":"https:\/\/domainfirm.it\/it\/domini-premium\/mediadigitali-it\/","og_locale":"it_IT","og_type":"article","og_title":"MediaDigitali.it \u2013 Comunicazione Digitale e Marketing Online | DomainFirm.XX","og_description":"Dominio premium per agenzie digital, media online e servizi di marketing digitale. Asset strategico nel settore comunicazione e innovazione.","og_url":"https:\/\/domainfirm.it\/it\/domini-premium\/mediadigitali-it\/","og_site_name":"DomainFirm.XX","article_modified_time":"2026-03-16T22:00:15+00:00","og_image":[{"width":436,"height":436,"url":"https:\/\/domainfirm.it\/wp-content\/uploads\/2025\/05\/xx-shop.png","type":"image\/png"}],"twitter_card":"summary_large_image","twitter_misc":{"Tempo di lettura stimato":"2 minuti"},"schema":{"@context":"https:\/\/schema.org","@graph":[{"@type":"WebPage","@id":"https:\/\/domainfirm.it\/it\/domini-premium\/mediadigitali-it\/","url":"https:\/\/domainfirm.it\/it\/domini-premium\/mediadigitali-it\/","name":"MediaDigitali.it \u2013 Comunicazione Digitale e Marketing Online | DomainFirm.XX","isPartOf":{"@id":"https:\/\/domainfirm.it\/it\/#website"},"primaryImageOfPage":{"@id":"https:\/\/domainfirm.it\/it\/domini-premium\/mediadigitali-it\/#primaryimage"},"image":{"@id":"https:\/\/domainfirm.it\/it\/domini-premium\/mediadigitali-it\/#primaryimage"},"thumbnailUrl":"https:\/\/domainfirm.it\/wp-content\/uploads\/2025\/05\/xx-shop.png","datePublished":"2026-03-02T20:22:10+00:00","dateModified":"2026-03-16T22:00:15+00:00","description":"Dominio premium per agenzie digital, media online e servizi di marketing digitale. Asset strategico nel settore comunicazione e innovazione.","breadcrumb":{"@id":"https:\/\/domainfirm.it\/it\/domini-premium\/mediadigitali-it\/#breadcrumb"},"inLanguage":"it-IT","potentialAction":[{"@type":"ReadAction","target":["https:\/\/domainfirm.it\/it\/domini-premium\/mediadigitali-it\/"]}]},{"@type":"ImageObject","inLanguage":"it-IT","@id":"https:\/\/domainfirm.it\/it\/domini-premium\/mediadigitali-it\/#primaryimage","url":"https:\/\/domainfirm.it\/wp-content\/uploads\/2025\/05\/xx-shop.png","contentUrl":"https:\/\/domainfirm.it\/wp-content\/uploads\/2025\/05\/xx-shop.png","width":436,"height":436,"caption":"Domain Premium Hub | DomainFirm.XX"},{"@type":"BreadcrumbList","@id":"https:\/\/domainfirm.it\/it\/domini-premium\/mediadigitali-it\/#breadcrumb","itemListElement":[{"@type":"ListItem","position":1,"name":"Home","item":"https:\/\/domainfirm.it\/it\/"},{"@type":"ListItem","position":2,"name":"Catalogo","item":"https:\/\/domainfirm.it\/it\/catalogo\/"},{"@type":"ListItem","position":3,"name":"MediaDigitali.it"}]},{"@type":"WebSite","@id":"https:\/\/domainfirm.it\/it\/#website","url":"https:\/\/domainfirm.it\/it\/","name":"DomainFirm.XX","description":"Premium Domains. Prime Opportunities.","publisher":{"@id":"https:\/\/domainfirm.it\/it\/#organization"},"alternateName":"DomainFirm.XX","potentialAction":[{"@type":"SearchAction","target":{"@type":"EntryPoint","urlTemplate":"https:\/\/domainfirm.it\/it\/?s={search_term_string}"},"query-input":{"@type":"PropertyValueSpecification","valueRequired":true,"valueName":"search_term_string"}}],"inLanguage":"it-IT"},{"@type":"Organization","@id":"https:\/\/domainfirm.it\/it\/#organization","name":"DomainFirm.XX","alternateName":"DomainFirm.XX","url":"https:\/\/domainfirm.it\/it\/","logo":{"@type":"ImageObject","inLanguage":"it-IT","@id":"https:\/\/domainfirm.it\/it\/#\/schema\/logo\/image\/","url":"https:\/\/domainfirm.it\/wp-content\/uploads\/2025\/05\/cropped-favicon.png","contentUrl":"https:\/\/domainfirm.it\/wp-content\/uploads\/2025\/05\/cropped-favicon.png","width":512,"height":512,"caption":"DomainFirm.XX"},"image":{"@id":"https:\/\/domainfirm.it\/it\/#\/schema\/logo\/image\/"}}]}},"_links":{"self":[{"href":"https:\/\/domainfirm.it\/it\/wp-json\/wp\/v2\/product\/33794","targetHints":{"allow":["GET"]}}],"collection":[{"href":"https:\/\/domainfirm.it\/it\/wp-json\/wp\/v2\/product"}],"about":[{"href":"https:\/\/domainfirm.it\/it\/wp-json\/wp\/v2\/types\/product"}],"wp:featuredmedia":[{"embeddable":true,"href":"https:\/\/domainfirm.it\/it\/wp-json\/wp\/v2\/media\/32279"}],"wp:attachment":[{"href":"https:\/\/domainfirm.it\/it\/wp-json\/wp\/v2\/media?parent=33794"}],"wp:term":[{"taxonomy":"product_brand","embeddable":true,"href":"https:\/\/domainfirm.it\/it\/wp-json\/wp\/v2\/product_brand?post=33794"},{"taxonomy":"product_cat","embeddable":true,"href":"https:\/\/domainfirm.it\/it\/wp-json\/wp\/v2\/product_cat?post=33794"},{"taxonomy":"product_tag","embeddable":true,"href":"https:\/\/domainfirm.it\/it\/wp-json\/wp\/v2\/product_tag?post=33794"}],"curies":[{"name":"wp","href":"https:\/\/api.w.org\/{rel}","templated":true}]}}